{"id":32,"date":"2014-09-18T12:31:33","date_gmt":"2014-09-18T11:31:33","guid":{"rendered":"http:\/\/agora.xtec.cat\/esc-l-oreneta\/?page_id=32"},"modified":"2025-07-15T21:38:41","modified_gmt":"2025-07-15T19:38:41","slug":"calendari-del-curs","status":"publish","type":"page","link":"https:\/\/agora.xtec.cat\/esc-l-oreneta\/curs-actual\/calendari-del-curs\/","title":{"rendered":"Calendari del curs"},"content":{"rendered":"<p><a href=\"https:\/\/agora.xtec.cat\/esc-l-oreneta\/wp-content\/uploads\/usu2395\/2025\/07\/2025-2026_Calendari-escolar_Agenda.pdf\"><img loading=\"lazy\" decoding=\"async\" class=\"aligncenter wp-image-4034 size-large\" src=\"https:\/\/agora.xtec.cat\/esc-l-oreneta\/wp-content\/uploads\/usu2395\/2025\/07\/Calendari-1024x699.jpg\" alt=\"\" width=\"1024\" height=\"699\" srcset=\"https:\/\/agora.xtec.cat\/esc-l-oreneta\/wp-content\/uploads\/usu2395\/2025\/07\/Calendari-1024x699.jpg 1024w, https:\/\/agora.xtec.cat\/esc-l-oreneta\/wp-content\/uploads\/usu2395\/2025\/07\/Calendari-300x205.jpg 300w, https:\/\/agora.xtec.cat\/esc-l-oreneta\/wp-content\/uploads\/usu2395\/2025\/07\/Calendari-768x524.jpg 768w, https:\/\/agora.xtec.cat\/esc-l-oreneta\/wp-content\/uploads\/usu2395\/2025\/07\/Calendari.jpg 1267w\" sizes=\"auto, (max-width: 1024px) 100vw, 1024px\" \/><\/a><\/p>\n<h4><strong>Inici de curs:<\/strong><\/h4>\n<p>Dilluns, 8 de setembre de 2025<\/p>\n<h4><strong>Vacances:<\/strong><\/h4>\n<p>Del 20 de desembre de 2025 al 7 de gener de 2026\u00a0 (ambd\u00f3s inclosos)<br \/>\nDel 28 al 6 d\u2019abril de 2026 (ambd\u00f3s inclosos)<br \/>\nA partir del 19 de juny de 2026<\/p>\n<h4><strong>Dies festius de lliure disposici\u00f3:<\/strong><\/h4>\n<p>3 de novembre de 2025<br \/>\n5 de desembre de 2025<br \/>\n16 de febrer de 2026<br \/>\n4 d&#8217;abril de 2026<\/p>\n<p><span style=\"font-size: 14pt;\"><strong>Festius locals:<\/strong><\/span><\/p>\n<p>14 d&#8217;abril de 2026<br \/>\n25 de maig de 2026<\/p>\n<h4><strong>Jornada continuada:<\/strong><\/h4>\n<p>19 de desembre de 2025<br \/>\nDel 8 al 19 de juny de 2026 (ambd\u00f3s inclosos)<\/p>\n<p><strong><span style=\"font-size: 14pt;\">Final de curs:<\/span><\/strong><\/p>\n<p>19 de juny de 2026<\/p>\n<p style=\"text-align: center;\">\u25ca\u25ca\u25ca\u25ca\u25ca\u25ca\u25ca\u25ca<\/p>\n<p>L\u2019<b>horari lectiu<\/b> del centre \u00e9s de 9 a 12.30 h i de 15.00 a 16.30 h per a tots els alumnes del centre. El dia 19 de desembre de 2025 i a partir del 8 de juny de 2026 es realitza <strong>horari intensiu<\/strong> de 9:00h a 13:00h. *L&#8217;alumnat que utilitza el servei de menjador sortir\u00e0 a les 15:30h, si tenen autoritzaci\u00f3 per marxar sols. Les fam\u00edlies podreu venir a recollir als infants a partir de les 15:00h i, com a m\u00e0xim, a les 15.30h.<\/p>\n<p>Per als alumnes que inicien l\u2019<strong>escolaritzaci\u00f3 a I3<\/strong> s\u2019organitza un<em><strong>\u00a0per\u00edode d\u2019adaptaci\u00f3<\/strong><\/em> que suposa una modificaci\u00f3 dels horaris dels primers dies de classe, i que es comunica a les fam\u00edlies a les reunions pr\u00e8vies corresponents. Per al curs 2025-2026, els dies d&#8217;adaptaci\u00f3 seran el <strong>8, 9 i 10 de setembre de 2025<\/strong>. Durant aquests dies, els infants d&#8217;I3, assistiran a l&#8217;escola en torns de 90 minuts.<\/p>\n","protected":false},"excerpt":{"rendered":"<p><a href=\"https:\/\/agora.xtec.cat\/esc-l-oreneta\/wp-content\/uploads\/usu2395\/2025\/07\/2025-2026_Calendari-escolar_Agenda.pdf\"><\/a><br \/>\nInici de curs:<br \/>\nDilluns, 8 de setembre de 2025<br \/>\nVacances:<br \/>\nDel 20 de desembre de 2025 al 7 de gener de 2026\u00a0 (ambd\u00f3s inclosos)<br \/>\nDel 28 al 6 d\u2019abril de 2026 (ambd\u00f3s inclosos)<br \/>\nA partir del 19 de juny de 2026<br \/>\nDies festius de lliure disposici\u00f3:<br \/>\n3 de novembre de 2025<br \/>\n5&hellip;  <a href=\"https:\/\/agora.xtec.cat\/esc-l-oreneta\/curs-actual\/calendari-del-curs\/\" title=\"Read Calendari del curs\">Llegeix m\u00e9s\u00bb<\/a><\/p>\n","protected":false},"author":1,"featured_media":0,"parent":531,"menu_order":50,"comment_status":"closed","ping_status":"closed","template":"page-templates\/side-menu.php","meta":{"_bbp_topic_count":0,"_bbp_reply_count":0,"_bbp_total_topic_count":0,"_bbp_total_reply_count":0,"_bbp_voice_count":0,"_bbp_anonymous_reply_count":0,"_bbp_topic_count_hidden":0,"_bbp_reply_count_hidden":0,"_bbp_forum_subforum_count":0,"footnotes":""},"class_list":["post-32","page","type-page","status-publish","hentry"],"post_mailing_queue_ids":[],"_links":{"self":[{"href":"https:\/\/agora.xtec.cat\/esc-l-oreneta\/wp-json\/wp\/v2\/pages\/32","targetHints":{"allow":["GET"]}}],"collection":[{"href":"https:\/\/agora.xtec.cat\/esc-l-oreneta\/wp-json\/wp\/v2\/pages"}],"about":[{"href":"https:\/\/agora.xtec.cat\/esc-l-oreneta\/wp-json\/wp\/v2\/types\/page"}],"author":[{"embeddable":true,"href":"https:\/\/agora.xtec.cat\/esc-l-oreneta\/wp-json\/wp\/v2\/users\/1"}],"replies":[{"embeddable":true,"href":"https:\/\/agora.xtec.cat\/esc-l-oreneta\/wp-json\/wp\/v2\/comments?post=32"}],"version-history":[{"count":6,"href":"https:\/\/agora.xtec.cat\/esc-l-oreneta\/wp-json\/wp\/v2\/pages\/32\/revisions"}],"predecessor-version":[{"id":4071,"href":"https:\/\/agora.xtec.cat\/esc-l-oreneta\/wp-json\/wp\/v2\/pages\/32\/revisions\/4071"}],"up":[{"embeddable":true,"href":"https:\/\/agora.xtec.cat\/esc-l-oreneta\/wp-json\/wp\/v2\/pages\/531"}],"wp:attachment":[{"href":"https:\/\/agora.xtec.cat\/esc-l-oreneta\/wp-json\/wp\/v2\/media?parent=32"}],"curies":[{"name":"wp","href":"https:\/\/api.w.org\/{rel}","templated":true}]}}