{"id":2972,"date":"2025-04-08T20:15:51","date_gmt":"2025-04-08T18:15:51","guid":{"rendered":"https:\/\/agora.xtec.cat\/esc-l-oreneta\/?page_id=2972"},"modified":"2025-04-10T17:22:04","modified_gmt":"2025-04-10T15:22:04","slug":"curriculum","status":"publish","type":"page","link":"https:\/\/agora.xtec.cat\/esc-l-oreneta\/lescola\/oferta-educativa\/curriculum\/","title":{"rendered":"Curr\u00edculum de l&#8217;educaci\u00f3 infantil (0-6 anys) i de l&#8217;educaci\u00f3 b\u00e0sica (6-16 anys)"},"content":{"rendered":"<p><img loading=\"lazy\" decoding=\"async\" class=\"aligncenter size-full wp-image-2973\" src=\"https:\/\/agora.xtec.cat\/esc-l-oreneta\/wp-content\/uploads\/usu2395\/2025\/04\/el_nou_curriculum.jpg\" alt=\"\" width=\"428\" height=\"118\" srcset=\"https:\/\/agora.xtec.cat\/esc-l-oreneta\/wp-content\/uploads\/usu2395\/2025\/04\/el_nou_curriculum.jpg 428w, https:\/\/agora.xtec.cat\/esc-l-oreneta\/wp-content\/uploads\/usu2395\/2025\/04\/el_nou_curriculum-300x83.jpg 300w\" sizes=\"auto, (max-width: 428px) 100vw, 428px\" \/><\/p>\n<p>El centre imparteix les etapes educatives d&#8217;educaci\u00f3 infantil (3-6 anys) i educaci\u00f3 prim\u00e0ria (6-12 anys). La legislaci\u00f3 vigent en mat\u00e8ria curricular recull les compet\u00e8ncies que ha d&#8217;assolir l&#8217;alumnat en finalitzar cada etapa educativa, concretar els sabers i els processos d&#8217;avaluaci\u00f3.<\/p>\n<p><a href=\"https:\/\/portaldogc.gencat.cat\/utilsEADOP\/PDF\/8851\/1955221.pdf\">Decret 21\/2023, de 7 de febrer, d&#8217;ordenaci\u00f3 dels ensenyaments de l&#8217;educaci\u00f3 infantil<\/a><\/p>\n<p>L&#8217;educaci\u00f3 b\u00e0sica inclou les etapes de prim\u00e0ria (6-12 anys), secund\u00e0ria (12-16 anys) i cicles formatius de grau b\u00e0sic (15-16 anys).<\/p>\n<p><a href=\"https:\/\/dogc.gencat.cat\/ca\/document-del-dogc\/?documentId=938401\">Decret 175\/2022, de 27 de setembre, d&#8217;ordenaci\u00f3 dels ensenyaments de l&#8217;educaci\u00f3 b\u00e0sica<\/a><\/p>\n<p>Les \u00e0rees de coneixement a l&#8217;educaci\u00f3 prim\u00e0ria que imparteix el centre, seguint les directrius del curr\u00edculum, s\u00f3n:<\/p>\n<p><a href=\"https:\/\/xtec.gencat.cat\/web\/.content\/curriculum\/primaria\/curriculum-175-2022\/Coneixement-del-Medi-Natural-Social-i-Cultural.pdf\">Coneixement del Medi Natural, Social i Cultural<\/a><br \/>\n<a href=\"https:\/\/xtec.gencat.cat\/web\/.content\/curriculum\/primaria\/curriculum-175-2022\/Educacio-Artistica.pdf\">Educaci\u00f3 art\u00edstica: Educaci\u00f3 Pl\u00e0stica, Audiovisual i Visual i M\u00fasica i Arts Esc\u00e8niques i Performatives<\/a><br \/>\n<a href=\"https:\/\/xtec.gencat.cat\/web\/.content\/curriculum\/primaria\/curriculum-175-2022\/Educacio-Fisica.pdf\">Educaci\u00f3 F\u00edsica<\/a><br \/>\n<a href=\"https:\/\/xtec.gencat.cat\/web\/.content\/curriculum\/primaria\/curriculum-175-2022\/Aranes-Castella-Catala.pdf\">Llengua Castellana i Literatura<\/a><br \/>\n<a href=\"https:\/\/xtec.gencat.cat\/web\/.content\/curriculum\/primaria\/curriculum-175-2022\/Aranes-Castella-Catala.pdf\">Llengua Catalana i Literatura<\/a><br \/>\n<a href=\"https:\/\/xtec.gencat.cat\/web\/.content\/curriculum\/primaria\/curriculum-175-2022\/Llengua-Estrangera.pdf\">Llengua Estrangera<\/a> (el centre imparteix Angl\u00e8s)<br \/>\n<a href=\"https:\/\/xtec.gencat.cat\/web\/.content\/curriculum\/primaria\/curriculum-175-2022\/Matematiques.pdf\">Matem\u00e0tiques<\/a><br \/>\n<a href=\"https:\/\/xtec.gencat.cat\/web\/.content\/curriculum\/primaria\/curriculum-175-2022\/Educacio-en-Valors-Civics-i-Etics.pdf\">Educaci\u00f3 en Valors C\u00edvics i \u00c8tics<\/a><\/p>\n","protected":false},"excerpt":{"rendered":"<p>El centre imparteix les etapes educatives d&#8217;educaci\u00f3 infantil (3-6 anys) i educaci\u00f3 prim\u00e0ria (6-12 anys). La legislaci\u00f3 vigent en mat\u00e8ria curricular recull les compet\u00e8ncies que ha d&#8217;assolir l&#8217;alumnat en finalitzar cada etapa educativa, concretar els sabers i els processos d&#8217;avaluaci\u00f3.<br \/>\n<a href=\"https:\/\/portaldogc.gencat.cat\/utilsEADOP\/PDF\/8851\/1955221.pdf\">Decret 21\/2023, de 7 de&hellip;  <a href=\"https:\/\/agora.xtec.cat\/esc-l-oreneta\/lescola\/oferta-educativa\/curriculum\/\" title=\"Read Curr\u00edculum de l&#8217;educaci\u00f3 infantil (0-6 anys) i de l&#8217;educaci\u00f3 b\u00e0sica (6-16 anys)\">Llegeix m\u00e9s\u00bb<\/a><\/p>\n","protected":false},"author":3,"featured_media":0,"parent":34,"menu_order":0,"comment_status":"closed","ping_status":"closed","template":"","meta":{"_bbp_topic_count":0,"_bbp_reply_count":0,"_bbp_total_topic_count":0,"_bbp_total_reply_count":0,"_bbp_voice_count":0,"_bbp_anonymous_reply_count":0,"_bbp_topic_count_hidden":0,"_bbp_reply_count_hidden":0,"_bbp_forum_subforum_count":0,"footnotes":""},"class_list":["post-2972","page","type-page","status-publish","hentry"],"post_mailing_queue_ids":[],"_links":{"self":[{"href":"https:\/\/agora.xtec.cat\/esc-l-oreneta\/wp-json\/wp\/v2\/pages\/2972","targetHints":{"allow":["GET"]}}],"collection":[{"href":"https:\/\/agora.xtec.cat\/esc-l-oreneta\/wp-json\/wp\/v2\/pages"}],"about":[{"href":"https:\/\/agora.xtec.cat\/esc-l-oreneta\/wp-json\/wp\/v2\/types\/page"}],"author":[{"embeddable":true,"href":"https:\/\/agora.xtec.cat\/esc-l-oreneta\/wp-json\/wp\/v2\/users\/3"}],"replies":[{"embeddable":true,"href":"https:\/\/agora.xtec.cat\/esc-l-oreneta\/wp-json\/wp\/v2\/comments?post=2972"}],"version-history":[{"count":4,"href":"https:\/\/agora.xtec.cat\/esc-l-oreneta\/wp-json\/wp\/v2\/pages\/2972\/revisions"}],"predecessor-version":[{"id":3116,"href":"https:\/\/agora.xtec.cat\/esc-l-oreneta\/wp-json\/wp\/v2\/pages\/2972\/revisions\/3116"}],"up":[{"embeddable":true,"href":"https:\/\/agora.xtec.cat\/esc-l-oreneta\/wp-json\/wp\/v2\/pages\/34"}],"wp:attachment":[{"href":"https:\/\/agora.xtec.cat\/esc-l-oreneta\/wp-json\/wp\/v2\/media?parent=2972"}],"curies":[{"name":"wp","href":"https:\/\/api.w.org\/{rel}","templated":true}]}}