{"id":2802,"date":"2025-03-27T15:42:28","date_gmt":"2025-03-27T14:42:28","guid":{"rendered":"https:\/\/agora.xtec.cat\/esc-l-oreneta\/?page_id=2802"},"modified":"2025-10-31T14:51:05","modified_gmt":"2025-10-31T13:51:05","slug":"documentacio-del-centre","status":"publish","type":"page","link":"https:\/\/agora.xtec.cat\/esc-l-oreneta\/lescola\/documentacio-del-centre\/","title":{"rendered":"Documentaci\u00f3 del centre"},"content":{"rendered":"<header class=\"entry-header\">\n<p class=\"entry-title\"><span style=\"font-family: inherit; font-size: 1em; font-weight: normal;\">Donant compliment a la Llei 19\/2014, de 29 de novembre, de transpar\u00e8ncia, acc\u00e9s a la informaci\u00f3 p\u00fablica i bon govern, posem a l\u2019abast de la comunitat educativa els documents de gesti\u00f3 i organitzaci\u00f3 del centre.<\/span><\/p>\n<\/header>\n<div class=\"entry-content\">\n<p><a href=\"https:\/\/agora.xtec.cat\/esc-l-oreneta\/wp-content\/uploads\/usu2395\/2024\/12\/PROJECTE-EDUCATIU-per-JBO.pdf\">Projecte educatiu del centre (PEC)<\/a><\/p>\n<p>Projecte Ling\u00fc\u00edstic de Centre (PLC)<\/p>\n<p>Projecte de conviv\u00e8ncia (PdC)<\/p>\n<p><a href=\"https:\/\/agora.xtec.cat\/esc-l-oreneta\/wp-content\/uploads\/usu2395\/2025\/10\/NOFC_Parcial.pdf\">Normes d\u2019organitzaci\u00f3 i funcionament (NOFC)<\/a><\/p>\n<p>Exercici 2025. <a href=\"https:\/\/agora.xtec.cat\/esc-l-oreneta\/wp-content\/uploads\/usu2395\/2025\/03\/Dades-del-pressupost.pdf\">Pressupost<\/a><\/p>\n<p>Exercici 2024. <a href=\"https:\/\/agora.xtec.cat\/esc-l-oreneta\/wp-content\/uploads\/usu2395\/2025\/03\/Liquidacio-del-pressupost.pdf\">Liquidaci\u00f3 del pressupost<\/a><\/p>\n<p><a href=\"https:\/\/agora.xtec.cat\/esc-l-oreneta\/wp-content\/uploads\/usu2395\/2025\/03\/20250327_Carta-de-compromis-educatiu.pdf\">Carta de comprom\u00eds educatiu<\/a><\/p>\n<\/div>\n","protected":false},"excerpt":{"rendered":"<p>Donant compliment a la Llei 19\/2014, de 29 de novembre, de transpar\u00e8ncia, acc\u00e9s a la informaci\u00f3 p\u00fablica i bon govern, posem a l\u2019abast de la comunitat educativa els documents de gesti\u00f3 i organitzaci\u00f3 del centre.<\/p>\n<p><a href=\"https:\/\/agora.xtec.cat\/esc-l-oreneta\/wp-content\/uploads\/usu2395\/2024\/12\/PROJECTE-EDUCATIU-per-JBO.pdf\">Projecte educatiu del centre (PEC)<\/a><br \/>\nProjecte Ling\u00fc\u00edstic de Centre (PLC)<br \/>\nProjecte de&hellip;  <a href=\"https:\/\/agora.xtec.cat\/esc-l-oreneta\/lescola\/documentacio-del-centre\/\" title=\"Read Documentaci\u00f3 del centre\">Llegeix m\u00e9s\u00bb<\/a><\/p>\n","protected":false},"author":3,"featured_media":0,"parent":22,"menu_order":0,"comment_status":"closed","ping_status":"closed","template":"page-templates\/side-menu.php","meta":{"_bbp_topic_count":0,"_bbp_reply_count":0,"_bbp_total_topic_count":0,"_bbp_total_reply_count":0,"_bbp_voice_count":0,"_bbp_anonymous_reply_count":0,"_bbp_topic_count_hidden":0,"_bbp_reply_count_hidden":0,"_bbp_forum_subforum_count":0,"footnotes":""},"class_list":["post-2802","page","type-page","status-publish","hentry"],"post_mailing_queue_ids":[],"_links":{"self":[{"href":"https:\/\/agora.xtec.cat\/esc-l-oreneta\/wp-json\/wp\/v2\/pages\/2802","targetHints":{"allow":["GET"]}}],"collection":[{"href":"https:\/\/agora.xtec.cat\/esc-l-oreneta\/wp-json\/wp\/v2\/pages"}],"about":[{"href":"https:\/\/agora.xtec.cat\/esc-l-oreneta\/wp-json\/wp\/v2\/types\/page"}],"author":[{"embeddable":true,"href":"https:\/\/agora.xtec.cat\/esc-l-oreneta\/wp-json\/wp\/v2\/users\/3"}],"replies":[{"embeddable":true,"href":"https:\/\/agora.xtec.cat\/esc-l-oreneta\/wp-json\/wp\/v2\/comments?post=2802"}],"version-history":[{"count":5,"href":"https:\/\/agora.xtec.cat\/esc-l-oreneta\/wp-json\/wp\/v2\/pages\/2802\/revisions"}],"predecessor-version":[{"id":4212,"href":"https:\/\/agora.xtec.cat\/esc-l-oreneta\/wp-json\/wp\/v2\/pages\/2802\/revisions\/4212"}],"up":[{"embeddable":true,"href":"https:\/\/agora.xtec.cat\/esc-l-oreneta\/wp-json\/wp\/v2\/pages\/22"}],"wp:attachment":[{"href":"https:\/\/agora.xtec.cat\/esc-l-oreneta\/wp-json\/wp\/v2\/media?parent=2802"}],"curies":[{"name":"wp","href":"https:\/\/api.w.org\/{rel}","templated":true}]}}