{"id":28,"date":"2014-09-18T12:29:35","date_gmt":"2014-09-18T11:29:35","guid":{"rendered":"http:\/\/agora.xtec.cat\/esc-l-oreneta\/?page_id=28"},"modified":"2026-01-08T16:31:29","modified_gmt":"2026-01-08T15:31:29","slug":"consell-escolar","status":"publish","type":"page","link":"https:\/\/agora.xtec.cat\/esc-l-oreneta\/lescola\/consell-escolar\/","title":{"rendered":"Consell escolar"},"content":{"rendered":"<p>El consell escolar del centre \u00e9s l\u2019<strong>\u00f2rgan col\u00b7legiat de participaci\u00f3<\/strong>\u00a0de la comunitat escolar en el govern del centre. En el consell escolar hi ha representats tots els col\u00b7lectius que intervenen en la comunitat educativa: director, professorat, alumnat, personal d\u2019administraci\u00f3 i serveis, etc.<\/p>\n<p>En els centres p\u00fablics, la\u00a0<a href=\"http:\/\/ensenyament.gencat.cat\/ca\/arees-actuacio\/centres-serveis-educatius\/centres\/consells-escolars-centres\/centres-publics\/\" target=\"_blank\" rel=\"noopener noreferrer\">funci\u00f3<\/a>\u00a0principal del consell escolar \u00e9s participar en la presa de decisions en relaci\u00f3 amb aquells temes importants per al funcionament i l\u2019organitzaci\u00f3 del centre: el projecte educatiu, la programaci\u00f3 general, la gesti\u00f3 econ\u00f2mica, etc. En el cas dels centres privats concertats, el consell escolar debat, avalua, analitza i pren decisions sobre els temes proposats pel titular del centre.<\/p>\n<p>Els membres del consell escolar s\u00f3n elegits per un per\u00edode de quatre anys i es renoven per meitats cada dos anys.<\/p>\n<p style=\"text-align: center;\"><a href=\"http:\/\/familiaiescola.gencat.cat\/ca\/escolaritat\/participacio-compromis\/participacio-coresponsabilitzacio\/participacio-funcionament-centre\/consell-escolar\/\" target=\"_blank\" rel=\"noopener noreferrer\"><em>M\u00c9S INFORMACI\u00d3<\/em><\/a><\/p>\n<h5><\/h5>\n<p>&nbsp;<\/p>\n<h4><em>El Consell Escolar de l\u2019escola L&#8217;Oreneta ha acordat&#8230;<\/em><\/h4>\n<p>&nbsp;<\/p>\n<table style=\"height: 98px; width: 100%; border-collapse: collapse; border-style: none;\">\n<tbody>\n<tr style=\"height: 98px;\">\n<td style=\"height: 98px; vertical-align: top; width: 33%; border-style: hidden;\"><span style=\"font-size: 10pt;\"><em><strong>Curs 2023-2024<\/strong><\/em><\/span><\/p>\n<p><span style=\"font-size: 10pt;\"><a href=\"https:\/\/agora.xtec.cat\/esc-l-oreneta\/wp-content\/uploads\/usu2395\/2025\/04\/20230526_CER_008_EscNova-MacBook-Air-de-Jessica.pdf\">20230526_CER_008_EscNova<\/a><\/span><br \/>\n<span style=\"font-size: 10pt;\"><a href=\"https:\/\/agora.xtec.cat\/esc-l-oreneta\/wp-content\/uploads\/usu2395\/2024\/02\/20231204_CER_008_EscNova.pdf\">20231204_CER_008_EscNova<\/a><\/span><br \/>\n<span style=\"font-size: 10pt;\"><a href=\"https:\/\/agora.xtec.cat\/esc-l-oreneta\/wp-content\/uploads\/usu2395\/2024\/02\/20240130_CER_008_EscNova.pdf\">20240130_CER_008_EscNova<\/a><\/span><br \/>\n<span style=\"font-size: 10pt;\"><a href=\"https:\/\/agora.xtec.cat\/esc-l-oreneta\/wp-content\/uploads\/usu2395\/2024\/03\/20240222_CER_008_EscNova.pdf\">20240222_CER_008_EscNova<\/a><\/span><br \/>\n<span style=\"font-size: 10pt;\"><a href=\"https:\/\/agora.xtec.cat\/esc-l-oreneta\/wp-content\/uploads\/usu2395\/2025\/04\/20240402_CER_008_EscNova.pdf\">20240402_CER_008_EscNova<\/a><\/span><\/td>\n<td style=\"height: 98px; vertical-align: top; width: 33%; border-style: hidden;\"><span style=\"font-size: 10pt;\"><em><strong>Curs 2024-2025<\/strong><\/em><\/span><\/p>\n<p><span style=\"font-size: 10pt;\"><a href=\"https:\/\/agora.xtec.cat\/esc-l-oreneta\/wp-content\/uploads\/usu2395\/2025\/03\/20240625_CER_008_EscL-Oreneta.pdf\">20240625_CER_008_EscL-Oreneta<\/a><\/span><br \/>\n<span style=\"font-size: 10pt;\"><a href=\"https:\/\/agora.xtec.cat\/esc-l-oreneta\/wp-content\/uploads\/usu2395\/2025\/04\/20241007_CER_008_EscL-Oreneta.pdf\">20241007_CER_008_EscL-Oreneta<\/a><\/span><br \/>\n<span style=\"font-size: 10pt;\"><a href=\"https:\/\/agora.xtec.cat\/esc-l-oreneta\/wp-content\/uploads\/usu2395\/2025\/04\/20250224_CER_008_EscL-Oreneta.pdf\">20250224_CER_008_EscL-Oreneta<\/a><\/span><\/td>\n<td style=\"vertical-align: top; width: 33%; border-style: hidden;\"><span style=\"font-size: 10pt;\"> <em><strong>Curs 2025-2026<\/strong><\/em><\/span><\/p>\n<p><a href=\"https:\/\/agora.xtec.cat\/esc-l-oreneta\/wp-content\/uploads\/usu2395\/2026\/01\/20251217_CER_008_EscL-Oreneta.pdf\">20251217_CER_008_EscL-Oreneta<\/a><\/td>\n<td style=\"vertical-align: top; width: 25%; border-style: hidden;\"><span style=\"font-size: 10pt;\">\u00a0<\/span><\/td>\n<\/tr>\n<\/tbody>\n<\/table>\n<p>&nbsp;<\/p>\n","protected":false},"excerpt":{"rendered":"<p>El consell escolar del centre \u00e9s l\u2019\u00f2rgan col\u00b7legiat de participaci\u00f3\u00a0de la comunitat escolar en el govern del centre. En el consell escolar hi ha representats tots els col\u00b7lectius que intervenen en la comunitat educativa: director, professorat, alumnat, personal d\u2019administraci\u00f3 i serveis, etc.<br \/>\nEn els centres p\u00fablics,&hellip;  <a href=\"https:\/\/agora.xtec.cat\/esc-l-oreneta\/lescola\/consell-escolar\/\" title=\"Read Consell escolar\">Llegeix m\u00e9s\u00bb<\/a><\/p>\n","protected":false},"author":1,"featured_media":0,"parent":22,"menu_order":30,"comment_status":"closed","ping_status":"closed","template":"page-templates\/side-menu.php","meta":{"_bbp_topic_count":0,"_bbp_reply_count":0,"_bbp_total_topic_count":0,"_bbp_total_reply_count":0,"_bbp_voice_count":0,"_bbp_anonymous_reply_count":0,"_bbp_topic_count_hidden":0,"_bbp_reply_count_hidden":0,"_bbp_forum_subforum_count":0,"footnotes":""},"class_list":["post-28","page","type-page","status-publish","hentry"],"post_mailing_queue_ids":[],"_links":{"self":[{"href":"https:\/\/agora.xtec.cat\/esc-l-oreneta\/wp-json\/wp\/v2\/pages\/28","targetHints":{"allow":["GET"]}}],"collection":[{"href":"https:\/\/agora.xtec.cat\/esc-l-oreneta\/wp-json\/wp\/v2\/pages"}],"about":[{"href":"https:\/\/agora.xtec.cat\/esc-l-oreneta\/wp-json\/wp\/v2\/types\/page"}],"author":[{"embeddable":true,"href":"https:\/\/agora.xtec.cat\/esc-l-oreneta\/wp-json\/wp\/v2\/users\/1"}],"replies":[{"embeddable":true,"href":"https:\/\/agora.xtec.cat\/esc-l-oreneta\/wp-json\/wp\/v2\/comments?post=28"}],"version-history":[{"count":7,"href":"https:\/\/agora.xtec.cat\/esc-l-oreneta\/wp-json\/wp\/v2\/pages\/28\/revisions"}],"predecessor-version":[{"id":4480,"href":"https:\/\/agora.xtec.cat\/esc-l-oreneta\/wp-json\/wp\/v2\/pages\/28\/revisions\/4480"}],"up":[{"embeddable":true,"href":"https:\/\/agora.xtec.cat\/esc-l-oreneta\/wp-json\/wp\/v2\/pages\/22"}],"wp:attachment":[{"href":"https:\/\/agora.xtec.cat\/esc-l-oreneta\/wp-json\/wp\/v2\/media?parent=28"}],"curies":[{"name":"wp","href":"https:\/\/api.w.org\/{rel}","templated":true}]}}