{"id":26,"date":"2023-06-01T00:00:32","date_gmt":"2023-05-31T22:00:32","guid":{"rendered":"http:\/\/agora.xtec.cat\/esc-l-oreneta\/?page_id=26"},"modified":"2024-07-29T16:29:15","modified_gmt":"2024-07-29T14:29:15","slug":"historia","status":"publish","type":"page","link":"https:\/\/agora.xtec.cat\/esc-l-oreneta\/lescola\/historia\/","title":{"rendered":"Hist\u00f2ria"},"content":{"rendered":"<p>L&#8217;escola Nova de Badia neix de la fusi\u00f3 de <a href=\"https:\/\/agora.xtec.cat\/ceipseguidillas\/\">l&#8217;escola Las Seguidillas<\/a> i <a href=\"https:\/\/agora.xtec.cat\/ceip-lasardana\/\">l&#8217;escola La Sardana<\/a> ambdues amb gaireb\u00e9 mig segle d&#8217;hist\u00f2ria. Ara ens transformem per donar resposta al context social i cultural actual, apostant per una transformaci\u00f3 educativa basada en les noves metodologies d&#8217;aprenentatge mitjan\u00e7ant l&#8217;experi\u00e8ncia i la incorporaci\u00f3 de les noves tecnologies per formar ciutadans digitalment competents.<\/p>\n<p><img loading=\"lazy\" decoding=\"async\" class=\"size-full wp-image-546 alignleft\" src=\"https:\/\/agora.xtec.cat\/esc-l-oreneta\/wp-content\/uploads\/usu2395\/2023\/06\/logoespiga.png\" alt=\"\" width=\"507\" height=\"338\" srcset=\"https:\/\/agora.xtec.cat\/esc-l-oreneta\/wp-content\/uploads\/usu2395\/2023\/06\/logoespiga.png 507w, https:\/\/agora.xtec.cat\/esc-l-oreneta\/wp-content\/uploads\/usu2395\/2023\/06\/logoespiga-300x200.png 300w\" sizes=\"auto, (max-width: 507px) 100vw, 507px\" \/><\/p>\n<p>&nbsp;<\/p>\n<p>&nbsp;<\/p>\n<p style=\"text-align: center;\"><span style=\"font-size: 24pt;\">Es-trenem ESCOLA!<\/span><br \/>\n<span style=\"font-size: 24pt;\">Es-trenem AVENTURA!<\/span><\/p>\n<p style=\"text-align: center;\">Iniciem un nou cam\u00ed, escrivim la nostra hist\u00f2ria&#8230;<\/p>\n<p>&nbsp;<\/p>\n<p>&nbsp;<\/p>\n<p>&nbsp;<\/p>\n<p>A partir del 23 d&#8217;abril de 2024, mitjan\u00e7ant la <a href=\"https:\/\/dogc.gencat.cat\/ca\/document-del-dogc\/?documentId=984608\">RESOLUCI\u00d3 EDU\/1359\/2024,<\/a> de 22 d\u2019abril, per la qual s\u2019atribueix una nova denominaci\u00f3 espec\u00edfica a diversos centres educatius p\u00fablics, l&#8217;escola Nova de Badia es converteix en&#8230;<\/p>\n<p><img loading=\"lazy\" decoding=\"async\" class=\"size-large wp-image-1357 aligncenter\" src=\"https:\/\/agora.xtec.cat\/esc-l-oreneta\/wp-content\/uploads\/usu2395\/2024\/07\/IMG_1576_TRANS_red-1024x724.png\" alt=\"\" width=\"1024\" height=\"724\" srcset=\"https:\/\/agora.xtec.cat\/esc-l-oreneta\/wp-content\/uploads\/usu2395\/2024\/07\/IMG_1576_TRANS_red-1024x724.png 1024w, https:\/\/agora.xtec.cat\/esc-l-oreneta\/wp-content\/uploads\/usu2395\/2024\/07\/IMG_1576_TRANS_red-300x212.png 300w, https:\/\/agora.xtec.cat\/esc-l-oreneta\/wp-content\/uploads\/usu2395\/2024\/07\/IMG_1576_TRANS_red-768x543.png 768w, https:\/\/agora.xtec.cat\/esc-l-oreneta\/wp-content\/uploads\/usu2395\/2024\/07\/IMG_1576_TRANS_red.png 1280w\" sizes=\"auto, (max-width: 1024px) 100vw, 1024px\" \/><\/p>\n","protected":false},"excerpt":{"rendered":"<p>L&#8217;escola Nova de Badia neix de la fusi\u00f3 de <a href=\"https:\/\/agora.xtec.cat\/ceipseguidillas\/\">l&#8217;escola Las Seguidillas<\/a> i <a href=\"https:\/\/agora.xtec.cat\/ceip-lasardana\/\">l&#8217;escola La Sardana<\/a> ambdues amb gaireb\u00e9 mig segle d&#8217;hist\u00f2ria. Ara ens transformem per donar resposta al context social i cultural actual, apostant per una transformaci\u00f3 educativa basada en les noves&hellip;  <a href=\"https:\/\/agora.xtec.cat\/esc-l-oreneta\/lescola\/historia\/\" title=\"Read Hist\u00f2ria\">Llegeix m\u00e9s\u00bb<\/a><\/p>\n","protected":false},"author":1,"featured_media":0,"parent":22,"menu_order":20,"comment_status":"closed","ping_status":"closed","template":"page-templates\/side-menu.php","meta":{"_bbp_topic_count":0,"_bbp_reply_count":0,"_bbp_total_topic_count":0,"_bbp_total_reply_count":0,"_bbp_voice_count":0,"_bbp_anonymous_reply_count":0,"_bbp_topic_count_hidden":0,"_bbp_reply_count_hidden":0,"_bbp_forum_subforum_count":0,"footnotes":""},"class_list":["post-26","page","type-page","status-publish","hentry"],"post_mailing_queue_ids":[],"_links":{"self":[{"href":"https:\/\/agora.xtec.cat\/esc-l-oreneta\/wp-json\/wp\/v2\/pages\/26","targetHints":{"allow":["GET"]}}],"collection":[{"href":"https:\/\/agora.xtec.cat\/esc-l-oreneta\/wp-json\/wp\/v2\/pages"}],"about":[{"href":"https:\/\/agora.xtec.cat\/esc-l-oreneta\/wp-json\/wp\/v2\/types\/page"}],"author":[{"embeddable":true,"href":"https:\/\/agora.xtec.cat\/esc-l-oreneta\/wp-json\/wp\/v2\/users\/1"}],"replies":[{"embeddable":true,"href":"https:\/\/agora.xtec.cat\/esc-l-oreneta\/wp-json\/wp\/v2\/comments?post=26"}],"version-history":[{"count":6,"href":"https:\/\/agora.xtec.cat\/esc-l-oreneta\/wp-json\/wp\/v2\/pages\/26\/revisions"}],"predecessor-version":[{"id":1358,"href":"https:\/\/agora.xtec.cat\/esc-l-oreneta\/wp-json\/wp\/v2\/pages\/26\/revisions\/1358"}],"up":[{"embeddable":true,"href":"https:\/\/agora.xtec.cat\/esc-l-oreneta\/wp-json\/wp\/v2\/pages\/22"}],"wp:attachment":[{"href":"https:\/\/agora.xtec.cat\/esc-l-oreneta\/wp-json\/wp\/v2\/media?parent=26"}],"curies":[{"name":"wp","href":"https:\/\/api.w.org\/{rel}","templated":true}]}}