{"id":22,"date":"2023-06-01T00:01:57","date_gmt":"2023-05-31T22:01:57","guid":{"rendered":"http:\/\/agora.xtec.cat\/esc-l-oreneta\/?page_id=22"},"modified":"2023-07-24T10:46:16","modified_gmt":"2023-07-24T08:46:16","slug":"lescola","status":"publish","type":"page","link":"https:\/\/agora.xtec.cat\/esc-l-oreneta\/lescola\/","title":{"rendered":"L&#8217;escola"},"content":{"rendered":"<p>L&#8217;escola Nova de Badia neix de la fusi\u00f3 de l&#8217;escola Las Seguidillas i l&#8217;escola La Sardana ambdues amb gaireb\u00e9 mig segle d&#8217;hist\u00f2ria. Ara ens transformem per donar resposta al context social i cultural actual, apostant per una transformaci\u00f3 educativa basada en les noves metodologies d&#8217;aprenentatge mitjan\u00e7ant l&#8217;experi\u00e8ncia i la incorporaci\u00f3 de les noves tecnologies per formar ciutadans digitalment competents<\/p>\n<p>En aquesta secci\u00f3 trobareu una descripci\u00f3 general de l&#8217;escola: ubicaci\u00f3, hist\u00f2ria, instal\u00b7lacions, equip docent, consell escolar, pla de qualitat, calendari, salut, informacions pr\u00e0ctiques, normativa&#8230;<\/p>\n<p><span style=\"font-size: 8pt;\"><em>En la maqueta inicial s&#8217;inclouen algunes d&#8217;aquestes p\u00e0gines amb contingut simulat. L&#8217;administrador\/a pot\u00a0editar-les,\u00a0eliminar-les o crear-ne de noves des del tauler. \u00c9s important que\u00a0a la caixa Atributs de les p\u00e0gines hi consti com a pare\/mare la p\u00e0gina &#8220;L&#8217;escola&#8221;, i que tinguin\u00a0seleccionada la plantilla &#8220;Men\u00fa lateral&#8221;.<\/em><\/span><\/p>\n","protected":false},"excerpt":{"rendered":"<p>L&#8217;escola Nova de Badia neix de la fusi\u00f3 de l&#8217;escola Las Seguidillas i l&#8217;escola La Sardana ambdues amb gaireb\u00e9 mig segle d&#8217;hist\u00f2ria. Ara ens transformem per donar resposta al context social i cultural actual, apostant per una transformaci\u00f3 educativa basada en les noves metodologies d&#8217;aprenentatge&hellip;  <a href=\"https:\/\/agora.xtec.cat\/esc-l-oreneta\/lescola\/\" title=\"Read L&#8217;escola\">Llegeix m\u00e9s\u00bb<\/a><\/p>\n","protected":false},"author":1,"featured_media":0,"parent":0,"menu_order":0,"comment_status":"closed","ping_status":"closed","template":"page-templates\/side-menu.php","meta":{"_bbp_topic_count":0,"_bbp_reply_count":0,"_bbp_total_topic_count":0,"_bbp_total_reply_count":0,"_bbp_voice_count":0,"_bbp_anonymous_reply_count":0,"_bbp_topic_count_hidden":0,"_bbp_reply_count_hidden":0,"_bbp_forum_subforum_count":0,"footnotes":""},"class_list":["post-22","page","type-page","status-publish","hentry"],"post_mailing_queue_ids":[],"_links":{"self":[{"href":"https:\/\/agora.xtec.cat\/esc-l-oreneta\/wp-json\/wp\/v2\/pages\/22","targetHints":{"allow":["GET"]}}],"collection":[{"href":"https:\/\/agora.xtec.cat\/esc-l-oreneta\/wp-json\/wp\/v2\/pages"}],"about":[{"href":"https:\/\/agora.xtec.cat\/esc-l-oreneta\/wp-json\/wp\/v2\/types\/page"}],"author":[{"embeddable":true,"href":"https:\/\/agora.xtec.cat\/esc-l-oreneta\/wp-json\/wp\/v2\/users\/1"}],"replies":[{"embeddable":true,"href":"https:\/\/agora.xtec.cat\/esc-l-oreneta\/wp-json\/wp\/v2\/comments?post=22"}],"version-history":[{"count":2,"href":"https:\/\/agora.xtec.cat\/esc-l-oreneta\/wp-json\/wp\/v2\/pages\/22\/revisions"}],"predecessor-version":[{"id":661,"href":"https:\/\/agora.xtec.cat\/esc-l-oreneta\/wp-json\/wp\/v2\/pages\/22\/revisions\/661"}],"wp:attachment":[{"href":"https:\/\/agora.xtec.cat\/esc-l-oreneta\/wp-json\/wp\/v2\/media?parent=22"}],"curies":[{"name":"wp","href":"https:\/\/api.w.org\/{rel}","templated":true}]}}