{"id":1948,"date":"2025-01-08T16:15:27","date_gmt":"2025-01-08T15:15:27","guid":{"rendered":"https:\/\/agora.xtec.cat\/esc-l-oreneta\/?page_id=1948"},"modified":"2025-03-04T21:22:56","modified_gmt":"2025-03-04T20:22:56","slug":"sant-jordi","status":"publish","type":"page","link":"https:\/\/agora.xtec.cat\/esc-l-oreneta\/sant-jordi\/","title":{"rendered":"Sant Jordi"},"content":{"rendered":"<p>Sant Jordi \u00e9s la festa i tradici\u00f3 cultural m\u00e9s reconeguda de Catalunya. Els llibres i les roses s\u00f3n les protagonistes d\u2019aquesta diada.<\/p>\n<p>Amb aquesta festa arriben els <span style=\"font-weight: 400;\">contacontes, versions de la llegenda de Sant Jordi, lectures col\u00b7lectives, presentacions de llibres, la cova del Drac, manualitats&#8230;<\/span><span style=\"font-weight: 400;\">.<\/span><span style=\"font-weight: 400;\">Cada cicle planifica una <\/span><span style=\"font-weight: 400;\">manualitat per emportar el 23 d&#8217;abril.<\/span><\/p>\n<p><span style=\"font-weight: 400;\">Els infants de prim\u00e0ria participen al concurs literari de l\u2019Ajuntament i tamb\u00e9 a l&#8217;intern de l\u2019escola. Es defineix quines produccions liter\u00e0ries es realitzaran a cada nivell per garantir la producci\u00f3 de textos diferents al llarg de l\u2019escolaritat (rodolins, endevinalles, acr\u00f2stics, poemes o contes)<\/span><\/p>\n<p><span style=\"font-weight: 400;\">Es realitzen Jocs florals amb entrega de premis per cicles per posar en valor la import\u00e0ncia del gust per la lectura i l\u2019escriptura i\u00a0 el reconeixement als\u00a0 guanyadors\/es.<\/span><\/p>\n<p><span style=\"font-weight: 400;\">L\u2019AFA munta paradetes per la venda de llibres amb un espai alhora de llibres de 2\u00aa m\u00e0 i venda de manualitats visitada per tots els nostres infants. <\/span><\/p>\n<p><span style=\"font-weight: 400;\">En ocasions ofereix una activitat complement\u00e0ria en temps extraescolar: Contacontes<\/span><\/p>\n","protected":false},"excerpt":{"rendered":"<p>Sant Jordi \u00e9s la festa i tradici\u00f3 cultural m\u00e9s reconeguda de Catalunya. Els llibres i les roses s\u00f3n les protagonistes d\u2019aquesta diada.<br \/>\nAmb aquesta festa arriben els contacontes, versions de la llegenda de Sant Jordi, lectures col\u00b7lectives, presentacions de llibres, la cova del Drac, manualitats&#8230;.Cada cicle&hellip;  <a href=\"https:\/\/agora.xtec.cat\/esc-l-oreneta\/sant-jordi\/\" title=\"Read Sant Jordi\">Llegeix m\u00e9s\u00bb<\/a><\/p>\n","protected":false},"author":3,"featured_media":0,"parent":0,"menu_order":0,"comment_status":"closed","ping_status":"closed","template":"","meta":{"_bbp_topic_count":0,"_bbp_reply_count":0,"_bbp_total_topic_count":0,"_bbp_total_reply_count":0,"_bbp_voice_count":0,"_bbp_anonymous_reply_count":0,"_bbp_topic_count_hidden":0,"_bbp_reply_count_hidden":0,"_bbp_forum_subforum_count":0,"footnotes":""},"class_list":["post-1948","page","type-page","status-publish","hentry"],"post_mailing_queue_ids":[],"_links":{"self":[{"href":"https:\/\/agora.xtec.cat\/esc-l-oreneta\/wp-json\/wp\/v2\/pages\/1948","targetHints":{"allow":["GET"]}}],"collection":[{"href":"https:\/\/agora.xtec.cat\/esc-l-oreneta\/wp-json\/wp\/v2\/pages"}],"about":[{"href":"https:\/\/agora.xtec.cat\/esc-l-oreneta\/wp-json\/wp\/v2\/types\/page"}],"author":[{"embeddable":true,"href":"https:\/\/agora.xtec.cat\/esc-l-oreneta\/wp-json\/wp\/v2\/users\/3"}],"replies":[{"embeddable":true,"href":"https:\/\/agora.xtec.cat\/esc-l-oreneta\/wp-json\/wp\/v2\/comments?post=1948"}],"version-history":[{"count":4,"href":"https:\/\/agora.xtec.cat\/esc-l-oreneta\/wp-json\/wp\/v2\/pages\/1948\/revisions"}],"predecessor-version":[{"id":2461,"href":"https:\/\/agora.xtec.cat\/esc-l-oreneta\/wp-json\/wp\/v2\/pages\/1948\/revisions\/2461"}],"wp:attachment":[{"href":"https:\/\/agora.xtec.cat\/esc-l-oreneta\/wp-json\/wp\/v2\/media?parent=1948"}],"curies":[{"name":"wp","href":"https:\/\/api.w.org\/{rel}","templated":true}]}}