{"id":1927,"date":"2025-01-08T16:01:10","date_gmt":"2025-01-08T15:01:10","guid":{"rendered":"https:\/\/agora.xtec.cat\/esc-l-oreneta\/?page_id=1927"},"modified":"2025-07-15T10:54:21","modified_gmt":"2025-07-15T08:54:21","slug":"final-de-curs-graduacio-6e","status":"publish","type":"page","link":"https:\/\/agora.xtec.cat\/esc-l-oreneta\/final-de-curs-graduacio-6e\/","title":{"rendered":"Final de curs-Graduaci\u00f3 6\u00e8"},"content":{"rendered":"<ul>\n<li><b>Festa final de curs AFA<\/b><\/li>\n<\/ul>\n<p><span style=\"font-weight: 400;\">L&#8217;avant pen\u00faltim dia finalitzaci\u00f3 del curs<strong> l&#8217;AFA<\/strong><\/span><b> organitza amb col\u00b7laboraci\u00f3 amb l&#8217;escola una festa de tancament <\/b><span style=\"font-weight: 400;\">amb l\u2019objectiu de promoure la conviv\u00e8ncia, l&#8217;interculturalitat i la participaci\u00f3 de les fam\u00edlies.<\/span><\/p>\n<ul>\n<li style=\"font-weight: 400;\" aria-level=\"2\"><strong>Mostra de Danses<\/strong><\/li>\n<\/ul>\n<p><span style=\"font-weight: 400;\">L\u2019\u00faltim dia es realitza la mostra de danses oberta a les fam\u00edlies. Aquestes seran impulsades per l\u2019especialista d\u2019educaci\u00f3 f\u00edsica i\/o m\u00fasica<\/span><span style=\"font-weight: 400;\"> en coordinaci\u00f3 amb tutors\/es<\/span><span style=\"font-weight: 400;\">.\u00a0<\/span><\/p>\n<ul>\n<li style=\"font-weight: 400;\" aria-level=\"2\"><strong>Graduaci\u00f3 de 6\u00e8<\/strong><\/li>\n<\/ul>\n<p><span style=\"font-weight: 400;\">L\u2019\u00faltim dia es realitza:<\/span><\/p>\n<ul>\n<li style=\"font-weight: 400;\" aria-level=\"1\"><span style=\"font-weight: 400;\">\u00a0Una part de la graduaci\u00f3 dins de l\u2019horari lectiu (format institucional)\u00a0<\/span><\/li>\n<li style=\"font-weight: 400;\" aria-level=\"1\"><span style=\"font-weight: 400;\">\u00a0Una altra part de la graduaci\u00f3 fora de l\u2019horari lectiu <\/span><span style=\"font-weight: 400;\">ORGANITZADA PER L\u2019AFA I LES FAM\u00cdLIES DE 6\u00e8<\/span><span style=\"font-weight: 400;\"> ( moment de germanor, ballaruca i altres propostes\u2026)\u00a0<\/span><\/li>\n<\/ul>\n<p>&nbsp;<\/p>\n","protected":false},"excerpt":{"rendered":"<ul>\n<li>Festa final de curs AFA<\/li>\n<\/ul>\n<p>L&#8217;avant pen\u00faltim dia finalitzaci\u00f3 del curs l&#8217;AFA organitza amb col\u00b7laboraci\u00f3 amb l&#8217;escola una festa de tancament amb l\u2019objectiu de promoure la conviv\u00e8ncia, l&#8217;interculturalitat i la participaci\u00f3 de les fam\u00edlies.<\/p>\n<ul>\n<li style=\"font-weight: 400;\" aria-level=\"2\">Mostra de Danses<\/li>\n<\/ul>\n<p>L\u2019\u00faltim dia es realitza la mostra de danses&hellip;  <a href=\"https:\/\/agora.xtec.cat\/esc-l-oreneta\/final-de-curs-graduacio-6e\/\" title=\"Read Final de curs-Graduaci\u00f3 6\u00e8\">Llegeix m\u00e9s\u00bb<\/a><\/p>\n","protected":false},"author":3,"featured_media":0,"parent":0,"menu_order":0,"comment_status":"closed","ping_status":"closed","template":"","meta":{"_bbp_topic_count":0,"_bbp_reply_count":0,"_bbp_total_topic_count":0,"_bbp_total_reply_count":0,"_bbp_voice_count":0,"_bbp_anonymous_reply_count":0,"_bbp_topic_count_hidden":0,"_bbp_reply_count_hidden":0,"_bbp_forum_subforum_count":0,"footnotes":""},"class_list":["post-1927","page","type-page","status-publish","hentry"],"post_mailing_queue_ids":[],"_links":{"self":[{"href":"https:\/\/agora.xtec.cat\/esc-l-oreneta\/wp-json\/wp\/v2\/pages\/1927","targetHints":{"allow":["GET"]}}],"collection":[{"href":"https:\/\/agora.xtec.cat\/esc-l-oreneta\/wp-json\/wp\/v2\/pages"}],"about":[{"href":"https:\/\/agora.xtec.cat\/esc-l-oreneta\/wp-json\/wp\/v2\/types\/page"}],"author":[{"embeddable":true,"href":"https:\/\/agora.xtec.cat\/esc-l-oreneta\/wp-json\/wp\/v2\/users\/3"}],"replies":[{"embeddable":true,"href":"https:\/\/agora.xtec.cat\/esc-l-oreneta\/wp-json\/wp\/v2\/comments?post=1927"}],"version-history":[{"count":4,"href":"https:\/\/agora.xtec.cat\/esc-l-oreneta\/wp-json\/wp\/v2\/pages\/1927\/revisions"}],"predecessor-version":[{"id":4039,"href":"https:\/\/agora.xtec.cat\/esc-l-oreneta\/wp-json\/wp\/v2\/pages\/1927\/revisions\/4039"}],"wp:attachment":[{"href":"https:\/\/agora.xtec.cat\/esc-l-oreneta\/wp-json\/wp\/v2\/media?parent=1927"}],"curies":[{"name":"wp","href":"https:\/\/api.w.org\/{rel}","templated":true}]}}