{"id":1923,"date":"2025-01-08T16:00:04","date_gmt":"2025-01-08T15:00:04","guid":{"rendered":"https:\/\/agora.xtec.cat\/esc-l-oreneta\/?page_id=1923"},"modified":"2025-02-04T19:49:35","modified_gmt":"2025-02-04T18:49:35","slug":"carnaval","status":"publish","type":"page","link":"https:\/\/agora.xtec.cat\/esc-l-oreneta\/carnaval\/","title":{"rendered":"Carnaval"},"content":{"rendered":"<p>El <strong>CARNAVAL<\/strong> \u00e9s una festa molt esperada i viscuda a la nostra poblaci\u00f3.<\/p>\n<p>Tot comen\u00e7a amb l&#8217;arribada de Sa majestat Carnestoltes que ens proposa les <strong>ordres o consignes<\/strong> que durant la setmana seg\u00fcent caldr\u00e0 seguir. S\u00f3n els infants de 6\u00e8 els que elaboren el preg\u00f3, els cartells i en fan la difusi\u00f3.<\/p>\n<p>Tamb\u00e9 celebrarem\u00a0<strong>Dijous gras<\/strong>! Aquell dia farem un esmorzar conjunt i temps de joc entre infants. Educaci\u00f3 Infantil esmorzar\u00e0 amb els infants de Cicle Mitj\u00e0 i els de Cicle Inicial amb els de Superior. Us convidem a que el vostre fill\/a porti un menjar tradicional d\u2019aquell dia: <strong>entrepans de truita, botifarra d\u2019ou, coca de llardons<\/strong>\u2026 el que m\u00e9s us vingui de gust!<\/p>\n<p><strong>La tarda del dijous<\/strong> els infants com a consigna d&#8217;aquell dia poden venir disfressats de casa amb una <strong>disfressa lliure<\/strong> i \u00e9s l&#8217;oportunitat de compartir a l&#8217;aula i als cicles comparses, teatrets amb personatges, ballaruca i disbauxa&#8230; per\u00f2 recordeu!<\/p>\n<p>1- No portem cap tipus d&#8217;armes amb la disfressa. Nosaltres volem la pau cada dia!<\/p>\n<p>2- Deixeu a casa aquells complements que ens fan nosa per tal de jugar i passar-ho b\u00e9.<\/p>\n<p>3- Feu un \u00fas de les disfresses adequades a cada edat.<\/p>\n<p><strong>Divendres al mat\u00ed<\/strong> fem la <strong>Rua de Carnaval per la poblaci\u00f3.<\/strong> Sortim a desfilar\u00a0 amb les disfresses que hem triat, dissenyat i elaborat a classe amb la col\u00b7laboraci\u00f3 de les fam\u00edlies i amb una proposta de disfressa col\u00b7lectiva.<\/p>\n","protected":false},"excerpt":{"rendered":"<p>El CARNAVAL \u00e9s una festa molt esperada i viscuda a la nostra poblaci\u00f3.<br \/>\nTot comen\u00e7a amb l&#8217;arribada de Sa majestat Carnestoltes que ens proposa les ordres o consignes que durant la setmana seg\u00fcent caldr\u00e0 seguir. S\u00f3n els infants de 6\u00e8 els que elaboren el preg\u00f3, els&hellip;  <a href=\"https:\/\/agora.xtec.cat\/esc-l-oreneta\/carnaval\/\" title=\"Read Carnaval\">Llegeix m\u00e9s\u00bb<\/a><\/p>\n","protected":false},"author":3,"featured_media":0,"parent":0,"menu_order":0,"comment_status":"closed","ping_status":"closed","template":"","meta":{"_bbp_topic_count":0,"_bbp_reply_count":0,"_bbp_total_topic_count":0,"_bbp_total_reply_count":0,"_bbp_voice_count":0,"_bbp_anonymous_reply_count":0,"_bbp_topic_count_hidden":0,"_bbp_reply_count_hidden":0,"_bbp_forum_subforum_count":0,"footnotes":""},"class_list":["post-1923","page","type-page","status-publish","hentry"],"post_mailing_queue_ids":[],"_links":{"self":[{"href":"https:\/\/agora.xtec.cat\/esc-l-oreneta\/wp-json\/wp\/v2\/pages\/1923","targetHints":{"allow":["GET"]}}],"collection":[{"href":"https:\/\/agora.xtec.cat\/esc-l-oreneta\/wp-json\/wp\/v2\/pages"}],"about":[{"href":"https:\/\/agora.xtec.cat\/esc-l-oreneta\/wp-json\/wp\/v2\/types\/page"}],"author":[{"embeddable":true,"href":"https:\/\/agora.xtec.cat\/esc-l-oreneta\/wp-json\/wp\/v2\/users\/3"}],"replies":[{"embeddable":true,"href":"https:\/\/agora.xtec.cat\/esc-l-oreneta\/wp-json\/wp\/v2\/comments?post=1923"}],"version-history":[{"count":5,"href":"https:\/\/agora.xtec.cat\/esc-l-oreneta\/wp-json\/wp\/v2\/pages\/1923\/revisions"}],"predecessor-version":[{"id":2257,"href":"https:\/\/agora.xtec.cat\/esc-l-oreneta\/wp-json\/wp\/v2\/pages\/1923\/revisions\/2257"}],"wp:attachment":[{"href":"https:\/\/agora.xtec.cat\/esc-l-oreneta\/wp-json\/wp\/v2\/media?parent=1923"}],"curies":[{"name":"wp","href":"https:\/\/api.w.org\/{rel}","templated":true}]}}