{"id":1921,"date":"2025-01-08T16:00:21","date_gmt":"2025-01-08T15:00:21","guid":{"rendered":"https:\/\/agora.xtec.cat\/esc-l-oreneta\/?page_id=1921"},"modified":"2025-01-25T14:38:06","modified_gmt":"2025-01-25T13:38:06","slug":"dia-de-la-pau","status":"publish","type":"page","link":"https:\/\/agora.xtec.cat\/esc-l-oreneta\/dia-de-la-pau\/","title":{"rendered":"Dia de la Pau"},"content":{"rendered":"<p><span style=\"font-weight: 400;\">Al llarg del <\/span><b>mes de gener<\/b><span style=\"font-weight: 400;\"> es proposen i realitzen <\/span><span style=\"font-weight: 400;\">activitats en les sessions de VALORS\/CONVIV\u00c8NCIA<\/span> <span style=\"font-weight: 400;\">vinculades amb el PEE (pla educatiu d&#8217;entorn) i pla de promotora escolar. S\u00f3n propostes\u00a0<b>per treballar la interculturalitat, la multiculturalitat i\u00a0 l\u2019acollida a les diferents lleng\u00fces maternes dels nostres infants<\/b>. Aprofitem alhora per donar protagonisme als infants nouvinguts al llarg del curs.<\/span><\/p>\n<p><span style=\"font-weight: 400;\">L\u2019Objectiu \u00e9s establir una programaci\u00f3 per a cada nivell i permetre que un infant al llarg de la seva escolaritat acabi passant per totes sent aquestes, oportunitats per\u00a0 treballar la sensibilitzaci\u00f3 envers l&#8217;acollida a la diversitat cultural, millorar la conviv\u00e8ncia i\u00a0 potenciar el sentiment de pertinen\u00e7a a l&#8217;escola.<\/span><\/p>\n<ul>\n<li>Educaci\u00f3 infantil: contes interculturals<\/li>\n<li>Cicle inicial: conte benvinguts i Bika<\/li>\n<li>Cicle mitj\u00e0: Sa\u00efd i el color de la sorra<\/li>\n<li>Cicle superior: el m\u00f3n \u00e9s casa meva<\/li>\n<\/ul>\n<p><span style=\"font-weight: 400;\">D\u2019altra banda, com acte de tancament per celebrar aquest\u00a0 <\/span><span style=\"font-weight: 400;\">dia de la Pau <\/span><span style=\"font-weight: 400;\">que \u00e9s el 30 de gener, es realitza una activitat conjunta a la pista on es fa la lectura del manifest i es comparteixen can\u00e7ons impulsades per els especialistes de m\u00fasica.<\/span><\/p>\n<p>Finalment, gr\u00e0cies a la col\u00b7laboraci\u00f3 de Roca Gonz\u00e1lez, AFA i fam\u00edlies delegades es convida i reparteix xocolata i melindros per tots i totes.<\/p>\n<p>&nbsp;<\/p>\n","protected":false},"excerpt":{"rendered":"<p>Al llarg del mes de gener es proposen i realitzen activitats en les sessions de VALORS\/CONVIV\u00c8NCIA vinculades amb el PEE (pla educatiu d&#8217;entorn) i pla de promotora escolar. S\u00f3n propostes\u00a0per treballar la interculturalitat, la multiculturalitat i\u00a0 l\u2019acollida a les diferents lleng\u00fces maternes dels nostres infants.&hellip;  <a href=\"https:\/\/agora.xtec.cat\/esc-l-oreneta\/dia-de-la-pau\/\" title=\"Read Dia de la Pau\">Llegeix m\u00e9s\u00bb<\/a><\/p>\n","protected":false},"author":3,"featured_media":0,"parent":0,"menu_order":0,"comment_status":"closed","ping_status":"closed","template":"","meta":{"_bbp_topic_count":0,"_bbp_reply_count":0,"_bbp_total_topic_count":0,"_bbp_total_reply_count":0,"_bbp_voice_count":0,"_bbp_anonymous_reply_count":0,"_bbp_topic_count_hidden":0,"_bbp_reply_count_hidden":0,"_bbp_forum_subforum_count":0,"footnotes":""},"class_list":["post-1921","page","type-page","status-publish","hentry"],"post_mailing_queue_ids":[],"_links":{"self":[{"href":"https:\/\/agora.xtec.cat\/esc-l-oreneta\/wp-json\/wp\/v2\/pages\/1921","targetHints":{"allow":["GET"]}}],"collection":[{"href":"https:\/\/agora.xtec.cat\/esc-l-oreneta\/wp-json\/wp\/v2\/pages"}],"about":[{"href":"https:\/\/agora.xtec.cat\/esc-l-oreneta\/wp-json\/wp\/v2\/types\/page"}],"author":[{"embeddable":true,"href":"https:\/\/agora.xtec.cat\/esc-l-oreneta\/wp-json\/wp\/v2\/users\/3"}],"replies":[{"embeddable":true,"href":"https:\/\/agora.xtec.cat\/esc-l-oreneta\/wp-json\/wp\/v2\/comments?post=1921"}],"version-history":[{"count":5,"href":"https:\/\/agora.xtec.cat\/esc-l-oreneta\/wp-json\/wp\/v2\/pages\/1921\/revisions"}],"predecessor-version":[{"id":2150,"href":"https:\/\/agora.xtec.cat\/esc-l-oreneta\/wp-json\/wp\/v2\/pages\/1921\/revisions\/2150"}],"wp:attachment":[{"href":"https:\/\/agora.xtec.cat\/esc-l-oreneta\/wp-json\/wp\/v2\/media?parent=1921"}],"curies":[{"name":"wp","href":"https:\/\/api.w.org\/{rel}","templated":true}]}}