{"id":1919,"date":"2025-01-08T16:00:37","date_gmt":"2025-01-08T15:00:37","guid":{"rendered":"https:\/\/agora.xtec.cat\/esc-l-oreneta\/?page_id=1919"},"modified":"2025-01-12T20:00:45","modified_gmt":"2025-01-12T19:00:45","slug":"festes-dhivern","status":"publish","type":"page","link":"https:\/\/agora.xtec.cat\/esc-l-oreneta\/festes-dhivern\/","title":{"rendered":"Festes d&#8217;hivern"},"content":{"rendered":"<p><span style=\"font-weight: 400;\">El Nadal \u00e9s una de les festes m\u00e9s esperades pels infants, malgrat el seu origen religi\u00f3s i independement de les formes d\u2019entendre-la a nivell individual i\/o familiar. A l\u2019escola fem un h\u00edbrid entre Nadal pr\u00f2piament ent\u00e8s i l\u2019hivern <\/span><span style=\"font-weight: 400;\">des de la vessant m\u00e9s cultural i tradicional que no pas religiosa.<\/span><\/p>\n<p>Al llarg del mes de desembre es promouen diferents <strong>a<\/strong><span style=\"font-weight: 400;\"><strong>ctivitats solid\u00e0ries vinculades amb la solidaritat, la inclusi\u00f3 i la vinculaci\u00f3 amb l\u2019entorn:\u00a0<\/strong><\/span><span style=\"font-weight: 400;\">\u00a0<\/span><\/p>\n<ul>\n<li style=\"font-weight: 400;\" aria-level=\"1\"><span style=\"font-weight: 400;\">Educaci\u00f3 infantil visita la Fundaci\u00f3 Tallers<\/span><\/li>\n<li style=\"font-weight: 400;\" aria-level=\"1\"><span style=\"font-weight: 400;\">Cicle inicial al centre de dia o casal d\u2019avis,\u00a0<\/span><\/li>\n<li style=\"font-weight: 400;\" aria-level=\"1\"><span style=\"font-weight: 400;\">Cicle mitj\u00e0 promou la participaci\u00f3 a la Marat\u00f3 de TV3\u00a0<\/span><\/li>\n<li style=\"font-weight: 400;\" aria-level=\"1\"><span style=\"font-weight: 400;\">Cicle superior realitza un projecte al voltant del <\/span><span style=\"font-weight: 400;\">Gran Recapte.<\/span><\/li>\n<li style=\"font-weight: 400;\" aria-level=\"1\"><span style=\"font-weight: 400;\">Tota prim\u00e0ria col\u00b7labora amb l\u2019entitat TDAH-TEA en les postals de Nadal\u00a0<\/span><\/li>\n<\/ul>\n<p><b>Es realitza un Calendari d\u2019advent (prim\u00e0ria)<\/b><span style=\"font-weight: 400;\"> amb propostes di\u00e0ries de cohesi\u00f3 de grup, manualitats, joc&#8230;com a s\u00edmbol del compte enrere per finalitzar el trimestre i l&#8217;arribada de les festes.\u00a0<\/span><\/p>\n<p><span style=\"font-weight: 400;\">Es preparen les <\/span><b>Postals de felicitaci\u00f3 per les fam\u00edlies i la Carta als Reis grupal:<span style=\"font-weight: 400;\"> valoraci\u00f3 de nostre grup i bons desitjos per a la nostra escola, el nostre municipi i per al planeta! <\/span><\/b><\/p>\n<p><b>Arriba el Ti\u00f3 i el fem cagar i visitem el Bosc m\u00e0gic <\/b><span style=\"font-weight: 400;\">\u00a0gr\u00e0cies a l&#8217;AFA que ho fa possible.<\/span><\/p>\n<p><span style=\"font-weight: 400;\">Finalment, es realitza el <\/span><b>concert d\u2019hivern <\/b>on es preparen can\u00e7ons o poemes de caire emocional o amb valors en les 3 lleng\u00fces: Catal\u00e0, castell\u00e0 i angl\u00e8s.<\/p>\n<p>&nbsp;<\/p>\n","protected":false},"excerpt":{"rendered":"<p>El Nadal \u00e9s una de les festes m\u00e9s esperades pels infants, malgrat el seu origen religi\u00f3s i independement de les formes d\u2019entendre-la a nivell individual i\/o familiar. A l\u2019escola fem un h\u00edbrid entre Nadal pr\u00f2piament ent\u00e8s i l\u2019hivern des de la vessant m\u00e9s cultural i&hellip;  <a href=\"https:\/\/agora.xtec.cat\/esc-l-oreneta\/festes-dhivern\/\" title=\"Read Festes d&#8217;hivern\">Llegeix m\u00e9s\u00bb<\/a><\/p>\n","protected":false},"author":3,"featured_media":0,"parent":0,"menu_order":0,"comment_status":"closed","ping_status":"closed","template":"","meta":{"_bbp_topic_count":0,"_bbp_reply_count":0,"_bbp_total_topic_count":0,"_bbp_total_reply_count":0,"_bbp_voice_count":0,"_bbp_anonymous_reply_count":0,"_bbp_topic_count_hidden":0,"_bbp_reply_count_hidden":0,"_bbp_forum_subforum_count":0,"footnotes":""},"class_list":["post-1919","page","type-page","status-publish","hentry"],"post_mailing_queue_ids":[],"_links":{"self":[{"href":"https:\/\/agora.xtec.cat\/esc-l-oreneta\/wp-json\/wp\/v2\/pages\/1919","targetHints":{"allow":["GET"]}}],"collection":[{"href":"https:\/\/agora.xtec.cat\/esc-l-oreneta\/wp-json\/wp\/v2\/pages"}],"about":[{"href":"https:\/\/agora.xtec.cat\/esc-l-oreneta\/wp-json\/wp\/v2\/types\/page"}],"author":[{"embeddable":true,"href":"https:\/\/agora.xtec.cat\/esc-l-oreneta\/wp-json\/wp\/v2\/users\/3"}],"replies":[{"embeddable":true,"href":"https:\/\/agora.xtec.cat\/esc-l-oreneta\/wp-json\/wp\/v2\/comments?post=1919"}],"version-history":[{"count":4,"href":"https:\/\/agora.xtec.cat\/esc-l-oreneta\/wp-json\/wp\/v2\/pages\/1919\/revisions"}],"predecessor-version":[{"id":2008,"href":"https:\/\/agora.xtec.cat\/esc-l-oreneta\/wp-json\/wp\/v2\/pages\/1919\/revisions\/2008"}],"wp:attachment":[{"href":"https:\/\/agora.xtec.cat\/esc-l-oreneta\/wp-json\/wp\/v2\/media?parent=1919"}],"curies":[{"name":"wp","href":"https:\/\/api.w.org\/{rel}","templated":true}]}}