{"id":1917,"date":"2025-01-08T15:59:45","date_gmt":"2025-01-08T14:59:45","guid":{"rendered":"https:\/\/agora.xtec.cat\/esc-l-oreneta\/?page_id=1917"},"modified":"2025-10-17T09:13:26","modified_gmt":"2025-10-17T07:13:26","slug":"castanyada-i-halloween","status":"publish","type":"page","link":"https:\/\/agora.xtec.cat\/esc-l-oreneta\/festes\/castanyada-i-halloween\/","title":{"rendered":"Castanyada i Halloween"},"content":{"rendered":"<p><b>La Castanyada<\/b> \u00e9s la primera festivitat del curs escolar amb l&#8217;objectiu de promoure el coneixement de les tradicions i festes catalanes.<\/p>\n<p>\u00c9s dona el tret de sortida amb l&#8217;exposici\u00f3 de <strong>creacions amb fruits de tardor.<\/strong> Una activitat pensada per fer a casa i gaudir en fam\u00edlia i posteriorment compartir a l\u2019escola!<\/p>\n<p>A<b> educaci\u00f3 infantil, cicle inicia<\/b><span style=\"font-weight: 400;\">l<\/span><b> i 3r<\/b><span style=\"font-weight: 400;\"> es celebra la castanyada amb activitats vinculades amb aquesta festivitat i \u00e9s de car\u00e0cter intern:\u00a0 ens visita la castanyera, mengem castanyes i <\/span><span style=\"font-weight: 400;\">\u00a0fem danses internes.<\/span><\/p>\n<p><span style=\"font-weight: 400;\">A <\/span><b>cicle mitj\u00e0 i superior\u00a0 <\/b>es realitzen activitats <span style=\"font-weight: 400;\">impulsades pels especialistes d&#8217;angl\u00e8s amb la col\u00b7laboraci\u00f3 dels tutors\/es vinculades amb\u00a0 Halloween fomentant l&#8217;impuls per l\u00b4\u00fas de la llengua.<\/span><\/p>\n<p><span style=\"font-weight: 400;\">\u00c9s<strong> L\u2019AFA<\/strong> qui prepara el t\u00fanel del terror i convida als infants i fam\u00edlies de la poblaci\u00f3 fora de l&#8217;horari extraescolar.<\/span><span style=\"font-weight: 400;\"><br \/>\n<\/span><\/p>\n<p>&nbsp;<\/p>\n<p>&nbsp;<\/p>\n","protected":false},"excerpt":{"rendered":"<p>La Castanyada \u00e9s la primera festivitat del curs escolar amb l&#8217;objectiu de promoure el coneixement de les tradicions i festes catalanes.<br \/>\n\u00c9s dona el tret de sortida amb l&#8217;exposici\u00f3 de creacions amb fruits de tardor. Una activitat pensada per fer a casa i gaudir en fam\u00edlia&hellip;  <a href=\"https:\/\/agora.xtec.cat\/esc-l-oreneta\/festes\/castanyada-i-halloween\/\" title=\"Read Castanyada i Halloween\">Llegeix m\u00e9s\u00bb<\/a><\/p>\n","protected":false},"author":3,"featured_media":0,"parent":1867,"menu_order":0,"comment_status":"closed","ping_status":"closed","template":"","meta":{"_bbp_topic_count":0,"_bbp_reply_count":0,"_bbp_total_topic_count":0,"_bbp_total_reply_count":0,"_bbp_voice_count":0,"_bbp_anonymous_reply_count":0,"_bbp_topic_count_hidden":0,"_bbp_reply_count_hidden":0,"_bbp_forum_subforum_count":0,"footnotes":""},"class_list":["post-1917","page","type-page","status-publish","hentry"],"post_mailing_queue_ids":[],"_links":{"self":[{"href":"https:\/\/agora.xtec.cat\/esc-l-oreneta\/wp-json\/wp\/v2\/pages\/1917","targetHints":{"allow":["GET"]}}],"collection":[{"href":"https:\/\/agora.xtec.cat\/esc-l-oreneta\/wp-json\/wp\/v2\/pages"}],"about":[{"href":"https:\/\/agora.xtec.cat\/esc-l-oreneta\/wp-json\/wp\/v2\/types\/page"}],"author":[{"embeddable":true,"href":"https:\/\/agora.xtec.cat\/esc-l-oreneta\/wp-json\/wp\/v2\/users\/3"}],"replies":[{"embeddable":true,"href":"https:\/\/agora.xtec.cat\/esc-l-oreneta\/wp-json\/wp\/v2\/comments?post=1917"}],"version-history":[{"count":6,"href":"https:\/\/agora.xtec.cat\/esc-l-oreneta\/wp-json\/wp\/v2\/pages\/1917\/revisions"}],"predecessor-version":[{"id":4184,"href":"https:\/\/agora.xtec.cat\/esc-l-oreneta\/wp-json\/wp\/v2\/pages\/1917\/revisions\/4184"}],"up":[{"embeddable":true,"href":"https:\/\/agora.xtec.cat\/esc-l-oreneta\/wp-json\/wp\/v2\/pages\/1867"}],"wp:attachment":[{"href":"https:\/\/agora.xtec.cat\/esc-l-oreneta\/wp-json\/wp\/v2\/media?parent=1917"}],"curies":[{"name":"wp","href":"https:\/\/api.w.org\/{rel}","templated":true}]}}