{"id":1867,"date":"2025-01-01T20:13:48","date_gmt":"2025-01-01T19:13:48","guid":{"rendered":"https:\/\/agora.xtec.cat\/esc-l-oreneta\/?page_id=1867"},"modified":"2025-09-26T18:02:13","modified_gmt":"2025-09-26T16:02:13","slug":"festes","status":"publish","type":"page","link":"https:\/\/agora.xtec.cat\/esc-l-oreneta\/festes\/","title":{"rendered":"Festes"},"content":{"rendered":"<p><span style=\"font-weight: 400;\">Com ja sabem el nostre PEC est\u00e0 en construcci\u00f3 i \u00e9s per aquest motiu que no hem d\u2019obviar que tot el que realitzem i promovem dins del centre escolar haur\u00e0 d\u2019anar alineat amb els nostres trets d\u2019identitat: <\/span><b>escola democr\u00e0tica, acollidora, inclusiva, verda, activa, coeducativa i laica.<\/b><\/p>\n<p><span style=\"font-weight: 400;\">En aquest moment de construcci\u00f3 de nou centre \u00e9s una oportunitat \u00fanica de posar la mirada tamb\u00e9 en la nostra celebraci\u00f3 de les FESTES\u00a0 i crear-les i definir-les en coher\u00e8ncia amb el nostre<\/span><b> PEC i trets d\u2019identitat<\/b><span style=\"font-weight: 400;\"> i <\/span><span style=\"font-weight: 400;\">alhora seguint les orientacions que marca el<\/span> <a href=\"https:\/\/projectes.xtec.cat\/nou-curriculum\/educacio-basica\/decret-educacio-basica\/\"><b>DECRET D\u2019EDUCACI\u00d3 B\u00c0SICA <\/b><\/a><b>\u00a0(veure extracte a l\u2019ANNEX)<\/b><\/p>\n<p><b>FESTES TRADICIONALS ESCOLA L\u2019ORENETA<\/b><\/p>\n<p><span style=\"font-weight: 400;\">Com a Escola L\u2019Oreneta donem molta import\u00e0ncia a la celebraci\u00f3 de les festes i tradicions populars. S\u00f3n tradicions que serveixen per apropar als infants a la cultura catalana i posar-les en valor, sent aquestes una font d\u2019oportunitats per treballar continguts educatius.<\/span><\/p>\n<p><span style=\"font-weight: 400;\">Actualment aquestes s\u00f3n les <\/span><b>FESTES<\/b><span style=\"font-weight: 400;\"> que estem duent a terme:<\/span><\/p>\n<ul>\n<li style=\"font-weight: 400;\" aria-checked=\"false\" aria-level=\"1\"><span style=\"font-weight: 400;\">CASTANYADA I HALLOWEEN<\/span><\/li>\n<li style=\"font-weight: 400;\" aria-checked=\"false\" aria-level=\"1\"><span style=\"font-weight: 400;\">FESTES D\u2019HIVERN<\/span><\/li>\n<li style=\"font-weight: 400;\" aria-checked=\"false\" aria-level=\"1\"><span style=\"font-weight: 400;\">DIA DE LA PAU<\/span><\/li>\n<li style=\"font-weight: 400;\" aria-checked=\"false\" aria-level=\"1\"><span style=\"font-weight: 400;\">CARNAVAL<\/span><\/li>\n<li style=\"font-weight: 400;\" aria-checked=\"false\" aria-level=\"1\"><span style=\"font-weight: 400;\">JORNADES D\u2019ESCOLA VERDA<\/span><\/li>\n<li style=\"font-weight: 400;\" aria-checked=\"false\" aria-level=\"1\"><span style=\"font-weight: 400;\">SANT JORDI<\/span><\/li>\n<li style=\"font-weight: 400;\" aria-checked=\"false\" aria-level=\"1\"><span style=\"font-weight: 400;\">FINAL DE CURS I GRADUACI\u00d3 DE 6\u00e8<\/span><\/li>\n<\/ul>\n","protected":false},"excerpt":{"rendered":"<p>Com ja sabem el nostre PEC est\u00e0 en construcci\u00f3 i \u00e9s per aquest motiu que no hem d\u2019obviar que tot el que realitzem i promovem dins del centre escolar haur\u00e0 d\u2019anar alineat amb els nostres trets d\u2019identitat: escola democr\u00e0tica, acollidora, inclusiva, verda, activa, coeducativa i&hellip;  <a href=\"https:\/\/agora.xtec.cat\/esc-l-oreneta\/festes\/\" title=\"Read Festes\">Llegeix m\u00e9s\u00bb<\/a><\/p>\n","protected":false},"author":4,"featured_media":0,"parent":0,"menu_order":0,"comment_status":"closed","ping_status":"closed","template":"page-templates\/side-menu.php","meta":{"_bbp_topic_count":0,"_bbp_reply_count":0,"_bbp_total_topic_count":0,"_bbp_total_reply_count":0,"_bbp_voice_count":0,"_bbp_anonymous_reply_count":0,"_bbp_topic_count_hidden":0,"_bbp_reply_count_hidden":0,"_bbp_forum_subforum_count":0,"footnotes":""},"class_list":["post-1867","page","type-page","status-publish","hentry"],"post_mailing_queue_ids":[],"_links":{"self":[{"href":"https:\/\/agora.xtec.cat\/esc-l-oreneta\/wp-json\/wp\/v2\/pages\/1867","targetHints":{"allow":["GET"]}}],"collection":[{"href":"https:\/\/agora.xtec.cat\/esc-l-oreneta\/wp-json\/wp\/v2\/pages"}],"about":[{"href":"https:\/\/agora.xtec.cat\/esc-l-oreneta\/wp-json\/wp\/v2\/types\/page"}],"author":[{"embeddable":true,"href":"https:\/\/agora.xtec.cat\/esc-l-oreneta\/wp-json\/wp\/v2\/users\/4"}],"replies":[{"embeddable":true,"href":"https:\/\/agora.xtec.cat\/esc-l-oreneta\/wp-json\/wp\/v2\/comments?post=1867"}],"version-history":[{"count":4,"href":"https:\/\/agora.xtec.cat\/esc-l-oreneta\/wp-json\/wp\/v2\/pages\/1867\/revisions"}],"predecessor-version":[{"id":1874,"href":"https:\/\/agora.xtec.cat\/esc-l-oreneta\/wp-json\/wp\/v2\/pages\/1867\/revisions\/1874"}],"wp:attachment":[{"href":"https:\/\/agora.xtec.cat\/esc-l-oreneta\/wp-json\/wp\/v2\/media?parent=1867"}],"curies":[{"name":"wp","href":"https:\/\/api.w.org\/{rel}","templated":true}]}}