{"id":3328,"date":"2026-01-07T18:54:34","date_gmt":"2026-01-07T17:54:34","guid":{"rendered":"https:\/\/agora.xtec.cat\/esc-jverdaguer\/?page_id=3328"},"modified":"2026-01-07T18:54:34","modified_gmt":"2026-01-07T17:54:34","slug":"projecte-esportiu-de-centre","status":"publish","type":"page","link":"https:\/\/agora.xtec.cat\/esc-jverdaguer\/documents-descola\/projecte-esportiu-de-centre\/","title":{"rendered":"Projecte Esportiu de Centre"},"content":{"rendered":"\n<p>El Projecte Esportiu de Centre (PES) de l\u2019Escola Jacint Verdaguer defineix el marc de planificaci\u00f3, organitzaci\u00f3 i desenvolupament de l\u2019activitat f\u00edsica i esportiva del centre, en coher\u00e8ncia amb el seu projecte educatiu. Aquest document recull els criteris pedag\u00f2gics i organitzatius que garanteixen una pr\u00e0ctica esportiva orientada a la salut, la inclusi\u00f3, la conviv\u00e8ncia i el desenvolupament integral de l\u2019alumnat.<\/p>\n\n\n\n<p>El PES estableix una l\u00ednia comuna per a totes les activitats esportives, tant lectives com complement\u00e0ries, i s\u2019alinea amb les directrius del Pla Estrat\u00e8gic d\u2019Esport Escolar de Catalunya (2020-2030), incorporant metodologies actives, criteris d\u2019equitat i col\u00b7laboracions amb l\u2019entorn proper.<\/p>\n\n\n\n<p>Aquest Projecte Esportiu de Centre va ser aprovat pel Consell Escolar el dia <strong>11 de desembre de 2025<\/strong> i t\u00e9 car\u00e0cter vinculant per a tota la comunitat educativa.<\/p>\n\n\n\n<p>A continuaci\u00f3 podeu consultar el document complet.<\/p>\n\n\n\n<div data-wp-interactive=\"core\/file\" class=\"wp-block-file\"><object data-wp-bind--hidden=\"!state.hasPdfPreview\" hidden class=\"wp-block-file__embed\" data=\"https:\/\/agora.xtec.cat\/esc-jverdaguer\/wp-content\/uploads\/usu831\/2026\/01\/PROJECTE-ESPORTIU-DE-CENTRE-PES.pdf\" type=\"application\/pdf\" style=\"width:100%;height:600px\" aria-label=\"Incrustaci\u00f3 del fitxer PROJECTE ESPORTIU DE CENTRE (PES).\"><\/object><a id=\"wp-block-file--media-f1265eed-48c0-4839-9759-45e8a18d139d\" href=\"https:\/\/agora.xtec.cat\/esc-jverdaguer\/wp-content\/uploads\/usu831\/2026\/01\/PROJECTE-ESPORTIU-DE-CENTRE-PES.pdf\" target=\"_blank\" rel=\"noreferrer noopener\">PROJECTE ESPORTIU DE CENTRE (PES)<\/a><\/div>\n","protected":false},"excerpt":{"rendered":"<p>El Projecte Esportiu de Centre (PES) de l\u2019Escola Jacint Verdaguer defineix el marc de planificaci\u00f3, organitzaci\u00f3 i desenvolupament de l\u2019activitat f\u00edsica i esportiva del centre, en coher\u00e8ncia amb el seu projecte educatiu. Aquest document recull els criteris pedag\u00f2gics i organitzatius que garanteixen una pr\u00e0ctica esportiva orientada a la salut, la inclusi\u00f3, la conviv\u00e8ncia i el [&hellip;]<\/p>\n","protected":false},"author":1,"featured_media":0,"parent":2616,"menu_order":0,"comment_status":"closed","ping_status":"close","template":"","meta":{"_bbp_topic_count":0,"_bbp_reply_count":0,"_bbp_total_topic_count":0,"_bbp_total_reply_count":0,"_bbp_voice_count":0,"_bbp_anonymous_reply_count":0,"_bbp_topic_count_hidden":0,"_bbp_reply_count_hidden":0,"_bbp_forum_subforum_count":0,"site-sidebar-layout":"default","site-content-layout":"","ast-site-content-layout":"default","site-content-style":"default","site-sidebar-style":"default","ast-global-header-display":"","ast-banner-title-visibility":"","ast-main-header-display":"","ast-hfb-above-header-display":"","ast-hfb-below-header-display":"","ast-hfb-mobile-header-display":"","site-post-title":"","ast-breadcrumbs-content":"","ast-featured-img":"","footer-sml-layout":"","theme-transparent-header-meta":"","adv-header-id-meta":"","stick-header-meta":"","header-above-stick-meta":"","header-main-stick-meta":"","header-below-stick-meta":"","astra-migrate-meta-layouts":"set","ast-page-background-enabled":"default","ast-page-background-meta":{"desktop":{"background-color":"var(--ast-global-color-4)","background-image":"","background-repeat":"repeat","background-position":"center center","background-size":"auto","background-attachment":"scroll","background-type":"","background-media":"","overlay-type":"","overlay-color":"","overlay-opacity":"","overlay-gradient":""},"tablet":{"background-color":"","background-image":"","background-repeat":"repeat","background-position":"center center","background-size":"auto","background-attachment":"scroll","background-type":"","background-media":"","overlay-type":"","overlay-color":"","overlay-opacity":"","overlay-gradient":""},"mobile":{"background-color":"","background-image":"","background-repeat":"repeat","background-position":"center center","background-size":"auto","background-attachment":"scroll","background-type":"","background-media":"","overlay-type":"","overlay-color":"","overlay-opacity":"","overlay-gradient":""}},"ast-content-background-meta":{"desktop":{"background-color":"var(--ast-global-color-5)","background-image":"","background-repeat":"repeat","background-position":"center center","background-size":"auto","background-attachment":"scroll","background-type":"","background-media":"","overlay-type":"","overlay-color":"","overlay-opacity":"","overlay-gradient":""},"tablet":{"background-color":"var(--ast-global-color-5)","background-image":"","background-repeat":"repeat","background-position":"center center","background-size":"auto","background-attachment":"scroll","background-type":"","background-media":"","overlay-type":"","overlay-color":"","overlay-opacity":"","overlay-gradient":""},"mobile":{"background-color":"var(--ast-global-color-5)","background-image":"","background-repeat":"repeat","background-position":"center center","background-size":"auto","background-attachment":"scroll","background-type":"","background-media":"","overlay-type":"","overlay-color":"","overlay-opacity":"","overlay-gradient":""}},"footnotes":""},"class_list":["post-3328","page","type-page","status-publish","hentry"],"post_mailing_queue_ids":[],"_links":{"self":[{"href":"https:\/\/agora.xtec.cat\/esc-jverdaguer\/wp-json\/wp\/v2\/pages\/3328","targetHints":{"allow":["GET"]}}],"collection":[{"href":"https:\/\/agora.xtec.cat\/esc-jverdaguer\/wp-json\/wp\/v2\/pages"}],"about":[{"href":"https:\/\/agora.xtec.cat\/esc-jverdaguer\/wp-json\/wp\/v2\/types\/page"}],"author":[{"embeddable":true,"href":"https:\/\/agora.xtec.cat\/esc-jverdaguer\/wp-json\/wp\/v2\/users\/1"}],"replies":[{"embeddable":true,"href":"https:\/\/agora.xtec.cat\/esc-jverdaguer\/wp-json\/wp\/v2\/comments?post=3328"}],"version-history":[{"count":2,"href":"https:\/\/agora.xtec.cat\/esc-jverdaguer\/wp-json\/wp\/v2\/pages\/3328\/revisions"}],"predecessor-version":[{"id":3331,"href":"https:\/\/agora.xtec.cat\/esc-jverdaguer\/wp-json\/wp\/v2\/pages\/3328\/revisions\/3331"}],"up":[{"embeddable":true,"href":"https:\/\/agora.xtec.cat\/esc-jverdaguer\/wp-json\/wp\/v2\/pages\/2616"}],"wp:attachment":[{"href":"https:\/\/agora.xtec.cat\/esc-jverdaguer\/wp-json\/wp\/v2\/media?parent=3328"}],"curies":[{"name":"wp","href":"https:\/\/api.w.org\/{rel}","templated":true}]}}