{"id":208,"date":"2016-02-08T15:42:37","date_gmt":"2016-02-08T14:42:37","guid":{"rendered":"http:\/\/agora.xtec.cat\/esc-jverdaguer\/?page_id=208"},"modified":"2025-11-07T17:42:49","modified_gmt":"2025-11-07T16:42:49","slug":"claustre","status":"publish","type":"page","link":"https:\/\/agora.xtec.cat\/esc-jverdaguer\/lescola\/claustre\/","title":{"rendered":"Equip docent"},"content":{"rendered":"\n<p class=\"has-text-align-center\"><strong>&#8220;Un equip que acompanya, orienta i inspira &#8220;<\/strong><\/p>\n\n\n\n<p>Som un equip de mestres compromesos amb cada infant, amb ganes d\u2019acompanyar, escoltar i aprendre junts. Creiem en una educaci\u00f3 participativa, on cada pas \u00e9s important i el respecte pel ritme de cadasc\u00fa fa possible el creixement.<\/p>\n\n\n\n<figure class=\"wp-block-image aligncenter size-large has-custom-border is-style-default\" style=\"margin-top:var(--wp--preset--spacing--20);margin-bottom:var(--wp--preset--spacing--20)\"><a href=\"https:\/\/agora.xtec.cat\/esc-jverdaguer\/wp-content\/uploads\/usu831\/2025\/09\/Copia-de-Copia-de-Copia-de-Afegeix-una-capcalera-3.jpg\"><img loading=\"lazy\" decoding=\"async\" width=\"819\" height=\"1024\" src=\"https:\/\/agora.xtec.cat\/esc-jverdaguer\/wp-content\/uploads\/usu831\/2025\/09\/Copia-de-Copia-de-Copia-de-Afegeix-una-capcalera-3-819x1024.jpg\" alt=\"\" class=\"wp-image-2512\" style=\"border-width:10px\" srcset=\"https:\/\/agora.xtec.cat\/esc-jverdaguer\/wp-content\/uploads\/usu831\/2025\/09\/Copia-de-Copia-de-Copia-de-Afegeix-una-capcalera-3-819x1024.jpg 819w, https:\/\/agora.xtec.cat\/esc-jverdaguer\/wp-content\/uploads\/usu831\/2025\/09\/Copia-de-Copia-de-Copia-de-Afegeix-una-capcalera-3-240x300.jpg 240w, https:\/\/agora.xtec.cat\/esc-jverdaguer\/wp-content\/uploads\/usu831\/2025\/09\/Copia-de-Copia-de-Copia-de-Afegeix-una-capcalera-3-768x960.jpg 768w, https:\/\/agora.xtec.cat\/esc-jverdaguer\/wp-content\/uploads\/usu831\/2025\/09\/Copia-de-Copia-de-Copia-de-Afegeix-una-capcalera-3.jpg 1080w\" sizes=\"auto, (max-width: 819px) 100vw, 819px\" \/><\/a><\/figure>\n\n\n\n<figure class=\"wp-block-image aligncenter size-large has-custom-border is-style-default\"><a href=\"https:\/\/agora.xtec.cat\/esc-jverdaguer\/wp-content\/uploads\/usu831\/2025\/09\/96d073eb-e200-4736-8fd9-74b9dd76f0ce.jpeg\"><img loading=\"lazy\" decoding=\"async\" width=\"1024\" height=\"768\" src=\"https:\/\/agora.xtec.cat\/esc-jverdaguer\/wp-content\/uploads\/usu831\/2025\/09\/96d073eb-e200-4736-8fd9-74b9dd76f0ce-1024x768.jpeg\" alt=\"\" class=\"wp-image-2531\" style=\"border-width:10px\" srcset=\"https:\/\/agora.xtec.cat\/esc-jverdaguer\/wp-content\/uploads\/usu831\/2025\/09\/96d073eb-e200-4736-8fd9-74b9dd76f0ce-1024x768.jpeg 1024w, https:\/\/agora.xtec.cat\/esc-jverdaguer\/wp-content\/uploads\/usu831\/2025\/09\/96d073eb-e200-4736-8fd9-74b9dd76f0ce-300x225.jpeg 300w, https:\/\/agora.xtec.cat\/esc-jverdaguer\/wp-content\/uploads\/usu831\/2025\/09\/96d073eb-e200-4736-8fd9-74b9dd76f0ce-768x576.jpeg 768w, https:\/\/agora.xtec.cat\/esc-jverdaguer\/wp-content\/uploads\/usu831\/2025\/09\/96d073eb-e200-4736-8fd9-74b9dd76f0ce-1536x1152.jpeg 1536w, https:\/\/agora.xtec.cat\/esc-jverdaguer\/wp-content\/uploads\/usu831\/2025\/09\/96d073eb-e200-4736-8fd9-74b9dd76f0ce-200x150.jpeg 200w, https:\/\/agora.xtec.cat\/esc-jverdaguer\/wp-content\/uploads\/usu831\/2025\/09\/96d073eb-e200-4736-8fd9-74b9dd76f0ce.jpeg 2048w\" sizes=\"auto, (max-width: 1024px) 100vw, 1024px\" \/><\/a><\/figure>\n","protected":false},"excerpt":{"rendered":"<p>&#8220;Un equip que acompanya, orienta i inspira &#8220; Som un equip de mestres compromesos amb cada infant, amb ganes d\u2019acompanyar, escoltar i aprendre junts. Creiem en una educaci\u00f3 participativa, on cada pas \u00e9s important i el respecte pel ritme de cadasc\u00fa fa possible el creixement.<\/p>\n","protected":false},"author":1,"featured_media":0,"parent":22,"menu_order":3,"comment_status":"closed","ping_status":"closed","template":"","meta":{"_bbp_topic_count":0,"_bbp_reply_count":0,"_bbp_total_topic_count":0,"_bbp_total_reply_count":0,"_bbp_voice_count":0,"_bbp_anonymous_reply_count":0,"_bbp_topic_count_hidden":0,"_bbp_reply_count_hidden":0,"_bbp_forum_subforum_count":0,"site-sidebar-layout":"default","site-content-layout":"","ast-site-content-layout":"default","site-content-style":"default","site-sidebar-style":"default","ast-global-header-display":"","ast-banner-title-visibility":"","ast-main-header-display":"","ast-hfb-above-header-display":"","ast-hfb-below-header-display":"","ast-hfb-mobile-header-display":"","site-post-title":"","ast-breadcrumbs-content":"","ast-featured-img":"","footer-sml-layout":"","theme-transparent-header-meta":"","adv-header-id-meta":"","stick-header-meta":"","header-above-stick-meta":"","header-main-stick-meta":"","header-below-stick-meta":"","astra-migrate-meta-layouts":"set","ast-page-background-enabled":"default","ast-page-background-meta":{"desktop":{"background-color":"var(--ast-global-color-4)","background-image":"","background-repeat":"repeat","background-position":"center center","background-size":"auto","background-attachment":"scroll","background-type":"","background-media":"","overlay-type":"","overlay-color":"","overlay-opacity":"","overlay-gradient":""},"tablet":{"background-color":"","background-image":"","background-repeat":"repeat","background-position":"center center","background-size":"auto","background-attachment":"scroll","background-type":"","background-media":"","overlay-type":"","overlay-color":"","overlay-opacity":"","overlay-gradient":""},"mobile":{"background-color":"","background-image":"","background-repeat":"repeat","background-position":"center center","background-size":"auto","background-attachment":"scroll","background-type":"","background-media":"","overlay-type":"","overlay-color":"","overlay-opacity":"","overlay-gradient":""}},"ast-content-background-meta":{"desktop":{"background-color":"var(--ast-global-color-5)","background-image":"","background-repeat":"repeat","background-position":"center center","background-size":"auto","background-attachment":"scroll","background-type":"","background-media":"","overlay-type":"","overlay-color":"","overlay-opacity":"","overlay-gradient":""},"tablet":{"background-color":"var(--ast-global-color-5)","background-image":"","background-repeat":"repeat","background-position":"center center","background-size":"auto","background-attachment":"scroll","background-type":"","background-media":"","overlay-type":"","overlay-color":"","overlay-opacity":"","overlay-gradient":""},"mobile":{"background-color":"var(--ast-global-color-5)","background-image":"","background-repeat":"repeat","background-position":"center center","background-size":"auto","background-attachment":"scroll","background-type":"","background-media":"","overlay-type":"","overlay-color":"","overlay-opacity":"","overlay-gradient":""}},"footnotes":""},"class_list":["post-208","page","type-page","status-publish","hentry"],"post_mailing_queue_ids":[],"_links":{"self":[{"href":"https:\/\/agora.xtec.cat\/esc-jverdaguer\/wp-json\/wp\/v2\/pages\/208","targetHints":{"allow":["GET"]}}],"collection":[{"href":"https:\/\/agora.xtec.cat\/esc-jverdaguer\/wp-json\/wp\/v2\/pages"}],"about":[{"href":"https:\/\/agora.xtec.cat\/esc-jverdaguer\/wp-json\/wp\/v2\/types\/page"}],"author":[{"embeddable":true,"href":"https:\/\/agora.xtec.cat\/esc-jverdaguer\/wp-json\/wp\/v2\/users\/1"}],"replies":[{"embeddable":true,"href":"https:\/\/agora.xtec.cat\/esc-jverdaguer\/wp-json\/wp\/v2\/comments?post=208"}],"version-history":[{"count":5,"href":"https:\/\/agora.xtec.cat\/esc-jverdaguer\/wp-json\/wp\/v2\/pages\/208\/revisions"}],"predecessor-version":[{"id":2983,"href":"https:\/\/agora.xtec.cat\/esc-jverdaguer\/wp-json\/wp\/v2\/pages\/208\/revisions\/2983"}],"up":[{"embeddable":true,"href":"https:\/\/agora.xtec.cat\/esc-jverdaguer\/wp-json\/wp\/v2\/pages\/22"}],"wp:attachment":[{"href":"https:\/\/agora.xtec.cat\/esc-jverdaguer\/wp-json\/wp\/v2\/media?parent=208"}],"curies":[{"name":"wp","href":"https:\/\/api.w.org\/{rel}","templated":true}]}}