{"id":7996,"date":"2022-10-19T16:27:38","date_gmt":"2022-10-19T14:27:38","guid":{"rendered":"https:\/\/agora.xtec.cat\/esc-josepveciana\/?page_id=7996"},"modified":"2025-10-21T15:17:52","modified_gmt":"2025-10-21T13:17:52","slug":"organigrama","status":"publish","type":"page","link":"https:\/\/agora.xtec.cat\/esc-josepveciana\/lescola\/organigrama\/","title":{"rendered":"Equip Docent"},"content":{"rendered":"<table>\n<tbody>\n<tr>\n<td colspan=\"2\"><strong>EQUIP DIRECTIU<\/strong><\/td>\n<\/tr>\n<tr>\n<td><strong>DIRECTORA<\/strong><\/td>\n<td>F\u00e0tima Sabat Achon<\/td>\n<\/tr>\n<tr>\n<td><strong>CAP D\u2019ESTUDIS<\/strong><\/td>\n<td>Concepci\u00f3 Gallegos Andreu<\/td>\n<\/tr>\n<tr>\n<td><strong>SECRET\u00c0RIA\u00a0 <\/strong><\/td>\n<td>Susana Maresca Quero<\/td>\n<\/tr>\n<\/tbody>\n<\/table>\n<p><a href=\"https:\/\/agora.xtec.cat\/esc-josepveciana\/wp-content\/uploads\/usu1484\/2024\/03\/TRAJECTORIA-PROFESSIONAL-FATIMA-fet.pdf\">TRAJECT\u00d2RIA-PROFESSIONAL-DIRECTORA<\/a><\/p>\n<p><a href=\"https:\/\/agora.xtec.cat\/esc-josepveciana\/wp-content\/uploads\/usu1484\/2024\/03\/TRAJECTORIA-PROFESSIONAL-IMMA.pdf\">TRAJECT\u00d2RIA-PROFESSIONAL-CAD D&#8217;ESTUDIS<\/a><\/p>\n<p><a href=\"https:\/\/agora.xtec.cat\/esc-josepveciana\/wp-content\/uploads\/usu1484\/2024\/03\/TRAJECTORIA-PROFESSIONAL-SUSANA.pdf\">TRAJECT\u00d2RIA-PROFESSIONAL-SECRET\u00c0RIA<\/a><\/p>\n<table style=\"width: 100%; height: 253px;\">\n<tbody>\n<tr style=\"height: 23px;\">\n<td style=\"height: 23px;\" colspan=\"2\"><strong>EQUIP DOCENT<\/strong><\/td>\n<\/tr>\n<tr style=\"height: 23px;\">\n<td style=\"height: 23px;\"><strong>I3<\/strong><\/td>\n<td style=\"height: 23px;\">\u00a0Susana Maresca Quero<\/td>\n<\/tr>\n<tr style=\"height: 23px;\">\n<td style=\"height: 23px;\"><strong>I4<\/strong><\/td>\n<td style=\"height: 23px;\">Cristina Sans Amezcua<\/td>\n<\/tr>\n<tr style=\"height: 23px;\">\n<td style=\"height: 23px;\"><strong>I5<\/strong><\/td>\n<td style=\"height: 23px;\">Carolina de la Fuente Garcia<\/td>\n<\/tr>\n<tr style=\"height: 23px;\">\n<td style=\"height: 23px;\"><strong>1r<\/strong><\/td>\n<td style=\"height: 23px;\">Raquel Hern\u00e1ndez Vela<\/td>\n<\/tr>\n<tr style=\"height: 23px;\">\n<td style=\"height: 23px;\"><strong>2n<\/strong><\/td>\n<td style=\"height: 23px;\">V\u00edctor Ortiz de Pinedo S\u00e1nchez i \u00c1ngeles \u00c1lvarez L\u00f3pez<\/td>\n<\/tr>\n<tr style=\"height: 23px;\">\n<td style=\"height: 23px;\"><strong>3r<\/strong><\/td>\n<td style=\"height: 23px;\">Magda Dom\u00e8nech Ma\u00f1\u00e1<\/td>\n<\/tr>\n<tr style=\"height: 23px;\">\n<td style=\"height: 23px;\"><strong>4t<\/strong><\/td>\n<td style=\"height: 23px;\">Montserrat Claravalls Teuler<\/td>\n<\/tr>\n<tr style=\"height: 23px;\">\n<td style=\"height: 23px;\"><strong>5\u00e8<\/strong><\/td>\n<td style=\"height: 23px;\">Jose Rafael Maldonado S\u00e1nchez<\/td>\n<\/tr>\n<tr style=\"height: 23px;\">\n<td style=\"height: 23px;\"><strong>6\u00e8\u00a0<\/strong><\/td>\n<td style=\"height: 23px;\">Rosa Roig Subirats<\/td>\n<\/tr>\n<tr style=\"height: 23px;\">\n<td style=\"height: 23px;\"><\/td>\n<td style=\"height: 23px;\"><\/td>\n<\/tr>\n<\/tbody>\n<\/table>\n<table>\n<tbody>\n<tr>\n<td colspan=\"2\"><strong>ESPECIALISTES<\/strong><\/td>\n<\/tr>\n<tr>\n<td><strong>Educaci\u00f3 Musical<\/strong><\/td>\n<td>Concepci\u00f3 Gallegos AndreuF\u00e0tima Sabat Achon<\/td>\n<\/tr>\n<tr>\n<td><strong>Llengua anglesa<\/strong><\/td>\n<td>Rosa Roig SubiratsGl\u00f2ria Mar\u00edn Mart\u00ednez<\/td>\n<\/tr>\n<tr>\n<td><strong>Educaci\u00f3 F\u00edsica \/ \u00a0Psicomotricitat<\/strong><\/td>\n<td>Montserrat Claravalls TeulerAnna Montserrat<\/td>\n<\/tr>\n<tr>\n<td><strong>Educaci\u00f3 Especial<\/strong><\/td>\n<td>Gerogina Sendra Alas\u00e0<\/td>\n<\/tr>\n<tr>\n<td><strong>Religi\u00f3<\/strong><\/td>\n<td>Salvador Fos Benavent<\/td>\n<\/tr>\n<tr>\n<td><\/td>\n<td><\/td>\n<\/tr>\n<tr>\n<td><strong>Inform\u00e0tica <\/strong><\/td>\n<td>Pepe Maldonado S\u00e1nchezGl\u00f2ria Mar\u00edn Mart\u00ednez<\/td>\n<\/tr>\n<\/tbody>\n<\/table>\n<table style=\"width: 100%; height: 115px;\">\n<tbody>\n<tr style=\"height: 23px;\">\n<td style=\"height: 23px;\"><strong>VETLLADORA<\/strong><\/td>\n<td style=\"height: 23px;\">Pilar Mart\u00ednez<\/td>\n<\/tr>\n<tr style=\"height: 23px;\">\n<td style=\"height: 23px;\"><strong>PSICOPEDAGOG DE L\u2019EAP<\/strong><\/td>\n<td style=\"height: 23px;\">Oriol Garcia Sanmart\u00edn<\/td>\n<\/tr>\n<tr style=\"height: 23px;\">\n<td style=\"height: 23px;\"><strong>TEATRE<\/strong><\/td>\n<td style=\"height: 23px;\">Francina Fern\u00e1ndez (Dilluns tarda)<\/td>\n<\/tr>\n<tr style=\"height: 23px;\">\n<td style=\"height: 23px;\"><strong>ASSESSORAMENT PL\u00c0STICA\u00a0 <\/strong><\/td>\n<td style=\"height: 23px;\">Armand Gonz\u00e1lez (Dilluns quinzenalment)<\/td>\n<\/tr>\n<tr style=\"height: 23px;\">\n<td style=\"height: 23px;\"><strong>ASSISTENT SOCIAL DEPARTAMENT<\/strong><\/td>\n<td style=\"height: 23px;\">J\u00e8ssica Bot\u00e9<\/td>\n<\/tr>\n<\/tbody>\n<\/table>\n","protected":false},"excerpt":{"rendered":"<p>EQUIP DIRECTIU DIRECTORA F\u00e0tima Sabat Achon CAP D\u2019ESTUDIS Concepci\u00f3 Gallegos Andreu SECRET\u00c0RIA\u00a0 Susana Maresca Quero TRAJECT\u00d2RIA-PROFESSIONAL-DIRECTORA TRAJECT\u00d2RIA-PROFESSIONAL-CAD D&#8217;ESTUDIS TRAJECT\u00d2RIA-PROFESSIONAL-SECRET\u00c0RIA EQUIP DOCENT I3 \u00a0Susana Maresca Quero I4 Cristina Sans Amezcua I5 Carolina de la Fuente Garcia 1r Raquel Hern\u00e1ndez Vela 2n V\u00edctor Ortiz de Pinedo S\u00e1nchez i \u00c1ngeles \u00c1lvarez L\u00f3pez 3r Magda Dom\u00e8nech Ma\u00f1\u00e1 4t Montserrat [&hellip;]<\/p>\n","protected":false},"author":1,"featured_media":0,"parent":22,"menu_order":0,"comment_status":"closed","ping_status":"closed","template":"","meta":{"_bbp_topic_count":0,"_bbp_reply_count":0,"_bbp_total_topic_count":0,"_bbp_total_reply_count":0,"_bbp_voice_count":0,"_bbp_anonymous_reply_count":0,"_bbp_topic_count_hidden":0,"_bbp_reply_count_hidden":0,"_bbp_forum_subforum_count":0,"site-sidebar-layout":"default","site-content-layout":"","ast-site-content-layout":"default","site-content-style":"default","site-sidebar-style":"default","ast-global-header-display":"","ast-banner-title-visibility":"","ast-main-header-display":"","ast-hfb-above-header-display":"","ast-hfb-below-header-display":"","ast-hfb-mobile-header-display":"","site-post-title":"","ast-breadcrumbs-content":"","ast-featured-img":"","footer-sml-layout":"","theme-transparent-header-meta":"","adv-header-id-meta":"","stick-header-meta":"","header-above-stick-meta":"","header-main-stick-meta":"","header-below-stick-meta":"","astra-migrate-meta-layouts":"set","ast-page-background-enabled":"default","ast-page-background-meta":{"desktop":{"background-color":"var(--ast-global-color-4)","background-image":"","background-repeat":"repeat","background-position":"center center","background-size":"auto","background-attachment":"scroll","background-type":"","background-media":"","overlay-type":"","overlay-color":"","overlay-opacity":"","overlay-gradient":""},"tablet":{"background-color":"","background-image":"","background-repeat":"repeat","background-position":"center center","background-size":"auto","background-attachment":"scroll","background-type":"","background-media":"","overlay-type":"","overlay-color":"","overlay-opacity":"","overlay-gradient":""},"mobile":{"background-color":"","background-image":"","background-repeat":"repeat","background-position":"center center","background-size":"auto","background-attachment":"scroll","background-type":"","background-media":"","overlay-type":"","overlay-color":"","overlay-opacity":"","overlay-gradient":""}},"ast-content-background-meta":{"desktop":{"background-color":"var(--ast-global-color-5)","background-image":"","background-repeat":"repeat","background-position":"center center","background-size":"auto","background-attachment":"scroll","background-type":"","background-media":"","overlay-type":"","overlay-color":"","overlay-opacity":"","overlay-gradient":""},"tablet":{"background-color":"var(--ast-global-color-5)","background-image":"","background-repeat":"repeat","background-position":"center center","background-size":"auto","background-attachment":"scroll","background-type":"","background-media":"","overlay-type":"","overlay-color":"","overlay-opacity":"","overlay-gradient":""},"mobile":{"background-color":"var(--ast-global-color-5)","background-image":"","background-repeat":"repeat","background-position":"center center","background-size":"auto","background-attachment":"scroll","background-type":"","background-media":"","overlay-type":"","overlay-color":"","overlay-opacity":"","overlay-gradient":""}},"footnotes":""},"class_list":["post-7996","page","type-page","status-publish","hentry"],"post_mailing_queue_ids":[],"_links":{"self":[{"href":"https:\/\/agora.xtec.cat\/esc-josepveciana\/wp-json\/wp\/v2\/pages\/7996","targetHints":{"allow":["GET"]}}],"collection":[{"href":"https:\/\/agora.xtec.cat\/esc-josepveciana\/wp-json\/wp\/v2\/pages"}],"about":[{"href":"https:\/\/agora.xtec.cat\/esc-josepveciana\/wp-json\/wp\/v2\/types\/page"}],"author":[{"embeddable":true,"href":"https:\/\/agora.xtec.cat\/esc-josepveciana\/wp-json\/wp\/v2\/users\/1"}],"replies":[{"embeddable":true,"href":"https:\/\/agora.xtec.cat\/esc-josepveciana\/wp-json\/wp\/v2\/comments?post=7996"}],"version-history":[{"count":5,"href":"https:\/\/agora.xtec.cat\/esc-josepveciana\/wp-json\/wp\/v2\/pages\/7996\/revisions"}],"predecessor-version":[{"id":8801,"href":"https:\/\/agora.xtec.cat\/esc-josepveciana\/wp-json\/wp\/v2\/pages\/7996\/revisions\/8801"}],"up":[{"embeddable":true,"href":"https:\/\/agora.xtec.cat\/esc-josepveciana\/wp-json\/wp\/v2\/pages\/22"}],"wp:attachment":[{"href":"https:\/\/agora.xtec.cat\/esc-josepveciana\/wp-json\/wp\/v2\/media?parent=7996"}],"curies":[{"name":"wp","href":"https:\/\/api.w.org\/{rel}","templated":true}]}}