{"id":7730,"date":"2022-04-20T11:31:34","date_gmt":"2022-04-20T09:31:34","guid":{"rendered":"https:\/\/agora.xtec.cat\/esc-josepveciana\/?page_id=7730"},"modified":"2024-01-24T10:30:38","modified_gmt":"2024-01-24T09:30:38","slug":"cdc-acolliment-digital","status":"publish","type":"page","link":"https:\/\/agora.xtec.cat\/esc-josepveciana\/estrategia-digital-de-centre\/cultura-digital-de-centre\/cdc-acolliment-digital\/","title":{"rendered":"CDC: Acolliment digital"},"content":{"rendered":"<p dir=\"ltr\"><a href=\"https:\/\/agora.xtec.cat\/esc-josepveciana\/general\/prova-acollida-digital-famillies\/\"><img loading=\"lazy\" decoding=\"async\" class=\"alignnone  wp-image-8433\" src=\"https:\/\/agora.xtec.cat\/esc-josepveciana\/wp-content\/uploads\/usu1484\/2024\/01\/Acollida.jpg\" alt=\"\" width=\"531\" height=\"283\" srcset=\"https:\/\/agora.xtec.cat\/esc-josepveciana\/wp-content\/uploads\/usu1484\/2024\/01\/Acollida.jpg 1016w, https:\/\/agora.xtec.cat\/esc-josepveciana\/wp-content\/uploads\/usu1484\/2024\/01\/Acollida-300x160.jpg 300w, https:\/\/agora.xtec.cat\/esc-josepveciana\/wp-content\/uploads\/usu1484\/2024\/01\/Acollida-768x409.jpg 768w\" sizes=\"auto, (max-width: 531px) 100vw, 531px\" \/><\/a><\/p>\n<p class=\"CDt4Ke zfr3Q\" dir=\"ltr\">En el moment de formalitzar la matr\u00edcula, les fam\u00edlies reben tota la informaci\u00f3 sobre l&#8217;\u00fas de les noves tecnologies a l&#8217;escola.<\/p>\n<p class=\"CDt4Ke zfr3Q\" dir=\"ltr\">A les reunions informatives d&#8217;inici de curs s&#8217;informa a les fam\u00edlies sobre la import\u00e0ncia de la consulta de la web de l&#8217;escola, les xarxes socials que s&#8217;utilitzen, l&#8217;\u00fas de l&#8217;EVA, i es donen pautes per un bon \u00fas dels grups de whatsapp de les fam\u00edlies.<\/p>\n<p class=\"CDt4Ke zfr3Q\" dir=\"ltr\">En el cas d&#8217;alumnat nouvingut, el\/la tutor\/a fa aquest trasp\u00e0s d&#8217;informaci\u00f3 a la primera reuni\u00f3 que mantenen.<\/p>\n","protected":false},"excerpt":{"rendered":"<p>En el moment de formalitzar la matr\u00edcula, les fam\u00edlies reben tota la informaci\u00f3 sobre l&#8217;\u00fas de les noves tecnologies a l&#8217;escola. A les reunions informatives d&#8217;inici de curs s&#8217;informa a les fam\u00edlies sobre la import\u00e0ncia de la consulta de la web de l&#8217;escola, les xarxes socials que s&#8217;utilitzen, l&#8217;\u00fas de l&#8217;EVA, i es donen pautes [&hellip;]<\/p>\n","protected":false},"author":4,"featured_media":0,"parent":7722,"menu_order":0,"comment_status":"closed","ping_status":"closed","template":"","meta":{"_bbp_topic_count":0,"_bbp_reply_count":0,"_bbp_total_topic_count":0,"_bbp_total_reply_count":0,"_bbp_voice_count":0,"_bbp_anonymous_reply_count":0,"_bbp_topic_count_hidden":0,"_bbp_reply_count_hidden":0,"_bbp_forum_subforum_count":0,"site-sidebar-layout":"default","site-content-layout":"","ast-site-content-layout":"","site-content-style":"default","site-sidebar-style":"default","ast-global-header-display":"","ast-banner-title-visibility":"","ast-main-header-display":"","ast-hfb-above-header-display":"","ast-hfb-below-header-display":"","ast-hfb-mobile-header-display":"","site-post-title":"","ast-breadcrumbs-content":"","ast-featured-img":"","footer-sml-layout":"","theme-transparent-header-meta":"","adv-header-id-meta":"","stick-header-meta":"","header-above-stick-meta":"","header-main-stick-meta":"","header-below-stick-meta":"","astra-migrate-meta-layouts":"default","ast-page-background-enabled":"default","ast-page-background-meta":{"desktop":{"background-color":"var(--ast-global-color-4)","background-image":"","background-repeat":"repeat","background-position":"center center","background-size":"auto","background-attachment":"scroll","background-type":"","background-media":"","overlay-type":"","overlay-color":"","overlay-opacity":"","overlay-gradient":""},"tablet":{"background-color":"","background-image":"","background-repeat":"repeat","background-position":"center center","background-size":"auto","background-attachment":"scroll","background-type":"","background-media":"","overlay-type":"","overlay-color":"","overlay-opacity":"","overlay-gradient":""},"mobile":{"background-color":"","background-image":"","background-repeat":"repeat","background-position":"center center","background-size":"auto","background-attachment":"scroll","background-type":"","background-media":"","overlay-type":"","overlay-color":"","overlay-opacity":"","overlay-gradient":""}},"ast-content-background-meta":{"desktop":{"background-color":"var(--ast-global-color-5)","background-image":"","background-repeat":"repeat","background-position":"center center","background-size":"auto","background-attachment":"scroll","background-type":"","background-media":"","overlay-type":"","overlay-color":"","overlay-opacity":"","overlay-gradient":""},"tablet":{"background-color":"var(--ast-global-color-5)","background-image":"","background-repeat":"repeat","background-position":"center center","background-size":"auto","background-attachment":"scroll","background-type":"","background-media":"","overlay-type":"","overlay-color":"","overlay-opacity":"","overlay-gradient":""},"mobile":{"background-color":"var(--ast-global-color-5)","background-image":"","background-repeat":"repeat","background-position":"center center","background-size":"auto","background-attachment":"scroll","background-type":"","background-media":"","overlay-type":"","overlay-color":"","overlay-opacity":"","overlay-gradient":""}},"footnotes":""},"class_list":["post-7730","page","type-page","status-publish","hentry"],"post_mailing_queue_ids":[],"_links":{"self":[{"href":"https:\/\/agora.xtec.cat\/esc-josepveciana\/wp-json\/wp\/v2\/pages\/7730","targetHints":{"allow":["GET"]}}],"collection":[{"href":"https:\/\/agora.xtec.cat\/esc-josepveciana\/wp-json\/wp\/v2\/pages"}],"about":[{"href":"https:\/\/agora.xtec.cat\/esc-josepveciana\/wp-json\/wp\/v2\/types\/page"}],"author":[{"embeddable":true,"href":"https:\/\/agora.xtec.cat\/esc-josepveciana\/wp-json\/wp\/v2\/users\/4"}],"replies":[{"embeddable":true,"href":"https:\/\/agora.xtec.cat\/esc-josepveciana\/wp-json\/wp\/v2\/comments?post=7730"}],"version-history":[{"count":4,"href":"https:\/\/agora.xtec.cat\/esc-josepveciana\/wp-json\/wp\/v2\/pages\/7730\/revisions"}],"predecessor-version":[{"id":7939,"href":"https:\/\/agora.xtec.cat\/esc-josepveciana\/wp-json\/wp\/v2\/pages\/7730\/revisions\/7939"}],"up":[{"embeddable":true,"href":"https:\/\/agora.xtec.cat\/esc-josepveciana\/wp-json\/wp\/v2\/pages\/7722"}],"wp:attachment":[{"href":"https:\/\/agora.xtec.cat\/esc-josepveciana\/wp-json\/wp\/v2\/media?parent=7730"}],"curies":[{"name":"wp","href":"https:\/\/api.w.org\/{rel}","templated":true}]}}