{"id":7716,"date":"2022-04-20T11:28:03","date_gmt":"2022-04-20T09:28:03","guid":{"rendered":"https:\/\/agora.xtec.cat\/esc-josepveciana\/?page_id=7716"},"modified":"2022-09-08T14:06:33","modified_gmt":"2022-09-08T12:06:33","slug":"edc-objectius","status":"publish","type":"page","link":"https:\/\/agora.xtec.cat\/esc-josepveciana\/estrategia-digital-de-centre\/estrategia-digital\/edc-objectius\/","title":{"rendered":"EDC: Objectius"},"content":{"rendered":"<p>Despr\u00e9s de realitzar la diagnosi, per poder concretar els objectius de l\u2019EDC, cal determinar la visi\u00f3 del centre en l\u2019\u00e0mbit digital i tenir en compte els objectius del PEC i del projecte de direcci\u00f3, sense perdre de vista els objectius del\u00a0<a href=\"https:\/\/educacio.gencat.cat\/web\/.content\/home\/departament\/publicacions\/colleccions\/pla-educacio-digital\/pla-educacio-digital-catalunya\/pla-educacio-digital.pdf\" target=\"_blank\" rel=\"noopener noreferrer\">PEDC<\/a>. La conjunci\u00f3 d\u2019aquests aspectes determinar\u00e0 els objectius de l\u2019EDC.<\/p>\n<p><img loading=\"lazy\" decoding=\"async\" class=\"aligncenter size-full wp-image-4776\" src=\"https:\/\/agora.xtec.cat\/ceip-molidevent\/wp-content\/uploads\/usu1187\/2022\/03\/Captura-de-pantalla-2022-03-03-115232.png\" sizes=\"auto, (max-width: 780px) 100vw, 780px\" srcset=\"https:\/\/agora.xtec.cat\/ceip-molidevent\/wp-content\/uploads\/usu1187\/2022\/03\/Captura-de-pantalla-2022-03-03-115232.png 780w, https:\/\/agora.xtec.cat\/ceip-molidevent\/wp-content\/uploads\/usu1187\/2022\/03\/Captura-de-pantalla-2022-03-03-115232-300x114.png 300w, https:\/\/agora.xtec.cat\/ceip-molidevent\/wp-content\/uploads\/usu1187\/2022\/03\/Captura-de-pantalla-2022-03-03-115232-768x291.png 768w\" alt=\"\" width=\"780\" height=\"296\" \/><\/p>\n<div class=\"addtoany_share_save_container addtoany_content addtoany_content_bottom\">\n<div class=\"a2a_kit a2a_kit_size_32 addtoany_list\" data-a2a-url=\"https:\/\/agora.xtec.cat\/ceipcesaraugust\/estrategia-digital-de-centre\/estrategia-digital\/edc-objectius\/\" data-a2a-title=\"EDC: Objectius\">\n<table>\n<tbody>\n<tr>\n<td><b>OBJECTIU 1: Desplegar el curr\u00edculum per adaptar-lo a les necessitats de l&#8217;alumnat.<\/b><\/td>\n<\/tr>\n<tr>\n<td><span style=\"font-weight: 400;\">Desplegament del nou curr\u00edculum<\/span><\/td>\n<\/tr>\n<tr>\n<td><span style=\"font-weight: 400;\">\u00das d&#8217;EVA de manera sistematitzada<\/span><\/td>\n<\/tr>\n<tr>\n<td><span style=\"font-weight: 400;\">Formaci\u00f3 en l&#8217;\u00fas responsable i segur de les eines digitals.<\/span><\/td>\n<\/tr>\n<tr>\n<td><b>OBJECTIU 2: Consolidar el projecte d&#8217;aprendre programaci\u00f3 a les aules per la transformaci\u00f3 digital de qualitat educativa.<\/b><\/td>\n<\/tr>\n<tr>\n<td><span style=\"font-weight: 400;\">Realitzaci\u00f3 del nivell b\u00e0sic del CODE.<\/span><\/td>\n<\/tr>\n<tr>\n<td><b>OBJECTIU 3: Millorar la resoluci\u00f3 de problemes t\u00e8cnics per consolidar l&#8217;autonomia digital de l&#8217;alumnat.<\/b><\/td>\n<\/tr>\n<tr>\n<td><span style=\"font-weight: 400;\">Formaci\u00f3<\/span><\/td>\n<\/tr>\n<tr>\n<td><span style=\"font-weight: 400;\">Implementaci\u00f3<\/span><\/td>\n<\/tr>\n<tr>\n<td><span style=\"font-weight: 400;\">Avaluaci\u00f3 del proc\u00e9s<\/span><\/td>\n<\/tr>\n<tr>\n<td><b>OBJECTIU 4: Establir espais de reflexi\u00f3 sobre bones pr\u00e0ctiques per desenvolupar l&#8217;autonomia digital docent<\/b><\/td>\n<\/tr>\n<tr>\n<td><span style=\"font-weight: 400;\">Establiment i implementaci\u00f3 del calendari per la creaci\u00f3 d&#8217;espais de reflexi\u00f3.<\/span><\/td>\n<\/tr>\n<tr>\n<td><span style=\"font-weight: 400;\">Formaci\u00f3 de FIC Estrat\u00e8gia Digital de Centre<\/span><\/td>\n<\/tr>\n<tr>\n<td><span style=\"font-weight: 400;\">Implementaci\u00f3 en l\u2019\u00fas dels recursos i les eines TAC a totes les \u00e0rees.<\/span><\/td>\n<\/tr>\n<tr>\n<td><b>OBJECTIU 5: Aplicar la compet\u00e8ncia digital per \u00e0mbits per la integraci\u00f3 de l&#8217;alumnat.<\/b><\/td>\n<\/tr>\n<tr>\n<td><span style=\"font-weight: 400;\">Detecci\u00f3 de necessitats t\u00e8cniques.<\/span><\/td>\n<\/tr>\n<tr>\n<td><span style=\"font-weight: 400;\">Dotaci\u00f3 de les eines digitals per elaborar els seus propis v\u00eddeotutorials.<\/span><\/td>\n<\/tr>\n<tr>\n<td><span style=\"font-weight: 400;\">Creaci\u00f3 de base de dades.<\/span><\/td>\n<\/tr>\n<tr>\n<td><span style=\"font-weight: 400;\">Difusi\u00f3 del material.<\/span><\/td>\n<\/tr>\n<tr>\n<td><b>OBJECTIU 6: Millorar l&#8217;alfabetitzaci\u00f3 digital de les fam\u00edlies per la seva integraci\u00f3 tecnol\u00f2gica.<\/b><\/td>\n<\/tr>\n<tr>\n<td><span style=\"font-weight: 400;\">Creaci\u00f3 de p\u00edndoles formatives.<\/span><\/td>\n<\/tr>\n<\/tbody>\n<\/table>\n<\/div>\n<\/div>\n","protected":false},"excerpt":{"rendered":"<p>Despr\u00e9s de realitzar la diagnosi, per poder concretar els objectius de l\u2019EDC, cal determinar la visi\u00f3 del centre en l\u2019\u00e0mbit digital i tenir en compte els objectius del PEC i del projecte de direcci\u00f3, sense perdre de vista els objectius del\u00a0PEDC. La conjunci\u00f3 d\u2019aquests aspectes determinar\u00e0 els objectius de l\u2019EDC. OBJECTIU 1: Desplegar el curr\u00edculum [&hellip;]<\/p>\n","protected":false},"author":4,"featured_media":0,"parent":7712,"menu_order":0,"comment_status":"closed","ping_status":"closed","template":"","meta":{"_bbp_topic_count":0,"_bbp_reply_count":0,"_bbp_total_topic_count":0,"_bbp_total_reply_count":0,"_bbp_voice_count":0,"_bbp_anonymous_reply_count":0,"_bbp_topic_count_hidden":0,"_bbp_reply_count_hidden":0,"_bbp_forum_subforum_count":0,"site-sidebar-layout":"default","site-content-layout":"","ast-site-content-layout":"","site-content-style":"default","site-sidebar-style":"default","ast-global-header-display":"","ast-banner-title-visibility":"","ast-main-header-display":"","ast-hfb-above-header-display":"","ast-hfb-below-header-display":"","ast-hfb-mobile-header-display":"","site-post-title":"","ast-breadcrumbs-content":"","ast-featured-img":"","footer-sml-layout":"","theme-transparent-header-meta":"","adv-header-id-meta":"","stick-header-meta":"","header-above-stick-meta":"","header-main-stick-meta":"","header-below-stick-meta":"","astra-migrate-meta-layouts":"default","ast-page-background-enabled":"default","ast-page-background-meta":{"desktop":{"background-color":"var(--ast-global-color-4)","background-image":"","background-repeat":"repeat","background-position":"center center","background-size":"auto","background-attachment":"scroll","background-type":"","background-media":"","overlay-type":"","overlay-color":"","overlay-opacity":"","overlay-gradient":""},"tablet":{"background-color":"","background-image":"","background-repeat":"repeat","background-position":"center center","background-size":"auto","background-attachment":"scroll","background-type":"","background-media":"","overlay-type":"","overlay-color":"","overlay-opacity":"","overlay-gradient":""},"mobile":{"background-color":"","background-image":"","background-repeat":"repeat","background-position":"center center","background-size":"auto","background-attachment":"scroll","background-type":"","background-media":"","overlay-type":"","overlay-color":"","overlay-opacity":"","overlay-gradient":""}},"ast-content-background-meta":{"desktop":{"background-color":"var(--ast-global-color-5)","background-image":"","background-repeat":"repeat","background-position":"center center","background-size":"auto","background-attachment":"scroll","background-type":"","background-media":"","overlay-type":"","overlay-color":"","overlay-opacity":"","overlay-gradient":""},"tablet":{"background-color":"var(--ast-global-color-5)","background-image":"","background-repeat":"repeat","background-position":"center center","background-size":"auto","background-attachment":"scroll","background-type":"","background-media":"","overlay-type":"","overlay-color":"","overlay-opacity":"","overlay-gradient":""},"mobile":{"background-color":"var(--ast-global-color-5)","background-image":"","background-repeat":"repeat","background-position":"center center","background-size":"auto","background-attachment":"scroll","background-type":"","background-media":"","overlay-type":"","overlay-color":"","overlay-opacity":"","overlay-gradient":""}},"footnotes":""},"class_list":["post-7716","page","type-page","status-publish","hentry"],"post_mailing_queue_ids":[],"_links":{"self":[{"href":"https:\/\/agora.xtec.cat\/esc-josepveciana\/wp-json\/wp\/v2\/pages\/7716","targetHints":{"allow":["GET"]}}],"collection":[{"href":"https:\/\/agora.xtec.cat\/esc-josepveciana\/wp-json\/wp\/v2\/pages"}],"about":[{"href":"https:\/\/agora.xtec.cat\/esc-josepveciana\/wp-json\/wp\/v2\/types\/page"}],"author":[{"embeddable":true,"href":"https:\/\/agora.xtec.cat\/esc-josepveciana\/wp-json\/wp\/v2\/users\/4"}],"replies":[{"embeddable":true,"href":"https:\/\/agora.xtec.cat\/esc-josepveciana\/wp-json\/wp\/v2\/comments?post=7716"}],"version-history":[{"count":2,"href":"https:\/\/agora.xtec.cat\/esc-josepveciana\/wp-json\/wp\/v2\/pages\/7716\/revisions"}],"predecessor-version":[{"id":7938,"href":"https:\/\/agora.xtec.cat\/esc-josepveciana\/wp-json\/wp\/v2\/pages\/7716\/revisions\/7938"}],"up":[{"embeddable":true,"href":"https:\/\/agora.xtec.cat\/esc-josepveciana\/wp-json\/wp\/v2\/pages\/7712"}],"wp:attachment":[{"href":"https:\/\/agora.xtec.cat\/esc-josepveciana\/wp-json\/wp\/v2\/media?parent=7716"}],"curies":[{"name":"wp","href":"https:\/\/api.w.org\/{rel}","templated":true}]}}