{"id":495,"date":"2017-06-27T20:26:33","date_gmt":"2017-06-27T18:26:33","guid":{"rendered":"http:\/\/agora.xtec.cat\/esc-josepveciana\/?page_id=495"},"modified":"2024-02-01T15:47:33","modified_gmt":"2024-02-01T14:47:33","slug":"escoles-verdes","status":"publish","type":"page","link":"https:\/\/agora.xtec.cat\/esc-josepveciana\/projecte-educatiu\/escoles-verdes\/","title":{"rendered":"Escoles Verdes"},"content":{"rendered":"<p><strong>ESCOLA VERDA<\/strong><\/p>\n<p>El projecte ESCOLAVERDA \u00e9s un programa creat per la Generalitat de Catalunya ( Departament de Medi Ambient, Departament d\u2019Ensenyament i Institut Catal\u00e0 d\u2019Energia) que pret\u00e9n ajudar els centres educatius a educar en el respecte pel medi ambient. L\u2019escola sempre ha treballat en aquesta l\u00ednia i des de l\u2019any passat forma part d\u2019aquest projecte amb l\u2019objectiu de millorar el respecte pel medi ambient i motivar i promoure la participaci\u00f3 i implicaci\u00f3 de tota la comunitat educativa envers el desenvolupament sostenible.<\/p>\n<p><em>ACTUACIONS QUE FA L\u2019ESCOLA<\/em><br \/>\n1. Recollida selectiva de paper i pl\u00e0stic i rebuig: l\u2019alumnat de cicle superior i de cicle mitj\u00e0 mensualment s\u00f3n els encarregats de llen\u00e7ar-ho als contenidors del carrer.<br \/>\n2. Respectar el nostre entorn: Animalons, arbres del bosc, plantes\u2026<br \/>\n3. L\u2019hort ecol\u00f2gic.<br \/>\n4. Projecte de reutilitzaci\u00f3 de llibres de text.<br \/>\n5. Cartells amb missatges de reciclatge o estalvi d\u2019energia dissenyats per l\u2019alumnat.<br \/>\n6. Rac\u00f3 de l\u2019escola verda ( informaci\u00f3: temes sostenibles, informaci\u00f3 pr\u00e0ctica de reciclatge\u2026.)<br \/>\n7. Reciclar paper escrit per una cara.<br \/>\n8. \u00das de carmanyoles.<br \/>\n9. Utilitzaci\u00f3 de gots de pl\u00e0stic i tovallola.<br \/>\n10. Aprofitar el m\u00e0xim la llum solar. Estalviar energia el\u00e8ctrica.<br \/>\n11. Classificaci\u00f3 dels residus generats al menjador, seguint les pautes del reciclatge.<br \/>\n12. Utilitzar material reciclat en les activitats del centre (festes, murals, treballs dels alumnes&#8230;).<br \/>\n13. Animar totes les fam\u00edlies a tenir adre\u00e7a de correu electr\u00f2nic i fer-ne \u00fas en substituci\u00f3 de les circulars en paper.<br \/>\n14. Festes sostenibles.<\/p>\n","protected":false},"excerpt":{"rendered":"<p>ESCOLA VERDA El projecte ESCOLAVERDA \u00e9s un programa creat per la Generalitat de Catalunya ( Departament de Medi Ambient, Departament d\u2019Ensenyament i Institut Catal\u00e0 d\u2019Energia) que pret\u00e9n ajudar els centres educatius a educar en el respecte pel medi ambient. L\u2019escola sempre ha treballat en aquesta l\u00ednia i des de l\u2019any passat forma part d\u2019aquest projecte [&hellip;]<\/p>\n","protected":false},"author":1,"featured_media":0,"parent":64,"menu_order":0,"comment_status":"closed","ping_status":"closed","template":"","meta":{"_bbp_topic_count":0,"_bbp_reply_count":0,"_bbp_total_topic_count":0,"_bbp_total_reply_count":0,"_bbp_voice_count":0,"_bbp_anonymous_reply_count":0,"_bbp_topic_count_hidden":0,"_bbp_reply_count_hidden":0,"_bbp_forum_subforum_count":0,"site-sidebar-layout":"default","site-content-layout":"","ast-site-content-layout":"","site-content-style":"default","site-sidebar-style":"default","ast-global-header-display":"","ast-banner-title-visibility":"","ast-main-header-display":"","ast-hfb-above-header-display":"","ast-hfb-below-header-display":"","ast-hfb-mobile-header-display":"","site-post-title":"","ast-breadcrumbs-content":"","ast-featured-img":"","footer-sml-layout":"","theme-transparent-header-meta":"","adv-header-id-meta":"","stick-header-meta":"","header-above-stick-meta":"","header-main-stick-meta":"","header-below-stick-meta":"","astra-migrate-meta-layouts":"default","ast-page-background-enabled":"default","ast-page-background-meta":{"desktop":{"background-color":"var(--ast-global-color-4)","background-image":"","background-repeat":"repeat","background-position":"center center","background-size":"auto","background-attachment":"scroll","background-type":"","background-media":"","overlay-type":"","overlay-color":"","overlay-opacity":"","overlay-gradient":""},"tablet":{"background-color":"","background-image":"","background-repeat":"repeat","background-position":"center center","background-size":"auto","background-attachment":"scroll","background-type":"","background-media":"","overlay-type":"","overlay-color":"","overlay-opacity":"","overlay-gradient":""},"mobile":{"background-color":"","background-image":"","background-repeat":"repeat","background-position":"center center","background-size":"auto","background-attachment":"scroll","background-type":"","background-media":"","overlay-type":"","overlay-color":"","overlay-opacity":"","overlay-gradient":""}},"ast-content-background-meta":{"desktop":{"background-color":"var(--ast-global-color-5)","background-image":"","background-repeat":"repeat","background-position":"center center","background-size":"auto","background-attachment":"scroll","background-type":"","background-media":"","overlay-type":"","overlay-color":"","overlay-opacity":"","overlay-gradient":""},"tablet":{"background-color":"var(--ast-global-color-5)","background-image":"","background-repeat":"repeat","background-position":"center center","background-size":"auto","background-attachment":"scroll","background-type":"","background-media":"","overlay-type":"","overlay-color":"","overlay-opacity":"","overlay-gradient":""},"mobile":{"background-color":"var(--ast-global-color-5)","background-image":"","background-repeat":"repeat","background-position":"center center","background-size":"auto","background-attachment":"scroll","background-type":"","background-media":"","overlay-type":"","overlay-color":"","overlay-opacity":"","overlay-gradient":""}},"footnotes":""},"class_list":["post-495","page","type-page","status-publish","hentry"],"post_mailing_queue_ids":[],"_links":{"self":[{"href":"https:\/\/agora.xtec.cat\/esc-josepveciana\/wp-json\/wp\/v2\/pages\/495","targetHints":{"allow":["GET"]}}],"collection":[{"href":"https:\/\/agora.xtec.cat\/esc-josepveciana\/wp-json\/wp\/v2\/pages"}],"about":[{"href":"https:\/\/agora.xtec.cat\/esc-josepveciana\/wp-json\/wp\/v2\/types\/page"}],"author":[{"embeddable":true,"href":"https:\/\/agora.xtec.cat\/esc-josepveciana\/wp-json\/wp\/v2\/users\/1"}],"replies":[{"embeddable":true,"href":"https:\/\/agora.xtec.cat\/esc-josepveciana\/wp-json\/wp\/v2\/comments?post=495"}],"version-history":[{"count":2,"href":"https:\/\/agora.xtec.cat\/esc-josepveciana\/wp-json\/wp\/v2\/pages\/495\/revisions"}],"predecessor-version":[{"id":8482,"href":"https:\/\/agora.xtec.cat\/esc-josepveciana\/wp-json\/wp\/v2\/pages\/495\/revisions\/8482"}],"up":[{"embeddable":true,"href":"https:\/\/agora.xtec.cat\/esc-josepveciana\/wp-json\/wp\/v2\/pages\/64"}],"wp:attachment":[{"href":"https:\/\/agora.xtec.cat\/esc-josepveciana\/wp-json\/wp\/v2\/media?parent=495"}],"curies":[{"name":"wp","href":"https:\/\/api.w.org\/{rel}","templated":true}]}}