{"id":492,"date":"2017-06-27T20:02:16","date_gmt":"2017-06-27T18:02:16","guid":{"rendered":"http:\/\/agora.xtec.cat\/esc-josepveciana\/?page_id=492"},"modified":"2017-06-27T20:02:16","modified_gmt":"2017-06-27T18:02:16","slug":"lhort","status":"publish","type":"page","link":"https:\/\/agora.xtec.cat\/esc-josepveciana\/projecte-educatiu\/lhort\/","title":{"rendered":"L&#8217;hort"},"content":{"rendered":"<p><strong>L\u2019HORT ESCOLAR<\/strong><\/p>\n<p>El curs 2009-2010 l\u2019escola va comen\u00e7ar un nou projecte: l\u2019hort.<\/p>\n<p>Alguns dels objectius que es volen aconseguir mitjan\u00e7ant l\u2019hort s\u00f3n els seg\u00fcents:<\/p>\n<p>1. Identificar i con\u00e8ixer els vegetals de l\u2019hort i els seus cicles.<br \/>\n2.Experimentar amb les plantes per a deduir-ne els seu funcionament intern.<br \/>\n3. Observar i analitzar els canvis ambientals que es produeixen al llarg de l\u2019any.<br \/>\n4. Con\u00e8ixer els cicle dels fen\u00f2mens meteorol\u00f2gics i les seves conseq\u00fc\u00e8ncies.<br \/>\n5. Con\u00e8ixer les plantes arom\u00e0tiques i medicinals del nostre territori i el seu cicle de vida.<\/p>\n<p>L\u2019escola rep el suport de<em> Limonium, equip d\u2019educaci\u00f3 ambiental. <\/em><br \/>\nUna de les tasques dels educadors\/es de Limonium \u00e9s la innovaci\u00f3 educativa.<br \/>\nEl programa que duen a l\u2019escola s\u2019anomena: Hort escolar i compostatge a l\u2019escola.<\/p>\n<table id=\"rodrigo\" border=\"0\" cellpadding=\"0\">\n<tbody>\n<tr>\n<th colspan=\"2\"><strong><a name=\"seccion1\"><\/a><\/strong><\/th>\n<\/tr>\n<tr>\n<td width=\"123\"><strong>OBJECTIU PRINCIPAL<\/strong><\/td>\n<td width=\"358\">Crear un espai vivencial i de conviv\u00e8ncia al pati del centre Aprendre per mitj\u00e0 d\u2019experi\u00e8ncies pr\u00f2pies Fer el seguiment i el manteniment de les esp\u00e8cies vegetals Aprendre els cicles de vida de les plantes&nbsp;<\/td>\n<\/tr>\n<tr>\n<td><strong>METODOLOGIA<\/strong><\/td>\n<td>a) Adequaci\u00f3 del terreny i preparaci\u00f3 de l\u2019espai<br \/>\nb) Elaboraci\u00f3 de material divulgatiu<br \/>\nc) Activitat did\u00e0ctica i pedag\u00f2gica destinada als alumnes<br \/>\nd) Seguiment i control<br \/>\ne) Activitats complement\u00e0ries pels alumnes<\/td>\n<\/tr>\n<\/tbody>\n<\/table>\n","protected":false},"excerpt":{"rendered":"<p>L\u2019HORT ESCOLAR El curs 2009-2010 l\u2019escola va comen\u00e7ar un nou projecte: l\u2019hort. Alguns dels objectius que es volen aconseguir mitjan\u00e7ant l\u2019hort s\u00f3n els seg\u00fcents: 1. Identificar i con\u00e8ixer els vegetals de l\u2019hort i els seus cicles. 2.Experimentar amb les plantes per a deduir-ne els seu funcionament intern. 3. Observar i analitzar els canvis ambientals que [&hellip;]<\/p>\n","protected":false},"author":1,"featured_media":0,"parent":64,"menu_order":0,"comment_status":"closed","ping_status":"closed","template":"page-templates\/side-menu.php","meta":{"_bbp_topic_count":0,"_bbp_reply_count":0,"_bbp_total_topic_count":0,"_bbp_total_reply_count":0,"_bbp_voice_count":0,"_bbp_anonymous_reply_count":0,"_bbp_topic_count_hidden":0,"_bbp_reply_count_hidden":0,"_bbp_forum_subforum_count":0,"site-sidebar-layout":"default","site-content-layout":"","ast-site-content-layout":"","site-content-style":"default","site-sidebar-style":"default","ast-global-header-display":"","ast-banner-title-visibility":"","ast-main-header-display":"","ast-hfb-above-header-display":"","ast-hfb-below-header-display":"","ast-hfb-mobile-header-display":"","site-post-title":"","ast-breadcrumbs-content":"","ast-featured-img":"","footer-sml-layout":"","theme-transparent-header-meta":"","adv-header-id-meta":"","stick-header-meta":"","header-above-stick-meta":"","header-main-stick-meta":"","header-below-stick-meta":"","astra-migrate-meta-layouts":"default","ast-page-background-enabled":"default","ast-page-background-meta":{"desktop":{"background-color":"var(--ast-global-color-4)","background-image":"","background-repeat":"repeat","background-position":"center center","background-size":"auto","background-attachment":"scroll","background-type":"","background-media":"","overlay-type":"","overlay-color":"","overlay-opacity":"","overlay-gradient":""},"tablet":{"background-color":"","background-image":"","background-repeat":"repeat","background-position":"center center","background-size":"auto","background-attachment":"scroll","background-type":"","background-media":"","overlay-type":"","overlay-color":"","overlay-opacity":"","overlay-gradient":""},"mobile":{"background-color":"","background-image":"","background-repeat":"repeat","background-position":"center center","background-size":"auto","background-attachment":"scroll","background-type":"","background-media":"","overlay-type":"","overlay-color":"","overlay-opacity":"","overlay-gradient":""}},"ast-content-background-meta":{"desktop":{"background-color":"var(--ast-global-color-5)","background-image":"","background-repeat":"repeat","background-position":"center center","background-size":"auto","background-attachment":"scroll","background-type":"","background-media":"","overlay-type":"","overlay-color":"","overlay-opacity":"","overlay-gradient":""},"tablet":{"background-color":"var(--ast-global-color-5)","background-image":"","background-repeat":"repeat","background-position":"center center","background-size":"auto","background-attachment":"scroll","background-type":"","background-media":"","overlay-type":"","overlay-color":"","overlay-opacity":"","overlay-gradient":""},"mobile":{"background-color":"var(--ast-global-color-5)","background-image":"","background-repeat":"repeat","background-position":"center center","background-size":"auto","background-attachment":"scroll","background-type":"","background-media":"","overlay-type":"","overlay-color":"","overlay-opacity":"","overlay-gradient":""}},"footnotes":""},"class_list":["post-492","page","type-page","status-publish","hentry"],"post_mailing_queue_ids":[],"_links":{"self":[{"href":"https:\/\/agora.xtec.cat\/esc-josepveciana\/wp-json\/wp\/v2\/pages\/492","targetHints":{"allow":["GET"]}}],"collection":[{"href":"https:\/\/agora.xtec.cat\/esc-josepveciana\/wp-json\/wp\/v2\/pages"}],"about":[{"href":"https:\/\/agora.xtec.cat\/esc-josepveciana\/wp-json\/wp\/v2\/types\/page"}],"author":[{"embeddable":true,"href":"https:\/\/agora.xtec.cat\/esc-josepveciana\/wp-json\/wp\/v2\/users\/1"}],"replies":[{"embeddable":true,"href":"https:\/\/agora.xtec.cat\/esc-josepveciana\/wp-json\/wp\/v2\/comments?post=492"}],"version-history":[{"count":1,"href":"https:\/\/agora.xtec.cat\/esc-josepveciana\/wp-json\/wp\/v2\/pages\/492\/revisions"}],"predecessor-version":[{"id":493,"href":"https:\/\/agora.xtec.cat\/esc-josepveciana\/wp-json\/wp\/v2\/pages\/492\/revisions\/493"}],"up":[{"embeddable":true,"href":"https:\/\/agora.xtec.cat\/esc-josepveciana\/wp-json\/wp\/v2\/pages\/64"}],"wp:attachment":[{"href":"https:\/\/agora.xtec.cat\/esc-josepveciana\/wp-json\/wp\/v2\/media?parent=492"}],"curies":[{"name":"wp","href":"https:\/\/api.w.org\/{rel}","templated":true}]}}