{"id":485,"date":"2017-06-27T19:41:54","date_gmt":"2017-06-27T17:41:54","guid":{"rendered":"http:\/\/agora.xtec.cat\/esc-josepveciana\/?page_id=485"},"modified":"2025-03-24T12:27:59","modified_gmt":"2025-03-24T11:27:59","slug":"biblioteca","status":"publish","type":"page","link":"https:\/\/agora.xtec.cat\/esc-josepveciana\/projecte-educatiu\/biblioteca\/","title":{"rendered":"Biblioteca"},"content":{"rendered":"<p>&nbsp;<\/p>\n<h3><b><strong>HORARI BIBLIOTECA ESCOLAR:<\/strong><\/b><\/h3>\n<p>Dilluns, de 10:30 h a 11:00 h.<\/p>\n<p>Dimecres, de 11:00 h a 11:30 h.<\/p>\n<p>Divendres, de 10:30 h a 11:00 h.<\/p>\n<h3><b><strong><img loading=\"lazy\" decoding=\"async\" class=\"alignright\" src=\"https:\/\/blocs.xtec.cat\/escolajosepveciana\/files\/2011\/04\/biblio-300x291.jpg\" width=\"226\" height=\"219\" \/><\/strong><\/b><\/h3>\n<h3><\/h3>\n<h3><b><strong>HORARI BIBLIOTECA MUNICIPAL:<\/strong><\/b><\/h3>\n<p>Dijous, de 16:30 a 18:30 h. (Oberta a tothom)<\/p>\n<p>&nbsp;<\/p>\n<h3><b><strong>CONSULTA DE DOCUMENTS A INTERNET:<\/strong><\/b><\/h3>\n<h6><a href=\"https:\/\/aplicacions.gestioeducativa.gencat.cat\/epergam\/web\/biblioteca.jsp?codi=43009886\">Biblioteques epergam2: Escola Josep Veciana<\/a><\/h6>\n<h3><\/h3>\n<p>&nbsp;<\/p>\n<h3><b><strong>SERVEIS DE LA BIBLIOTECA<\/strong><\/b><\/h3>\n<p>Pr\u00e9stec de: revistes, CD, llibres de lectura i de coneixement.<\/p>\n<p>&nbsp;<\/p>\n<h3><strong>A l&#8217;escola potenciem la lectura amb diversos projectes:<\/strong><\/h3>\n<ul>\n<li style=\"list-style-type: none;\">\n<ul>\n<li><b>Padrins de lectura:<\/b> alumnes de Cicle Superior acompanyen els alumnes de 1r\u00a0 i\/o P-5 durant una estona de lectura setmanal. Aquesta activitat t\u00e9 dos efectes immediats: per un costat, d\u00f3na una empenteta als nens i nenes m\u00e9s petits en la lectura d\u2019una manera l\u00fadica i per, una altra banda, es creen relacions positives entre padrins i fillols amb una complicitat i un afecte mutu.<\/li>\n<li><b>Maletes viatgeres a Educaci\u00f3 Prim\u00e0ria:<\/b> aquests llibres s\u00f3n, per una banda, una oportunitat per als m\u00e9s petits de tenir a les mans llibres atractius, interessants i de diferents formats i tem\u00e0tiques: \u00e0lbums il\u00b7lustrats, contes tradicionals, llibres de coneixements, revistes\u2026; i, per altra banda, afavoreixen el contacte efectius amb els pares, avis, germans grans, educadors\u2026<\/li>\n<li><b>Biblioteca d\u2019aula a Educaci\u00f3 Infantil i Prim\u00e0ria:<\/b> Cada classe disposa d\u2019un raconet amb una biblioteca d\u2019aula que canvia trimestralment. Aquests llibres permeten la lectura a qualsevol moment del dia, afavoreixen la lectura adequada a cada edat, respecten el ritme i el nivell de lectura de cada nen i nena i l\u2019intercavi d\u2019opinions entre ells i elles.<\/li>\n<\/ul>\n<\/li>\n<\/ul>\n","protected":false},"excerpt":{"rendered":"<p>&nbsp; HORARI BIBLIOTECA ESCOLAR: Dilluns, de 10:30 h a 11:00 h. Dimecres, de 11:00 h a 11:30 h. Divendres, de 10:30 h a 11:00 h. HORARI BIBLIOTECA MUNICIPAL: Dijous, de 16:30 a 18:30 h. (Oberta a tothom) &nbsp; CONSULTA DE DOCUMENTS A INTERNET: Biblioteques epergam2: Escola Josep Veciana &nbsp; SERVEIS DE LA BIBLIOTECA Pr\u00e9stec de: [&hellip;]<\/p>\n","protected":false},"author":1,"featured_media":0,"parent":64,"menu_order":0,"comment_status":"closed","ping_status":"closed","template":"page-templates\/side-menu.php","meta":{"_bbp_topic_count":0,"_bbp_reply_count":0,"_bbp_total_topic_count":0,"_bbp_total_reply_count":0,"_bbp_voice_count":0,"_bbp_anonymous_reply_count":0,"_bbp_topic_count_hidden":0,"_bbp_reply_count_hidden":0,"_bbp_forum_subforum_count":0,"site-sidebar-layout":"default","site-content-layout":"","ast-site-content-layout":"","site-content-style":"default","site-sidebar-style":"default","ast-global-header-display":"","ast-banner-title-visibility":"","ast-main-header-display":"","ast-hfb-above-header-display":"","ast-hfb-below-header-display":"","ast-hfb-mobile-header-display":"","site-post-title":"","ast-breadcrumbs-content":"","ast-featured-img":"","footer-sml-layout":"","theme-transparent-header-meta":"","adv-header-id-meta":"","stick-header-meta":"","header-above-stick-meta":"","header-main-stick-meta":"","header-below-stick-meta":"","astra-migrate-meta-layouts":"default","ast-page-background-enabled":"default","ast-page-background-meta":{"desktop":{"background-color":"var(--ast-global-color-4)","background-image":"","background-repeat":"repeat","background-position":"center center","background-size":"auto","background-attachment":"scroll","background-type":"","background-media":"","overlay-type":"","overlay-color":"","overlay-opacity":"","overlay-gradient":""},"tablet":{"background-color":"","background-image":"","background-repeat":"repeat","background-position":"center center","background-size":"auto","background-attachment":"scroll","background-type":"","background-media":"","overlay-type":"","overlay-color":"","overlay-opacity":"","overlay-gradient":""},"mobile":{"background-color":"","background-image":"","background-repeat":"repeat","background-position":"center center","background-size":"auto","background-attachment":"scroll","background-type":"","background-media":"","overlay-type":"","overlay-color":"","overlay-opacity":"","overlay-gradient":""}},"ast-content-background-meta":{"desktop":{"background-color":"var(--ast-global-color-5)","background-image":"","background-repeat":"repeat","background-position":"center center","background-size":"auto","background-attachment":"scroll","background-type":"","background-media":"","overlay-type":"","overlay-color":"","overlay-opacity":"","overlay-gradient":""},"tablet":{"background-color":"var(--ast-global-color-5)","background-image":"","background-repeat":"repeat","background-position":"center center","background-size":"auto","background-attachment":"scroll","background-type":"","background-media":"","overlay-type":"","overlay-color":"","overlay-opacity":"","overlay-gradient":""},"mobile":{"background-color":"var(--ast-global-color-5)","background-image":"","background-repeat":"repeat","background-position":"center center","background-size":"auto","background-attachment":"scroll","background-type":"","background-media":"","overlay-type":"","overlay-color":"","overlay-opacity":"","overlay-gradient":""}},"footnotes":""},"class_list":["post-485","page","type-page","status-publish","hentry"],"post_mailing_queue_ids":[],"_links":{"self":[{"href":"https:\/\/agora.xtec.cat\/esc-josepveciana\/wp-json\/wp\/v2\/pages\/485","targetHints":{"allow":["GET"]}}],"collection":[{"href":"https:\/\/agora.xtec.cat\/esc-josepveciana\/wp-json\/wp\/v2\/pages"}],"about":[{"href":"https:\/\/agora.xtec.cat\/esc-josepveciana\/wp-json\/wp\/v2\/types\/page"}],"author":[{"embeddable":true,"href":"https:\/\/agora.xtec.cat\/esc-josepveciana\/wp-json\/wp\/v2\/users\/1"}],"replies":[{"embeddable":true,"href":"https:\/\/agora.xtec.cat\/esc-josepveciana\/wp-json\/wp\/v2\/comments?post=485"}],"version-history":[{"count":4,"href":"https:\/\/agora.xtec.cat\/esc-josepveciana\/wp-json\/wp\/v2\/pages\/485\/revisions"}],"predecessor-version":[{"id":8733,"href":"https:\/\/agora.xtec.cat\/esc-josepveciana\/wp-json\/wp\/v2\/pages\/485\/revisions\/8733"}],"up":[{"embeddable":true,"href":"https:\/\/agora.xtec.cat\/esc-josepveciana\/wp-json\/wp\/v2\/pages\/64"}],"wp:attachment":[{"href":"https:\/\/agora.xtec.cat\/esc-josepveciana\/wp-json\/wp\/v2\/media?parent=485"}],"curies":[{"name":"wp","href":"https:\/\/api.w.org\/{rel}","templated":true}]}}