{"id":38,"date":"2014-09-18T12:34:08","date_gmt":"2014-09-18T11:34:08","guid":{"rendered":"http:\/\/agora.xtec.cat\/esc-josepveciana\/?page_id=38"},"modified":"2019-10-17T11:43:17","modified_gmt":"2019-10-17T09:43:17","slug":"salut","status":"publish","type":"page","link":"https:\/\/agora.xtec.cat\/esc-josepveciana\/lescola\/salut\/","title":{"rendered":"Salut"},"content":{"rendered":"<p style=\"font-weight: 400;\"><strong>SALUT ESCOLAR<\/strong><\/p>\n<p style=\"font-weight: 400;\">Els alumnes que durant el curs passin o hagin passat alguna malaltia infecto-contagiosa (hepatitis, tuberculosi, &#8230;) hauran de presentar immediatament un informe m\u00e8dic garantint que no existeix cap perill de contagi.<\/p>\n<p style=\"font-weight: 400;\">No pot venir a l&#8217;escola cap nen o nena que presenti febre, par\u00e0sits (polls, puces, &#8230;), conjuntivitis, diarrea o estomatitis (llagues a la boca) fins que es garanteixi la totalitat de la seva recuperaci\u00f3.<\/p>\n<p style=\"font-weight: 400;\">Igualment, en cas de malaltia parasit\u00e0ria, el centre trucar\u00e0 als tutors legals de l\u2019alumne perqu\u00e8 el vinguin a buscar i l\u2019alumne\/a no tornar\u00e0 a l\u2019escola fins l\u2019eliminaci\u00f3 total dels par\u00e0sits i\/o ll\u00e9menes.<\/p>\n<p style=\"font-weight: 400;\">Si un alumne es troba indisposat durant la jornada escolar, s\u2019haur\u00e0 d\u2019avisar a la fam\u00edlia per tal que el vinguin a recollir. Si no es localitza la seva fam\u00edlia haur\u00e0 de romandre al centre, a no ser que es tracti d\u2019un cas d\u2019urg\u00e8ncia m\u00e8dica.<\/p>\n<p style=\"font-weight: 400;\">Mantenir la situaci\u00f3 de baixa per malaltia de l\u2019alumne fins que no hagi const\u00e0ncia de l\u2019abs\u00e8ncia d\u2019estat febril durant 24h.<\/p>\n<p style=\"font-weight: 400;\">El centre col\u00b7laborar\u00e0 amb els serveis sanitaris del servei de Sanitat Municipal en l\u2019organitzaci\u00f3 de control de carnets de vacunes, activitats de promoci\u00f3 de salut i d\u2019altres que el Departament assigni com a propostes.<\/p>\n<p style=\"font-weight: 400;\">Qualsevol campanya de vacunaci\u00f3 o de revisi\u00f3 m\u00e8dica que s\u2019hagi d\u2019efectuar al centre es comunicar\u00e0 pr\u00e8viament a la Direcci\u00f3 del Centre i s\u2019acordar\u00e0 l\u2019horari i la manera de dur-ho a terme.<\/p>\n<p style=\"font-weight: 400;\">Dins de tot el recinte escolar est\u00e0 prohibit fumar i veure begudes alcoh\u00f2liques. No es podr\u00e0 fumar a l\u2019entrada del centre segons normativa vigent.<\/p>\n<p style=\"font-weight: 400;\"><strong>ADMINISTRACI\u00d3 DE MEDICAMENTS<\/strong><\/p>\n<p style=\"font-weight: 400;\">El personal docent del centre no podr\u00e0 administrar cap tipus de medicament dins de l\u2019horari escolar. En cas excepcional i cr\u00f2nic per poder administrar medicaci\u00f3 als alumnes cal que el pare, mare o tutor\/a legal aporti una recepta o informe del metge o metgessa on consti el nom de l\u2019alumne\/a, la pauta i el nom del medicament que ha de prendre. Aix\u00ed mateix, el pare, mare o tutor legal ha d\u2019aportar un escrit on es demani i s\u2019autoritzi al personal del Centre Educatiu que administri al fill o filla la medicaci\u00f3 prescrita, sempre que sigui imprescindible la seva administraci\u00f3 en horari lectiu.<\/p>\n<p style=\"font-weight: 400;\">Els alumnes que hagin de prendre medicaments durant les hores de perman\u00e8ncia en el centre ho faran sota l\u2019autoritzaci\u00f3 dels seus pares o tutors legals, ja que el centre no se\u2019n fa responsable<\/p>\n<p>&nbsp;<\/p>\n<p>&nbsp;<\/p>\n<p>&nbsp;<\/p>\n<p>&nbsp;<\/p>\n<p>&nbsp;<\/p>\n","protected":false},"excerpt":{"rendered":"<p>SALUT ESCOLAR Els alumnes que durant el curs passin o hagin passat alguna malaltia infecto-contagiosa (hepatitis, tuberculosi, &#8230;) hauran de presentar immediatament un informe m\u00e8dic garantint que no existeix cap perill de contagi. No pot venir a l&#8217;escola cap nen o nena que presenti febre, par\u00e0sits (polls, puces, &#8230;), conjuntivitis, diarrea o estomatitis (llagues a [&hellip;]<\/p>\n","protected":false},"author":1,"featured_media":0,"parent":22,"menu_order":80,"comment_status":"closed","ping_status":"closed","template":"page-templates\/side-menu.php","meta":{"_bbp_topic_count":0,"_bbp_reply_count":0,"_bbp_total_topic_count":0,"_bbp_total_reply_count":0,"_bbp_voice_count":0,"_bbp_anonymous_reply_count":0,"_bbp_topic_count_hidden":0,"_bbp_reply_count_hidden":0,"_bbp_forum_subforum_count":0,"site-sidebar-layout":"default","site-content-layout":"","ast-site-content-layout":"","site-content-style":"default","site-sidebar-style":"default","ast-global-header-display":"","ast-banner-title-visibility":"","ast-main-header-display":"","ast-hfb-above-header-display":"","ast-hfb-below-header-display":"","ast-hfb-mobile-header-display":"","site-post-title":"","ast-breadcrumbs-content":"","ast-featured-img":"","footer-sml-layout":"","theme-transparent-header-meta":"","adv-header-id-meta":"","stick-header-meta":"","header-above-stick-meta":"","header-main-stick-meta":"","header-below-stick-meta":"","astra-migrate-meta-layouts":"default","ast-page-background-enabled":"default","ast-page-background-meta":{"desktop":{"background-color":"var(--ast-global-color-4)","background-image":"","background-repeat":"repeat","background-position":"center center","background-size":"auto","background-attachment":"scroll","background-type":"","background-media":"","overlay-type":"","overlay-color":"","overlay-opacity":"","overlay-gradient":""},"tablet":{"background-color":"","background-image":"","background-repeat":"repeat","background-position":"center center","background-size":"auto","background-attachment":"scroll","background-type":"","background-media":"","overlay-type":"","overlay-color":"","overlay-opacity":"","overlay-gradient":""},"mobile":{"background-color":"","background-image":"","background-repeat":"repeat","background-position":"center center","background-size":"auto","background-attachment":"scroll","background-type":"","background-media":"","overlay-type":"","overlay-color":"","overlay-opacity":"","overlay-gradient":""}},"ast-content-background-meta":{"desktop":{"background-color":"var(--ast-global-color-5)","background-image":"","background-repeat":"repeat","background-position":"center center","background-size":"auto","background-attachment":"scroll","background-type":"","background-media":"","overlay-type":"","overlay-color":"","overlay-opacity":"","overlay-gradient":""},"tablet":{"background-color":"var(--ast-global-color-5)","background-image":"","background-repeat":"repeat","background-position":"center center","background-size":"auto","background-attachment":"scroll","background-type":"","background-media":"","overlay-type":"","overlay-color":"","overlay-opacity":"","overlay-gradient":""},"mobile":{"background-color":"var(--ast-global-color-5)","background-image":"","background-repeat":"repeat","background-position":"center center","background-size":"auto","background-attachment":"scroll","background-type":"","background-media":"","overlay-type":"","overlay-color":"","overlay-opacity":"","overlay-gradient":""}},"footnotes":""},"class_list":["post-38","page","type-page","status-publish","hentry"],"post_mailing_queue_ids":[],"_links":{"self":[{"href":"https:\/\/agora.xtec.cat\/esc-josepveciana\/wp-json\/wp\/v2\/pages\/38","targetHints":{"allow":["GET"]}}],"collection":[{"href":"https:\/\/agora.xtec.cat\/esc-josepveciana\/wp-json\/wp\/v2\/pages"}],"about":[{"href":"https:\/\/agora.xtec.cat\/esc-josepveciana\/wp-json\/wp\/v2\/types\/page"}],"author":[{"embeddable":true,"href":"https:\/\/agora.xtec.cat\/esc-josepveciana\/wp-json\/wp\/v2\/users\/1"}],"replies":[{"embeddable":true,"href":"https:\/\/agora.xtec.cat\/esc-josepveciana\/wp-json\/wp\/v2\/comments?post=38"}],"version-history":[{"count":3,"href":"https:\/\/agora.xtec.cat\/esc-josepveciana\/wp-json\/wp\/v2\/pages\/38\/revisions"}],"predecessor-version":[{"id":4916,"href":"https:\/\/agora.xtec.cat\/esc-josepveciana\/wp-json\/wp\/v2\/pages\/38\/revisions\/4916"}],"up":[{"embeddable":true,"href":"https:\/\/agora.xtec.cat\/esc-josepveciana\/wp-json\/wp\/v2\/pages\/22"}],"wp:attachment":[{"href":"https:\/\/agora.xtec.cat\/esc-josepveciana\/wp-json\/wp\/v2\/media?parent=38"}],"curies":[{"name":"wp","href":"https:\/\/api.w.org\/{rel}","templated":true}]}}