{"id":36,"date":"2014-09-18T12:33:11","date_gmt":"2014-09-18T11:33:11","guid":{"rendered":"http:\/\/agora.xtec.cat\/esc-josepveciana\/?page_id=36"},"modified":"2025-10-21T15:24:53","modified_gmt":"2025-10-21T13:24:53","slug":"material-escolar","status":"publish","type":"page","link":"https:\/\/agora.xtec.cat\/esc-josepveciana\/lescola\/material-escolar\/","title":{"rendered":"Material escolar"},"content":{"rendered":"<p style=\"font-weight: 400;\">Dins del Projecte d\u2019Escola Verda, la manera m\u00e9s sostenible que podem trobar dins d\u2019aquest apartat \u00e9s que el material escolar que necessiten els alumnes del centre sigui socialitzat, ja sigui per l\u2019estalvi que aix\u00f2 suposa a l\u2019hora de fer la despesa. Per tal de que no hi hagi difer\u00e8ncies entre alumnes, tots tindran els mateixos recursos i cal que aprenguin a respectar el material, ja que \u00e9s de tots\/es. Els pares, mares i\/o tutors legals abonaran una quota per any, qu\u00e8 ser\u00e0 aprovada pel Consell escolar, havent consultat al Claustre de mestres pr\u00e8viament, qui ser\u00e0 el qui haur\u00e0 fet la previsi\u00f3 de despeses per cada any.<\/p>\n<p style=\"font-weight: 400;\">Dins d\u2019aquesta quota entraran totes les despeses que es puguin ocasionar durant el curs escolar, material fungible, disfresses, organitzaci\u00f3 festes tradicionals&#8230;<\/p>\n<p style=\"font-weight: 400;\">Els alumnes no han de portar cap tipus de material, ja que l\u2019escola el proporciona, excepte en aquells casos que necessitin algun material espec\u00edfic (caixes, ampolles, &#8230;) o b\u00e9 que hagin malm\u00e8s o trencat el material. Llavors l\u2019hauran de reposar.<\/p>\n","protected":false},"excerpt":{"rendered":"<p>Dins del Projecte d\u2019Escola Verda, la manera m\u00e9s sostenible que podem trobar dins d\u2019aquest apartat \u00e9s que el material escolar que necessiten els alumnes del centre sigui socialitzat, ja sigui per l\u2019estalvi que aix\u00f2 suposa a l\u2019hora de fer la despesa. Per tal de que no hi hagi difer\u00e8ncies entre alumnes, tots tindran els mateixos [&hellip;]<\/p>\n","protected":false},"author":1,"featured_media":0,"parent":22,"menu_order":70,"comment_status":"closed","ping_status":"closed","template":"","meta":{"_bbp_topic_count":0,"_bbp_reply_count":0,"_bbp_total_topic_count":0,"_bbp_total_reply_count":0,"_bbp_voice_count":0,"_bbp_anonymous_reply_count":0,"_bbp_topic_count_hidden":0,"_bbp_reply_count_hidden":0,"_bbp_forum_subforum_count":0,"site-sidebar-layout":"default","site-content-layout":"","ast-site-content-layout":"default","site-content-style":"default","site-sidebar-style":"default","ast-global-header-display":"","ast-banner-title-visibility":"","ast-main-header-display":"","ast-hfb-above-header-display":"","ast-hfb-below-header-display":"","ast-hfb-mobile-header-display":"","site-post-title":"","ast-breadcrumbs-content":"","ast-featured-img":"","footer-sml-layout":"","theme-transparent-header-meta":"","adv-header-id-meta":"","stick-header-meta":"","header-above-stick-meta":"","header-main-stick-meta":"","header-below-stick-meta":"","astra-migrate-meta-layouts":"set","ast-page-background-enabled":"default","ast-page-background-meta":{"desktop":{"background-color":"var(--ast-global-color-4)","background-image":"","background-repeat":"repeat","background-position":"center center","background-size":"auto","background-attachment":"scroll","background-type":"","background-media":"","overlay-type":"","overlay-color":"","overlay-opacity":"","overlay-gradient":""},"tablet":{"background-color":"","background-image":"","background-repeat":"repeat","background-position":"center center","background-size":"auto","background-attachment":"scroll","background-type":"","background-media":"","overlay-type":"","overlay-color":"","overlay-opacity":"","overlay-gradient":""},"mobile":{"background-color":"","background-image":"","background-repeat":"repeat","background-position":"center center","background-size":"auto","background-attachment":"scroll","background-type":"","background-media":"","overlay-type":"","overlay-color":"","overlay-opacity":"","overlay-gradient":""}},"ast-content-background-meta":{"desktop":{"background-color":"var(--ast-global-color-5)","background-image":"","background-repeat":"repeat","background-position":"center center","background-size":"auto","background-attachment":"scroll","background-type":"","background-media":"","overlay-type":"","overlay-color":"","overlay-opacity":"","overlay-gradient":""},"tablet":{"background-color":"var(--ast-global-color-5)","background-image":"","background-repeat":"repeat","background-position":"center center","background-size":"auto","background-attachment":"scroll","background-type":"","background-media":"","overlay-type":"","overlay-color":"","overlay-opacity":"","overlay-gradient":""},"mobile":{"background-color":"var(--ast-global-color-5)","background-image":"","background-repeat":"repeat","background-position":"center center","background-size":"auto","background-attachment":"scroll","background-type":"","background-media":"","overlay-type":"","overlay-color":"","overlay-opacity":"","overlay-gradient":""}},"footnotes":""},"class_list":["post-36","page","type-page","status-publish","hentry"],"post_mailing_queue_ids":[],"_links":{"self":[{"href":"https:\/\/agora.xtec.cat\/esc-josepveciana\/wp-json\/wp\/v2\/pages\/36","targetHints":{"allow":["GET"]}}],"collection":[{"href":"https:\/\/agora.xtec.cat\/esc-josepveciana\/wp-json\/wp\/v2\/pages"}],"about":[{"href":"https:\/\/agora.xtec.cat\/esc-josepveciana\/wp-json\/wp\/v2\/types\/page"}],"author":[{"embeddable":true,"href":"https:\/\/agora.xtec.cat\/esc-josepveciana\/wp-json\/wp\/v2\/users\/1"}],"replies":[{"embeddable":true,"href":"https:\/\/agora.xtec.cat\/esc-josepveciana\/wp-json\/wp\/v2\/comments?post=36"}],"version-history":[{"count":4,"href":"https:\/\/agora.xtec.cat\/esc-josepveciana\/wp-json\/wp\/v2\/pages\/36\/revisions"}],"predecessor-version":[{"id":8803,"href":"https:\/\/agora.xtec.cat\/esc-josepveciana\/wp-json\/wp\/v2\/pages\/36\/revisions\/8803"}],"up":[{"embeddable":true,"href":"https:\/\/agora.xtec.cat\/esc-josepveciana\/wp-json\/wp\/v2\/pages\/22"}],"wp:attachment":[{"href":"https:\/\/agora.xtec.cat\/esc-josepveciana\/wp-json\/wp\/v2\/media?parent=36"}],"curies":[{"name":"wp","href":"https:\/\/api.w.org\/{rel}","templated":true}]}}