{"id":28,"date":"2014-09-18T12:29:35","date_gmt":"2014-09-18T11:29:35","guid":{"rendered":"http:\/\/agora.xtec.cat\/esc-josepveciana\/?page_id=28"},"modified":"2025-09-09T15:59:05","modified_gmt":"2025-09-09T13:59:05","slug":"consell-escolar","status":"publish","type":"page","link":"https:\/\/agora.xtec.cat\/esc-josepveciana\/lescola\/consell-escolar\/","title":{"rendered":"Consell escolar"},"content":{"rendered":"<p>El consell escolar del centre\u00a0<strong>\u00e9s<\/strong>\u00a0l\u2019<strong>\u00f2rgan col\u00b7legiat de participaci\u00f3<\/strong>\u00a0de la comunitat escolar en el govern del centre. En el consell escolar hi ha representats tots els col\u00b7lectius que intervenen en la comunitat educativa: ajuntament, AMPA, fam\u00edlies, professorat, alumnat, personal d\u2019administraci\u00f3 i serveis\u2026 \u00c9s molt important la participaci\u00f3 de tots i totes per una millor escola!!!<\/p>\n<p>&nbsp;<\/p>\n<p><strong>La funci\u00f3 principal del consell escolar \u00e9s<\/strong>\u00a0participar en la presa de decisions en relaci\u00f3 amb aquells temes importants per al funcionament i l\u2019organitzaci\u00f3 del centre: el projecte educatiu, la programaci\u00f3 general, la gesti\u00f3 econ\u00f2mica, etc<\/p>\n<p><strong>Els membres del consell escolar s\u00f3n<\/strong>\u00a0elegits per un per\u00edode de quatre anys i es renoven per meitats cada dos anys<\/p>\n<table>\n<tbody>\n<tr>\n<td><strong>DIRECTORA I PRESIDENTA<\/strong><\/td>\n<td>SRA. F\u00c0TIMA SABAT<\/td>\n<\/tr>\n<tr>\n<td><strong>CAP D\u2019ESTUDIS<\/strong><\/td>\n<td>SRA. IMMA GALLEGOS<\/td>\n<\/tr>\n<tr>\n<td><strong>SECRETARIA<\/strong><\/td>\n<td>SRA. SUSANA MARESCA<\/td>\n<\/tr>\n<tr>\n<td><strong>REPRESENTANT SECTOR PAS<\/strong><\/td>\n<td>SRA. N\u00daRIA RUIZ<\/td>\n<\/tr>\n<tr>\n<td><strong>REPRESENTANT AJUNTAMENT<\/strong><\/td>\n<td>SRA. ELISABET ALB\u00daJAR<\/td>\n<\/tr>\n<tr>\n<td><strong>REPRESENTANT SECTOR MESTRES<\/strong><\/td>\n<td>SRA. MAGDA DOM\u00c8NECH<\/td>\n<\/tr>\n<tr>\n<td><strong>REPRESENTANT SECTOR MESTRES<\/strong><\/td>\n<td>SRA. N\u00daRIA PARRA<\/td>\n<\/tr>\n<tr>\n<td><strong>REPRESENTANT SECTOR MESTRES<\/strong><\/td>\n<td>SRA. RAQUEL HERN\u00c1NDEZ<\/td>\n<\/tr>\n<tr>\n<td><strong>REPRESENTANT SECTOR MESTRES<\/strong><\/td>\n<td>SRA. MONTSE CLARAVALLS<\/td>\n<\/tr>\n<tr>\n<td><strong>REPRESENTANT SECTOR PARES<\/strong><\/td>\n<td>SRA. REBECA D\u00cdAZ<\/td>\n<\/tr>\n<tr>\n<td><strong>REPRESENTANT SECTOR PARES<\/strong><\/td>\n<td>SR. IVAN FONT<\/td>\n<\/tr>\n<tr>\n<td><strong>REPRESENTANT SECTOR PARES<\/strong><\/td>\n<td>SR. GERARD TOLDR\u00c0<\/td>\n<\/tr>\n<tr>\n<td><strong>REPRESENTANT SECTOR PARES<\/strong><\/td>\n<td>SRA. ROSANA GALVE<\/td>\n<\/tr>\n<tr>\n<td><strong>REPRESENTANT AMPA<\/strong><\/td>\n<td>SRA. CRISTINA TORRES<\/td>\n<\/tr>\n<\/tbody>\n<\/table>\n","protected":false},"excerpt":{"rendered":"<p>El consell escolar del centre\u00a0\u00e9s\u00a0l\u2019\u00f2rgan col\u00b7legiat de participaci\u00f3\u00a0de la comunitat escolar en el govern del centre. En el consell escolar hi ha representats tots els col\u00b7lectius que intervenen en la comunitat educativa: ajuntament, AMPA, fam\u00edlies, professorat, alumnat, personal d\u2019administraci\u00f3 i serveis\u2026 \u00c9s molt important la participaci\u00f3 de tots i totes per una millor escola!!! &nbsp; [&hellip;]<\/p>\n","protected":false},"author":1,"featured_media":0,"parent":22,"menu_order":30,"comment_status":"closed","ping_status":"closed","template":"page-templates\/side-menu.php","meta":{"_bbp_topic_count":0,"_bbp_reply_count":0,"_bbp_total_topic_count":0,"_bbp_total_reply_count":0,"_bbp_voice_count":0,"_bbp_anonymous_reply_count":0,"_bbp_topic_count_hidden":0,"_bbp_reply_count_hidden":0,"_bbp_forum_subforum_count":0,"site-sidebar-layout":"default","site-content-layout":"","ast-site-content-layout":"","site-content-style":"default","site-sidebar-style":"default","ast-global-header-display":"","ast-banner-title-visibility":"","ast-main-header-display":"","ast-hfb-above-header-display":"","ast-hfb-below-header-display":"","ast-hfb-mobile-header-display":"","site-post-title":"","ast-breadcrumbs-content":"","ast-featured-img":"","footer-sml-layout":"","theme-transparent-header-meta":"","adv-header-id-meta":"","stick-header-meta":"","header-above-stick-meta":"","header-main-stick-meta":"","header-below-stick-meta":"","astra-migrate-meta-layouts":"default","ast-page-background-enabled":"default","ast-page-background-meta":{"desktop":{"background-color":"var(--ast-global-color-4)","background-image":"","background-repeat":"repeat","background-position":"center center","background-size":"auto","background-attachment":"scroll","background-type":"","background-media":"","overlay-type":"","overlay-color":"","overlay-opacity":"","overlay-gradient":""},"tablet":{"background-color":"","background-image":"","background-repeat":"repeat","background-position":"center center","background-size":"auto","background-attachment":"scroll","background-type":"","background-media":"","overlay-type":"","overlay-color":"","overlay-opacity":"","overlay-gradient":""},"mobile":{"background-color":"","background-image":"","background-repeat":"repeat","background-position":"center center","background-size":"auto","background-attachment":"scroll","background-type":"","background-media":"","overlay-type":"","overlay-color":"","overlay-opacity":"","overlay-gradient":""}},"ast-content-background-meta":{"desktop":{"background-color":"var(--ast-global-color-5)","background-image":"","background-repeat":"repeat","background-position":"center center","background-size":"auto","background-attachment":"scroll","background-type":"","background-media":"","overlay-type":"","overlay-color":"","overlay-opacity":"","overlay-gradient":""},"tablet":{"background-color":"var(--ast-global-color-5)","background-image":"","background-repeat":"repeat","background-position":"center center","background-size":"auto","background-attachment":"scroll","background-type":"","background-media":"","overlay-type":"","overlay-color":"","overlay-opacity":"","overlay-gradient":""},"mobile":{"background-color":"var(--ast-global-color-5)","background-image":"","background-repeat":"repeat","background-position":"center center","background-size":"auto","background-attachment":"scroll","background-type":"","background-media":"","overlay-type":"","overlay-color":"","overlay-opacity":"","overlay-gradient":""}},"footnotes":""},"class_list":["post-28","page","type-page","status-publish","hentry"],"post_mailing_queue_ids":[],"_links":{"self":[{"href":"https:\/\/agora.xtec.cat\/esc-josepveciana\/wp-json\/wp\/v2\/pages\/28","targetHints":{"allow":["GET"]}}],"collection":[{"href":"https:\/\/agora.xtec.cat\/esc-josepveciana\/wp-json\/wp\/v2\/pages"}],"about":[{"href":"https:\/\/agora.xtec.cat\/esc-josepveciana\/wp-json\/wp\/v2\/types\/page"}],"author":[{"embeddable":true,"href":"https:\/\/agora.xtec.cat\/esc-josepveciana\/wp-json\/wp\/v2\/users\/1"}],"replies":[{"embeddable":true,"href":"https:\/\/agora.xtec.cat\/esc-josepveciana\/wp-json\/wp\/v2\/comments?post=28"}],"version-history":[{"count":6,"href":"https:\/\/agora.xtec.cat\/esc-josepveciana\/wp-json\/wp\/v2\/pages\/28\/revisions"}],"predecessor-version":[{"id":8755,"href":"https:\/\/agora.xtec.cat\/esc-josepveciana\/wp-json\/wp\/v2\/pages\/28\/revisions\/8755"}],"up":[{"embeddable":true,"href":"https:\/\/agora.xtec.cat\/esc-josepveciana\/wp-json\/wp\/v2\/pages\/22"}],"wp:attachment":[{"href":"https:\/\/agora.xtec.cat\/esc-josepveciana\/wp-json\/wp\/v2\/media?parent=28"}],"curies":[{"name":"wp","href":"https:\/\/api.w.org\/{rel}","templated":true}]}}