{"id":5097,"date":"2025-02-28T21:16:55","date_gmt":"2025-02-28T20:16:55","guid":{"rendered":"https:\/\/agora.xtec.cat\/esc-josepboada\/?page_id=5097"},"modified":"2026-04-15T11:08:31","modified_gmt":"2026-04-15T09:08:31","slug":"preinscripcio-curs-2025-2026","status":"publish","type":"page","link":"https:\/\/agora.xtec.cat\/esc-josepboada\/preinscripcio-curs-2025-2026\/","title":{"rendered":"PREINSCRIPCI\u00d3 CURS 2026-2027"},"content":{"rendered":"\n<p class=\"has-text-align-center\"><mark style=\"background-color:rgba(0, 0, 0, 0);color:#e43d23\" class=\"has-inline-color\"><strong>Del dimecres 4 al dimecres 18 de mar\u00e7<\/strong>.<\/mark><\/p>\n\n\n\n<p class=\"has-text-align-center\"><strong>Si vols venir a con\u00e8ixer la nostra escola truca&#8217;ns per demanar hora. T&#8217;hi esperem!<\/strong><\/p>\n\n\n\n<p class=\"has-text-align-center\"><strong>La preinscripci\u00f3 s\u2019ha de fer de manera telem\u00e0tica amb ordinador, tauleta o tel\u00e8fon m\u00f2bil a <a href=\"https:\/\/preinscripcio.gencat.cat\/ca\/inici\/\" data-type=\"link\" data-id=\"https:\/\/preinscripcio.gencat.cat\/ca\/inici\/\"><mark style=\"background-color:rgba(0, 0, 0, 0)\" class=\"has-inline-color has-ast-global-color-1-color\">https:\/\/preinscripcio.gencat.cat\/ca\/inici\/<\/mark><\/a>, si necessites ajuda demana cita pr\u00e8via a l&#8217;escola trucant al 933883731<\/strong> <strong> i t&#8217;ajudarem a fer-la.<\/strong><\/p>\n\n\n\n<p><strong><a href=\"https:\/\/agora.xtec.cat\/esc-josepboada\/wp-content\/uploads\/usu628\/2026\/03\/1.INFORME_OFERTA_OME_INFORME_OFERTA.pdf\">1. Publicaci\u00f3 de l&#8217;oferta inicial de places<\/a><\/strong><\/p>\n\n\n\n<p><strong><a href=\"https:\/\/agora.xtec.cat\/esc-josepboada\/wp-content\/uploads\/usu628\/2026\/04\/2.INFORME_BAREM_PROVISIONAL_BAREM.pdf\">2. Publicaci\u00f3 de la llista de sol\u00b7licituds que han demanat el centre i l&#8217;ensenyament en primera petici\u00f3 amb la puntuaci\u00f3 provisional a 15\/04\/2026.<\/a><\/strong><\/p>\n\n\n\n<p><\/p>\n","protected":false},"excerpt":{"rendered":"<p>Del dimecres 4 al dimecres 18 de mar\u00e7. Si vols venir a con\u00e8ixer la nostra escola truca&#8217;ns per demanar hora. T&#8217;hi esperem! La preinscripci\u00f3 s\u2019ha de fer de manera telem\u00e0tica amb ordinador, tauleta o tel\u00e8fon m\u00f2bil a https:\/\/preinscripcio.gencat.cat\/ca\/inici\/, si necessites ajuda demana cita pr\u00e8via a l&#8217;escola trucant al 933883731 i t&#8217;ajudarem a fer-la. 1. Publicaci\u00f3 [&hellip;]<\/p>\n","protected":false},"author":1,"featured_media":0,"parent":0,"menu_order":0,"comment_status":"closed","ping_status":"close","template":"","meta":{"_bbp_topic_count":0,"_bbp_reply_count":0,"_bbp_total_topic_count":0,"_bbp_total_reply_count":0,"_bbp_voice_count":0,"_bbp_anonymous_reply_count":0,"_bbp_topic_count_hidden":0,"_bbp_reply_count_hidden":0,"_bbp_forum_subforum_count":0,"site-sidebar-layout":"default","site-content-layout":"","ast-site-content-layout":"default","site-content-style":"default","site-sidebar-style":"default","ast-global-header-display":"","ast-banner-title-visibility":"","ast-main-header-display":"","ast-hfb-above-header-display":"","ast-hfb-below-header-display":"","ast-hfb-mobile-header-display":"","site-post-title":"","ast-breadcrumbs-content":"","ast-featured-img":"","footer-sml-layout":"","theme-transparent-header-meta":"","adv-header-id-meta":"","stick-header-meta":"","header-above-stick-meta":"","header-main-stick-meta":"","header-below-stick-meta":"","astra-migrate-meta-layouts":"set","ast-page-background-enabled":"default","ast-page-background-meta":{"desktop":{"background-color":"var(--ast-global-color-4)","background-image":"","background-repeat":"repeat","background-position":"center center","background-size":"auto","background-attachment":"scroll","background-type":"","background-media":"","overlay-type":"","overlay-color":"","overlay-opacity":"","overlay-gradient":""},"tablet":{"background-color":"","background-image":"","background-repeat":"repeat","background-position":"center center","background-size":"auto","background-attachment":"scroll","background-type":"","background-media":"","overlay-type":"","overlay-color":"","overlay-opacity":"","overlay-gradient":""},"mobile":{"background-color":"","background-image":"","background-repeat":"repeat","background-position":"center center","background-size":"auto","background-attachment":"scroll","background-type":"","background-media":"","overlay-type":"","overlay-color":"","overlay-opacity":"","overlay-gradient":""}},"ast-content-background-meta":{"desktop":{"background-color":"var(--ast-global-color-5)","background-image":"","background-repeat":"repeat","background-position":"center center","background-size":"auto","background-attachment":"scroll","background-type":"","background-media":"","overlay-type":"","overlay-color":"","overlay-opacity":"","overlay-gradient":""},"tablet":{"background-color":"var(--ast-global-color-5)","background-image":"","background-repeat":"repeat","background-position":"center center","background-size":"auto","background-attachment":"scroll","background-type":"","background-media":"","overlay-type":"","overlay-color":"","overlay-opacity":"","overlay-gradient":""},"mobile":{"background-color":"var(--ast-global-color-5)","background-image":"","background-repeat":"repeat","background-position":"center center","background-size":"auto","background-attachment":"scroll","background-type":"","background-media":"","overlay-type":"","overlay-color":"","overlay-opacity":"","overlay-gradient":""}},"footnotes":""},"class_list":["post-5097","page","type-page","status-publish","hentry"],"post_mailing_queue_ids":[],"_links":{"self":[{"href":"https:\/\/agora.xtec.cat\/esc-josepboada\/wp-json\/wp\/v2\/pages\/5097","targetHints":{"allow":["GET"]}}],"collection":[{"href":"https:\/\/agora.xtec.cat\/esc-josepboada\/wp-json\/wp\/v2\/pages"}],"about":[{"href":"https:\/\/agora.xtec.cat\/esc-josepboada\/wp-json\/wp\/v2\/types\/page"}],"author":[{"embeddable":true,"href":"https:\/\/agora.xtec.cat\/esc-josepboada\/wp-json\/wp\/v2\/users\/1"}],"replies":[{"embeddable":true,"href":"https:\/\/agora.xtec.cat\/esc-josepboada\/wp-json\/wp\/v2\/comments?post=5097"}],"version-history":[{"count":6,"href":"https:\/\/agora.xtec.cat\/esc-josepboada\/wp-json\/wp\/v2\/pages\/5097\/revisions"}],"predecessor-version":[{"id":5637,"href":"https:\/\/agora.xtec.cat\/esc-josepboada\/wp-json\/wp\/v2\/pages\/5097\/revisions\/5637"}],"wp:attachment":[{"href":"https:\/\/agora.xtec.cat\/esc-josepboada\/wp-json\/wp\/v2\/media?parent=5097"}],"curies":[{"name":"wp","href":"https:\/\/api.w.org\/{rel}","templated":true}]}}