{"id":484,"date":"2017-09-12T13:58:36","date_gmt":"2017-09-12T11:58:36","guid":{"rendered":"http:\/\/agora.xtec.cat\/esc-josepboada\/?page_id=484"},"modified":"2024-10-30T09:34:13","modified_gmt":"2024-10-30T08:34:13","slug":"conservatori-a-lescola","status":"publish","type":"page","link":"https:\/\/agora.xtec.cat\/esc-josepboada\/activitats-amb-altres-escoles\/conservatori-a-lescola\/","title":{"rendered":"Badacordes"},"content":{"rendered":"<p style=\"text-align: center;\"><a href=\"https:\/\/agora.xtec.cat\/esc-josepboada\/wp-content\/uploads\/usu628\/2018\/10\/Logo001.jpg\"><img loading=\"lazy\" decoding=\"async\" class=\"alignnone wp-image-1222\" src=\"https:\/\/agora.xtec.cat\/esc-josepboada\/wp-content\/uploads\/usu628\/2018\/10\/Logo001.jpg\" alt=\"\" width=\"179\" height=\"120\" srcset=\"https:\/\/agora.xtec.cat\/esc-josepboada\/wp-content\/uploads\/usu628\/2018\/10\/Logo001.jpg 552w, https:\/\/agora.xtec.cat\/esc-josepboada\/wp-content\/uploads\/usu628\/2018\/10\/Logo001-300x201.jpg 300w\" sizes=\"auto, (max-width: 179px) 100vw, 179px\" \/><\/a> \u00a0\u00a0\u00a0\u00a0\u00a0\u00a0\u00a0 <a href=\"https:\/\/agora.xtec.cat\/esc-josepboada\/wp-content\/uploads\/usu628\/2024\/10\/conservatori.jpg\"><img loading=\"lazy\" decoding=\"async\" class=\"alignnone  wp-image-4871\" src=\"https:\/\/agora.xtec.cat\/esc-josepboada\/wp-content\/uploads\/usu628\/2024\/10\/conservatori.jpg\" alt=\"\" width=\"234\" height=\"123\" srcset=\"https:\/\/agora.xtec.cat\/esc-josepboada\/wp-content\/uploads\/usu628\/2024\/10\/conservatori.jpg 310w, https:\/\/agora.xtec.cat\/esc-josepboada\/wp-content\/uploads\/usu628\/2024\/10\/conservatori-300x158.jpg 300w\" sizes=\"auto, (max-width: 234px) 100vw, 234px\" \/><\/a><\/p>\n<p>El <a href=\"https:\/\/www.conservatoribdn.cat\/\"><strong>Conservatori Professional de M\u00fasica de Badalona<\/strong><\/a> junt amb l&#8217;escola Josep Boada ofereixen als <strong>alumnes de 3r &#8211; 5\u00e8 de prim\u00e0ria<\/strong> la possibilitat d&#8217;aprendre un instrument de corda durant l&#8217;horari escolar.<\/p>\n<p>\u00c9s una incentiva innovadora del curs 2017-2018. Mitjan\u00e7ant aquest nou projecte els alumnes de cicle mitj\u00e0 tenen la possibilitat d&#8217;aprende llenguatge musical durant una sessi\u00f3 a la setmana i aprendre viol\u00ed o viola durant dues sessions setmanals.<\/p>\n<p>El conjunt de corda de l&#8217;escola t\u00e9 nom i logotip propis:<\/p>\n<p><a href=\"https:\/\/agora.xtec.cat\/esc-josepboada\/wp-content\/uploads\/usu628\/2017\/11\/logopetitbdc-e1556218495286.jpg\"><img loading=\"lazy\" decoding=\"async\" class=\"alignnone wp-image-1490\" src=\"https:\/\/agora.xtec.cat\/esc-josepboada\/wp-content\/uploads\/usu628\/2017\/11\/logopetitbdc-e1556218495286.jpg\" alt=\"\" width=\"257\" height=\"107\" srcset=\"https:\/\/agora.xtec.cat\/esc-josepboada\/wp-content\/uploads\/usu628\/2017\/11\/logopetitbdc-e1556218495286.jpg 349w, https:\/\/agora.xtec.cat\/esc-josepboada\/wp-content\/uploads\/usu628\/2017\/11\/logopetitbdc-e1556218495286-300x125.jpg 300w\" sizes=\"auto, (max-width: 257px) 100vw, 257px\" \/><\/a><\/p>\n<p>Actualment s\u2019ha consolidat la primera etapa del projecte dirigida a nens i nenes de 4t i 5\u00e8 de prim\u00e0ria, que ha abra\u00e7at 106 alumnes amb la pr\u00e0ctica d\u2019instruments de corda.<\/p>\n<p>Per al conservatori tamb\u00e9 ha suposat una obertura cap a camps m\u00e9s socials i de car\u00e0cter comunitari, obtenint resultats molt reconeguts amb evid\u00e8ncies en els \u00e0mbits del coneixement musical, el desenvolupament personal i acad\u00e8mic aix\u00ed com l\u2019entorn comunitari dels propis alumnes i les seves fam\u00edlies.<\/p>\n<p>L&#8217;\u00e8xit d&#8217;aquesta incentiva ha motivat l&#8217;aparici\u00f3 de dues ofertes extraescolars de m\u00fasica: al migdia i a la tarda, un cop acabades les classes. L&#8217;oferta extraescolar de les 16h:45 s&#8217;ha obert a infants d&#8217;altres escoles de Badalona. Podeu veure m\u00e9s informaci\u00f3 sobre aquestes activitats al nostre web: <a href=\"https:\/\/agora.xtec.cat\/esc-josepboada\/lescola\/serveis\/activitats-extraescolars\/\"><strong>Betucordes i Betulins.<\/strong><\/a><\/p>\n<p style=\"text-align: center;\">\n","protected":false},"excerpt":{"rendered":"<p>\u00a0\u00a0\u00a0\u00a0\u00a0\u00a0\u00a0 El Conservatori Professional de M\u00fasica de Badalona junt amb l&#8217;escola Josep Boada ofereixen als alumnes de 3r &#8211; 5\u00e8 de prim\u00e0ria la possibilitat d&#8217;aprendre un instrument de corda durant l&#8217;horari escolar. \u00c9s una incentiva innovadora del curs 2017-2018. Mitjan\u00e7ant aquest nou projecte els alumnes de cicle mitj\u00e0 tenen la possibilitat d&#8217;aprende llenguatge musical durant [&hellip;]<\/p>\n","protected":false},"author":1,"featured_media":0,"parent":383,"menu_order":0,"comment_status":"closed","ping_status":"closed","template":"page-templates\/side-menu.php","meta":{"_bbp_topic_count":0,"_bbp_reply_count":0,"_bbp_total_topic_count":0,"_bbp_total_reply_count":0,"_bbp_voice_count":0,"_bbp_anonymous_reply_count":0,"_bbp_topic_count_hidden":0,"_bbp_reply_count_hidden":0,"_bbp_forum_subforum_count":0,"site-sidebar-layout":"default","site-content-layout":"","ast-site-content-layout":"","site-content-style":"default","site-sidebar-style":"default","ast-global-header-display":"","ast-banner-title-visibility":"","ast-main-header-display":"","ast-hfb-above-header-display":"","ast-hfb-below-header-display":"","ast-hfb-mobile-header-display":"","site-post-title":"","ast-breadcrumbs-content":"","ast-featured-img":"","footer-sml-layout":"","theme-transparent-header-meta":"","adv-header-id-meta":"","stick-header-meta":"","header-above-stick-meta":"","header-main-stick-meta":"","header-below-stick-meta":"","astra-migrate-meta-layouts":"default","ast-page-background-enabled":"default","ast-page-background-meta":{"desktop":{"background-color":"var(--ast-global-color-4)","background-image":"","background-repeat":"repeat","background-position":"center center","background-size":"auto","background-attachment":"scroll","background-type":"","background-media":"","overlay-type":"","overlay-color":"","overlay-opacity":"","overlay-gradient":""},"tablet":{"background-color":"","background-image":"","background-repeat":"repeat","background-position":"center center","background-size":"auto","background-attachment":"scroll","background-type":"","background-media":"","overlay-type":"","overlay-color":"","overlay-opacity":"","overlay-gradient":""},"mobile":{"background-color":"","background-image":"","background-repeat":"repeat","background-position":"center center","background-size":"auto","background-attachment":"scroll","background-type":"","background-media":"","overlay-type":"","overlay-color":"","overlay-opacity":"","overlay-gradient":""}},"ast-content-background-meta":{"desktop":{"background-color":"var(--ast-global-color-5)","background-image":"","background-repeat":"repeat","background-position":"center center","background-size":"auto","background-attachment":"scroll","background-type":"","background-media":"","overlay-type":"","overlay-color":"","overlay-opacity":"","overlay-gradient":""},"tablet":{"background-color":"var(--ast-global-color-5)","background-image":"","background-repeat":"repeat","background-position":"center center","background-size":"auto","background-attachment":"scroll","background-type":"","background-media":"","overlay-type":"","overlay-color":"","overlay-opacity":"","overlay-gradient":""},"mobile":{"background-color":"var(--ast-global-color-5)","background-image":"","background-repeat":"repeat","background-position":"center center","background-size":"auto","background-attachment":"scroll","background-type":"","background-media":"","overlay-type":"","overlay-color":"","overlay-opacity":"","overlay-gradient":""}},"footnotes":""},"class_list":["post-484","page","type-page","status-publish","hentry"],"post_mailing_queue_ids":[],"_links":{"self":[{"href":"https:\/\/agora.xtec.cat\/esc-josepboada\/wp-json\/wp\/v2\/pages\/484","targetHints":{"allow":["GET"]}}],"collection":[{"href":"https:\/\/agora.xtec.cat\/esc-josepboada\/wp-json\/wp\/v2\/pages"}],"about":[{"href":"https:\/\/agora.xtec.cat\/esc-josepboada\/wp-json\/wp\/v2\/types\/page"}],"author":[{"embeddable":true,"href":"https:\/\/agora.xtec.cat\/esc-josepboada\/wp-json\/wp\/v2\/users\/1"}],"replies":[{"embeddable":true,"href":"https:\/\/agora.xtec.cat\/esc-josepboada\/wp-json\/wp\/v2\/comments?post=484"}],"version-history":[{"count":5,"href":"https:\/\/agora.xtec.cat\/esc-josepboada\/wp-json\/wp\/v2\/pages\/484\/revisions"}],"predecessor-version":[{"id":4872,"href":"https:\/\/agora.xtec.cat\/esc-josepboada\/wp-json\/wp\/v2\/pages\/484\/revisions\/4872"}],"up":[{"embeddable":true,"href":"https:\/\/agora.xtec.cat\/esc-josepboada\/wp-json\/wp\/v2\/pages\/383"}],"wp:attachment":[{"href":"https:\/\/agora.xtec.cat\/esc-josepboada\/wp-json\/wp\/v2\/media?parent=484"}],"curies":[{"name":"wp","href":"https:\/\/api.w.org\/{rel}","templated":true}]}}