{"id":4327,"date":"2024-10-27T11:47:21","date_gmt":"2024-10-27T10:47:21","guid":{"rendered":"https:\/\/agora.xtec.cat\/esc-josepboada\/?page_id=4327"},"modified":"2024-10-30T08:48:35","modified_gmt":"2024-10-30T07:48:35","slug":"consell-dels-infants-de-badalona-2","status":"publish","type":"page","link":"https:\/\/agora.xtec.cat\/esc-josepboada\/activitats-amb-altres-escoles\/consell-dels-infants-de-badalona-2\/","title":{"rendered":"Consell dels infants de Badalona"},"content":{"rendered":"\n<p>Des del mes d&#8217;octubre de l&#8217;any 2021 la nostra escola forma part del Consell dels Infants de Badalona.<\/p>\n\n\n\n<p><strong>El Consell dels Infants de Badalona (CIB)<\/strong>&nbsp;\u00e9s un \u00f2rgan de participaci\u00f3 en el qual els infants fan debats, fans sentir la seva veu, fan propostes, promouen activitats i aprenen sobre els temes de la ciutat i del m\u00f3n que els interessa.<\/p>\n\n\n\n<p>Les trobades d&#8217;alumnes es duen a terme cada mes i mig aproximadament. Els infants que representen als seus cursos (5\u00e8 i 6\u00e8) s\u00f3n escollits pels seus companys de curs mitjan\u00e7ant una votaci\u00f3.<\/p>\n\n\n\n<p>El CIB forma part de la Taula d\u2019Inf\u00e0ncia i Adolesc\u00e8ncia de Badalona (TIAB) i del Consell Nacional dels Infants i els Adolescents de Catalunya (CNIAC).<\/p>\n\n\n\n<p>El CIB est\u00e0 vinculat, tamb\u00e9, a la Xarxa de municipis amb&nbsp;consells d\u2019infants, que promou la Diputaci\u00f3 de Barcelona, al projecte&nbsp;<em>La Citt\u00e0 dei Bambini<\/em>&nbsp;y a la&nbsp;<em>Red Espa\u00f1ola de Ciudades de los Ni\u00f1os y las Ni\u00f1as<\/em>.<\/p>\n\n\n\n<p>M\u00e9s informaci\u00f3:&nbsp;<a href=\"https:\/\/consellinfantsbadalona.cat\/wp-content\/uploads\/2014\/07\/TRIPTIC-CIB-20-21.pdf\" target=\"_blank\" rel=\"noreferrer noopener\">http:\/\/consellinfantsbadalona.cat\/wp-content\/uploads\/2014\/07\/TRIPTIC-CIB-20-21.pdf<\/a><\/p>\n\n\n\n<figure class=\"wp-block-image alignleft size-full is-resized\"><a href=\"https:\/\/agora.xtec.cat\/esc-josepboada\/wp-content\/uploads\/usu628\/2021\/10\/Consell-dels-infants-LOGO.jpg\"><img loading=\"lazy\" decoding=\"async\" width=\"292\" height=\"285\" src=\"https:\/\/agora.xtec.cat\/esc-josepboada\/wp-content\/uploads\/usu628\/2021\/10\/Consell-dels-infants-LOGO.jpg\" alt=\"\" class=\"wp-image-2651\" style=\"width:281px;height:auto\"\/><\/a><\/figure>\n","protected":false},"excerpt":{"rendered":"<p>Des del mes d&#8217;octubre de l&#8217;any 2021 la nostra escola forma part del Consell dels Infants de Badalona. El Consell dels Infants de Badalona (CIB)&nbsp;\u00e9s un \u00f2rgan de participaci\u00f3 en el qual els infants fan debats, fans sentir la seva veu, fan propostes, promouen activitats i aprenen sobre els temes de la ciutat i del [&hellip;]<\/p>\n","protected":false},"author":1,"featured_media":0,"parent":383,"menu_order":0,"comment_status":"closed","ping_status":"close","template":"page-templates\/side-menu.php","meta":{"_bbp_topic_count":0,"_bbp_reply_count":0,"_bbp_total_topic_count":0,"_bbp_total_reply_count":0,"_bbp_voice_count":0,"_bbp_anonymous_reply_count":0,"_bbp_topic_count_hidden":0,"_bbp_reply_count_hidden":0,"_bbp_forum_subforum_count":0,"site-sidebar-layout":"default","site-content-layout":"","ast-site-content-layout":"","site-content-style":"default","site-sidebar-style":"default","ast-global-header-display":"","ast-banner-title-visibility":"","ast-main-header-display":"","ast-hfb-above-header-display":"","ast-hfb-below-header-display":"","ast-hfb-mobile-header-display":"","site-post-title":"","ast-breadcrumbs-content":"","ast-featured-img":"","footer-sml-layout":"","theme-transparent-header-meta":"","adv-header-id-meta":"","stick-header-meta":"","header-above-stick-meta":"","header-main-stick-meta":"","header-below-stick-meta":"","astra-migrate-meta-layouts":"default","ast-page-background-enabled":"default","ast-page-background-meta":{"desktop":{"background-color":"var(--ast-global-color-4)","background-image":"","background-repeat":"repeat","background-position":"center center","background-size":"auto","background-attachment":"scroll","background-type":"","background-media":"","overlay-type":"","overlay-color":"","overlay-opacity":"","overlay-gradient":""},"tablet":{"background-color":"","background-image":"","background-repeat":"repeat","background-position":"center center","background-size":"auto","background-attachment":"scroll","background-type":"","background-media":"","overlay-type":"","overlay-color":"","overlay-opacity":"","overlay-gradient":""},"mobile":{"background-color":"","background-image":"","background-repeat":"repeat","background-position":"center center","background-size":"auto","background-attachment":"scroll","background-type":"","background-media":"","overlay-type":"","overlay-color":"","overlay-opacity":"","overlay-gradient":""}},"ast-content-background-meta":{"desktop":{"background-color":"var(--ast-global-color-5)","background-image":"","background-repeat":"repeat","background-position":"center center","background-size":"auto","background-attachment":"scroll","background-type":"","background-media":"","overlay-type":"","overlay-color":"","overlay-opacity":"","overlay-gradient":""},"tablet":{"background-color":"var(--ast-global-color-5)","background-image":"","background-repeat":"repeat","background-position":"center center","background-size":"auto","background-attachment":"scroll","background-type":"","background-media":"","overlay-type":"","overlay-color":"","overlay-opacity":"","overlay-gradient":""},"mobile":{"background-color":"var(--ast-global-color-5)","background-image":"","background-repeat":"repeat","background-position":"center center","background-size":"auto","background-attachment":"scroll","background-type":"","background-media":"","overlay-type":"","overlay-color":"","overlay-opacity":"","overlay-gradient":""}},"footnotes":""},"class_list":["post-4327","page","type-page","status-publish","hentry"],"post_mailing_queue_ids":[],"_links":{"self":[{"href":"https:\/\/agora.xtec.cat\/esc-josepboada\/wp-json\/wp\/v2\/pages\/4327","targetHints":{"allow":["GET"]}}],"collection":[{"href":"https:\/\/agora.xtec.cat\/esc-josepboada\/wp-json\/wp\/v2\/pages"}],"about":[{"href":"https:\/\/agora.xtec.cat\/esc-josepboada\/wp-json\/wp\/v2\/types\/page"}],"author":[{"embeddable":true,"href":"https:\/\/agora.xtec.cat\/esc-josepboada\/wp-json\/wp\/v2\/users\/1"}],"replies":[{"embeddable":true,"href":"https:\/\/agora.xtec.cat\/esc-josepboada\/wp-json\/wp\/v2\/comments?post=4327"}],"version-history":[{"count":4,"href":"https:\/\/agora.xtec.cat\/esc-josepboada\/wp-json\/wp\/v2\/pages\/4327\/revisions"}],"predecessor-version":[{"id":4864,"href":"https:\/\/agora.xtec.cat\/esc-josepboada\/wp-json\/wp\/v2\/pages\/4327\/revisions\/4864"}],"up":[{"embeddable":true,"href":"https:\/\/agora.xtec.cat\/esc-josepboada\/wp-json\/wp\/v2\/pages\/383"}],"wp:attachment":[{"href":"https:\/\/agora.xtec.cat\/esc-josepboada\/wp-json\/wp\/v2\/media?parent=4327"}],"curies":[{"name":"wp","href":"https:\/\/api.w.org\/{rel}","templated":true}]}}