{"id":412,"date":"2017-09-09T18:46:26","date_gmt":"2017-09-09T16:46:26","guid":{"rendered":"http:\/\/agora.xtec.cat\/esc-josepboada\/?page_id=412"},"modified":"2024-10-27T18:46:36","modified_gmt":"2024-10-27T17:46:36","slug":"com-treballem","status":"publish","type":"page","link":"https:\/\/agora.xtec.cat\/esc-josepboada\/com-treballem\/","title":{"rendered":"Com treballem"},"content":{"rendered":"\n<p>L&#8217;equip educatiu del nostre centre concep l&#8217;aprenentatge com un proc\u00e9s integral on els continguts i m\u00e8todes s\u00f3n intercanviables i aplicables per afrontar diverses situacions o desafiaments tant a l&#8217;escola com en l&#8217;entorn en qu\u00e8 es realitza. Des del centre vetllem perqu\u00e8 l&#8217;organitzaci\u00f3 de les activitats d&#8217;aprenentatge estigui d&#8217;acord amb aquesta concepci\u00f3 de l&#8217;aprenentatge.<\/p>\n\n\n\n<p>La planificaci\u00f3 del treball a un centre educatiu ha de considerar el curr\u00edculum, el moment de maduraci\u00f3 de cada alumne i els espais disponibles. \u00c9s essencial crear entorns d&#8217;aprenentatge que fomentin el desenvolupament de les habilitats dels nens i nenes, tenint en compte la seva diversitat i partint dels seus interessos i motivacions en els diferents contextos educatius.<\/p>\n\n\n\n<p>A m\u00e9s, l&#8217;estructura de les activitats ha de facilitar la interacci\u00f3 entre alumnes de diferents edats i motivacions. Aquesta organitzaci\u00f3 ha de ser oberta i flexible per tal de donar cabuda a les diferents tipologies d&#8217;alumnes del centre.<\/p>\n","protected":false},"excerpt":{"rendered":"<p>L&#8217;equip educatiu del nostre centre concep l&#8217;aprenentatge com un proc\u00e9s integral on els continguts i m\u00e8todes s\u00f3n intercanviables i aplicables per afrontar diverses situacions o desafiaments tant a l&#8217;escola com en l&#8217;entorn en qu\u00e8 es realitza. Des del centre vetllem perqu\u00e8 l&#8217;organitzaci\u00f3 de les activitats d&#8217;aprenentatge estigui d&#8217;acord amb aquesta concepci\u00f3 de l&#8217;aprenentatge. La planificaci\u00f3 [&hellip;]<\/p>\n","protected":false},"author":1,"featured_media":0,"parent":0,"menu_order":0,"comment_status":"closed","ping_status":"closed","template":"page-templates\/side-menu.php","meta":{"_bbp_topic_count":0,"_bbp_reply_count":0,"_bbp_total_topic_count":0,"_bbp_total_reply_count":0,"_bbp_voice_count":0,"_bbp_anonymous_reply_count":0,"_bbp_topic_count_hidden":0,"_bbp_reply_count_hidden":0,"_bbp_forum_subforum_count":0,"site-sidebar-layout":"default","site-content-layout":"","ast-site-content-layout":"","site-content-style":"default","site-sidebar-style":"default","ast-global-header-display":"","ast-banner-title-visibility":"","ast-main-header-display":"","ast-hfb-above-header-display":"","ast-hfb-below-header-display":"","ast-hfb-mobile-header-display":"","site-post-title":"","ast-breadcrumbs-content":"","ast-featured-img":"","footer-sml-layout":"","theme-transparent-header-meta":"","adv-header-id-meta":"","stick-header-meta":"","header-above-stick-meta":"","header-main-stick-meta":"","header-below-stick-meta":"","astra-migrate-meta-layouts":"default","ast-page-background-enabled":"default","ast-page-background-meta":{"desktop":{"background-color":"var(--ast-global-color-4)","background-image":"","background-repeat":"repeat","background-position":"center center","background-size":"auto","background-attachment":"scroll","background-type":"","background-media":"","overlay-type":"","overlay-color":"","overlay-opacity":"","overlay-gradient":""},"tablet":{"background-color":"","background-image":"","background-repeat":"repeat","background-position":"center center","background-size":"auto","background-attachment":"scroll","background-type":"","background-media":"","overlay-type":"","overlay-color":"","overlay-opacity":"","overlay-gradient":""},"mobile":{"background-color":"","background-image":"","background-repeat":"repeat","background-position":"center center","background-size":"auto","background-attachment":"scroll","background-type":"","background-media":"","overlay-type":"","overlay-color":"","overlay-opacity":"","overlay-gradient":""}},"ast-content-background-meta":{"desktop":{"background-color":"var(--ast-global-color-5)","background-image":"","background-repeat":"repeat","background-position":"center center","background-size":"auto","background-attachment":"scroll","background-type":"","background-media":"","overlay-type":"","overlay-color":"","overlay-opacity":"","overlay-gradient":""},"tablet":{"background-color":"var(--ast-global-color-5)","background-image":"","background-repeat":"repeat","background-position":"center center","background-size":"auto","background-attachment":"scroll","background-type":"","background-media":"","overlay-type":"","overlay-color":"","overlay-opacity":"","overlay-gradient":""},"mobile":{"background-color":"var(--ast-global-color-5)","background-image":"","background-repeat":"repeat","background-position":"center center","background-size":"auto","background-attachment":"scroll","background-type":"","background-media":"","overlay-type":"","overlay-color":"","overlay-opacity":"","overlay-gradient":""}},"footnotes":""},"class_list":["post-412","page","type-page","status-publish","hentry"],"post_mailing_queue_ids":[],"_links":{"self":[{"href":"https:\/\/agora.xtec.cat\/esc-josepboada\/wp-json\/wp\/v2\/pages\/412","targetHints":{"allow":["GET"]}}],"collection":[{"href":"https:\/\/agora.xtec.cat\/esc-josepboada\/wp-json\/wp\/v2\/pages"}],"about":[{"href":"https:\/\/agora.xtec.cat\/esc-josepboada\/wp-json\/wp\/v2\/types\/page"}],"author":[{"embeddable":true,"href":"https:\/\/agora.xtec.cat\/esc-josepboada\/wp-json\/wp\/v2\/users\/1"}],"replies":[{"embeddable":true,"href":"https:\/\/agora.xtec.cat\/esc-josepboada\/wp-json\/wp\/v2\/comments?post=412"}],"version-history":[{"count":3,"href":"https:\/\/agora.xtec.cat\/esc-josepboada\/wp-json\/wp\/v2\/pages\/412\/revisions"}],"predecessor-version":[{"id":4318,"href":"https:\/\/agora.xtec.cat\/esc-josepboada\/wp-json\/wp\/v2\/pages\/412\/revisions\/4318"}],"wp:attachment":[{"href":"https:\/\/agora.xtec.cat\/esc-josepboada\/wp-json\/wp\/v2\/media?parent=412"}],"curies":[{"name":"wp","href":"https:\/\/api.w.org\/{rel}","templated":true}]}}