{"id":381,"date":"2017-09-09T18:21:21","date_gmt":"2017-09-09T16:21:21","guid":{"rendered":"http:\/\/agora.xtec.cat\/esc-josepboada\/?page_id=381"},"modified":"2024-10-25T11:20:21","modified_gmt":"2024-10-25T09:20:21","slug":"imo","status":"publish","type":"page","link":"https:\/\/agora.xtec.cat\/esc-josepboada\/lescola\/salut\/imo\/","title":{"rendered":"Fundaci\u00f3 IMO"},"content":{"rendered":"<p>L&#8217;escola forma part d&#8217;un programa ocular que duu a terme la <strong>Fundaci\u00f3 IMO<\/strong> amb la col.laboraci\u00f3 de <strong>Fundaci\u00f3 La Caixa<\/strong> i <strong>C\u00e0ritas<\/strong>.<\/p>\n<p>Mitjan\u00e7ant <strong><span lang=\"ca\">exploracions oculars gratu\u00eftes<\/span><\/strong> es pot fer un diagn\u00f2stic preco\u00e7 de malalties oculars. Aquest diagn\u00f2stic <span lang=\"ca\">\u00e9s fonamental no nom\u00e9s per a una correcta integraci\u00f3 i rendiment escolar dels nens, sin\u00f3 tamb\u00e9 per establir les bases de salut ocular en l&#8217;edat adulta, ja que la visi\u00f3 que no es guanyi durant la inf\u00e0ncia no es pot recuperar un cop finalitzat el per\u00edode de desenvolupament visual (sobre els 8-10 anys). Per tant, com m\u00e9s aviat es detectin els problemes visuals m\u00e9s efectiu ser\u00e0 el seu tractament. <\/span><\/p>\n<p><span lang=\"ca\">D&#8217;aquest programa en gaudeixen els <strong>alumnes des de P3 fins a 6\u00e8.<\/strong><\/span><\/p>\n<p><span lang=\"ca\">Cada 6 mesos, la fundaci\u00f3 IMO efectua aquestes exploracions oculars i en fa el seguiment.<\/span><\/p>\n<p>La fundaci\u00f3 IMO tamb\u00e9 gestiona la gratu\u00eftat de les ulleres per als infants que les necessiten.<\/p>\n<p><a href=\"http:\/\/agora.xtec.cat\/esc-josepboada\/wp-content\/uploads\/usu628\/2017\/09\/imo3.png\"><img loading=\"lazy\" decoding=\"async\" class=\"wp-image-531 aligncenter\" src=\"http:\/\/agora.xtec.cat\/esc-josepboada\/wp-content\/uploads\/usu628\/2017\/09\/imo3.png\" alt=\"\" width=\"650\" height=\"232\" srcset=\"https:\/\/agora.xtec.cat\/esc-josepboada\/wp-content\/uploads\/usu628\/2017\/09\/imo3.png 700w, https:\/\/agora.xtec.cat\/esc-josepboada\/wp-content\/uploads\/usu628\/2017\/09\/imo3-300x107.png 300w\" sizes=\"auto, (max-width: 650px) 100vw, 650px\" \/><\/a><\/p>\n<pre id=\"tw-target-text\" class=\"tw-data-text tw-ta tw-text-small\" dir=\"ltr\" data-placeholder=\"Traducci\u00f3n\" data-fulltext=\"\"><span lang=\"ca\">\u00a0<\/span><\/pre>\n","protected":false},"excerpt":{"rendered":"<p>L&#8217;escola forma part d&#8217;un programa ocular que duu a terme la Fundaci\u00f3 IMO amb la col.laboraci\u00f3 de Fundaci\u00f3 La Caixa i C\u00e0ritas. Mitjan\u00e7ant exploracions oculars gratu\u00eftes es pot fer un diagn\u00f2stic preco\u00e7 de malalties oculars. Aquest diagn\u00f2stic \u00e9s fonamental no nom\u00e9s per a una correcta integraci\u00f3 i rendiment escolar dels nens, sin\u00f3 tamb\u00e9 per establir [&hellip;]<\/p>\n","protected":false},"author":1,"featured_media":0,"parent":486,"menu_order":0,"comment_status":"closed","ping_status":"closed","template":"page-templates\/side-menu.php","meta":{"_bbp_topic_count":0,"_bbp_reply_count":0,"_bbp_total_topic_count":0,"_bbp_total_reply_count":0,"_bbp_voice_count":0,"_bbp_anonymous_reply_count":0,"_bbp_topic_count_hidden":0,"_bbp_reply_count_hidden":0,"_bbp_forum_subforum_count":0,"site-sidebar-layout":"default","site-content-layout":"","ast-site-content-layout":"","site-content-style":"default","site-sidebar-style":"default","ast-global-header-display":"","ast-banner-title-visibility":"","ast-main-header-display":"","ast-hfb-above-header-display":"","ast-hfb-below-header-display":"","ast-hfb-mobile-header-display":"","site-post-title":"","ast-breadcrumbs-content":"","ast-featured-img":"","footer-sml-layout":"","theme-transparent-header-meta":"","adv-header-id-meta":"","stick-header-meta":"","header-above-stick-meta":"","header-main-stick-meta":"","header-below-stick-meta":"","astra-migrate-meta-layouts":"default","ast-page-background-enabled":"default","ast-page-background-meta":{"desktop":{"background-color":"var(--ast-global-color-4)","background-image":"","background-repeat":"repeat","background-position":"center center","background-size":"auto","background-attachment":"scroll","background-type":"","background-media":"","overlay-type":"","overlay-color":"","overlay-opacity":"","overlay-gradient":""},"tablet":{"background-color":"","background-image":"","background-repeat":"repeat","background-position":"center center","background-size":"auto","background-attachment":"scroll","background-type":"","background-media":"","overlay-type":"","overlay-color":"","overlay-opacity":"","overlay-gradient":""},"mobile":{"background-color":"","background-image":"","background-repeat":"repeat","background-position":"center center","background-size":"auto","background-attachment":"scroll","background-type":"","background-media":"","overlay-type":"","overlay-color":"","overlay-opacity":"","overlay-gradient":""}},"ast-content-background-meta":{"desktop":{"background-color":"var(--ast-global-color-5)","background-image":"","background-repeat":"repeat","background-position":"center center","background-size":"auto","background-attachment":"scroll","background-type":"","background-media":"","overlay-type":"","overlay-color":"","overlay-opacity":"","overlay-gradient":""},"tablet":{"background-color":"var(--ast-global-color-5)","background-image":"","background-repeat":"repeat","background-position":"center center","background-size":"auto","background-attachment":"scroll","background-type":"","background-media":"","overlay-type":"","overlay-color":"","overlay-opacity":"","overlay-gradient":""},"mobile":{"background-color":"var(--ast-global-color-5)","background-image":"","background-repeat":"repeat","background-position":"center center","background-size":"auto","background-attachment":"scroll","background-type":"","background-media":"","overlay-type":"","overlay-color":"","overlay-opacity":"","overlay-gradient":""}},"footnotes":""},"class_list":["post-381","page","type-page","status-publish","hentry"],"post_mailing_queue_ids":[],"_links":{"self":[{"href":"https:\/\/agora.xtec.cat\/esc-josepboada\/wp-json\/wp\/v2\/pages\/381","targetHints":{"allow":["GET"]}}],"collection":[{"href":"https:\/\/agora.xtec.cat\/esc-josepboada\/wp-json\/wp\/v2\/pages"}],"about":[{"href":"https:\/\/agora.xtec.cat\/esc-josepboada\/wp-json\/wp\/v2\/types\/page"}],"author":[{"embeddable":true,"href":"https:\/\/agora.xtec.cat\/esc-josepboada\/wp-json\/wp\/v2\/users\/1"}],"replies":[{"embeddable":true,"href":"https:\/\/agora.xtec.cat\/esc-josepboada\/wp-json\/wp\/v2\/comments?post=381"}],"version-history":[{"count":5,"href":"https:\/\/agora.xtec.cat\/esc-josepboada\/wp-json\/wp\/v2\/pages\/381\/revisions"}],"predecessor-version":[{"id":4302,"href":"https:\/\/agora.xtec.cat\/esc-josepboada\/wp-json\/wp\/v2\/pages\/381\/revisions\/4302"}],"up":[{"embeddable":true,"href":"https:\/\/agora.xtec.cat\/esc-josepboada\/wp-json\/wp\/v2\/pages\/486"}],"wp:attachment":[{"href":"https:\/\/agora.xtec.cat\/esc-josepboada\/wp-json\/wp\/v2\/media?parent=381"}],"curies":[{"name":"wp","href":"https:\/\/api.w.org\/{rel}","templated":true}]}}