{"id":367,"date":"2017-09-09T18:18:44","date_gmt":"2017-09-09T16:18:44","guid":{"rendered":"http:\/\/agora.xtec.cat\/esc-josepboada\/?page_id=367"},"modified":"2024-10-27T18:46:36","modified_gmt":"2024-10-27T17:46:36","slug":"aula-dacollida","status":"publish","type":"page","link":"https:\/\/agora.xtec.cat\/esc-josepboada\/com-treballem\/aula-dacollida\/","title":{"rendered":"Aula d&#8217;acollida"},"content":{"rendered":"<p><span style=\"color: #c708b4;\"><strong>En qu\u00e8 consisteix?<\/strong><\/span><\/p>\n<p>Aquesta aula \u00e9s un espai d\u2019acollida i acompanyament dels alumnes que han arribat recentment. Un espai de relaci\u00f3, intercanvi i comunicaci\u00f3 de nens que provenen de pa\u00efsos on es parla una llengua diferent a la del centre educatiu. L\u2019objectiu principal de l&#8217;aula d&#8217;acollida \u00e9s poder practicar la nova llengua amb diverses estrat\u00e8gies tan afectives com comunicatives.<\/p>\n<p>Cada aula t\u00e9 una dotaci\u00f3 inform\u00e0tica de quatre ordinadors amb programes que permeten interactuar i que s\u2019adapten a la realitat ling\u00fc\u00edstica de cada alumne.<\/p>\n<p><a href=\"http:\/\/agora.xtec.cat\/esc-josepboada\/wp-content\/uploads\/usu628\/2017\/09\/aula-acollida.jpg\"><img loading=\"lazy\" decoding=\"async\" class=\"wp-image-464 aligncenter\" src=\"http:\/\/agora.xtec.cat\/esc-josepboada\/wp-content\/uploads\/usu628\/2017\/09\/aula-acollida-1024x768.jpg\" alt=\"\" width=\"521\" height=\"391\" srcset=\"https:\/\/agora.xtec.cat\/esc-josepboada\/wp-content\/uploads\/usu628\/2017\/09\/aula-acollida-1024x768.jpg 1024w, https:\/\/agora.xtec.cat\/esc-josepboada\/wp-content\/uploads\/usu628\/2017\/09\/aula-acollida-300x225.jpg 300w, https:\/\/agora.xtec.cat\/esc-josepboada\/wp-content\/uploads\/usu628\/2017\/09\/aula-acollida-768x576.jpg 768w, https:\/\/agora.xtec.cat\/esc-josepboada\/wp-content\/uploads\/usu628\/2017\/09\/aula-acollida-200x150.jpg 200w, https:\/\/agora.xtec.cat\/esc-josepboada\/wp-content\/uploads\/usu628\/2017\/09\/aula-acollida.jpg 1280w\" sizes=\"auto, (max-width: 521px) 100vw, 521px\" \/><\/a><\/p>\n<p>L\u2019Aula d\u2019Acollida no sempre t\u00e9 el mateix nombre d\u2019alumnes ni sempre assisteixen els mateixos alumnes. \u00c9s un aula oberta i flexible assumint les cont\u00ednues incorporacions.<\/p>\n<p>Cada alumne \u00e9s adscrit a un grup classe, el que li correspon per edat cronol\u00f2gica. Com en el grup classe no seguiria els aprenentatges perqu\u00e8 no coneix la llengua de l\u2019escola, en les hores que en el grup s\u2019imparteixen \u00e0rees que no pot seguir va a l\u2019Aula d\u2019Acollida. Per tant, cada alumne t\u00e9 l\u2019horari del seu grup i quan es considera que no pot seguir per raons ling\u00fc\u00edstiques la mat\u00e8ria, acudeix a l\u2019Aula d\u2019Acollida.<\/p>\n<p>El tutor de l\u2019Aula d\u2019Acollida es coordinar\u00e0 amb el tutor del grup classe per parlar sobre l\u2019acci\u00f3 tutorial i es coordinar\u00e0 amb el professor de cada assignatura quan l&#8217;alumne d&#8217;aula d&#8217;acollida s\u2019incorpori a l\u2019aula ordin\u00e0ria.<\/p>\n<p><span style=\"color: #c708b4;\"><strong>Quins alumnes poden assistir?<\/strong><\/span><\/p>\n<p>Els alumnes de prim\u00e0ria que hagin arribat a Catalunya durant els dos \u00faltims anys.<\/p>\n<p>L\u2019objectiu \u00e9s proporcionar-los una atenci\u00f3 adequada a les seves necessitats emocionals i ling\u00fc\u00edstiques sense perdre el contacte amb el grup classe en el qual estan adscrits.<\/p>\n<p><span style=\"color: #c708b4;\"><strong>Quantes hores poden assistir?<\/strong><\/span><\/p>\n<p>Cada alumne pot assistir les hores que necessiti, es recomana que en algunes classes, s\u2019incorpori al grup on est\u00e0 matriculat.<\/p>\n<p>Els altres alumnes han d\u2019identificar-los com a alumnes del seu grup, no d\u2019un grup apart.<\/p>\n<p>&nbsp;<\/p>\n<p><a href=\"http:\/\/agora.xtec.cat\/esc-josepboada\/wp-content\/uploads\/usu628\/2017\/09\/nens-del-m\u00f3n.jpg\"><img loading=\"lazy\" decoding=\"async\" class=\"size-full wp-image-1006 aligncenter\" src=\"http:\/\/agora.xtec.cat\/esc-josepboada\/wp-content\/uploads\/usu628\/2017\/09\/nens-del-m\u00f3n.jpg\" alt=\"\" width=\"820\" height=\"433\" srcset=\"https:\/\/agora.xtec.cat\/esc-josepboada\/wp-content\/uploads\/usu628\/2017\/09\/nens-del-m\u00f3n.jpg 820w, https:\/\/agora.xtec.cat\/esc-josepboada\/wp-content\/uploads\/usu628\/2017\/09\/nens-del-m\u00f3n-300x158.jpg 300w, https:\/\/agora.xtec.cat\/esc-josepboada\/wp-content\/uploads\/usu628\/2017\/09\/nens-del-m\u00f3n-768x406.jpg 768w\" sizes=\"auto, (max-width: 820px) 100vw, 820px\" \/><\/a><\/p>\n<p>&nbsp;<\/p>\n<p>&nbsp;<\/p>\n","protected":false},"excerpt":{"rendered":"<p>En qu\u00e8 consisteix? Aquesta aula \u00e9s un espai d\u2019acollida i acompanyament dels alumnes que han arribat recentment. Un espai de relaci\u00f3, intercanvi i comunicaci\u00f3 de nens que provenen de pa\u00efsos on es parla una llengua diferent a la del centre educatiu. L\u2019objectiu principal de l&#8217;aula d&#8217;acollida \u00e9s poder practicar la nova llengua amb diverses estrat\u00e8gies [&hellip;]<\/p>\n","protected":false},"author":1,"featured_media":0,"parent":412,"menu_order":0,"comment_status":"closed","ping_status":"closed","template":"page-templates\/side-menu.php","meta":{"_bbp_topic_count":0,"_bbp_reply_count":0,"_bbp_total_topic_count":0,"_bbp_total_reply_count":0,"_bbp_voice_count":0,"_bbp_anonymous_reply_count":0,"_bbp_topic_count_hidden":0,"_bbp_reply_count_hidden":0,"_bbp_forum_subforum_count":0,"site-sidebar-layout":"default","site-content-layout":"","ast-site-content-layout":"","site-content-style":"default","site-sidebar-style":"default","ast-global-header-display":"","ast-banner-title-visibility":"","ast-main-header-display":"","ast-hfb-above-header-display":"","ast-hfb-below-header-display":"","ast-hfb-mobile-header-display":"","site-post-title":"","ast-breadcrumbs-content":"","ast-featured-img":"","footer-sml-layout":"","theme-transparent-header-meta":"","adv-header-id-meta":"","stick-header-meta":"","header-above-stick-meta":"","header-main-stick-meta":"","header-below-stick-meta":"","astra-migrate-meta-layouts":"default","ast-page-background-enabled":"default","ast-page-background-meta":{"desktop":{"background-color":"var(--ast-global-color-4)","background-image":"","background-repeat":"repeat","background-position":"center center","background-size":"auto","background-attachment":"scroll","background-type":"","background-media":"","overlay-type":"","overlay-color":"","overlay-opacity":"","overlay-gradient":""},"tablet":{"background-color":"","background-image":"","background-repeat":"repeat","background-position":"center center","background-size":"auto","background-attachment":"scroll","background-type":"","background-media":"","overlay-type":"","overlay-color":"","overlay-opacity":"","overlay-gradient":""},"mobile":{"background-color":"","background-image":"","background-repeat":"repeat","background-position":"center center","background-size":"auto","background-attachment":"scroll","background-type":"","background-media":"","overlay-type":"","overlay-color":"","overlay-opacity":"","overlay-gradient":""}},"ast-content-background-meta":{"desktop":{"background-color":"var(--ast-global-color-5)","background-image":"","background-repeat":"repeat","background-position":"center center","background-size":"auto","background-attachment":"scroll","background-type":"","background-media":"","overlay-type":"","overlay-color":"","overlay-opacity":"","overlay-gradient":""},"tablet":{"background-color":"var(--ast-global-color-5)","background-image":"","background-repeat":"repeat","background-position":"center center","background-size":"auto","background-attachment":"scroll","background-type":"","background-media":"","overlay-type":"","overlay-color":"","overlay-opacity":"","overlay-gradient":""},"mobile":{"background-color":"var(--ast-global-color-5)","background-image":"","background-repeat":"repeat","background-position":"center center","background-size":"auto","background-attachment":"scroll","background-type":"","background-media":"","overlay-type":"","overlay-color":"","overlay-opacity":"","overlay-gradient":""}},"footnotes":""},"class_list":["post-367","page","type-page","status-publish","hentry"],"post_mailing_queue_ids":[],"_links":{"self":[{"href":"https:\/\/agora.xtec.cat\/esc-josepboada\/wp-json\/wp\/v2\/pages\/367","targetHints":{"allow":["GET"]}}],"collection":[{"href":"https:\/\/agora.xtec.cat\/esc-josepboada\/wp-json\/wp\/v2\/pages"}],"about":[{"href":"https:\/\/agora.xtec.cat\/esc-josepboada\/wp-json\/wp\/v2\/types\/page"}],"author":[{"embeddable":true,"href":"https:\/\/agora.xtec.cat\/esc-josepboada\/wp-json\/wp\/v2\/users\/1"}],"replies":[{"embeddable":true,"href":"https:\/\/agora.xtec.cat\/esc-josepboada\/wp-json\/wp\/v2\/comments?post=367"}],"version-history":[{"count":3,"href":"https:\/\/agora.xtec.cat\/esc-josepboada\/wp-json\/wp\/v2\/pages\/367\/revisions"}],"predecessor-version":[{"id":1008,"href":"https:\/\/agora.xtec.cat\/esc-josepboada\/wp-json\/wp\/v2\/pages\/367\/revisions\/1008"}],"up":[{"embeddable":true,"href":"https:\/\/agora.xtec.cat\/esc-josepboada\/wp-json\/wp\/v2\/pages\/412"}],"wp:attachment":[{"href":"https:\/\/agora.xtec.cat\/esc-josepboada\/wp-json\/wp\/v2\/media?parent=367"}],"curies":[{"name":"wp","href":"https:\/\/api.w.org\/{rel}","templated":true}]}}