{"id":363,"date":"2017-09-09T18:18:08","date_gmt":"2017-09-09T16:18:08","guid":{"rendered":"http:\/\/agora.xtec.cat\/esc-josepboada\/?page_id=363"},"modified":"2024-10-27T18:46:36","modified_gmt":"2024-10-27T17:46:36","slug":"capses-de-projectes","status":"publish","type":"page","link":"https:\/\/agora.xtec.cat\/esc-josepboada\/com-treballem\/capses-de-projectes\/","title":{"rendered":"Capses d&#8217;aprenentatge"},"content":{"rendered":"<p><strong><span style=\"color: #e034e0;\">QU\u00c8 S\u00d3N LES CAPSES D&#8217;APRENENTATGE?<\/span><br \/>\n<\/strong><\/p>\n<p>S\u00f3n una nova manera de treballar l\u2019\u00e0mbit de medi natural i social, en que es treballa amb grups de treball, i cada grup t\u00e9 una capsa on troba les tasques que ha d\u2019anar realitzant.<\/p>\n<p>Dins de cada capsa, troben les instruccions que han d\u2019anar seguint per completar la capsa, i tot el material que necessiten per dur-la a terme.<\/p>\n<p><span style=\"color: #e034e0;\"><strong>PER QU\u00c8 LES FEM?<\/strong><\/span><\/p>\n<p>Perqu\u00e8 el nou curr\u00edculum del departament d\u2019Ensenyament, demana que es vagi actualitzant i modernitzant les metodologies de treball amb els infants a l\u2019aula, per fomentar les compet\u00e8ncies que necessitaran aquests alumnes quan acabin l\u2019escolaritzaci\u00f3 obligat\u00f2ria. I a m\u00e9s, fer que el proc\u00e9s d\u2019aprenentatge dels alumnes sigui m\u00e9s atractiu i significatiu per ells.<\/p>\n<p><span style=\"color: #e034e0;\"><strong>QUI HI PARTICIPA?<\/strong><\/span><\/p>\n<p>Els tutors i alguns mestres de refor\u00e7. I evidentment els alumnes de cada curs que es treballa.<\/p>\n<p>Ara mateix a Cicle Inicial \u00e9s fa una iniciaci\u00f3 a les capses i a Cicle Mitj\u00e0 i Cicle Superior \u00e9s on s\u2019estan treballant de forma m\u00e9s completa.<\/p>\n<p><span style=\"color: #e034e0;\"><strong>QUAN ES FAN?<\/strong><\/span><\/p>\n<p>Es duen a terme a les hores programades de medi social i natural. Entre 3 i 4 hores a la setmana.<\/p>\n<p><span style=\"color: #e034e0;\"><strong>QUINS \u00c0MBITS ES TREBALLEN MITJAN\u00c7ANT LES CAPSES D&#8217;APRENENTATGE?<\/strong><\/span><\/p>\n<p>Ara principalment es treballa l\u2019\u00e0mbit de medi, per\u00f2 indirectament trobem activitats en qu\u00e8 es fomenten i treballen tots els \u00e0mbits que fem a l\u2019escola, com: el matem\u00e0tic, ling\u00fc\u00edstic, valors, noves tecnologies, iniciativa i emprenedoria, etc.<\/p>\n<p>La intenci\u00f3 \u00e9s anar transformant el treball anal\u00edtic per \u00e0rees a un treball m\u00e9s globalitzat combinant diferents \u00e0mbits en una mateixa franja hor\u00e0ria i activitat. Ja sigui mitjan\u00e7ant les capses de projectes m\u00e9s globals i propostes d\u2019aprenentatge.<\/p>\n","protected":false},"excerpt":{"rendered":"<p>QU\u00c8 S\u00d3N LES CAPSES D&#8217;APRENENTATGE? S\u00f3n una nova manera de treballar l\u2019\u00e0mbit de medi natural i social, en que es treballa amb grups de treball, i cada grup t\u00e9 una capsa on troba les tasques que ha d\u2019anar realitzant. Dins de cada capsa, troben les instruccions que han d\u2019anar seguint per completar la capsa, i [&hellip;]<\/p>\n","protected":false},"author":1,"featured_media":0,"parent":412,"menu_order":0,"comment_status":"closed","ping_status":"closed","template":"page-templates\/side-menu.php","meta":{"_bbp_topic_count":0,"_bbp_reply_count":0,"_bbp_total_topic_count":0,"_bbp_total_reply_count":0,"_bbp_voice_count":0,"_bbp_anonymous_reply_count":0,"_bbp_topic_count_hidden":0,"_bbp_reply_count_hidden":0,"_bbp_forum_subforum_count":0,"site-sidebar-layout":"default","site-content-layout":"","ast-site-content-layout":"","site-content-style":"default","site-sidebar-style":"default","ast-global-header-display":"","ast-banner-title-visibility":"","ast-main-header-display":"","ast-hfb-above-header-display":"","ast-hfb-below-header-display":"","ast-hfb-mobile-header-display":"","site-post-title":"","ast-breadcrumbs-content":"","ast-featured-img":"","footer-sml-layout":"","theme-transparent-header-meta":"","adv-header-id-meta":"","stick-header-meta":"","header-above-stick-meta":"","header-main-stick-meta":"","header-below-stick-meta":"","astra-migrate-meta-layouts":"default","ast-page-background-enabled":"default","ast-page-background-meta":{"desktop":{"background-color":"var(--ast-global-color-4)","background-image":"","background-repeat":"repeat","background-position":"center center","background-size":"auto","background-attachment":"scroll","background-type":"","background-media":"","overlay-type":"","overlay-color":"","overlay-opacity":"","overlay-gradient":""},"tablet":{"background-color":"","background-image":"","background-repeat":"repeat","background-position":"center center","background-size":"auto","background-attachment":"scroll","background-type":"","background-media":"","overlay-type":"","overlay-color":"","overlay-opacity":"","overlay-gradient":""},"mobile":{"background-color":"","background-image":"","background-repeat":"repeat","background-position":"center center","background-size":"auto","background-attachment":"scroll","background-type":"","background-media":"","overlay-type":"","overlay-color":"","overlay-opacity":"","overlay-gradient":""}},"ast-content-background-meta":{"desktop":{"background-color":"var(--ast-global-color-5)","background-image":"","background-repeat":"repeat","background-position":"center center","background-size":"auto","background-attachment":"scroll","background-type":"","background-media":"","overlay-type":"","overlay-color":"","overlay-opacity":"","overlay-gradient":""},"tablet":{"background-color":"var(--ast-global-color-5)","background-image":"","background-repeat":"repeat","background-position":"center center","background-size":"auto","background-attachment":"scroll","background-type":"","background-media":"","overlay-type":"","overlay-color":"","overlay-opacity":"","overlay-gradient":""},"mobile":{"background-color":"var(--ast-global-color-5)","background-image":"","background-repeat":"repeat","background-position":"center center","background-size":"auto","background-attachment":"scroll","background-type":"","background-media":"","overlay-type":"","overlay-color":"","overlay-opacity":"","overlay-gradient":""}},"footnotes":""},"class_list":["post-363","page","type-page","status-publish","hentry"],"post_mailing_queue_ids":[],"_links":{"self":[{"href":"https:\/\/agora.xtec.cat\/esc-josepboada\/wp-json\/wp\/v2\/pages\/363","targetHints":{"allow":["GET"]}}],"collection":[{"href":"https:\/\/agora.xtec.cat\/esc-josepboada\/wp-json\/wp\/v2\/pages"}],"about":[{"href":"https:\/\/agora.xtec.cat\/esc-josepboada\/wp-json\/wp\/v2\/types\/page"}],"author":[{"embeddable":true,"href":"https:\/\/agora.xtec.cat\/esc-josepboada\/wp-json\/wp\/v2\/users\/1"}],"replies":[{"embeddable":true,"href":"https:\/\/agora.xtec.cat\/esc-josepboada\/wp-json\/wp\/v2\/comments?post=363"}],"version-history":[{"count":6,"href":"https:\/\/agora.xtec.cat\/esc-josepboada\/wp-json\/wp\/v2\/pages\/363\/revisions"}],"predecessor-version":[{"id":4298,"href":"https:\/\/agora.xtec.cat\/esc-josepboada\/wp-json\/wp\/v2\/pages\/363\/revisions\/4298"}],"up":[{"embeddable":true,"href":"https:\/\/agora.xtec.cat\/esc-josepboada\/wp-json\/wp\/v2\/pages\/412"}],"wp:attachment":[{"href":"https:\/\/agora.xtec.cat\/esc-josepboada\/wp-json\/wp\/v2\/media?parent=363"}],"curies":[{"name":"wp","href":"https:\/\/api.w.org\/{rel}","templated":true}]}}