{"id":1535,"date":"2019-06-16T11:09:20","date_gmt":"2019-06-16T09:09:20","guid":{"rendered":"http:\/\/agora.xtec.cat\/esc-josepboada\/?page_id=1535"},"modified":"2024-10-27T18:46:36","modified_gmt":"2024-10-27T17:46:36","slug":"english-day","status":"publish","type":"page","link":"https:\/\/agora.xtec.cat\/esc-josepboada\/activitats-amb-altres-escoles\/english-day\/","title":{"rendered":"English Day"},"content":{"rendered":"<p><span style=\"display: inline !important; float: none; background-color: #ffffff; color: #222222; cursor: text; direction: ltr; font-family: 'Helvetica Neue','Helvetica',Helvetica,Arial,sans-serif; font-size: 16px; font-style: normal; font-variant: normal; font-weight: 400; letter-spacing: normal; orphans: 2; text-align: left; text-decoration: none; text-indent: 0px; text-transform: none; -webkit-text-stroke-width: 0px; white-space: normal; word-spacing: 0px;\"><strong>The English Day<\/strong> \u00e9s una activitat innovadora, l\u00fadica i participativa que fomenta l\u2019aprenentatge comunicatiu de la llengua anglesa amb l\u2019objectiu de millorar la comprensi\u00f3 i l\u2019expressi\u00f3 oral i facilitar l\u2019intercanvi entre alumnes de diferents escoles.<\/span><\/p>\n<p>Els alumnes que hi participen s\u00f3n els de <strong>4t de prim\u00e0ria<\/strong>. Els participants s\u00f3n dividits en grups heterogenis formats per alumnes d&#8217;altres escoles de Badalona i participen en una s\u00e8rie d&#8217;activitats en les quals l&#8217;angl\u00e8s \u00e9s la llengua vehicular. Cada activitat dura uns 10 minuts i cada grup va rotant fins a completar 5 activitats diferents.<\/p>\n<p>Com a conclusi\u00f3 de l&#8217;activitat, tots els alumnes ballen junts la can\u00e7\u00f3 <em>The lemon tree <\/em>(Fools garden) i finalment esmorzen.<\/p>\n<p>Els nostres\u00a0alumnes hi participen des del curs 2017-2018<\/p>\n","protected":false},"excerpt":{"rendered":"<p>The English Day \u00e9s una activitat innovadora, l\u00fadica i participativa que fomenta l\u2019aprenentatge comunicatiu de la llengua anglesa amb l\u2019objectiu de millorar la comprensi\u00f3 i l\u2019expressi\u00f3 oral i facilitar l\u2019intercanvi entre alumnes de diferents escoles. Els alumnes que hi participen s\u00f3n els de 4t de prim\u00e0ria. Els participants s\u00f3n dividits en grups heterogenis formats per [&hellip;]<\/p>\n","protected":false},"author":1,"featured_media":0,"parent":383,"menu_order":0,"comment_status":"closed","ping_status":"closed","template":"page-templates\/side-menu.php","meta":{"_bbp_topic_count":0,"_bbp_reply_count":0,"_bbp_total_topic_count":0,"_bbp_total_reply_count":0,"_bbp_voice_count":0,"_bbp_anonymous_reply_count":0,"_bbp_topic_count_hidden":0,"_bbp_reply_count_hidden":0,"_bbp_forum_subforum_count":0,"site-sidebar-layout":"default","site-content-layout":"","ast-site-content-layout":"","site-content-style":"default","site-sidebar-style":"default","ast-global-header-display":"","ast-banner-title-visibility":"","ast-main-header-display":"","ast-hfb-above-header-display":"","ast-hfb-below-header-display":"","ast-hfb-mobile-header-display":"","site-post-title":"","ast-breadcrumbs-content":"","ast-featured-img":"","footer-sml-layout":"","theme-transparent-header-meta":"","adv-header-id-meta":"","stick-header-meta":"","header-above-stick-meta":"","header-main-stick-meta":"","header-below-stick-meta":"","astra-migrate-meta-layouts":"default","ast-page-background-enabled":"default","ast-page-background-meta":{"desktop":{"background-color":"var(--ast-global-color-4)","background-image":"","background-repeat":"repeat","background-position":"center center","background-size":"auto","background-attachment":"scroll","background-type":"","background-media":"","overlay-type":"","overlay-color":"","overlay-opacity":"","overlay-gradient":""},"tablet":{"background-color":"","background-image":"","background-repeat":"repeat","background-position":"center center","background-size":"auto","background-attachment":"scroll","background-type":"","background-media":"","overlay-type":"","overlay-color":"","overlay-opacity":"","overlay-gradient":""},"mobile":{"background-color":"","background-image":"","background-repeat":"repeat","background-position":"center center","background-size":"auto","background-attachment":"scroll","background-type":"","background-media":"","overlay-type":"","overlay-color":"","overlay-opacity":"","overlay-gradient":""}},"ast-content-background-meta":{"desktop":{"background-color":"var(--ast-global-color-5)","background-image":"","background-repeat":"repeat","background-position":"center center","background-size":"auto","background-attachment":"scroll","background-type":"","background-media":"","overlay-type":"","overlay-color":"","overlay-opacity":"","overlay-gradient":""},"tablet":{"background-color":"var(--ast-global-color-5)","background-image":"","background-repeat":"repeat","background-position":"center center","background-size":"auto","background-attachment":"scroll","background-type":"","background-media":"","overlay-type":"","overlay-color":"","overlay-opacity":"","overlay-gradient":""},"mobile":{"background-color":"var(--ast-global-color-5)","background-image":"","background-repeat":"repeat","background-position":"center center","background-size":"auto","background-attachment":"scroll","background-type":"","background-media":"","overlay-type":"","overlay-color":"","overlay-opacity":"","overlay-gradient":""}},"footnotes":""},"class_list":["post-1535","page","type-page","status-publish","hentry"],"post_mailing_queue_ids":[],"_links":{"self":[{"href":"https:\/\/agora.xtec.cat\/esc-josepboada\/wp-json\/wp\/v2\/pages\/1535","targetHints":{"allow":["GET"]}}],"collection":[{"href":"https:\/\/agora.xtec.cat\/esc-josepboada\/wp-json\/wp\/v2\/pages"}],"about":[{"href":"https:\/\/agora.xtec.cat\/esc-josepboada\/wp-json\/wp\/v2\/types\/page"}],"author":[{"embeddable":true,"href":"https:\/\/agora.xtec.cat\/esc-josepboada\/wp-json\/wp\/v2\/users\/1"}],"replies":[{"embeddable":true,"href":"https:\/\/agora.xtec.cat\/esc-josepboada\/wp-json\/wp\/v2\/comments?post=1535"}],"version-history":[{"count":4,"href":"https:\/\/agora.xtec.cat\/esc-josepboada\/wp-json\/wp\/v2\/pages\/1535\/revisions"}],"predecessor-version":[{"id":4300,"href":"https:\/\/agora.xtec.cat\/esc-josepboada\/wp-json\/wp\/v2\/pages\/1535\/revisions\/4300"}],"up":[{"embeddable":true,"href":"https:\/\/agora.xtec.cat\/esc-josepboada\/wp-json\/wp\/v2\/pages\/383"}],"wp:attachment":[{"href":"https:\/\/agora.xtec.cat\/esc-josepboada\/wp-json\/wp\/v2\/media?parent=1535"}],"curies":[{"name":"wp","href":"https:\/\/api.w.org\/{rel}","templated":true}]}}