{"id":1416,"date":"2019-04-08T18:30:53","date_gmt":"2019-04-08T16:30:53","guid":{"rendered":"http:\/\/agora.xtec.cat\/esc-josepboada\/?page_id=1416"},"modified":"2024-10-27T18:46:36","modified_gmt":"2024-10-27T17:46:36","slug":"que-lescola-tacompanyi","status":"publish","type":"page","link":"https:\/\/agora.xtec.cat\/esc-josepboada\/activitats-amb-altres-escoles\/que-lescola-tacompanyi\/","title":{"rendered":"Que l&#8217;escola t&#8217;acompanyi"},"content":{"rendered":"<p><a href=\"https:\/\/agora.xtec.cat\/esc-josepboada\/wp-content\/uploads\/usu628\/2019\/04\/centre-sant-jaume.png\"><img loading=\"lazy\" decoding=\"async\" class=\"size-full wp-image-1419 aligncenter\" src=\"https:\/\/agora.xtec.cat\/esc-josepboada\/wp-content\/uploads\/usu628\/2019\/04\/centre-sant-jaume.png\" alt=\"\" width=\"414\" height=\"97\" srcset=\"https:\/\/agora.xtec.cat\/esc-josepboada\/wp-content\/uploads\/usu628\/2019\/04\/centre-sant-jaume.png 414w, https:\/\/agora.xtec.cat\/esc-josepboada\/wp-content\/uploads\/usu628\/2019\/04\/centre-sant-jaume-300x70.png 300w\" sizes=\"auto, (max-width: 414px) 100vw, 414px\" \/><\/a><\/p>\n<p style=\"text-align: left;\">El <strong>Centre Sant Jaume<\/strong> llen\u00e7a una campanya de sensibilitzaci\u00f3 des de l\u2019\u00f2ptica de l\u2019\u00e8xit escolar. Els <strong>infants de Badalona Sud<\/strong> s\u00f3n els principals beneficiaris d\u2019aquesta campanya. Badalona Sud \u00e9s un territori amb un percentatge significatiu d\u2019absentisme. Els professionals de l\u2019educaci\u00f3 coincideixen en la necessitat de difondre i explicar quins s\u00f3n els beneficis d\u2019anar a l\u2019escola.<\/p>\n<p>La campanya porta com a nom:<\/p>\n<p><a href=\"https:\/\/agora.xtec.cat\/esc-josepboada\/wp-content\/uploads\/usu628\/2019\/04\/logo.png\"><img loading=\"lazy\" decoding=\"async\" class=\"alignnone  wp-image-1421\" src=\"https:\/\/agora.xtec.cat\/esc-josepboada\/wp-content\/uploads\/usu628\/2019\/04\/logo.png\" alt=\"\" width=\"366\" height=\"151\" srcset=\"https:\/\/agora.xtec.cat\/esc-josepboada\/wp-content\/uploads\/usu628\/2019\/04\/logo.png 562w, https:\/\/agora.xtec.cat\/esc-josepboada\/wp-content\/uploads\/usu628\/2019\/04\/logo-300x124.png 300w\" sizes=\"auto, (max-width: 366px) 100vw, 366px\" \/><\/a><\/p>\n<p style=\"text-align: left;\">Diferents agents del territori mostraran el seu comprom\u00eds amb l\u2019escolaritzaci\u00f3. S\u2019hi han implicat infants, fam\u00edlies, docents, educadors, escoles, serveis socials, professionals de la salut, entitats, establiments, comer\u00e7os i ve\u00efns del territori. Es tracta d\u2019una campanya participativa perqu\u00e8 \u00e9s la comunitat, en conjunt, la que educa.<\/p>\n<p>El contingut de la campanya \u00e9s el resultat d\u2019un per\u00edode de consulta realitzat des del Centre Sant Jaume a la comunitat educativa de <strong>l\u2019Escola Baldomer Sol\u00e0, l\u2019Escola Josep Boada i el Col\u00b7legi Lestonnac de Badalona.<\/strong> M\u00e9s d\u2019un centenar de persones han participat en aquesta fase prospectiva, d\u2019escolta i d\u2019intercanvi.<\/p>\n","protected":false},"excerpt":{"rendered":"<p>El Centre Sant Jaume llen\u00e7a una campanya de sensibilitzaci\u00f3 des de l\u2019\u00f2ptica de l\u2019\u00e8xit escolar. Els infants de Badalona Sud s\u00f3n els principals beneficiaris d\u2019aquesta campanya. Badalona Sud \u00e9s un territori amb un percentatge significatiu d\u2019absentisme. Els professionals de l\u2019educaci\u00f3 coincideixen en la necessitat de difondre i explicar quins s\u00f3n els beneficis d\u2019anar a l\u2019escola. [&hellip;]<\/p>\n","protected":false},"author":1,"featured_media":0,"parent":383,"menu_order":0,"comment_status":"closed","ping_status":"closed","template":"page-templates\/side-menu.php","meta":{"_bbp_topic_count":0,"_bbp_reply_count":0,"_bbp_total_topic_count":0,"_bbp_total_reply_count":0,"_bbp_voice_count":0,"_bbp_anonymous_reply_count":0,"_bbp_topic_count_hidden":0,"_bbp_reply_count_hidden":0,"_bbp_forum_subforum_count":0,"site-sidebar-layout":"default","site-content-layout":"","ast-site-content-layout":"","site-content-style":"default","site-sidebar-style":"default","ast-global-header-display":"","ast-banner-title-visibility":"","ast-main-header-display":"","ast-hfb-above-header-display":"","ast-hfb-below-header-display":"","ast-hfb-mobile-header-display":"","site-post-title":"","ast-breadcrumbs-content":"","ast-featured-img":"","footer-sml-layout":"","theme-transparent-header-meta":"","adv-header-id-meta":"","stick-header-meta":"","header-above-stick-meta":"","header-main-stick-meta":"","header-below-stick-meta":"","astra-migrate-meta-layouts":"default","ast-page-background-enabled":"default","ast-page-background-meta":{"desktop":{"background-color":"var(--ast-global-color-4)","background-image":"","background-repeat":"repeat","background-position":"center center","background-size":"auto","background-attachment":"scroll","background-type":"","background-media":"","overlay-type":"","overlay-color":"","overlay-opacity":"","overlay-gradient":""},"tablet":{"background-color":"","background-image":"","background-repeat":"repeat","background-position":"center center","background-size":"auto","background-attachment":"scroll","background-type":"","background-media":"","overlay-type":"","overlay-color":"","overlay-opacity":"","overlay-gradient":""},"mobile":{"background-color":"","background-image":"","background-repeat":"repeat","background-position":"center center","background-size":"auto","background-attachment":"scroll","background-type":"","background-media":"","overlay-type":"","overlay-color":"","overlay-opacity":"","overlay-gradient":""}},"ast-content-background-meta":{"desktop":{"background-color":"var(--ast-global-color-5)","background-image":"","background-repeat":"repeat","background-position":"center center","background-size":"auto","background-attachment":"scroll","background-type":"","background-media":"","overlay-type":"","overlay-color":"","overlay-opacity":"","overlay-gradient":""},"tablet":{"background-color":"var(--ast-global-color-5)","background-image":"","background-repeat":"repeat","background-position":"center center","background-size":"auto","background-attachment":"scroll","background-type":"","background-media":"","overlay-type":"","overlay-color":"","overlay-opacity":"","overlay-gradient":""},"mobile":{"background-color":"var(--ast-global-color-5)","background-image":"","background-repeat":"repeat","background-position":"center center","background-size":"auto","background-attachment":"scroll","background-type":"","background-media":"","overlay-type":"","overlay-color":"","overlay-opacity":"","overlay-gradient":""}},"footnotes":""},"class_list":["post-1416","page","type-page","status-publish","hentry"],"post_mailing_queue_ids":[],"_links":{"self":[{"href":"https:\/\/agora.xtec.cat\/esc-josepboada\/wp-json\/wp\/v2\/pages\/1416","targetHints":{"allow":["GET"]}}],"collection":[{"href":"https:\/\/agora.xtec.cat\/esc-josepboada\/wp-json\/wp\/v2\/pages"}],"about":[{"href":"https:\/\/agora.xtec.cat\/esc-josepboada\/wp-json\/wp\/v2\/types\/page"}],"author":[{"embeddable":true,"href":"https:\/\/agora.xtec.cat\/esc-josepboada\/wp-json\/wp\/v2\/users\/1"}],"replies":[{"embeddable":true,"href":"https:\/\/agora.xtec.cat\/esc-josepboada\/wp-json\/wp\/v2\/comments?post=1416"}],"version-history":[{"count":6,"href":"https:\/\/agora.xtec.cat\/esc-josepboada\/wp-json\/wp\/v2\/pages\/1416\/revisions"}],"predecessor-version":[{"id":4456,"href":"https:\/\/agora.xtec.cat\/esc-josepboada\/wp-json\/wp\/v2\/pages\/1416\/revisions\/4456"}],"up":[{"embeddable":true,"href":"https:\/\/agora.xtec.cat\/esc-josepboada\/wp-json\/wp\/v2\/pages\/383"}],"wp:attachment":[{"href":"https:\/\/agora.xtec.cat\/esc-josepboada\/wp-json\/wp\/v2\/media?parent=1416"}],"curies":[{"name":"wp","href":"https:\/\/api.w.org\/{rel}","templated":true}]}}