{"id":2395,"date":"2017-03-28T14:45:09","date_gmt":"2017-03-28T12:45:09","guid":{"rendered":"http:\/\/agora.xtec.cat\/esc-joaquimruyra-blanes\/?page_id=2395"},"modified":"2023-07-03T10:21:38","modified_gmt":"2023-07-03T08:21:38","slug":"menjador-escolar","status":"publish","type":"page","link":"https:\/\/agora.xtec.cat\/esc-joaquimruyra-blanes\/menjador-escolar\/","title":{"rendered":"Menjador escolar"},"content":{"rendered":"<p><a href=\"https:\/\/agora.xtec.cat\/esc-joaquimruyra-blanes\/wp-content\/uploads\/usu757\/2022\/06\/Sense-titol.jpg\"><img loading=\"lazy\" decoding=\"async\" class=\"wp-image-14976 aligncenter\" src=\"https:\/\/agora.xtec.cat\/esc-joaquimruyra-blanes\/wp-content\/uploads\/usu757\/2022\/06\/Sense-titol.jpg\" alt=\"\" width=\"365\" height=\"136\" srcset=\"https:\/\/agora.xtec.cat\/esc-joaquimruyra-blanes\/wp-content\/uploads\/usu757\/2022\/06\/Sense-titol.jpg 575w, https:\/\/agora.xtec.cat\/esc-joaquimruyra-blanes\/wp-content\/uploads\/usu757\/2022\/06\/Sense-titol-300x112.jpg 300w\" sizes=\"auto, (max-width: 365px) 100vw, 365px\" \/><\/a><\/p>\n<p><span style=\"font-weight: 400;\">La missi\u00f3 de SERHS Food Educa \u00e9s continuar millorant per oferir b\u00e9ns i serveis a trav\u00e9s d\u2019una gesti\u00f3 acurada, amb un \u201cknow how\u201d propi, cercant la participaci\u00f3 activa i el treball en equip, procurant la creaci\u00f3 de prosperitat i la generaci\u00f3 de benestar per a totes les persones vinculades al grup.<\/span><\/p>\n<p><span style=\"font-weight: 400;\">La visi\u00f3 de SERHS food Educa \u00e9s ser un referent en el nostre sector com a empresa catalana que actua sobre principis humans i amb criteris de qualitat, servei i efic\u00e0cia.<\/span><\/p>\n<p><span style=\"font-weight: 400;\">Per\u00f2 per aconseguir tots aquest objetius <\/span><span style=\"font-weight: 400;\">\u00e9s molt important la col.laboraci\u00f3 i treball en equip del centre desde la\u00a0 direcci\u00f3, el personal docent\u00a0 i dels pares i mares dels alumnes.<\/span><\/p>\n<p><span style=\"font-weight: 400;\">La comunicaci\u00f3 amb les fam\u00edlies ha de ser flu\u00efda i constant ajudant nos a seguir i millorar la feina feta al menjador. Cada final de trimestre fem arribar a cada fam\u00edlia informes on detallem la evoluci\u00f3 dels alumnes tan en h\u00e0bits i autonomia dins de l\u2019espai del migdia com la relaci\u00f3 amb el monitoratge.<\/span><\/p>\n<p><span style=\"font-weight: 400;\">La direcci\u00f3 del centre s\u2019encarrega d\u2019actualitzar tota la informaci\u00f3 necess\u00e0ria a l\u2019apartat de menjador del web del centre i aix\u00ed les fam\u00edlies podem seguir informades de les activitats i d\u2019altres not\u00edcies del seu inter\u00e8s, com les vies directes de comunicaci\u00f3 i els tr\u00e0mits administratius.<\/span><\/p>\n<p><a href=\"https:\/\/drive.google.com\/file\/d\/1qBPsSITD7_xSSQpeyQfrq4dQraC_ZaTn\/view?usp=sharing\">CARTA DE BENVINGUDA I INFORMACI\u00d3<\/a><\/p>\n","protected":false},"excerpt":{"rendered":"<p><a href=\"https:\/\/agora.xtec.cat\/esc-joaquimruyra-blanes\/wp-content\/uploads\/usu757\/2022\/06\/Sense-titol.jpg\"><\/a><br \/>\nLa missi\u00f3 de SERHS Food Educa \u00e9s continuar millorant per oferir b\u00e9ns i serveis a trav\u00e9s d\u2019una gesti\u00f3 acurada, amb un \u201cknow how\u201d propi, cercant la participaci\u00f3 activa i el treball en equip, procurant la creaci\u00f3 de prosperitat i la generaci\u00f3 de benestar per&hellip;  <a href=\"https:\/\/agora.xtec.cat\/esc-joaquimruyra-blanes\/menjador-escolar\/\" title=\"Read Menjador escolar\">Llegeix m\u00e9s\u00bb<\/a><\/p>\n","protected":false},"author":28,"featured_media":0,"parent":0,"menu_order":0,"comment_status":"closed","ping_status":"closed","template":"page-templates\/side-menu.php","meta":{"_bbp_topic_count":0,"_bbp_reply_count":0,"_bbp_total_topic_count":0,"_bbp_total_reply_count":0,"_bbp_voice_count":0,"_bbp_anonymous_reply_count":0,"_bbp_topic_count_hidden":0,"_bbp_reply_count_hidden":0,"_bbp_forum_subforum_count":0,"footnotes":""},"class_list":["post-2395","page","type-page","status-publish","hentry"],"post_mailing_queue_ids":[],"_links":{"self":[{"href":"https:\/\/agora.xtec.cat\/esc-joaquimruyra-blanes\/wp-json\/wp\/v2\/pages\/2395","targetHints":{"allow":["GET"]}}],"collection":[{"href":"https:\/\/agora.xtec.cat\/esc-joaquimruyra-blanes\/wp-json\/wp\/v2\/pages"}],"about":[{"href":"https:\/\/agora.xtec.cat\/esc-joaquimruyra-blanes\/wp-json\/wp\/v2\/types\/page"}],"author":[{"embeddable":true,"href":"https:\/\/agora.xtec.cat\/esc-joaquimruyra-blanes\/wp-json\/wp\/v2\/users\/28"}],"replies":[{"embeddable":true,"href":"https:\/\/agora.xtec.cat\/esc-joaquimruyra-blanes\/wp-json\/wp\/v2\/comments?post=2395"}],"version-history":[{"count":5,"href":"https:\/\/agora.xtec.cat\/esc-joaquimruyra-blanes\/wp-json\/wp\/v2\/pages\/2395\/revisions"}],"predecessor-version":[{"id":16482,"href":"https:\/\/agora.xtec.cat\/esc-joaquimruyra-blanes\/wp-json\/wp\/v2\/pages\/2395\/revisions\/16482"}],"wp:attachment":[{"href":"https:\/\/agora.xtec.cat\/esc-joaquimruyra-blanes\/wp-json\/wp\/v2\/media?parent=2395"}],"curies":[{"name":"wp","href":"https:\/\/api.w.org\/{rel}","templated":true}]}}