{"id":14929,"date":"2022-05-26T14:33:30","date_gmt":"2022-05-26T12:33:30","guid":{"rendered":"https:\/\/agora.xtec.cat\/esc-joaquimruyra-blanes\/?page_id=14929"},"modified":"2022-05-26T14:36:14","modified_gmt":"2022-05-26T12:36:14","slug":"centre-formador-de-practiques","status":"publish","type":"page","link":"https:\/\/agora.xtec.cat\/esc-joaquimruyra-blanes\/lescola\/centre-formador-de-practiques\/","title":{"rendered":"Centre formador de pr\u00e0ctiques"},"content":{"rendered":"<p>A l&#8217;Escola Joaquim Ruyra apostem per la formaci\u00f3 a tots els nivells, per aix\u00f2 som un centre formador de pr\u00e0ctiques. Cada curs acollim practicants de diferents especialitats i \u00e0mbits de carreres universit\u00e0ries relacionades amb l&#8217;educaci\u00f3.<\/p>\n<p><iframe loading=\"lazy\" title=\"Centre formador pr\u00e0ctiques\" width=\"500\" height=\"281\" src=\"https:\/\/www.youtube.com\/embed\/bWAMBnePAQ0?feature=oembed\" frameborder=\"0\" allow=\"accelerometer; autoplay; clipboard-write; encrypted-media; gyroscope; picture-in-picture; web-share\" referrerpolicy=\"strict-origin-when-cross-origin\" allowfullscreen><\/iframe><\/p>\n<p>&nbsp;<\/p>\n","protected":false},"excerpt":{"rendered":"<p>A l&#8217;Escola Joaquim Ruyra apostem per la formaci\u00f3 a tots els nivells, per aix\u00f2 som un centre formador de pr\u00e0ctiques. Cada curs acollim practicants de diferents especialitats i \u00e0mbits de carreres universit\u00e0ries relacionades amb l&#8217;educaci\u00f3.<\/p>\n<p>&nbsp;<\/p>\n","protected":false},"author":1,"featured_media":0,"parent":22,"menu_order":80,"comment_status":"closed","ping_status":"closed","template":"page-templates\/side-menu.php","meta":{"_bbp_topic_count":0,"_bbp_reply_count":0,"_bbp_total_topic_count":0,"_bbp_total_reply_count":0,"_bbp_voice_count":0,"_bbp_anonymous_reply_count":0,"_bbp_topic_count_hidden":0,"_bbp_reply_count_hidden":0,"_bbp_forum_subforum_count":0,"footnotes":""},"class_list":["post-14929","page","type-page","status-publish","hentry"],"post_mailing_queue_ids":[],"_links":{"self":[{"href":"https:\/\/agora.xtec.cat\/esc-joaquimruyra-blanes\/wp-json\/wp\/v2\/pages\/14929","targetHints":{"allow":["GET"]}}],"collection":[{"href":"https:\/\/agora.xtec.cat\/esc-joaquimruyra-blanes\/wp-json\/wp\/v2\/pages"}],"about":[{"href":"https:\/\/agora.xtec.cat\/esc-joaquimruyra-blanes\/wp-json\/wp\/v2\/types\/page"}],"author":[{"embeddable":true,"href":"https:\/\/agora.xtec.cat\/esc-joaquimruyra-blanes\/wp-json\/wp\/v2\/users\/1"}],"replies":[{"embeddable":true,"href":"https:\/\/agora.xtec.cat\/esc-joaquimruyra-blanes\/wp-json\/wp\/v2\/comments?post=14929"}],"version-history":[{"count":2,"href":"https:\/\/agora.xtec.cat\/esc-joaquimruyra-blanes\/wp-json\/wp\/v2\/pages\/14929\/revisions"}],"predecessor-version":[{"id":14932,"href":"https:\/\/agora.xtec.cat\/esc-joaquimruyra-blanes\/wp-json\/wp\/v2\/pages\/14929\/revisions\/14932"}],"up":[{"embeddable":true,"href":"https:\/\/agora.xtec.cat\/esc-joaquimruyra-blanes\/wp-json\/wp\/v2\/pages\/22"}],"wp:attachment":[{"href":"https:\/\/agora.xtec.cat\/esc-joaquimruyra-blanes\/wp-json\/wp\/v2\/media?parent=14929"}],"curies":[{"name":"wp","href":"https:\/\/api.w.org\/{rel}","templated":true}]}}