{"id":11974,"date":"2021-01-11T15:55:24","date_gmt":"2021-01-11T14:55:24","guid":{"rendered":"http:\/\/agora.xtec.cat\/esc-joaquimruyra-blanes\/?page_id=11974"},"modified":"2021-01-11T16:04:51","modified_gmt":"2021-01-11T15:04:51","slug":"curs-2017-2018","status":"publish","type":"page","link":"https:\/\/agora.xtec.cat\/esc-joaquimruyra-blanes\/projecte-educatiu\/projecte-del-mar\/curs-2017-2018\/","title":{"rendered":"CURS 2017-2018"},"content":{"rendered":"<p>El curs 2017\/2018 l&#8217;escola va iniciar el projecte &#8220;Apadrinem la platja de l&#8217;escola de La Vila&#8221;.<\/p>\n<div>\n<div><b><span style=\"color: #cc0000; font-size: medium;\"><u>CURS 2017-18<\/u><\/span><\/b><\/div>\n<div><b><span style=\"color: #cc0000;\"><span style=\"font-family: arial, sans-serif;\">AC<\/span>TIVITATS REALITZADES:\u00a0<\/span><\/b><\/div>\n<div><span style=\"color: #cc0000;\"><b><br \/>\n<\/b><\/span><b><span style=\"color: #000000;\">EDUCACI\u00d3 INFANTIL\u00a0<\/span><\/b><\/p>\n<ul>\n<li><a href=\"https:\/\/drive.google.com\/file\/d\/17hEdTL8VyYqOc1LCrzK4xFDJtd2rZN9K\/view?usp=sharing\" target=\"_blank\" rel=\"noopener noreferrer\">Activitats Educaci\u00f3 infantil<\/a><\/li>\n<li><a href=\"http:\/\/agora.xtec.cat\/esc-joaquimruyra-blanes\/infantil\/p3\/conte-cooperatiu-la-festa-de-la-tortuga-de-lalumnat-dinfantil\/\" target=\"_blank\" rel=\"nofollow noopener noreferrer\">Creaci\u00f3 del conte cooperatiu entre tot el cicle d&#8217;Educaci\u00f3 infantil: La festa de la tortuga.<\/a><\/li>\n<li>Hem vist organismes marins :\u00a0<a href=\"http:\/\/agora.xtec.cat\/esc-joaquimruyra-blanes\/infantil\/p3\/conte-cooperatiu-la-festa-de-la-tortuga-de-lalumnat-dinfantil\/\" target=\"_blank\" rel=\"nofollow noopener noreferrer\">P3<\/a>,\u00a0<a href=\"http:\/\/agora.xtec.cat\/esc-joaquimruyra-blanes\/general\/activitat-dorganismes-marins-a-p4\/\" target=\"_blank\" rel=\"nofollow noopener noreferrer\">P4<\/a>\u00a0i P5<\/li>\n<\/ul>\n<div>\n<div>\n<table border=\"0\" cellspacing=\"0\">\n<tbody>\n<tr>\n<td><img decoding=\"async\" src=\"https:\/\/lh3.googleusercontent.com\/-h8BsnYTPhWY\/W0X1UgBdGlI\/AAAAAAAAKRk\/k2o-aJAR9AoNqiwN4mCNuKl_UHHJyH3swCMQCGAYYCw\/s400\/P1240516.jpg\" border=\"0\" \/>\u00a0Imatges Infantil: Tallers interaula-Tresors de mar.<br \/>\nCliqueu damunt la imatge per veure tot l&#8217;\u00e0lbum.<\/td>\n<td>\u00a0<img decoding=\"async\" src=\"https:\/\/lh3.googleusercontent.com\/-aAyLAr-SGSQ\/W0cQzhaSfxI\/AAAAAAAAKVM\/Po8-2ACNFukfe5rkAFeXz6hrSR7SrJ1RgCMQCGAYYCw\/s400\/IMG_20180425_112508.jpg\" border=\"0\" \/><\/td>\n<td>\u00a0<img decoding=\"async\" src=\"https:\/\/lh3.googleusercontent.com\/-vD-E7QJW-q4\/W0cRiR8L5lI\/AAAAAAAAKVc\/m4eXm1A8kKU6mlzm6O7yXBYw6o4slshiwCMQCGAYYCw\/s400\/20180507_0031.jpg\" border=\"0\" \/>Imatges infantil: treballem amb petxines<\/p>\n<div>Cliqueu damunt la imatge per veure tot l&#8217;\u00e0lbum.<\/div>\n<\/td>\n<\/tr>\n<tr>\n<td><\/td>\n<td>\u00a0Imatges infantil: aquaris<\/p>\n<div>Cliqueu damunt la imatge per veure tot l&#8217;\u00e0lbum.<\/div>\n<\/td>\n<td><\/td>\n<\/tr>\n<\/tbody>\n<\/table>\n<\/div>\n<\/div>\n<\/div>\n<div><\/div>\n<div>\n<table border=\"0\" cellspacing=\"0\">\n<tbody>\n<tr>\n<td>\u00a0<img decoding=\"async\" src=\"https:\/\/lh3.googleusercontent.com\/-0i_xOea5nvY\/W0cTk3NbkZI\/AAAAAAAAKWE\/4y721CB06vQ1LJ6FZRNpHA6y544D-RGNACMQCGAYYCw\/s400\/20180410_0019.jpg\" border=\"0\" \/><br \/>\nImatges infantil: observem peixos.<\/p>\n<div>Cliqueu damunt la imatge per veure tot l&#8217;\u00e0lbum.<\/div>\n<\/td>\n<td>\u00a0<img decoding=\"async\" src=\"https:\/\/lh3.googleusercontent.com\/-0DIriWUwDkE\/W0cWRUzyF4I\/AAAAAAAAKXk\/yP3-B6L3wDwxx-A3ByBwYOjCWQCJUr1LgCMQCGAYYCw\/s400\/IMG_20180523_165144.jpg\" border=\"0\" \/><br \/>\nImatges infantil: exposici\u00f3 organismes marins.<\/p>\n<div>Cliqueu damunt la imatge per veure tot l&#8217;\u00e0lbum<\/div>\n<\/td>\n<\/tr>\n<tr>\n<td><\/td>\n<td>\n<div>.<\/div>\n<\/td>\n<\/tr>\n<\/tbody>\n<\/table>\n<\/div>\n<div><\/div>\n<div><b>CICLE INICIAL<\/b><\/div>\n<div>\n<ul>\n<li><a href=\"https:\/\/drive.google.com\/file\/d\/12J9Ni3xjdYCSGd3GnnWlUmiIgTFCwhQI\/view?usp=sharing\" target=\"_blank\" rel=\"noopener noreferrer\">Activitats CI<\/a><\/li>\n<li><a href=\"http:\/\/agora.xtec.cat\/esc-joaquimruyra-blanes\/general\/setmana-del-mar-a-1r\/\" target=\"_blank\" rel=\"nofollow noopener noreferrer\">Som observadors del mar.<\/a><\/li>\n<li><a href=\"http:\/\/agora.xtec.cat\/esc-joaquimruyra-blanes\/primaria\/2n\/visita-a-la-peixateria\/\" target=\"_blank\" rel=\"nofollow noopener noreferrer\">Visita a la peixateria.\u00a0<\/a><\/li>\n<\/ul>\n<\/div>\n<\/div>\n<blockquote>\n<div>\n<div><a href=\"https:\/\/picasaweb.google.com\/106071797974122461077\/6576927625727905697#6576927624637161602\"><img decoding=\"async\" src=\"https:\/\/lh3.googleusercontent.com\/-spJM0IiV3Ok\/W0Xw1BvzoII\/AAAAAAAAKP8\/ZJMOW1kWB0whcDsk9qTL1lCEQI0E07UpACMQCGAYYCw\/s400\/DSC_0027_640x360.jpg\" border=\"0\" \/><\/a><\/div>\n<div>Imatges CM. Cliqueu damunt la imatge per veure tot l&#8217;\u00e0lbum.<\/div>\n<\/div>\n<\/blockquote>\n<div>\n<div><\/div>\n<div><b>CICLE MITJ\u00c0<\/b><\/div>\n<div>\n<ul>\n<li><a href=\"https:\/\/drive.google.com\/file\/d\/1dFuMqui-cdzjsd8NY-LmH_jr4kTjTRsU\/view?usp=sharing\" target=\"_blank\" rel=\"noopener noreferrer\">Planificaci\u00f3 4t<\/a><\/li>\n<li><a href=\"https:\/\/drive.google.com\/file\/d\/1Okyb-rcQp87y8enpwQHof7LahpzSdS6i\/view?usp=sharing\" target=\"_blank\" rel=\"noopener noreferrer\">Guia de treball per a l\u2019alumnat de CM<\/a><\/li>\n<li><a href=\"https:\/\/drive.google.com\/file\/d\/1N3g4AVEPlcOJDvFmDWkimlavOQHjFg35\/view?usp=sharing\" target=\"_blank\" rel=\"noopener noreferrer\">Coneguem els organismes marins\u00a0<\/a><\/li>\n<li><a href=\"https:\/\/drive.google.com\/file\/d\/1qaiPXpD0KA7eZYgN3ziBMM2wiwyP0bRm\/view?usp=sharing\" target=\"_blank\" rel=\"noopener noreferrer\">La biodiversitat: qui hi viu, a la nostra platja?\u00a0<\/a><\/li>\n<\/ul>\n<\/div>\n<\/div>\n<blockquote>\n<div><a href=\"https:\/\/picasaweb.google.com\/106071797974122461077\/6576179484043053265#6576179488038294898\" target=\"_blank\" rel=\"noopener noreferrer\"><img decoding=\"async\" src=\"https:\/\/lh3.googleusercontent.com\/-5j2RB9t6TgM\/W0NIZvu7lXI\/AAAAAAAAKLM\/MzXFKs5-OEgD6v1qywny78VRsVa_z4jJACMQCGAYYCw\/s400\/20180514_153249.jpg\" alt=\"https:\/\/picasaweb.google.com\/106071797974122461077\/6576179484043053265#6576179488038294898\" border=\"0\" \/><\/a><\/div>\n<div>Imatges 3r prim\u00e0ria. Cliqueu damunt la imatge per veure tot l&#8217;\u00e0lbum<\/div>\n<\/blockquote>\n<div>\n<div><b>\u00a0<\/b><\/div>\n<div>\n<p><b>CICLE SUPERIOR<\/b><\/p>\n<ul>\n<li>Planificaci\u00f3\u00a0<a href=\"https:\/\/drive.google.com\/file\/d\/1rXAfVe2Abk0yuhIXKlqPhuQ3xm_3iVum\/view?usp=sharing\" target=\"_blank\" rel=\"noopener noreferrer\">5\u00e8<\/a>\u00a0i\u00a0<a href=\"https:\/\/drive.google.com\/file\/d\/1uJQS-76NQQHdXcB32f4GbtU1wCah2Oxb\/view?usp=sharing\" target=\"_blank\" rel=\"noopener noreferrer\">6\u00e8\u00a0<\/a><\/li>\n<li><a href=\"https:\/\/drive.google.com\/file\/d\/1ofhnlKmkYBIIQC6S5Dsqlb_kDtIUXilh\/view?usp=sharing\" target=\"_blank\" rel=\"noopener noreferrer\">Dossier alumne fem ci\u00e8ncia protocol pl\u00e0stic 0 al mar (CEAB)<\/a><\/li>\n<\/ul>\n<div><\/div>\n<\/div>\n<\/div>\n<blockquote>\n<div>\n<div>\n<div>\n<table border=\"0\" cellspacing=\"0\">\n<tbody>\n<tr>\n<td>\u00a0<img decoding=\"async\" src=\"https:\/\/lh3.googleusercontent.com\/-tJlica6fmcY\/W0NLePin4hI\/AAAAAAAAKMs\/jSwkiAsCuUwQwnFyX_QV2MWCRtWYWPIkgCMQCGAYYCw\/s400\/IMG_6856.jpg\" border=\"0\" \/><\/p>\n<blockquote>\n<blockquote><p>Imatges visita platja i recollida activitat pl\u00e0stic 0 (6\u00e8)<\/p><\/blockquote>\n<blockquote><p>Cliqueu damunt la imatge per veure tot l&#8217;\u00e0lbum<\/p><\/blockquote>\n<\/blockquote>\n<\/td>\n<td>\u00a0<img decoding=\"async\" src=\"https:\/\/lh3.googleusercontent.com\/-e4UT6flN_O0\/W0NKFyKIZXI\/AAAAAAAAKLk\/UKXNzAJECZ0Yn2miTYxpL4zn8rAHjcvtwCMQCGAYYCw\/s400\/5A2.jpg\" border=\"0\" \/><\/td>\n<\/tr>\n<tr>\n<td><\/td>\n<td>\n<blockquote><p>Imatges recollida material per fer activitat pl\u00e0stica: reciclem (5\u00e8)<br \/>\nCliqueu damunt la imatge per veure tot l&#8217;\u00e0lbum<\/p><\/blockquote>\n<\/td>\n<\/tr>\n<\/tbody>\n<\/table>\n<\/div>\n<\/div>\n<\/div>\n<\/blockquote>\n<div>\n<div><\/div>\n<\/div>\n<div><b><span style=\"color: #000000;\">ACTIVITATS GENERALS DE TOT EL CENTRE<\/span><\/b><\/div>\n<div>\n<ul>\n<li><span style=\"color: #000000;\"><b><a href=\"http:\/\/agora.xtec.cat\/esc-joaquimruyra-blanes\/infantil\/p3\/dia-de-sant-jordi\/\" target=\"_blank\" rel=\"nofollow noopener noreferrer\">Sant Jordi<\/a><\/b><\/span><\/li>\n<li><span style=\"color: #000000;\"><b><a href=\"http:\/\/agora.xtec.cat\/esc-joaquimruyra-blanes\/general\/ja-tenim-logotip-pel-nostre-projecte\/\" target=\"_blank\" rel=\"nofollow noopener noreferrer\">Logotip del programa Apadrinem<\/a><\/b><\/span><\/li>\n<\/ul>\n<blockquote>\n<div><\/div>\n<\/blockquote>\n<p><b><span style=\"color: #cc0000;\">ACCIONS DE PROJECCI\u00d3 I DIFUSI\u00d3<\/span><\/b><\/p>\n<\/div>\n<div><span style=\"color: #cc0000;\"><b><br \/>\n<\/b><\/span><b>INAUGURACI\u00d3:\u00a0<\/b><\/p>\n<div>El dia 21 de febrer vam portar a terme la\u00a0<a href=\"http:\/\/agora.xtec.cat\/esc-joaquimruyra-blanes\/general\/apadrinament-de-la-platja-de-lescola-de-la-vila\/\" target=\"_blank\" rel=\"nofollow noopener noreferrer\">inauguraci\u00f3 del nostre projecte<\/a>. Ens vam reunir al pati de l&#8217;escola, amb el rerefons de la nostra platja, tota la comunitat educativa (alumnes, professors, familiars, inspecci\u00f3, serveis educatius, etc.). La climatologia no ens va permetre fer-ho a la platja mateix. Els alumnes de 6\u00e8 van preparar un\u00a0<a href=\"https:\/\/drive.google.com\/file\/d\/1-J4UuQ9IjpFU6FsFFF77SXt1g5G2yV3r\/view?usp=sharing\" target=\"_blank\" rel=\"noopener noreferrer\">discurs<\/a>\u00a0i posteriorment vam cantar tots plegats una can\u00e7\u00f3 amb aires mariners. Des de la direcci\u00f3 de l&#8217;escola es van enviar correus tant a l&#8217;Ajuntament com a l&#8217;AMPA i a la resta de centres de Blanes, per tal de convidar-los-hi.<\/div>\n<div>El CRP La Selva II a trav\u00e9s de l&#8217;<a href=\"http:\/\/informatiulaselvados.blogspot.com\/2018\/02\/inauguracio-del-projecte-apadrinament.html\" target=\"_blank\" rel=\"nofollow noopener noreferrer\">Informatiu<\/a>\u00a0que publica mensulament, tamb\u00e9 va convidar a tots els centres a la inauguraci\u00f3 del projecte.<\/div>\n<div><\/div>\n<div>\n<div><a href=\"https:\/\/picasaweb.google.com\/106071797974122461077\/6576930235027749681#6576930231768649298\"><img decoding=\"async\" src=\"https:\/\/lh3.googleusercontent.com\/-esFbUhmcXGI\/W0XzMyEZDlI\/AAAAAAAAKQw\/UcyM7QOMgogf_p-ExOTnxjFaVZNHYIYtgCMQCGAYYCw\/s400\/IMG_0624.jpg\" border=\"0\" \/><\/a><\/div>\n<div>Imatges inauguraci\u00f3.<\/div>\n<div>Cliqueu damunt la imatge per veure tot l&#8217;\u00e0lbum<\/div>\n<div><\/div>\n<div><b>PORTES OBERTES:\u00a0<\/b><\/div>\n<div>El dia 23 de maig vam fer una jornada de portes obertes on els alumnes van poder mostrar a les fam\u00edlies totes les feines fetes al llarg del curs i, especialment, durant la setmana del mar. En aquest\u00a0<a href=\"https:\/\/drive.google.com\/file\/d\/1IYbf1uPlQC9KxM73cq-3uNR8pEX04etC\/view?usp=sharing\" target=\"_blank\" rel=\"noopener noreferrer\">enlla\u00e7<\/a>\u00a0hi teniu alguns exemples.<\/div>\n<div><\/div>\n<div>\n<div><a href=\"https:\/\/picasaweb.google.com\/106071797974122461077\/6576925481600608177#6576925484470625090\"><img decoding=\"async\" src=\"https:\/\/lh3.googleusercontent.com\/-irT7baHe1-E\/W0Xu4dAV40I\/AAAAAAAAKPY\/UOYqIV5jqMAXvJuNpRgScAXvLGUCGlv4wCMQCGAYYCw\/s400\/IMG_0630_640x480.jpg\" border=\"0\" \/><\/a><\/div>\n<\/div>\n<div>Cliqueu damunt de la fotografia per veure tot l&#8217;\u00e0lbum.<\/div>\n<div><\/div>\n<div><b>PINTURA-MURAL:<\/b><\/div>\n<div>Del 15 al 20 de juny alumnes del Institut Serrallarga van venir a pintar part del nostre mur de l&#8217;escola. Ha estat una activitat de col\u00b7laboraci\u00f3 a trav\u00e9s del Servei Comunitari i lligat amb el nostre projecte d&#8217;Apadrinament de la platja de La Vila. El dia 20 de juny i amb la pres\u00e8ncia del personal dels Serveis Educatius i de la direcci\u00f3 de l&#8217;institut vam fer la\u00a0<a href=\"http:\/\/agora.xtec.cat\/esc-joaquimruyra-blanes\/portada\/inaguracio-mural-del-pati\/\" target=\"_blank\" rel=\"nofollow noopener noreferrer\">inauguraci\u00f3 de la pintura-mural<\/a>. Hi van assistir tant l&#8217;alumnat del nostre centre com els del centre de secund\u00e0ria.<\/div>\n<div><\/div>\n<\/div>\n<\/div>\n","protected":false},"excerpt":{"rendered":"<p>El curs 2017\/2018 l&#8217;escola va iniciar el projecte &#8220;Apadrinem la platja de l&#8217;escola de La Vila&#8221;.<\/p>\n<p>CURS 2017-18<br \/>\nACTIVITATS REALITZADES:\u00a0<\/p>\n<p>EDUCACI\u00d3 INFANTIL\u00a0<\/p>\n<ul>\n<li><a href=\"https:\/\/drive.google.com\/file\/d\/17hEdTL8VyYqOc1LCrzK4xFDJtd2rZN9K\/view?usp=sharing\" target=\"_blank\" rel=\"noopener noreferrer\">Activitats Educaci\u00f3 infantil<\/a><\/li>\n<li><a href=\"http:\/\/agora.xtec.cat\/esc-joaquimruyra-blanes\/infantil\/p3\/conte-cooperatiu-la-festa-de-la-tortuga-de-lalumnat-dinfantil\/\" target=\"_blank\" rel=\"nofollow noopener noreferrer\">Creaci\u00f3 del conte cooperatiu entre tot el cicle d&#8217;Educaci\u00f3 infantil: La festa de la tortuga.<\/a><\/li>\n<li>Hem vist&hellip;  <a href=\"https:\/\/agora.xtec.cat\/esc-joaquimruyra-blanes\/projecte-educatiu\/projecte-del-mar\/curs-2017-2018\/\" title=\"Read CURS 2017-2018\">Llegeix m\u00e9s\u00bb<\/a><br \/>\n","protected":false},"author":11,"featured_media":0,"parent":1114,"menu_order":40,"comment_status":"closed","ping_status":"closed","template":"page-templates\/side-menu.php","meta":{"_bbp_topic_count":0,"_bbp_reply_count":0,"_bbp_total_topic_count":0,"_bbp_total_reply_count":0,"_bbp_voice_count":0,"_bbp_anonymous_reply_count":0,"_bbp_topic_count_hidden":0,"_bbp_reply_count_hidden":0,"_bbp_forum_subforum_count":0,"footnotes":""},"class_list":["post-11974","page","type-page","status-publish","hentry"],"post_mailing_queue_ids":[],"_links":{"self":[{"href":"https:\/\/agora.xtec.cat\/esc-joaquimruyra-blanes\/wp-json\/wp\/v2\/pages\/11974","targetHints":{"allow":["GET"]}}],"collection":[{"href":"https:\/\/agora.xtec.cat\/esc-joaquimruyra-blanes\/wp-json\/wp\/v2\/pages"}],"about":[{"href":"https:\/\/agora.xtec.cat\/esc-joaquimruyra-blanes\/wp-json\/wp\/v2\/types\/page"}],"author":[{"embeddable":true,"href":"https:\/\/agora.xtec.cat\/esc-joaquimruyra-blanes\/wp-json\/wp\/v2\/users\/11"}],"replies":[{"embeddable":true,"href":"https:\/\/agora.xtec.cat\/esc-joaquimruyra-blanes\/wp-json\/wp\/v2\/comments?post=11974"}],"version-history":[{"count":2,"href":"https:\/\/agora.xtec.cat\/esc-joaquimruyra-blanes\/wp-json\/wp\/v2\/pages\/11974\/revisions"}],"predecessor-version":[{"id":12253,"href":"https:\/\/agora.xtec.cat\/esc-joaquimruyra-blanes\/wp-json\/wp\/v2\/pages\/11974\/revisions\/12253"}],"up":[{"embeddable":true,"href":"https:\/\/agora.xtec.cat\/esc-joaquimruyra-blanes\/wp-json\/wp\/v2\/pages\/1114"}],"wp:attachment":[{"href":"https:\/\/agora.xtec.cat\/esc-joaquimruyra-blanes\/wp-json\/wp\/v2\/media?parent=11974"}],"curies":[{"name":"wp","href":"https:\/\/api.w.org\/{rel}","templated":true}]}}