{"id":11869,"date":"2020-11-02T16:05:18","date_gmt":"2020-11-02T15:05:18","guid":{"rendered":"http:\/\/agora.xtec.cat\/esc-joaquimruyra-blanes\/?page_id=11869"},"modified":"2026-03-27T10:33:11","modified_gmt":"2026-03-27T09:33:11","slug":"menu-escolar","status":"publish","type":"page","link":"https:\/\/agora.xtec.cat\/esc-joaquimruyra-blanes\/menjador-escolar\/menu-escolar\/","title":{"rendered":"Men\u00fa escolar i vies de comunicaci\u00f3"},"content":{"rendered":"<p>Clica a sobre la imatge per accedir al men\u00fa del menjador escolar:<\/p>\n<p><a href=\"https:\/\/drive.google.com\/file\/d\/1nucvYt0YEm1JbjhMisa1NHWSEkYkqBkX\/view?usp=sharing\"><img loading=\"lazy\" decoding=\"async\" class=\"aligncenter\" src=\"https:\/\/www.nicepng.com\/png\/full\/294-2941483_cubiertos-comedor-escolar-png.png\" alt=\"Download HD Cubiertos - Comedor Escolar Png Transparent PNG Image - NicePNG.com\" width=\"414\" height=\"116\" \/><\/a><\/p>\n<p><a href=\"https:\/\/drive.google.com\/file\/d\/1dYvxzXx1B7CtzviW8721u8TtbAFZ1dat\/view?usp=sharing\">MEN\u00da MAR\u00c7<\/a><\/p>\n<p><a href=\"https:\/\/drive.google.com\/file\/d\/1PDB5Wa9QVv7Z1MnEnWTCZvX4zNloar0y\/view?usp=sharing\">MEN\u00da ABRIL<\/a><\/p>\n<p><strong>VIES DE COMUNICACI\u00d3 AMB MENJADOR<\/strong><\/p>\n<p>L\u2019horari d\u2019atenci\u00f3 a les fam\u00edlies\u00a0 \u00e9s<br \/>\nde 09:00 h a 10:30h. de dilluns a divendres tots els dies lectius.<br \/>\ncorreu electr\u00f2nic menjador (important posar l\u2019escola i nom de l\u2019alumne)<br \/>\nmenjador.joaquimruyra@grupserhs.com<br \/>\nm\u00f2bil coordinadora : 607929625 (Cristina) *teniu opci\u00f3 WhatsApp<\/p>\n<p>EN DATES QUE L\u2019ESCOLA ESTIGUI TANCADA PODEU DIRIGIR-VOS A :<br \/>\ncorreu electr\u00f2nic serhsfoodeduca@grupserhs.com<br \/>\n(molt important posar l\u2019escola i el nom de l\u2019alumne)<\/p>\n<p>C\/ Foneria, 22 \u00b7 08304 MATAR\u00d3 (BARCELONA) Tel. 93.703.28.28<br \/>\n*L\u2019horari d\u2019oficina per l\u2019atenci\u00f3 telef\u00f2nica a les fam\u00edlies \u00e9s de 09:00 a<br \/>\n14:00 h. i de 15:00 a 16:00 h. de dilluns a dijous i divendres fins les 15h.<\/p>\n<p>*Recordar-vos que NO es poden gestionar les incid\u00e8ncies a traves del<br \/>\ncentre, ni Direcci\u00f3, ni consergeria, \u00e9s imprescindible que utilitzeu<br \/>\naquestes vies, per a la bona comunicaci\u00f3 i gesti\u00f3 de les incid\u00e8ncies<br \/>\nadministratives del menjador, d&#8217;aquesta manera fem una atenci\u00f3 m\u00e9s<br \/>\ndirecte i personalitzada a les fam\u00edlies amb la coordinadora i l&#8217;empresa.<\/p>\n<p><a href=\"https:\/\/drive.google.com\/file\/d\/1sKzQl2Tm_m3_bHhjxHhA4EdDdSyhqKdm\/view?usp=sharing\">CARTA BENVINGUDA I PRESENTACI\u00d3<\/a><\/p>\n<p><a href=\"https:\/\/drive.google.com\/file\/d\/16uiIZttr9P3XSmn8vcah6dElmUWckGa8\/view?usp=sharing\">PLA FUNCIONAMENT CURS 25-26<\/a><\/p>\n<p><a href=\"https:\/\/drive.google.com\/file\/d\/1TnaTf6OlnvwvofzUl3WXKsjmNn2eBau3\/view?usp=sharing\">INFORMACI\u00d3 FAM\u00cdLIES INFORME TRIMESTRAL<\/a><\/p>\n<p><a href=\"https:\/\/drive.google.com\/file\/d\/1UTNNsElv2rOtaz9zMT8dbB7Uu32Z_qsa\/view?usp=sharing\">MODEL INFORME TRIMESTRAL<\/a><\/p>\n","protected":false},"excerpt":{"rendered":"<p>Clica a sobre la imatge per accedir al men\u00fa del menjador escolar:<br \/>\n<a href=\"https:\/\/drive.google.com\/file\/d\/1nucvYt0YEm1JbjhMisa1NHWSEkYkqBkX\/view?usp=sharing\"><\/a><br \/>\n<a href=\"https:\/\/drive.google.com\/file\/d\/1dYvxzXx1B7CtzviW8721u8TtbAFZ1dat\/view?usp=sharing\">MEN\u00da MAR\u00c7<\/a><br \/>\n<a href=\"https:\/\/drive.google.com\/file\/d\/1PDB5Wa9QVv7Z1MnEnWTCZvX4zNloar0y\/view?usp=sharing\">MEN\u00da ABRIL<\/a><br \/>\nVIES DE COMUNICACI\u00d3 AMB MENJADOR<br \/>\nL\u2019horari d\u2019atenci\u00f3 a les fam\u00edlies\u00a0 \u00e9s<br \/>\nde 09:00 h a 10:30h. de dilluns a divendres tots els dies lectius.<br \/>\ncorreu electr\u00f2nic menjador (important posar l\u2019escola i nom&hellip;  <a href=\"https:\/\/agora.xtec.cat\/esc-joaquimruyra-blanes\/menjador-escolar\/menu-escolar\/\" title=\"Read Men\u00fa escolar i vies de comunicaci\u00f3\">Llegeix m\u00e9s\u00bb<\/a><\/p>\n","protected":false},"author":1,"featured_media":0,"parent":2395,"menu_order":1,"comment_status":"closed","ping_status":"closed","template":"page-templates\/side-menu.php","meta":{"_bbp_topic_count":0,"_bbp_reply_count":0,"_bbp_total_topic_count":0,"_bbp_total_reply_count":0,"_bbp_voice_count":0,"_bbp_anonymous_reply_count":0,"_bbp_topic_count_hidden":0,"_bbp_reply_count_hidden":0,"_bbp_forum_subforum_count":0,"footnotes":""},"class_list":["post-11869","page","type-page","status-publish","hentry"],"post_mailing_queue_ids":[],"_links":{"self":[{"href":"https:\/\/agora.xtec.cat\/esc-joaquimruyra-blanes\/wp-json\/wp\/v2\/pages\/11869","targetHints":{"allow":["GET"]}}],"collection":[{"href":"https:\/\/agora.xtec.cat\/esc-joaquimruyra-blanes\/wp-json\/wp\/v2\/pages"}],"about":[{"href":"https:\/\/agora.xtec.cat\/esc-joaquimruyra-blanes\/wp-json\/wp\/v2\/types\/page"}],"author":[{"embeddable":true,"href":"https:\/\/agora.xtec.cat\/esc-joaquimruyra-blanes\/wp-json\/wp\/v2\/users\/1"}],"replies":[{"embeddable":true,"href":"https:\/\/agora.xtec.cat\/esc-joaquimruyra-blanes\/wp-json\/wp\/v2\/comments?post=11869"}],"version-history":[{"count":7,"href":"https:\/\/agora.xtec.cat\/esc-joaquimruyra-blanes\/wp-json\/wp\/v2\/pages\/11869\/revisions"}],"predecessor-version":[{"id":19399,"href":"https:\/\/agora.xtec.cat\/esc-joaquimruyra-blanes\/wp-json\/wp\/v2\/pages\/11869\/revisions\/19399"}],"up":[{"embeddable":true,"href":"https:\/\/agora.xtec.cat\/esc-joaquimruyra-blanes\/wp-json\/wp\/v2\/pages\/2395"}],"wp:attachment":[{"href":"https:\/\/agora.xtec.cat\/esc-joaquimruyra-blanes\/wp-json\/wp\/v2\/media?parent=11869"}],"curies":[{"name":"wp","href":"https:\/\/api.w.org\/{rel}","templated":true}]}}