{"id":73,"date":"2014-09-18T14:01:51","date_gmt":"2014-09-18T13:01:51","guid":{"rendered":"http:\/\/agora.xtec.cat\/esc-joancasas\/?page_id=73"},"modified":"2024-12-03T16:11:57","modified_gmt":"2024-12-03T15:11:57","slug":"menjador-escolar","status":"publish","type":"page","link":"https:\/\/agora.xtec.cat\/esc-joancasas\/serveis\/menjador-escolar\/","title":{"rendered":"Menjador escolar"},"content":{"rendered":"<p><a href=\"https:\/\/agora.xtec.cat\/esc-joancasas\/wp-content\/uploads\/usu1722\/2022\/07\/Captura-de-pantalla-2022-07-27-145146-1.png\"><img loading=\"lazy\" decoding=\"async\" class=\" wp-image-14404 alignleft\" src=\"https:\/\/agora.xtec.cat\/esc-joancasas\/wp-content\/uploads\/usu1722\/2022\/07\/Captura-de-pantalla-2022-07-27-145146-1.png\" alt=\"\" width=\"222\" height=\"389\" srcset=\"https:\/\/agora.xtec.cat\/esc-joancasas\/wp-content\/uploads\/usu1722\/2022\/07\/Captura-de-pantalla-2022-07-27-145146-1.png 391w, https:\/\/agora.xtec.cat\/esc-joancasas\/wp-content\/uploads\/usu1722\/2022\/07\/Captura-de-pantalla-2022-07-27-145146-1-171x300.png 171w\" sizes=\"auto, (max-width: 222px) 100vw, 222px\" \/><\/a>El <strong>menjador de l&#8217;escola<\/strong> \u00e9s de cuina pr\u00f2pia i garanteix l&#8217;espai i l&#8217;entorn de din\u00e0miques durant l&#8217;estona que l&#8217;alumnat gaudeix de l&#8217;\u00e0pat i de l&#8217;esbarjo. Entre altres es fomenten din\u00e0miques de responsabilitat i de joc sempre tenint present el men\u00fa escolar saludable i el m\u00e9s local possible.<\/p>\n<p>TRESMES ECOACTIVA, SL \u00e9s qui ofereix el servei de menjador i lleure. Els pares i mares de l&#8217;escola (AFA) participen plenament de les gestions relacionades amb la comissi\u00f3 de menjador, fet que representa una mirada propera de seguiment d&#8217;aquest espai.<\/p>\n<p>Per a qualsevol consulta en relaci\u00f3 als <span style=\"color: #3366ff;\">M<\/span><a href=\"https:\/\/tresmes.com\/#fullinscripcio\"><span style=\"color: #3366ff;\">EN\u00daS<\/span><\/a>, a la gesti\u00f3 econ\u00f2mica i altres informacions us podeu adre\u00e7ar al tel\u00e8fon de l&#8217;empresa publicat al seu web:<\/p>\n<p><a href=\"https:\/\/tresmes.com\/#fullinscripcio\">https:\/\/tresmes.com<\/a><\/p>\n<p>&nbsp;<\/p>\n<p>\u200b<\/p>\n<table style=\"height: 275px; width: 88.938%; border-collapse: collapse; border-style: solid; border-color: #02992f;\">\n<tbody>\n<tr style=\"background-color: #2f9953;\">\n<td style=\"width: 15.6311%; height: 69px; background-color: #75ff8f; text-align: center;\"><span style=\"color: #000000;\"><strong>CIRCULAR INFORMATIVA<\/strong><\/span><\/td>\n<td style=\"width: 16.5831%; height: 69px; background-color: #75ff8f; text-align: center;\"><span style=\"color: #000000;\"><strong>PLA DE FUNCIONAMENT\u00a0<\/strong><\/span><\/td>\n<td style=\"width: 17.2173%; height: 69px; background-color: #75ff8f; text-align: center;\"><span style=\"color: #000000;\"><strong>INFORMACI\u00d3 A FAM\u00cdLIES<\/strong><strong><br \/>\n<\/strong><\/span><\/td>\n<td style=\"width: 15.7173%; height: 69px; background-color: #75ff8f;\">\n<p style=\"text-align: center;\"><span style=\"color: #000000;\"><strong>ESPAI DE MIGDIA<\/strong><\/span><\/p>\n<h6 style=\"text-align: center;\"><span style=\"color: #ffffff;\"><a style=\"color: #ffffff;\" href=\"https:\/\/drive.google.com\/file\/d\/1Vd2GN1swmbhlcPtK_JktSaFgkkFbRHcG\/view?usp=drive_link\">(VIDEO)<\/a><\/span><\/h6>\n<\/td>\n<\/tr>\n<tr style=\"height: 206px;\">\n<td style=\"width: 15.6311%; height: 206px;\">\u00a0<a href=\"https:\/\/drive.google.com\/file\/d\/1oZdyzOrK4tKAm89eoHNAum-PI9iN8K6R\/view?usp=sharing\" target=\"_blank\" rel=\"noopener\"><img loading=\"lazy\" decoding=\"async\" class=\"aligncenter wp-image-14607 size-full\" style=\"font-size: 16px; background-color: #ffffff;\" src=\"https:\/\/agora.xtec.cat\/esc-joancasas\/wp-content\/uploads\/usu1722\/2023\/07\/circular-informativa.png\" alt=\"\" width=\"279\" height=\"279\" srcset=\"https:\/\/agora.xtec.cat\/esc-joancasas\/wp-content\/uploads\/usu1722\/2023\/07\/circular-informativa.png 279w, https:\/\/agora.xtec.cat\/esc-joancasas\/wp-content\/uploads\/usu1722\/2023\/07\/circular-informativa-150x150.png 150w\" sizes=\"auto, (max-width: 279px) 100vw, 279px\" \/><\/a><\/td>\n<td style=\"width: 16.5831%; height: 206px;\"><a href=\"https:\/\/docs.google.com\/document\/d\/1Bm8z9XRmNxpOvJb5j1M7XB4-JAVkYlwZwVmeNhg-ZFU\/edit?usp=sharing\" target=\"_blank\" rel=\"noopener\"><img loading=\"lazy\" decoding=\"async\" class=\"aligncenter wp-image-14408 size-full\" src=\"https:\/\/agora.xtec.cat\/esc-joancasas\/wp-content\/uploads\/usu1722\/2022\/07\/fum.png\" alt=\"\" width=\"235\" height=\"243\" \/><\/a><\/td>\n<td style=\"width: 17.2173%; height: 206px;\"><a href=\"https:\/\/agora.xtec.cat\/esc-joancasas\/wp-content\/uploads\/usu1722\/2023\/07\/circular-inscripcions.png\" target=\"_blank\" rel=\"noopener\"><img loading=\"lazy\" decoding=\"async\" class=\"aligncenter wp-image-14608 size-full\" src=\"https:\/\/agora.xtec.cat\/esc-joancasas\/wp-content\/uploads\/usu1722\/2023\/07\/circular-inscripcions.png\" alt=\"\" width=\"285\" height=\"283\" srcset=\"https:\/\/agora.xtec.cat\/esc-joancasas\/wp-content\/uploads\/usu1722\/2023\/07\/circular-inscripcions.png 285w, https:\/\/agora.xtec.cat\/esc-joancasas\/wp-content\/uploads\/usu1722\/2023\/07\/circular-inscripcions-150x150.png 150w\" sizes=\"auto, (max-width: 285px) 100vw, 285px\" \/><\/a><\/td>\n<td style=\"width: 15.7173%; height: 206px;\"><a href=\"https:\/\/agora.xtec.cat\/esc-joancasas\/wp-content\/uploads\/usu1722\/2023\/07\/espai-de-migdia.png\" target=\"_blank\" rel=\"noopener\"><img loading=\"lazy\" decoding=\"async\" class=\"aligncenter wp-image-14609 size-full\" src=\"https:\/\/agora.xtec.cat\/esc-joancasas\/wp-content\/uploads\/usu1722\/2023\/07\/espai-de-migdia.png\" alt=\"\" width=\"270\" height=\"282\" \/><\/a><\/td>\n<\/tr>\n<\/tbody>\n<\/table>\n<p>&nbsp;<\/p>\n","protected":false},"excerpt":{"rendered":"<p>El menjador de l&#8217;escola \u00e9s de cuina pr\u00f2pia i garanteix l&#8217;espai i l&#8217;entorn de din\u00e0miques durant l&#8217;estona que l&#8217;alumnat gaudeix de l&#8217;\u00e0pat i de l&#8217;esbarjo. Entre altres es fomenten din\u00e0miques de responsabilitat i de joc sempre tenint present el men\u00fa escolar saludable i el m\u00e9s local possible. TRESMES ECOACTIVA, SL \u00e9s qui ofereix el servei [&hellip;]<\/p>\n","protected":false},"author":1,"featured_media":0,"parent":66,"menu_order":0,"comment_status":"closed","ping_status":"closed","template":"page-templates\/side-menu.php","meta":{"_bbp_topic_count":0,"_bbp_reply_count":0,"_bbp_total_topic_count":0,"_bbp_total_reply_count":0,"_bbp_voice_count":0,"_bbp_anonymous_reply_count":0,"_bbp_topic_count_hidden":0,"_bbp_reply_count_hidden":0,"_bbp_forum_subforum_count":0,"site-sidebar-layout":"default","site-content-layout":"","ast-site-content-layout":"","site-content-style":"default","site-sidebar-style":"default","ast-global-header-display":"","ast-banner-title-visibility":"","ast-main-header-display":"","ast-hfb-above-header-display":"","ast-hfb-below-header-display":"","ast-hfb-mobile-header-display":"","site-post-title":"","ast-breadcrumbs-content":"","ast-featured-img":"","footer-sml-layout":"","theme-transparent-header-meta":"","adv-header-id-meta":"","stick-header-meta":"","header-above-stick-meta":"","header-main-stick-meta":"","header-below-stick-meta":"","astra-migrate-meta-layouts":"default","ast-page-background-enabled":"default","ast-page-background-meta":{"desktop":{"background-color":"var(--ast-global-color-4)","background-image":"","background-repeat":"repeat","background-position":"center center","background-size":"auto","background-attachment":"scroll","background-type":"","background-media":"","overlay-type":"","overlay-color":"","overlay-opacity":"","overlay-gradient":""},"tablet":{"background-color":"","background-image":"","background-repeat":"repeat","background-position":"center center","background-size":"auto","background-attachment":"scroll","background-type":"","background-media":"","overlay-type":"","overlay-color":"","overlay-opacity":"","overlay-gradient":""},"mobile":{"background-color":"","background-image":"","background-repeat":"repeat","background-position":"center center","background-size":"auto","background-attachment":"scroll","background-type":"","background-media":"","overlay-type":"","overlay-color":"","overlay-opacity":"","overlay-gradient":""}},"ast-content-background-meta":{"desktop":{"background-color":"var(--ast-global-color-5)","background-image":"","background-repeat":"repeat","background-position":"center center","background-size":"auto","background-attachment":"scroll","background-type":"","background-media":"","overlay-type":"","overlay-color":"","overlay-opacity":"","overlay-gradient":""},"tablet":{"background-color":"var(--ast-global-color-5)","background-image":"","background-repeat":"repeat","background-position":"center center","background-size":"auto","background-attachment":"scroll","background-type":"","background-media":"","overlay-type":"","overlay-color":"","overlay-opacity":"","overlay-gradient":""},"mobile":{"background-color":"var(--ast-global-color-5)","background-image":"","background-repeat":"repeat","background-position":"center center","background-size":"auto","background-attachment":"scroll","background-type":"","background-media":"","overlay-type":"","overlay-color":"","overlay-opacity":"","overlay-gradient":""}},"footnotes":""},"class_list":["post-73","page","type-page","status-publish","hentry"],"post_mailing_queue_ids":[],"_links":{"self":[{"href":"https:\/\/agora.xtec.cat\/esc-joancasas\/wp-json\/wp\/v2\/pages\/73","targetHints":{"allow":["GET"]}}],"collection":[{"href":"https:\/\/agora.xtec.cat\/esc-joancasas\/wp-json\/wp\/v2\/pages"}],"about":[{"href":"https:\/\/agora.xtec.cat\/esc-joancasas\/wp-json\/wp\/v2\/types\/page"}],"author":[{"embeddable":true,"href":"https:\/\/agora.xtec.cat\/esc-joancasas\/wp-json\/wp\/v2\/users\/1"}],"replies":[{"embeddable":true,"href":"https:\/\/agora.xtec.cat\/esc-joancasas\/wp-json\/wp\/v2\/comments?post=73"}],"version-history":[{"count":7,"href":"https:\/\/agora.xtec.cat\/esc-joancasas\/wp-json\/wp\/v2\/pages\/73\/revisions"}],"predecessor-version":[{"id":14913,"href":"https:\/\/agora.xtec.cat\/esc-joancasas\/wp-json\/wp\/v2\/pages\/73\/revisions\/14913"}],"up":[{"embeddable":true,"href":"https:\/\/agora.xtec.cat\/esc-joancasas\/wp-json\/wp\/v2\/pages\/66"}],"wp:attachment":[{"href":"https:\/\/agora.xtec.cat\/esc-joancasas\/wp-json\/wp\/v2\/media?parent=73"}],"curies":[{"name":"wp","href":"https:\/\/api.w.org\/{rel}","templated":true}]}}