{"id":71,"date":"2014-09-18T12:44:56","date_gmt":"2014-09-18T11:44:56","guid":{"rendered":"http:\/\/agora.xtec.cat\/esc-joancasas\/?page_id=71"},"modified":"2026-02-21T00:54:09","modified_gmt":"2026-02-20T23:54:09","slug":"serveis-digitals","status":"publish","type":"page","link":"https:\/\/agora.xtec.cat\/esc-joancasas\/serveis\/serveis-digitals\/","title":{"rendered":"Proposta d&#8217;activitats digitals"},"content":{"rendered":"<p>En aquesta p\u00e0gina trobareu diverses webs plenes de propostes. Esperem que gaudiu molt!<\/p>\n<p><a href=\"https:\/\/www.symbaloo.com\/home\/mix\/AAAABlgLQ9MAA42ACq8K7g==\" target=\"_blank\" rel=\"noopener noreferrer\">Activitats per I3, I4 i I5<\/a><\/p>\n<p><a href=\"https:\/\/www.symbaloo.com\/home\/mix\/cicleinicial15?cookieConsent=false\" target=\"_blank\" rel=\"noopener noreferrer\">Activitats per\u00a01r i 2n<\/a><\/p>\n<p><a href=\"https:\/\/www.symbaloo.com\/home\/mix\/jocsciclemitja?cookieConsent=false\" target=\"_blank\" rel=\"noopener noreferrer\">Activitats per 3r i 4t<\/a><\/p>\n<p><a href=\"https:\/\/www.symbaloo.com\/mix\/ciclesuperior84\" target=\"_blank\" rel=\"noopener noreferrer\">Activitats per\u00a05\u00e8 i 6\u00e8<\/a><\/p>\n<p><a href=\"https:\/\/www.symbaloo.com\/home\/mix\/infantilmedi\">Recursos pels projectes comunitat de petits.<\/a><\/p>\n<p><a href=\"https:\/\/www.symbaloo.com\/home\/mix\/entorninfantil\">Recursos entorn comunitat de petits.<\/a><\/p>\n<p><a href=\"https:\/\/www.symbaloo.com\/home\/mix\/infantil69\">Recursos digitals comunitat de petits.<\/a><\/p>\n<p><a href=\"https:\/\/www.symbaloo.com\/mix\/medinatural1r1\">Recursos Medi Natural 1r<\/a><a href=\"https:\/\/www.symbaloo.com\/mix\/medinatural1r1\">.<\/a><\/p>\n<p><a href=\"https:\/\/www.symbaloo.com\/mix\/medisocial1r1\">Recursos Medi Social 1r.<\/a><\/p>\n<p><a href=\"https:\/\/www.symbaloo.com\/mix\/medinatural2n\">Recursos Medi Natural 2n.<\/a><\/p>\n<p><a href=\"https:\/\/www.symbaloo.com\/mix\/medinatural2n\">Recursos Medi Social 2n.<\/a><\/p>\n<p><a href=\"https:\/\/www.symbaloo.com\/mix\/medinatural2n\">Recursos Medi Natural 3r.<\/a><\/p>\n<p><a href=\"https:\/\/www.symbaloo.com\/mix\/medinatural2n\">Recursos Medi Social 3r.<\/a><\/p>\n<p><a href=\"https:\/\/www.symbaloo.com\/mix\/medinatural4t\">Recursos Medi Natural 4t.<\/a><\/p>\n<p><a href=\"https:\/\/www.symbaloo.com\/mix\/medisocial4t1\">Recursos Medi Social 4t.<\/a><\/p>\n<p><a href=\"https:\/\/www.symbaloo.com\/mix\/medisocial4t1\">Recursos Medi Natural 5\u00e8<\/a><\/p>\n<p><a href=\"https:\/\/www.symbaloo.com\/mix\/medisocial4t1\">Recursos Medi Social 5\u00e8<\/a><\/p>\n<p><a href=\"https:\/\/www.symbaloo.com\/mix\/medinatural6e1\">Recursos Medi Natural 6\u00e8<\/a><\/p>\n<p><a href=\"https:\/\/www.symbaloo.com\/mix\/medisocial6e1\">Recursos Medi Social 6\u00e8<\/a><\/p>\n<p>A continuaci\u00f3, teniu una p\u00e0gina web per ensenyar, aprendre i treballar una mica m\u00e9s:<\/p>\n<p><a href=\"https:\/\/sites.google.com\/a\/xtec.cat\/rdzereral\/\" target=\"_blank\" rel=\"noopener noreferrer\">Calaix de sastre<\/a><\/p>\n<p><a href=\"http:\/\/www.ceip-diputacio.com\/la%20motxilla.htm\">La motxilla.<\/a><\/p>\n<p><a href=\"http:\/\/www.xtec.cat\/~mmontene\/3index.htm\">El web de la Teresa.<\/a><\/p>\n<p><a href=\"https:\/\/www.educalandia.net\/\">Educalandia.<\/a><\/p>\n<p>Tamb\u00e9, podreu veure uns curtmetratges plens de valors gr\u00e0cies al bloc de la Iolanda Roset i Cristina Sotoca:<\/p>\n<p><a href=\"http:\/\/blocs.xtec.cat\/recursosee\/resolucio-de-conflictes\/\" target=\"_blank\" rel=\"noopener noreferrer\">Educaci\u00f3 en valors<\/a><\/p>\n<p>&nbsp;<\/p>\n","protected":false},"excerpt":{"rendered":"<p>En aquesta p\u00e0gina trobareu diverses webs plenes de propostes. Esperem que gaudiu molt! Activitats per I3, I4 i I5 Activitats per\u00a01r i 2n Activitats per 3r i 4t Activitats per\u00a05\u00e8 i 6\u00e8 Recursos pels projectes comunitat de petits. Recursos entorn comunitat de petits. Recursos digitals comunitat de petits. Recursos Medi Natural 1r. Recursos Medi Social [&hellip;]<\/p>\n","protected":false},"author":1,"featured_media":0,"parent":66,"menu_order":0,"comment_status":"closed","ping_status":"closed","template":"","meta":{"_bbp_topic_count":0,"_bbp_reply_count":0,"_bbp_total_topic_count":0,"_bbp_total_reply_count":0,"_bbp_voice_count":0,"_bbp_anonymous_reply_count":0,"_bbp_topic_count_hidden":0,"_bbp_reply_count_hidden":0,"_bbp_forum_subforum_count":0,"site-sidebar-layout":"default","site-content-layout":"","ast-site-content-layout":"default","site-content-style":"default","site-sidebar-style":"default","ast-global-header-display":"","ast-banner-title-visibility":"","ast-main-header-display":"","ast-hfb-above-header-display":"","ast-hfb-below-header-display":"","ast-hfb-mobile-header-display":"","site-post-title":"","ast-breadcrumbs-content":"","ast-featured-img":"","footer-sml-layout":"","theme-transparent-header-meta":"default","adv-header-id-meta":"","stick-header-meta":"","header-above-stick-meta":"","header-main-stick-meta":"","header-below-stick-meta":"","astra-migrate-meta-layouts":"set","ast-page-background-enabled":"default","ast-page-background-meta":{"desktop":{"background-color":"var(--ast-global-color-4)","background-image":"","background-repeat":"repeat","background-position":"center center","background-size":"auto","background-attachment":"scroll","background-type":"","background-media":"","overlay-type":"","overlay-color":"","overlay-opacity":"","overlay-gradient":""},"tablet":{"background-color":"","background-image":"","background-repeat":"repeat","background-position":"center center","background-size":"auto","background-attachment":"scroll","background-type":"","background-media":"","overlay-type":"","overlay-color":"","overlay-opacity":"","overlay-gradient":""},"mobile":{"background-color":"","background-image":"","background-repeat":"repeat","background-position":"center center","background-size":"auto","background-attachment":"scroll","background-type":"","background-media":"","overlay-type":"","overlay-color":"","overlay-opacity":"","overlay-gradient":""}},"ast-content-background-meta":{"desktop":{"background-color":"var(--ast-global-color-5)","background-image":"","background-repeat":"repeat","background-position":"center center","background-size":"auto","background-attachment":"scroll","background-type":"","background-media":"","overlay-type":"","overlay-color":"","overlay-opacity":"","overlay-gradient":""},"tablet":{"background-color":"var(--ast-global-color-5)","background-image":"","background-repeat":"repeat","background-position":"center center","background-size":"auto","background-attachment":"scroll","background-type":"","background-media":"","overlay-type":"","overlay-color":"","overlay-opacity":"","overlay-gradient":""},"mobile":{"background-color":"var(--ast-global-color-5)","background-image":"","background-repeat":"repeat","background-position":"center center","background-size":"auto","background-attachment":"scroll","background-type":"","background-media":"","overlay-type":"","overlay-color":"","overlay-opacity":"","overlay-gradient":""}},"footnotes":""},"class_list":["post-71","page","type-page","status-publish","hentry"],"post_mailing_queue_ids":[],"_links":{"self":[{"href":"https:\/\/agora.xtec.cat\/esc-joancasas\/wp-json\/wp\/v2\/pages\/71","targetHints":{"allow":["GET"]}}],"collection":[{"href":"https:\/\/agora.xtec.cat\/esc-joancasas\/wp-json\/wp\/v2\/pages"}],"about":[{"href":"https:\/\/agora.xtec.cat\/esc-joancasas\/wp-json\/wp\/v2\/types\/page"}],"author":[{"embeddable":true,"href":"https:\/\/agora.xtec.cat\/esc-joancasas\/wp-json\/wp\/v2\/users\/1"}],"replies":[{"embeddable":true,"href":"https:\/\/agora.xtec.cat\/esc-joancasas\/wp-json\/wp\/v2\/comments?post=71"}],"version-history":[{"count":7,"href":"https:\/\/agora.xtec.cat\/esc-joancasas\/wp-json\/wp\/v2\/pages\/71\/revisions"}],"predecessor-version":[{"id":15145,"href":"https:\/\/agora.xtec.cat\/esc-joancasas\/wp-json\/wp\/v2\/pages\/71\/revisions\/15145"}],"up":[{"embeddable":true,"href":"https:\/\/agora.xtec.cat\/esc-joancasas\/wp-json\/wp\/v2\/pages\/66"}],"wp:attachment":[{"href":"https:\/\/agora.xtec.cat\/esc-joancasas\/wp-json\/wp\/v2\/media?parent=71"}],"curies":[{"name":"wp","href":"https:\/\/api.w.org\/{rel}","templated":true}]}}