{"id":5628,"date":"2018-03-13T13:10:43","date_gmt":"2018-03-13T12:10:43","guid":{"rendered":"http:\/\/agora.xtec.cat\/esc-joancasas\/?page_id=5628"},"modified":"2026-02-21T01:35:55","modified_gmt":"2026-02-21T00:35:55","slug":"dimensions-curriculars-a-un-cop-dull","status":"publish","type":"page","link":"https:\/\/agora.xtec.cat\/esc-joancasas\/projecte-educatiu\/dimensions-curriculars-a-un-cop-dull\/","title":{"rendered":"CRITERIS D&#8217;AVALUACI\u00d3 CURRICULARS"},"content":{"rendered":"<p class=\"has-normal-font-size\" style=\"text-align: center;\"><strong>ETAPA INFANTIL I ETAPA PRIM\u00c0RIA<\/strong><\/p>\n<hr \/>\n<p class=\"has-normal-font-size\">A partir del Decret 21\/2023, de 7 de febrer, d\u2019ordenaci\u00f3 dels ensenyaments de l\u2019educaci\u00f3 infantil, a l&#8217;escola hem establert els seg\u00fcents criteris d\u2019avaluaci\u00f3:<\/p>\n<ul>\n<li><strong>Criteris d\u2019Avaluaci\u00f3 Educaci\u00f3 Infantil<\/strong><span style=\"color: #ff0000;\">\u00a0<\/span><\/li>\n<\/ul>\n<p>A partir del Decret 175\/2022, de 27 de setembre, d\u2019ordenaci\u00f3 dels ensenyaments de l\u2019educaci\u00f3 b\u00e0sica, a l&#8217;escola hem establert els seg\u00fcents criteris d\u2019avaluaci\u00f3:<\/p>\n<table style=\"border-collapse: collapse; width: 100%;\">\n<tbody>\n<tr>\n<td style=\"width: 25%; text-align: center;\"><a href=\"https:\/\/drive.google.com\/file\/d\/1ewfd61R_CC6ZFqp4a8EKSjl8v65CgYwN\/view?usp=sharing\"><strong>EIX 1<\/strong><\/a><\/td>\n<td style=\"width: 25%; text-align: center;\"><a href=\"https:\/\/drive.google.com\/file\/d\/1ewfd61R_CC6ZFqp4a8EKSjl8v65CgYwN\/view?usp=sharing\"><strong>EIX 2<\/strong><\/a><\/td>\n<td style=\"width: 25%; text-align: center;\"><a href=\"https:\/\/drive.google.com\/file\/d\/1ewfd61R_CC6ZFqp4a8EKSjl8v65CgYwN\/view?usp=sharing\"><strong>EIX 3<\/strong><\/a><\/td>\n<td style=\"width: 25%; text-align: center;\"><a href=\"https:\/\/drive.google.com\/file\/d\/1ewfd61R_CC6ZFqp4a8EKSjl8v65CgYwN\/view?usp=sharing\"><strong>EIX 4<\/strong><\/a><\/td>\n<\/tr>\n<\/tbody>\n<\/table>\n<ul>\n<li><strong>Criteris d\u2019Avaluaci\u00f3 Educaci\u00f3 Prim\u00e0ria <\/strong><span style=\"color: #ff0000;\">\u00a0<\/span><\/li>\n<\/ul>\n<table style=\"width: 99.4688%; height: 239px;\">\n<tbody>\n<tr style=\"height: 48px;\">\n<td style=\"height: 48px; width: 32.8153%;\"><strong><span style=\"color: #333333;\">Criteris d\u2019Avaluaci\u00f3 1r i 2n\u00a0<\/span><\/strong><\/td>\n<td style=\"height: 48px; width: 33.97%;\"><strong><span style=\"color: #333333;\">Criteris d\u2019Avaluaci\u00f3 3r i 4t\u00a0<\/span><\/strong><\/td>\n<td style=\"height: 48px; width: 34.0451%;\"><strong><span style=\"color: #333333;\">Criteris d\u2019Avaluaci\u00f3 5\u00e8 i 6\u00e8\u00a0<\/span><\/strong><\/td>\n<\/tr>\n<tr style=\"height: 191px;\">\n<td style=\"height: 191px; width: 32.8153%;\"><span style=\"color: #0000ff;\"><a style=\"color: #0000ff;\" href=\"https:\/\/drive.google.com\/file\/d\/1cGQnDGE7zjEvGEfYWbSHsxExxi4i6xMi\/view?usp=drive_link\">\u00c0mbit Ling\u00fc\u00edstic Catal\u00e0 i Castell\u00e0<\/a><\/span><\/p>\n<p><span style=\"color: #0000ff;\"><a style=\"color: #0000ff;\" href=\"https:\/\/drive.google.com\/file\/d\/1n1ZzihoYYIC34f6YOGWiSjyr2PwXFrkO\/view?usp=sharing\">\u00c0mbit Ling\u00fc\u00edstic Angl\u00e8s<\/a><\/span><\/p>\n<p><span style=\"color: #0000ff;\"><a style=\"color: #0000ff;\" href=\"https:\/\/drive.google.com\/file\/d\/1GDJHd48l20PFqXJ2gzCAXGNSm_jk_dDI\/view?usp=drive_link\">\u00c0mbit Art\u00edstic<\/a><\/span><\/p>\n<p><span style=\"color: #0000ff;\"><a style=\"color: #0000ff;\" href=\"https:\/\/drive.google.com\/file\/d\/17XIRv0a9q4W4qXZkeFHDRY1vAa9mJj3f\/view?usp=drive_link\">\u00c0mbit de Coneixement del Medi<\/a><\/span><\/p>\n<p><span style=\"color: #0000ff;\"><a style=\"color: #0000ff;\" href=\"https:\/\/drive.google.com\/file\/d\/123NxR8hfbQOitxnn3QnKY-37Yhfn0bAr\/view?usp=drive_link\">\u00c0mbit d&#8217;Educaci\u00f3 F\u00edsica<\/a><\/span><\/p>\n<p>\u00c0mbit Matem\u00e0tic<\/p>\n<ul>\n<li><span style=\"color: #0000ff;\"><a style=\"color: #0000ff;\" href=\"https:\/\/drive.google.com\/file\/d\/18tbaka8p1UdUfDmFv6tovSHZs2iJx3sG\/view?usp=drive_link\">Innovamat 1r de Prim\u00e0ria<\/a><\/span><\/li>\n<li><span style=\"color: #0000ff;\"><a style=\"color: #0000ff;\" href=\"https:\/\/drive.google.com\/file\/d\/1F-Rw39t-0FAiLpCLYQq_OeWBlqHKA90W\/view?usp=drive_link\">Innovamat 2n de Prim\u00e0ria<\/a><\/span><\/li>\n<\/ul>\n<\/td>\n<td style=\"height: 191px; width: 33.97%;\"><span style=\"color: #0000ff;\"><a style=\"color: #0000ff;\" href=\"https:\/\/drive.google.com\/file\/d\/1NyRRDk6VH5zixT3nfsxqfHGlgl55Wl7l\/view?usp=drive_link\">\u00c0mbit Ling\u00fc\u00edstic. Catal\u00e0 i Castell\u00e0<\/a><\/span><\/p>\n<p><span style=\"color: #0000ff;\"><a style=\"color: #0000ff;\" href=\"https:\/\/drive.google.com\/file\/d\/1wHB7qPxVPQsTwzWHDJBLLL26glpOhmBq\/view?usp=drive_link\">\u00c0mbit Ling\u00fc\u00edstic<\/a><\/span><span style=\"color: #0000ff;\"> <a style=\"color: #0000ff;\" href=\"https:\/\/drive.google.com\/file\/d\/1wHB7qPxVPQsTwzWHDJBLLL26glpOhmBq\/view?usp=drive_link\">Angl\u00e8s<\/a><\/span><\/p>\n<p><span style=\"color: #0000ff;\"><a style=\"color: #0000ff;\" href=\"https:\/\/drive.google.com\/file\/d\/1xOgcALjfhYymFXusBMNdDQct8-ggAJx6\/view?usp=drive_link\">\u00c0mbit Art\u00edstic<\/a><\/span><\/p>\n<p><span style=\"color: #0000ff;\"><a style=\"color: #0000ff;\" href=\"https:\/\/drive.google.com\/file\/d\/1vjWEf80LahQRg_1BTtT3iJhNzOiI3Lwl\/view?usp=drive_link\">\u00c0mbit de Coneixement del Medi<\/a><\/span><\/p>\n<p><span style=\"color: #0000ff;\"><a style=\"color: #0000ff;\" href=\"https:\/\/drive.google.com\/file\/d\/1_KcfjvIyOqcvWDA-od9kRUNJ5lLXfCwm\/view?usp=drive_link\">\u00c0mbit d&#8217;Educaci\u00f3 F\u00edsica<\/a><\/span><\/p>\n<p>\u00c0mbit Matem\u00e0tic<\/p>\n<ul>\n<li><span style=\"color: #0000ff;\"><a style=\"color: #0000ff;\" href=\"https:\/\/drive.google.com\/file\/d\/1tUt_1lejSFEzo9IQ4p_Y3bTEJES5h7iX\/view?usp=drive_link\">Innovamat 3r de Prim\u00e0ria<\/a><\/span><\/li>\n<li><span style=\"color: #0000ff;\"><a style=\"color: #0000ff;\" href=\"https:\/\/drive.google.com\/file\/d\/1hhXIVxc06oWTjnqSoO8jDVBb3uSEQH3E\/view?usp=drive_link\">Innovamat 4t de Prim\u00e0ria<\/a><\/span><\/li>\n<\/ul>\n<\/td>\n<td style=\"height: 191px; width: 34.0451%;\"><span style=\"color: #0000ff;\"><a style=\"color: #0000ff;\" href=\"https:\/\/drive.google.com\/file\/d\/1ePNiThn52mmTf52K1DN9cVAZb1fi4bVQ\/view?usp=drive_link\">\u00c0mbit Ling\u00fc\u00edstic Catal\u00e0 i Castell\u00e0<\/a><\/span><\/p>\n<p><span style=\"color: #0000ff;\"><a style=\"color: #0000ff;\" href=\"https:\/\/drive.google.com\/file\/d\/1daaaZ8sGAM4WTqk1qgkUuDOCXYVgyfZI\/view?usp=drive_link\">\u00c0mbit Li<\/a><a style=\"color: #0000ff;\" href=\"https:\/\/drive.google.com\/file\/d\/1daaaZ8sGAM4WTqk1qgkUuDOCXYVgyfZI\/view?usp=drive_link\">ng\u00fc\u00edstic Angl\u00e8s<\/a><\/span><\/p>\n<p><span style=\"color: #0000ff;\"><a style=\"color: #0000ff;\" href=\"https:\/\/drive.google.com\/file\/d\/1Y-u9ELHtyjkFdAH7X7d5FsdzDmfDPRAz\/view?usp=drive_link\">\u00c0mbit Art\u00edstic<\/a><\/span><\/p>\n<p><span style=\"color: #0000ff;\"><a style=\"color: #0000ff;\" href=\"https:\/\/drive.google.com\/file\/d\/1BE_Y38ZuZig6DpXpHS_eGyxU62bdDwvr\/view?usp=drive_link\">\u00c0mbit de Coneixement del Medi<\/a><\/span><\/p>\n<p><span style=\"color: #0000ff;\"><a style=\"color: #0000ff;\" href=\"https:\/\/drive.google.com\/file\/d\/16Ij_wMNL5sqgfG4cv5FRzv8SyuOXHFG4\/view?usp=drive_link\">\u00c0mbit d&#8217;Educaci\u00f3 F\u00edsica<\/a><\/span><\/p>\n<p>\u00c0mbit Matem\u00e0tic<\/p>\n<ul>\n<li><span style=\"color: #0000ff;\"><a style=\"color: #0000ff;\" href=\"https:\/\/drive.google.com\/file\/d\/1tuhyfzS_kBbKuxZ4We8n74RJ2nPGi3W0\/view?usp=drive_link\">Innovamat 5\u00e8 de Prim\u00e0ria<\/a><\/span><\/li>\n<li><span style=\"color: #0000ff;\"><a style=\"color: #0000ff;\" href=\"https:\/\/drive.google.com\/file\/d\/1O_tG3dgePbyh0RwUfaCfo4nsT0QZLvW1\/view?usp=drive_link\">Innovamat 6\u00e8 de prim\u00e0ria<\/a><\/span><\/li>\n<\/ul>\n<\/td>\n<\/tr>\n<\/tbody>\n<\/table>\n","protected":false},"excerpt":{"rendered":"<p>ETAPA INFANTIL I ETAPA PRIM\u00c0RIA A partir del Decret 21\/2023, de 7 de febrer, d\u2019ordenaci\u00f3 dels ensenyaments de l\u2019educaci\u00f3 infantil, a l&#8217;escola hem establert els seg\u00fcents criteris d\u2019avaluaci\u00f3: Criteris d\u2019Avaluaci\u00f3 Educaci\u00f3 Infantil\u00a0 A partir del Decret 175\/2022, de 27 de setembre, d\u2019ordenaci\u00f3 dels ensenyaments de l\u2019educaci\u00f3 b\u00e0sica, a l&#8217;escola hem establert els seg\u00fcents criteris d\u2019avaluaci\u00f3: [&hellip;]<\/p>\n","protected":false},"author":1,"featured_media":0,"parent":64,"menu_order":0,"comment_status":"closed","ping_status":"closed","template":"","meta":{"_bbp_topic_count":0,"_bbp_reply_count":0,"_bbp_total_topic_count":0,"_bbp_total_reply_count":0,"_bbp_voice_count":0,"_bbp_anonymous_reply_count":0,"_bbp_topic_count_hidden":0,"_bbp_reply_count_hidden":0,"_bbp_forum_subforum_count":0,"site-sidebar-layout":"default","site-content-layout":"","ast-site-content-layout":"default","site-content-style":"default","site-sidebar-style":"default","ast-global-header-display":"","ast-banner-title-visibility":"","ast-main-header-display":"","ast-hfb-above-header-display":"","ast-hfb-below-header-display":"","ast-hfb-mobile-header-display":"","site-post-title":"","ast-breadcrumbs-content":"","ast-featured-img":"","footer-sml-layout":"","theme-transparent-header-meta":"default","adv-header-id-meta":"","stick-header-meta":"","header-above-stick-meta":"","header-main-stick-meta":"","header-below-stick-meta":"","astra-migrate-meta-layouts":"set","ast-page-background-enabled":"default","ast-page-background-meta":{"desktop":{"background-color":"var(--ast-global-color-4)","background-image":"","background-repeat":"repeat","background-position":"center center","background-size":"auto","background-attachment":"scroll","background-type":"","background-media":"","overlay-type":"","overlay-color":"","overlay-opacity":"","overlay-gradient":""},"tablet":{"background-color":"","background-image":"","background-repeat":"repeat","background-position":"center center","background-size":"auto","background-attachment":"scroll","background-type":"","background-media":"","overlay-type":"","overlay-color":"","overlay-opacity":"","overlay-gradient":""},"mobile":{"background-color":"","background-image":"","background-repeat":"repeat","background-position":"center center","background-size":"auto","background-attachment":"scroll","background-type":"","background-media":"","overlay-type":"","overlay-color":"","overlay-opacity":"","overlay-gradient":""}},"ast-content-background-meta":{"desktop":{"background-color":"var(--ast-global-color-5)","background-image":"","background-repeat":"repeat","background-position":"center center","background-size":"auto","background-attachment":"scroll","background-type":"","background-media":"","overlay-type":"","overlay-color":"","overlay-opacity":"","overlay-gradient":""},"tablet":{"background-color":"var(--ast-global-color-5)","background-image":"","background-repeat":"repeat","background-position":"center center","background-size":"auto","background-attachment":"scroll","background-type":"","background-media":"","overlay-type":"","overlay-color":"","overlay-opacity":"","overlay-gradient":""},"mobile":{"background-color":"var(--ast-global-color-5)","background-image":"","background-repeat":"repeat","background-position":"center center","background-size":"auto","background-attachment":"scroll","background-type":"","background-media":"","overlay-type":"","overlay-color":"","overlay-opacity":"","overlay-gradient":""}},"footnotes":""},"class_list":["post-5628","page","type-page","status-publish","hentry"],"post_mailing_queue_ids":[],"_links":{"self":[{"href":"https:\/\/agora.xtec.cat\/esc-joancasas\/wp-json\/wp\/v2\/pages\/5628","targetHints":{"allow":["GET"]}}],"collection":[{"href":"https:\/\/agora.xtec.cat\/esc-joancasas\/wp-json\/wp\/v2\/pages"}],"about":[{"href":"https:\/\/agora.xtec.cat\/esc-joancasas\/wp-json\/wp\/v2\/types\/page"}],"author":[{"embeddable":true,"href":"https:\/\/agora.xtec.cat\/esc-joancasas\/wp-json\/wp\/v2\/users\/1"}],"replies":[{"embeddable":true,"href":"https:\/\/agora.xtec.cat\/esc-joancasas\/wp-json\/wp\/v2\/comments?post=5628"}],"version-history":[{"count":6,"href":"https:\/\/agora.xtec.cat\/esc-joancasas\/wp-json\/wp\/v2\/pages\/5628\/revisions"}],"predecessor-version":[{"id":15149,"href":"https:\/\/agora.xtec.cat\/esc-joancasas\/wp-json\/wp\/v2\/pages\/5628\/revisions\/15149"}],"up":[{"embeddable":true,"href":"https:\/\/agora.xtec.cat\/esc-joancasas\/wp-json\/wp\/v2\/pages\/64"}],"wp:attachment":[{"href":"https:\/\/agora.xtec.cat\/esc-joancasas\/wp-json\/wp\/v2\/media?parent=5628"}],"curies":[{"name":"wp","href":"https:\/\/api.w.org\/{rel}","templated":true}]}}