{"id":488,"date":"2017-11-09T20:09:17","date_gmt":"2017-11-09T19:09:17","guid":{"rendered":"http:\/\/agora.xtec.cat\/esc-joancasas\/?page_id=488"},"modified":"2019-04-04T17:52:57","modified_gmt":"2019-04-04T15:52:57","slug":"qui-va-ser","status":"publish","type":"page","link":"https:\/\/agora.xtec.cat\/esc-joancasas\/lescola\/qui-va-ser\/","title":{"rendered":"Qui va ser en Joan Casas?"},"content":{"rendered":"<p>Breu biografia de:<a href=\"https:\/\/agora.xtec.cat\/esc-joancasas\/wp-content\/uploads\/usu1722\/2019\/04\/IMG_20190401_185059_retallada.jpg\"><img loading=\"lazy\" decoding=\"async\" class=\"wp-image-11173 size-thumbnail alignright\" src=\"https:\/\/agora.xtec.cat\/esc-joancasas\/wp-content\/uploads\/usu1722\/2019\/04\/IMG_20190401_185059_retallada-150x150.jpg\" alt=\"\" width=\"150\" height=\"150\" \/><\/a><\/p>\n<p>Joan Casas Canudas (Sant Antoni de Vilamajor, 1876 \u2013 Barcelona, 1960)<\/p>\n<p>Joan Casas Canudes, industrial del sector t\u00e8xtil del primer ter\u00e7 del segle XX, va n\u00e9ixer al n\u00famero 15 del carrer del Camp d\u2019en Puig, a la resid\u00e8ncia familiar coneguda com Can Jarreta<br \/>\n(avui dia desapareguda).<br \/>\nDe ben jove va marxar a viure al Maresme acollit per la seva fam\u00edlia, propietaris d\u2019una creixent ind\u00fastria del sector t\u00e8xtil. Durant aquells anys va entrar en contacte amb el teixit empresarial de principis del segle XX, impregnant-se de les idees econ\u00f2miques imperants en aquell per\u00edode.<br \/>\nAnys m\u00e9s tard (en concret al 1916), despr\u00e9s d\u2019assolir la direcci\u00f3 del negoci familiar, va traslladar la seu de la f\u00e0brica t\u00e8xtil al seu poble natal, Sant Antoni de Vilamajor.<br \/>\nA nivell del municipi, aquest fet fa suposar l\u2019inici d\u2019una etapa de modernitzaci\u00f3 i industrialitzaci\u00f3 tant de la trama urban\u00edstica, com del teixit social de la Vilanova de Vilamajor.<br \/>\nA nivell personal, coincidint amb la seva tornada al poble que el va veure n\u00e9ixer, Joan Casas va iniciar una intensa vinculaci\u00f3 amb la vida pol\u00edtica i cultural del municipi.<br \/>\nSi fixem el nostre punt d\u2019atenci\u00f3 en l\u2019aspecte cultural, hem de destacar -per sobre d\u2019altres actuacions- el seu paper com a principal impulsor de la construcci\u00f3 de les escoles municipals, les actuals Escoles Velles.<br \/>\nAquest equipament, pagat amb el seu patrimoni personal i constru\u00eft en els terrenys cedits per la fam\u00edlia Bertran, va ser cedit a l\u2019ens municipal el dia 1 d\u2019abril de 1934, data de la seva inauguraci\u00f3 oficial (tal i com es recull en l\u2019acte del Ple de l\u2019Ajuntament celebrat aquell dia).<br \/>\nEn reconeixement a la seva important aportaci\u00f3 al poble, el conjunt escolar va ser batejat amb el seu nom, el qual mant\u00e9 fins a dia d\u2019avui.<\/p>\n<p>Jordi Nogu\u00e9s<br \/>\nSant Antoni de Vilamajor, 4\/4\/19<\/p>\n","protected":false},"excerpt":{"rendered":"<p>Breu biografia de: Joan Casas Canudas (Sant Antoni de Vilamajor, 1876 \u2013 Barcelona, 1960) Joan Casas Canudes, industrial del sector t\u00e8xtil del primer ter\u00e7 del segle XX, va n\u00e9ixer al n\u00famero 15 del carrer del Camp d\u2019en Puig, a la resid\u00e8ncia familiar coneguda com Can Jarreta (avui dia desapareguda). De ben jove va marxar a [&hellip;]<\/p>\n","protected":false},"author":1,"featured_media":0,"parent":22,"menu_order":0,"comment_status":"closed","ping_status":"closed","template":"page-templates\/side-menu.php","meta":{"_bbp_topic_count":0,"_bbp_reply_count":0,"_bbp_total_topic_count":0,"_bbp_total_reply_count":0,"_bbp_voice_count":0,"_bbp_anonymous_reply_count":0,"_bbp_topic_count_hidden":0,"_bbp_reply_count_hidden":0,"_bbp_forum_subforum_count":0,"site-sidebar-layout":"default","site-content-layout":"","ast-site-content-layout":"","site-content-style":"default","site-sidebar-style":"default","ast-global-header-display":"","ast-banner-title-visibility":"","ast-main-header-display":"","ast-hfb-above-header-display":"","ast-hfb-below-header-display":"","ast-hfb-mobile-header-display":"","site-post-title":"","ast-breadcrumbs-content":"","ast-featured-img":"","footer-sml-layout":"","theme-transparent-header-meta":"","adv-header-id-meta":"","stick-header-meta":"","header-above-stick-meta":"","header-main-stick-meta":"","header-below-stick-meta":"","astra-migrate-meta-layouts":"default","ast-page-background-enabled":"default","ast-page-background-meta":{"desktop":{"background-color":"var(--ast-global-color-4)","background-image":"","background-repeat":"repeat","background-position":"center center","background-size":"auto","background-attachment":"scroll","background-type":"","background-media":"","overlay-type":"","overlay-color":"","overlay-opacity":"","overlay-gradient":""},"tablet":{"background-color":"","background-image":"","background-repeat":"repeat","background-position":"center center","background-size":"auto","background-attachment":"scroll","background-type":"","background-media":"","overlay-type":"","overlay-color":"","overlay-opacity":"","overlay-gradient":""},"mobile":{"background-color":"","background-image":"","background-repeat":"repeat","background-position":"center center","background-size":"auto","background-attachment":"scroll","background-type":"","background-media":"","overlay-type":"","overlay-color":"","overlay-opacity":"","overlay-gradient":""}},"ast-content-background-meta":{"desktop":{"background-color":"var(--ast-global-color-5)","background-image":"","background-repeat":"repeat","background-position":"center center","background-size":"auto","background-attachment":"scroll","background-type":"","background-media":"","overlay-type":"","overlay-color":"","overlay-opacity":"","overlay-gradient":""},"tablet":{"background-color":"var(--ast-global-color-5)","background-image":"","background-repeat":"repeat","background-position":"center center","background-size":"auto","background-attachment":"scroll","background-type":"","background-media":"","overlay-type":"","overlay-color":"","overlay-opacity":"","overlay-gradient":""},"mobile":{"background-color":"var(--ast-global-color-5)","background-image":"","background-repeat":"repeat","background-position":"center center","background-size":"auto","background-attachment":"scroll","background-type":"","background-media":"","overlay-type":"","overlay-color":"","overlay-opacity":"","overlay-gradient":""}},"footnotes":""},"class_list":["post-488","page","type-page","status-publish","hentry"],"post_mailing_queue_ids":[],"_links":{"self":[{"href":"https:\/\/agora.xtec.cat\/esc-joancasas\/wp-json\/wp\/v2\/pages\/488","targetHints":{"allow":["GET"]}}],"collection":[{"href":"https:\/\/agora.xtec.cat\/esc-joancasas\/wp-json\/wp\/v2\/pages"}],"about":[{"href":"https:\/\/agora.xtec.cat\/esc-joancasas\/wp-json\/wp\/v2\/types\/page"}],"author":[{"embeddable":true,"href":"https:\/\/agora.xtec.cat\/esc-joancasas\/wp-json\/wp\/v2\/users\/1"}],"replies":[{"embeddable":true,"href":"https:\/\/agora.xtec.cat\/esc-joancasas\/wp-json\/wp\/v2\/comments?post=488"}],"version-history":[{"count":4,"href":"https:\/\/agora.xtec.cat\/esc-joancasas\/wp-json\/wp\/v2\/pages\/488\/revisions"}],"predecessor-version":[{"id":11174,"href":"https:\/\/agora.xtec.cat\/esc-joancasas\/wp-json\/wp\/v2\/pages\/488\/revisions\/11174"}],"up":[{"embeddable":true,"href":"https:\/\/agora.xtec.cat\/esc-joancasas\/wp-json\/wp\/v2\/pages\/22"}],"wp:attachment":[{"href":"https:\/\/agora.xtec.cat\/esc-joancasas\/wp-json\/wp\/v2\/media?parent=488"}],"curies":[{"name":"wp","href":"https:\/\/api.w.org\/{rel}","templated":true}]}}