{"id":30,"date":"2014-09-18T12:30:23","date_gmt":"2014-09-18T11:30:23","guid":{"rendered":"http:\/\/agora.xtec.cat\/esc-joancasas\/?page_id=30"},"modified":"2022-02-22T23:05:42","modified_gmt":"2022-02-22T22:05:42","slug":"instal%c2%b7lacions","status":"publish","type":"page","link":"https:\/\/agora.xtec.cat\/esc-joancasas\/lescola\/instal%c2%b7lacions\/","title":{"rendered":"Instal\u00b7lacions"},"content":{"rendered":"<p>&nbsp;<\/p>\n<hr \/>\n<p><a href=\"http:\/\/agora.xtec.cat\/esc-joancasas\/wp-content\/uploads\/usu1722\/2014\/09\/planta_instalacions.jpg\"><img loading=\"lazy\" decoding=\"async\" class=\"wp-image-4944 alignleft\" src=\"http:\/\/agora.xtec.cat\/esc-joancasas\/wp-content\/uploads\/usu1722\/2014\/09\/planta_instalacions.jpg\" alt=\"\" width=\"447\" height=\"306\" srcset=\"https:\/\/agora.xtec.cat\/esc-joancasas\/wp-content\/uploads\/usu1722\/2014\/09\/planta_instalacions.jpg 728w, https:\/\/agora.xtec.cat\/esc-joancasas\/wp-content\/uploads\/usu1722\/2014\/09\/planta_instalacions-300x205.jpg 300w\" sizes=\"auto, (max-width: 447px) 100vw, 447px\" \/><\/a><\/p>\n<p>El nostre edifici ha anat creixent a pams i amb aix\u00f2 gaudim d&#8217;uns espais propis per a doc\u00e8ncia amb grups de tutoria (18 aules) i altres per especialitats i especificitats com ara la sala de mestres, la sala de psicomotricitat, dues aules per pedagogia terap\u00e8utica, una &#8220;peixera&#8221; per ordinadors, una sala INFINIT per a grups matem\u00e0tics, un laboratori, una sala de joc pels m\u00e9s petits, un menjadors, dos patis per infantil i prim\u00e0ria, una sala de reprografia, una consergeria i un despatx per secretaria a m\u00e9s dels despatxos de direcci\u00f3, tutories i calaix de sastre.<\/p>\n<p style=\"text-align: left;\">El nostre espai d&#8217;esbarjo, amb taules de multi-joc,amb taules de Ping Pong, taules de Picnic, un roc\u00f2drom pintat amb la col\u00b7laboraci\u00f3 de l&#8217;alumnat de Prim\u00e0ria, sorral per als m\u00e9s petits i estructures de joc i motricitat.<\/p>\n<p>&nbsp;<\/p>\n<p>&nbsp;<\/p>\n<p style=\"text-align: center;\"><a href=\"https:\/\/agora.xtec.cat\/esc-joancasas\/wp-content\/uploads\/usu1722\/2018\/11\/PATI-INFANTIL_1-1.jpg\"><img loading=\"lazy\" decoding=\"async\" class=\"wp-image-10346 aligncenter\" src=\"https:\/\/agora.xtec.cat\/esc-joancasas\/wp-content\/uploads\/usu1722\/2018\/11\/PATI-INFANTIL_1-1.jpg\" alt=\"\" width=\"679\" height=\"496\" srcset=\"https:\/\/agora.xtec.cat\/esc-joancasas\/wp-content\/uploads\/usu1722\/2018\/11\/PATI-INFANTIL_1-1.jpg 762w, https:\/\/agora.xtec.cat\/esc-joancasas\/wp-content\/uploads\/usu1722\/2018\/11\/PATI-INFANTIL_1-1-300x219.jpg 300w\" sizes=\"auto, (max-width: 679px) 100vw, 679px\" \/><\/a><\/p>\n<p style=\"text-align: center;\"><a href=\"https:\/\/agora.xtec.cat\/esc-joancasas\/wp-content\/uploads\/usu1722\/2018\/11\/MINI-ROCODROM-1.png\"><img loading=\"lazy\" decoding=\"async\" class=\"alignnone  wp-image-10344\" src=\"https:\/\/agora.xtec.cat\/esc-joancasas\/wp-content\/uploads\/usu1722\/2018\/11\/MINI-ROCODROM-1.png\" alt=\"\" width=\"676\" height=\"445\" srcset=\"https:\/\/agora.xtec.cat\/esc-joancasas\/wp-content\/uploads\/usu1722\/2018\/11\/MINI-ROCODROM-1.png 660w, https:\/\/agora.xtec.cat\/esc-joancasas\/wp-content\/uploads\/usu1722\/2018\/11\/MINI-ROCODROM-1-300x198.png 300w\" sizes=\"auto, (max-width: 676px) 100vw, 676px\" \/><\/a><\/p>\n<p style=\"text-align: center;\"><a href=\"https:\/\/agora.xtec.cat\/esc-joancasas\/wp-content\/uploads\/usu1722\/2018\/11\/PATI-INFANTIL_2.jpg\"><img loading=\"lazy\" decoding=\"async\" class=\" wp-image-10347 aligncenter\" src=\"https:\/\/agora.xtec.cat\/esc-joancasas\/wp-content\/uploads\/usu1722\/2018\/11\/PATI-INFANTIL_2.jpg\" alt=\"\" width=\"676\" height=\"442\" srcset=\"https:\/\/agora.xtec.cat\/esc-joancasas\/wp-content\/uploads\/usu1722\/2018\/11\/PATI-INFANTIL_2.jpg 694w, https:\/\/agora.xtec.cat\/esc-joancasas\/wp-content\/uploads\/usu1722\/2018\/11\/PATI-INFANTIL_2-300x196.jpg 300w\" sizes=\"auto, (max-width: 676px) 100vw, 676px\" \/><\/a><\/p>\n<p style=\"text-align: center;\"><a href=\"https:\/\/agora.xtec.cat\/esc-joancasas\/wp-content\/uploads\/usu1722\/2018\/11\/PING-PONG.jpg\"><img loading=\"lazy\" decoding=\"async\" class=\"wp-image-10345 alignleft\" src=\"https:\/\/agora.xtec.cat\/esc-joancasas\/wp-content\/uploads\/usu1722\/2018\/11\/PING-PONG.jpg\" alt=\"\" width=\"255\" height=\"239\" srcset=\"https:\/\/agora.xtec.cat\/esc-joancasas\/wp-content\/uploads\/usu1722\/2018\/11\/PING-PONG.jpg 514w, https:\/\/agora.xtec.cat\/esc-joancasas\/wp-content\/uploads\/usu1722\/2018\/11\/PING-PONG-300x281.jpg 300w\" sizes=\"auto, (max-width: 255px) 100vw, 255px\" \/><\/a><a href=\"https:\/\/agora.xtec.cat\/esc-joancasas\/wp-content\/uploads\/usu1722\/2018\/11\/JOC-TRANQUIL.jpg\"><img loading=\"lazy\" decoding=\"async\" class=\"alignnone wp-image-10349 \" src=\"https:\/\/agora.xtec.cat\/esc-joancasas\/wp-content\/uploads\/usu1722\/2018\/11\/JOC-TRANQUIL-1024x490.jpg\" alt=\"\" width=\"431\" height=\"206\" srcset=\"https:\/\/agora.xtec.cat\/esc-joancasas\/wp-content\/uploads\/usu1722\/2018\/11\/JOC-TRANQUIL-1024x490.jpg 1024w, https:\/\/agora.xtec.cat\/esc-joancasas\/wp-content\/uploads\/usu1722\/2018\/11\/JOC-TRANQUIL-300x144.jpg 300w, https:\/\/agora.xtec.cat\/esc-joancasas\/wp-content\/uploads\/usu1722\/2018\/11\/JOC-TRANQUIL-768x368.jpg 768w, https:\/\/agora.xtec.cat\/esc-joancasas\/wp-content\/uploads\/usu1722\/2018\/11\/JOC-TRANQUIL.jpg 1040w\" sizes=\"auto, (max-width: 431px) 100vw, 431px\" \/><\/a><\/p>\n<p>&nbsp;<\/p>\n<p><a href=\"https:\/\/agora.xtec.cat\/esc-joancasas\/wp-content\/uploads\/usu1722\/2019\/02\/IMG-20190131-WA0038.redimensionada-1.jpg\"><img loading=\"lazy\" decoding=\"async\" class=\"alignnone wp-image-10832 \" src=\"https:\/\/agora.xtec.cat\/esc-joancasas\/wp-content\/uploads\/usu1722\/2019\/02\/IMG-20190131-WA0038.redimensionada-1-e1594279057728.jpg\" alt=\"\" width=\"611\" height=\"291\" srcset=\"https:\/\/agora.xtec.cat\/esc-joancasas\/wp-content\/uploads\/usu1722\/2019\/02\/IMG-20190131-WA0038.redimensionada-1-e1594279057728.jpg 529w, https:\/\/agora.xtec.cat\/esc-joancasas\/wp-content\/uploads\/usu1722\/2019\/02\/IMG-20190131-WA0038.redimensionada-1-e1594279057728-300x143.jpg 300w\" sizes=\"auto, (max-width: 611px) 100vw, 611px\" \/> <strong><span style=\"color: #000000;\">ROC\u00d2DROM<\/span><\/strong><\/a> i MOLT M\u00c9S<\/p>\n<p>&nbsp;<\/p>\n","protected":false},"excerpt":{"rendered":"<p>&nbsp; El nostre edifici ha anat creixent a pams i amb aix\u00f2 gaudim d&#8217;uns espais propis per a doc\u00e8ncia amb grups de tutoria (18 aules) i altres per especialitats i especificitats com ara la sala de mestres, la sala de psicomotricitat, dues aules per pedagogia terap\u00e8utica, una &#8220;peixera&#8221; per ordinadors, una sala INFINIT per a [&hellip;]<\/p>\n","protected":false},"author":1,"featured_media":0,"parent":22,"menu_order":40,"comment_status":"closed","ping_status":"closed","template":"page-templates\/side-menu.php","meta":{"_bbp_topic_count":0,"_bbp_reply_count":0,"_bbp_total_topic_count":0,"_bbp_total_reply_count":0,"_bbp_voice_count":0,"_bbp_anonymous_reply_count":0,"_bbp_topic_count_hidden":0,"_bbp_reply_count_hidden":0,"_bbp_forum_subforum_count":0,"site-sidebar-layout":"default","site-content-layout":"","ast-site-content-layout":"","site-content-style":"default","site-sidebar-style":"default","ast-global-header-display":"","ast-banner-title-visibility":"","ast-main-header-display":"","ast-hfb-above-header-display":"","ast-hfb-below-header-display":"","ast-hfb-mobile-header-display":"","site-post-title":"","ast-breadcrumbs-content":"","ast-featured-img":"","footer-sml-layout":"","theme-transparent-header-meta":"","adv-header-id-meta":"","stick-header-meta":"","header-above-stick-meta":"","header-main-stick-meta":"","header-below-stick-meta":"","astra-migrate-meta-layouts":"default","ast-page-background-enabled":"default","ast-page-background-meta":{"desktop":{"background-color":"var(--ast-global-color-4)","background-image":"","background-repeat":"repeat","background-position":"center center","background-size":"auto","background-attachment":"scroll","background-type":"","background-media":"","overlay-type":"","overlay-color":"","overlay-opacity":"","overlay-gradient":""},"tablet":{"background-color":"","background-image":"","background-repeat":"repeat","background-position":"center center","background-size":"auto","background-attachment":"scroll","background-type":"","background-media":"","overlay-type":"","overlay-color":"","overlay-opacity":"","overlay-gradient":""},"mobile":{"background-color":"","background-image":"","background-repeat":"repeat","background-position":"center center","background-size":"auto","background-attachment":"scroll","background-type":"","background-media":"","overlay-type":"","overlay-color":"","overlay-opacity":"","overlay-gradient":""}},"ast-content-background-meta":{"desktop":{"background-color":"var(--ast-global-color-5)","background-image":"","background-repeat":"repeat","background-position":"center center","background-size":"auto","background-attachment":"scroll","background-type":"","background-media":"","overlay-type":"","overlay-color":"","overlay-opacity":"","overlay-gradient":""},"tablet":{"background-color":"var(--ast-global-color-5)","background-image":"","background-repeat":"repeat","background-position":"center center","background-size":"auto","background-attachment":"scroll","background-type":"","background-media":"","overlay-type":"","overlay-color":"","overlay-opacity":"","overlay-gradient":""},"mobile":{"background-color":"var(--ast-global-color-5)","background-image":"","background-repeat":"repeat","background-position":"center center","background-size":"auto","background-attachment":"scroll","background-type":"","background-media":"","overlay-type":"","overlay-color":"","overlay-opacity":"","overlay-gradient":""}},"footnotes":""},"class_list":["post-30","page","type-page","status-publish","hentry"],"post_mailing_queue_ids":[],"_links":{"self":[{"href":"https:\/\/agora.xtec.cat\/esc-joancasas\/wp-json\/wp\/v2\/pages\/30","targetHints":{"allow":["GET"]}}],"collection":[{"href":"https:\/\/agora.xtec.cat\/esc-joancasas\/wp-json\/wp\/v2\/pages"}],"about":[{"href":"https:\/\/agora.xtec.cat\/esc-joancasas\/wp-json\/wp\/v2\/types\/page"}],"author":[{"embeddable":true,"href":"https:\/\/agora.xtec.cat\/esc-joancasas\/wp-json\/wp\/v2\/users\/1"}],"replies":[{"embeddable":true,"href":"https:\/\/agora.xtec.cat\/esc-joancasas\/wp-json\/wp\/v2\/comments?post=30"}],"version-history":[{"count":5,"href":"https:\/\/agora.xtec.cat\/esc-joancasas\/wp-json\/wp\/v2\/pages\/30\/revisions"}],"predecessor-version":[{"id":14246,"href":"https:\/\/agora.xtec.cat\/esc-joancasas\/wp-json\/wp\/v2\/pages\/30\/revisions\/14246"}],"up":[{"embeddable":true,"href":"https:\/\/agora.xtec.cat\/esc-joancasas\/wp-json\/wp\/v2\/pages\/22"}],"wp:attachment":[{"href":"https:\/\/agora.xtec.cat\/esc-joancasas\/wp-json\/wp\/v2\/media?parent=30"}],"curies":[{"name":"wp","href":"https:\/\/api.w.org\/{rel}","templated":true}]}}