{"id":14548,"date":"2023-04-24T19:20:07","date_gmt":"2023-04-24T17:20:07","guid":{"rendered":"https:\/\/agora.xtec.cat\/esc-joancasas\/?page_id=14548"},"modified":"2023-04-24T19:20:07","modified_gmt":"2023-04-24T17:20:07","slug":"pla-de-comunicacio-de-centre","status":"publish","type":"page","link":"https:\/\/agora.xtec.cat\/esc-joancasas\/projecte-educatiu\/pla-de-comunicacio-de-centre\/","title":{"rendered":"Pla de comunicaci\u00f3 de centre"},"content":{"rendered":"<p>El <strong>Pla de Comunicaci\u00f3 de centre<\/strong> \u00e9s el document per excel\u00b7l\u00e8ncia que recull el sistema i el canal comunicatiu que empra el centre en qualsevol disposici\u00f3 informativa, ja sigui amb l&#8217;alumnat, amb les fam\u00edlies, amb externs i amb altres institucions. Tamb\u00e9 ofereix el calendari per les actuacions m\u00e9s sistematitzades aix\u00ed com els responsables que la informaci\u00f3 esdevingui transparent, general de centre i tan clara que sigui inequ\u00edvoca.<\/p>\n<p><a href=\"https:\/\/agora.xtec.cat\/esc-joancasas\/wp-content\/uploads\/usu1722\/2023\/04\/baixa-3.jpg\"><img loading=\"lazy\" decoding=\"async\" class=\"size-full wp-image-14549 alignleft\" src=\"https:\/\/agora.xtec.cat\/esc-joancasas\/wp-content\/uploads\/usu1722\/2023\/04\/baixa-3.jpg\" alt=\"\" width=\"199\" height=\"172\" \/><\/a><\/p>\n<p>Aqu\u00ed us deixem l&#8217;enlla\u00e7 per a la vostra consulta: <a href=\"https:\/\/drive.google.com\/file\/d\/1TE4menfj-f-uKCp-vr2opdFq3_dqMhZA\/view?usp=share_link\">Pla de comunicaci\u00f3 de centre<\/a><\/p>\n","protected":false},"excerpt":{"rendered":"<p>El Pla de Comunicaci\u00f3 de centre \u00e9s el document per excel\u00b7l\u00e8ncia que recull el sistema i el canal comunicatiu que empra el centre en qualsevol disposici\u00f3 informativa, ja sigui amb l&#8217;alumnat, amb les fam\u00edlies, amb externs i amb altres institucions. Tamb\u00e9 ofereix el calendari per les actuacions m\u00e9s sistematitzades aix\u00ed com els responsables que la [&hellip;]<\/p>\n","protected":false},"author":1,"featured_media":0,"parent":64,"menu_order":0,"comment_status":"closed","ping_status":"closed","template":"","meta":{"_bbp_topic_count":0,"_bbp_reply_count":0,"_bbp_total_topic_count":0,"_bbp_total_reply_count":0,"_bbp_voice_count":0,"_bbp_anonymous_reply_count":0,"_bbp_topic_count_hidden":0,"_bbp_reply_count_hidden":0,"_bbp_forum_subforum_count":0,"site-sidebar-layout":"default","site-content-layout":"","ast-site-content-layout":"","site-content-style":"default","site-sidebar-style":"default","ast-global-header-display":"","ast-banner-title-visibility":"","ast-main-header-display":"","ast-hfb-above-header-display":"","ast-hfb-below-header-display":"","ast-hfb-mobile-header-display":"","site-post-title":"","ast-breadcrumbs-content":"","ast-featured-img":"","footer-sml-layout":"","theme-transparent-header-meta":"","adv-header-id-meta":"","stick-header-meta":"","header-above-stick-meta":"","header-main-stick-meta":"","header-below-stick-meta":"","astra-migrate-meta-layouts":"default","ast-page-background-enabled":"default","ast-page-background-meta":{"desktop":{"background-color":"var(--ast-global-color-4)","background-image":"","background-repeat":"repeat","background-position":"center center","background-size":"auto","background-attachment":"scroll","background-type":"","background-media":"","overlay-type":"","overlay-color":"","overlay-opacity":"","overlay-gradient":""},"tablet":{"background-color":"","background-image":"","background-repeat":"repeat","background-position":"center center","background-size":"auto","background-attachment":"scroll","background-type":"","background-media":"","overlay-type":"","overlay-color":"","overlay-opacity":"","overlay-gradient":""},"mobile":{"background-color":"","background-image":"","background-repeat":"repeat","background-position":"center center","background-size":"auto","background-attachment":"scroll","background-type":"","background-media":"","overlay-type":"","overlay-color":"","overlay-opacity":"","overlay-gradient":""}},"ast-content-background-meta":{"desktop":{"background-color":"var(--ast-global-color-5)","background-image":"","background-repeat":"repeat","background-position":"center center","background-size":"auto","background-attachment":"scroll","background-type":"","background-media":"","overlay-type":"","overlay-color":"","overlay-opacity":"","overlay-gradient":""},"tablet":{"background-color":"var(--ast-global-color-5)","background-image":"","background-repeat":"repeat","background-position":"center center","background-size":"auto","background-attachment":"scroll","background-type":"","background-media":"","overlay-type":"","overlay-color":"","overlay-opacity":"","overlay-gradient":""},"mobile":{"background-color":"var(--ast-global-color-5)","background-image":"","background-repeat":"repeat","background-position":"center center","background-size":"auto","background-attachment":"scroll","background-type":"","background-media":"","overlay-type":"","overlay-color":"","overlay-opacity":"","overlay-gradient":""}},"footnotes":""},"class_list":["post-14548","page","type-page","status-publish","hentry"],"post_mailing_queue_ids":[],"_links":{"self":[{"href":"https:\/\/agora.xtec.cat\/esc-joancasas\/wp-json\/wp\/v2\/pages\/14548","targetHints":{"allow":["GET"]}}],"collection":[{"href":"https:\/\/agora.xtec.cat\/esc-joancasas\/wp-json\/wp\/v2\/pages"}],"about":[{"href":"https:\/\/agora.xtec.cat\/esc-joancasas\/wp-json\/wp\/v2\/types\/page"}],"author":[{"embeddable":true,"href":"https:\/\/agora.xtec.cat\/esc-joancasas\/wp-json\/wp\/v2\/users\/1"}],"replies":[{"embeddable":true,"href":"https:\/\/agora.xtec.cat\/esc-joancasas\/wp-json\/wp\/v2\/comments?post=14548"}],"version-history":[{"count":1,"href":"https:\/\/agora.xtec.cat\/esc-joancasas\/wp-json\/wp\/v2\/pages\/14548\/revisions"}],"predecessor-version":[{"id":14550,"href":"https:\/\/agora.xtec.cat\/esc-joancasas\/wp-json\/wp\/v2\/pages\/14548\/revisions\/14550"}],"up":[{"embeddable":true,"href":"https:\/\/agora.xtec.cat\/esc-joancasas\/wp-json\/wp\/v2\/pages\/64"}],"wp:attachment":[{"href":"https:\/\/agora.xtec.cat\/esc-joancasas\/wp-json\/wp\/v2\/media?parent=14548"}],"curies":[{"name":"wp","href":"https:\/\/api.w.org\/{rel}","templated":true}]}}