{"id":13097,"date":"2020-05-28T11:18:29","date_gmt":"2020-05-28T09:18:29","guid":{"rendered":"http:\/\/agora.xtec.cat\/esc-joancasas\/?page_id=13097"},"modified":"2024-07-04T00:31:04","modified_gmt":"2024-07-03T22:31:04","slug":"comparteix-el-teu-posit-al-suro","status":"publish","type":"page","link":"https:\/\/agora.xtec.cat\/esc-joancasas\/comparteix-el-teu-posit-al-suro\/","title":{"rendered":"ARTICLES I CONFER\u00c8NCIES D&#8217;INTER\u00c8S"},"content":{"rendered":"<p style=\"text-align: center;\">Recollim aqu\u00ed diferents articles d&#8217;inter\u00e8s per a la comunitat i confer\u00e8ncies de reflexi\u00f3 i creixement. Esperem que us siguin \u00fatil!<\/p>\n<table class=\" aligncenter\" style=\"height: 255px; width: 56.5085%;\" width=\"547\">\n<tbody>\n<tr style=\"height: 79px;\">\n<td style=\"width: 47.9204%; text-align: center; height: 79px;\"><a class=\"https:\/\/www.exploratorium.edu\/\" href=\"https:\/\/www.exploratorium.edu\/education\/teaching-resources\" target=\"_blank\" rel=\"noopener noreferrer\"><img loading=\"lazy\" decoding=\"async\" class=\"alignnone wp-image-14055\" src=\"https:\/\/agora.xtec.cat\/esc-joancasas\/wp-content\/uploads\/usu1722\/2021\/04\/EXPLORATORIUM-e1618473981967.gif\" alt=\"\" width=\"168\" height=\"61\" \/><\/a><\/td>\n<td style=\"width: 77.9978%; height: 79px; text-align: left;\"><strong>L&#8217;Exploratorium<\/strong> \u00e9s un laboratori d&#8217;aprenentatge p\u00fablic que explora el m\u00f3n a trav\u00e9s de la ci\u00e8ncia, l&#8217;art i la percepci\u00f3 humana.<\/td>\n<\/tr>\n<tr style=\"height: 90px;\">\n<td style=\"width: 47.9204%; height: 90px;\"><a href=\"https:\/\/aprendemosjuntos.bbva.com\/ca\/\"><img loading=\"lazy\" decoding=\"async\" class=\"aligncenter wp-image-14057\" src=\"https:\/\/agora.xtec.cat\/esc-joancasas\/wp-content\/uploads\/usu1722\/2021\/04\/BBVA-aprendemos-juntos-e1618475020354.gif\" alt=\"\" width=\"175\" height=\"52\" \/><\/a><\/td>\n<td style=\"width: 77.9978%; height: 90px;\">\u2018<strong>Aprendemos Juntos<\/strong>\u2019, un proyecto de Educaci\u00f3n para una vida mejor.\u00a0 M\u00e1ximo desarrollo de cada ni\u00f1o, buscar dotarle con las herramientas para que desarrolle todo su potencial.<\/td>\n<\/tr>\n<tr style=\"height: 86px;\">\n<td style=\"width: 47.9204%; text-align: center; height: 86px;\"><a class=\"http:\/\/www.edu3.cat\/\" href=\"https:\/\/edu365.cat\/primaria\/catala\/index.html\"><img loading=\"lazy\" decoding=\"async\" class=\"alignnone wp-image-14058\" src=\"https:\/\/agora.xtec.cat\/esc-joancasas\/wp-content\/uploads\/usu1722\/2021\/04\/edu3.cat_-e1618476163305.gif\" alt=\"\" width=\"94\" height=\"76\" \/><\/a><\/td>\n<td style=\"width: 77.9978%; height: 86px;\">Actualitat, coneixement, banc de recursos&#8230;<\/td>\n<\/tr>\n<\/tbody>\n<\/table>\n","protected":false},"excerpt":{"rendered":"<p>Recollim aqu\u00ed diferents articles d&#8217;inter\u00e8s per a la comunitat i confer\u00e8ncies de reflexi\u00f3 i creixement. Esperem que us siguin \u00fatil! L&#8217;Exploratorium \u00e9s un laboratori d&#8217;aprenentatge p\u00fablic que explora el m\u00f3n a trav\u00e9s de la ci\u00e8ncia, l&#8217;art i la percepci\u00f3 humana. \u2018Aprendemos Juntos\u2019, un proyecto de Educaci\u00f3n para una vida mejor.\u00a0 M\u00e1ximo desarrollo de cada ni\u00f1o, [&hellip;]<\/p>\n","protected":false},"author":1,"featured_media":0,"parent":0,"menu_order":0,"comment_status":"closed","ping_status":"closed","template":"","meta":{"_bbp_topic_count":0,"_bbp_reply_count":0,"_bbp_total_topic_count":0,"_bbp_total_reply_count":0,"_bbp_voice_count":0,"_bbp_anonymous_reply_count":0,"_bbp_topic_count_hidden":0,"_bbp_reply_count_hidden":0,"_bbp_forum_subforum_count":0,"site-sidebar-layout":"default","site-content-layout":"","ast-site-content-layout":"","site-content-style":"default","site-sidebar-style":"default","ast-global-header-display":"","ast-banner-title-visibility":"","ast-main-header-display":"","ast-hfb-above-header-display":"","ast-hfb-below-header-display":"","ast-hfb-mobile-header-display":"","site-post-title":"","ast-breadcrumbs-content":"","ast-featured-img":"","footer-sml-layout":"","theme-transparent-header-meta":"","adv-header-id-meta":"","stick-header-meta":"","header-above-stick-meta":"","header-main-stick-meta":"","header-below-stick-meta":"","astra-migrate-meta-layouts":"default","ast-page-background-enabled":"default","ast-page-background-meta":{"desktop":{"background-color":"var(--ast-global-color-4)","background-image":"","background-repeat":"repeat","background-position":"center center","background-size":"auto","background-attachment":"scroll","background-type":"","background-media":"","overlay-type":"","overlay-color":"","overlay-opacity":"","overlay-gradient":""},"tablet":{"background-color":"","background-image":"","background-repeat":"repeat","background-position":"center center","background-size":"auto","background-attachment":"scroll","background-type":"","background-media":"","overlay-type":"","overlay-color":"","overlay-opacity":"","overlay-gradient":""},"mobile":{"background-color":"","background-image":"","background-repeat":"repeat","background-position":"center center","background-size":"auto","background-attachment":"scroll","background-type":"","background-media":"","overlay-type":"","overlay-color":"","overlay-opacity":"","overlay-gradient":""}},"ast-content-background-meta":{"desktop":{"background-color":"var(--ast-global-color-5)","background-image":"","background-repeat":"repeat","background-position":"center center","background-size":"auto","background-attachment":"scroll","background-type":"","background-media":"","overlay-type":"","overlay-color":"","overlay-opacity":"","overlay-gradient":""},"tablet":{"background-color":"var(--ast-global-color-5)","background-image":"","background-repeat":"repeat","background-position":"center center","background-size":"auto","background-attachment":"scroll","background-type":"","background-media":"","overlay-type":"","overlay-color":"","overlay-opacity":"","overlay-gradient":""},"mobile":{"background-color":"var(--ast-global-color-5)","background-image":"","background-repeat":"repeat","background-position":"center center","background-size":"auto","background-attachment":"scroll","background-type":"","background-media":"","overlay-type":"","overlay-color":"","overlay-opacity":"","overlay-gradient":""}},"footnotes":""},"class_list":["post-13097","page","type-page","status-publish","hentry"],"post_mailing_queue_ids":[],"_links":{"self":[{"href":"https:\/\/agora.xtec.cat\/esc-joancasas\/wp-json\/wp\/v2\/pages\/13097","targetHints":{"allow":["GET"]}}],"collection":[{"href":"https:\/\/agora.xtec.cat\/esc-joancasas\/wp-json\/wp\/v2\/pages"}],"about":[{"href":"https:\/\/agora.xtec.cat\/esc-joancasas\/wp-json\/wp\/v2\/types\/page"}],"author":[{"embeddable":true,"href":"https:\/\/agora.xtec.cat\/esc-joancasas\/wp-json\/wp\/v2\/users\/1"}],"replies":[{"embeddable":true,"href":"https:\/\/agora.xtec.cat\/esc-joancasas\/wp-json\/wp\/v2\/comments?post=13097"}],"version-history":[{"count":5,"href":"https:\/\/agora.xtec.cat\/esc-joancasas\/wp-json\/wp\/v2\/pages\/13097\/revisions"}],"predecessor-version":[{"id":14854,"href":"https:\/\/agora.xtec.cat\/esc-joancasas\/wp-json\/wp\/v2\/pages\/13097\/revisions\/14854"}],"wp:attachment":[{"href":"https:\/\/agora.xtec.cat\/esc-joancasas\/wp-json\/wp\/v2\/media?parent=13097"}],"curies":[{"name":"wp","href":"https:\/\/api.w.org\/{rel}","templated":true}]}}