{"id":73,"date":"2014-09-18T14:01:51","date_gmt":"2014-09-18T13:01:51","guid":{"rendered":"http:\/\/agora.xtec.cat\/esc-jmaragall\/?page_id=73"},"modified":"2026-03-31T17:42:45","modified_gmt":"2026-03-31T15:42:45","slug":"menjador-escolar","status":"publish","type":"page","link":"https:\/\/agora.xtec.cat\/esc-jmaragall\/afa\/menjador-escolar\/","title":{"rendered":"Menjador"},"content":{"rendered":"\n<p><\/p>\n\n\n\n<figure class=\"wp-block-image alignleft size-thumbnail is-resized\"><a href=\"https:\/\/agora.xtec.cat\/esc-jmaragall\/wp-content\/uploads\/usu782\/2025\/05\/MENJADOR.png\"><img loading=\"lazy\" decoding=\"async\" width=\"150\" height=\"150\" src=\"https:\/\/agora.xtec.cat\/esc-jmaragall\/wp-content\/uploads\/usu782\/2025\/05\/MENJADOR-150x150.png\" alt=\"\" class=\"wp-image-10126\" style=\"width:251px;height:auto\" srcset=\"https:\/\/agora.xtec.cat\/esc-jmaragall\/wp-content\/uploads\/usu782\/2025\/05\/MENJADOR-150x150.png 150w, https:\/\/agora.xtec.cat\/esc-jmaragall\/wp-content\/uploads\/usu782\/2025\/05\/MENJADOR-300x300.png 300w, https:\/\/agora.xtec.cat\/esc-jmaragall\/wp-content\/uploads\/usu782\/2025\/05\/MENJADOR-1024x1024.png 1024w, https:\/\/agora.xtec.cat\/esc-jmaragall\/wp-content\/uploads\/usu782\/2025\/05\/MENJADOR-768x768.png 768w, https:\/\/agora.xtec.cat\/esc-jmaragall\/wp-content\/uploads\/usu782\/2025\/05\/MENJADOR-1536x1536.png 1536w, https:\/\/agora.xtec.cat\/esc-jmaragall\/wp-content\/uploads\/usu782\/2025\/05\/MENJADOR-2048x2048.png 2048w\" sizes=\"auto, (max-width: 150px) 100vw, 150px\" \/><\/a><\/figure>\n\n\n\n<p class=\"has-text-align-center has-x-large-font-size\"><strong><a href=\"https:\/\/drive.google.com\/file\/d\/1m4o2SgVKZ6W6RkUVt66sSwWyttryIgCo\/view?usp=sharing\" data-type=\"link\" data-id=\"https:\/\/drive.google.com\/file\/d\/14E-UNlY2q-lz78rrDfqhmp7uKP9A55_6\/view?usp=sharing\">MEN\u00daS MENJADOR<\/a><\/strong>\u00a0<\/p>\n\n\n\n<p class=\"has-medium-font-size\"><strong>Recordatori important sobre el servei de menjador<\/strong>:<br>Per a qualsevol incid\u00e8ncia relacionada amb el servei de menjador (assist\u00e8ncia, canvis en el men\u00fa, al\u00b7l\u00e8rgies, etc.), cal avisar la coordinadora, Blanca, <strong>abans de les 10:00 h del mat\u00ed al tel\u00e8fon 605 35 39 80.<\/strong><\/p>\n\n\n\n<div style=\"height:100px\" aria-hidden=\"true\" class=\"wp-block-spacer\"><\/div>\n\n\n\n<figure class=\"wp-block-image alignleft size-thumbnail is-resized\"><a href=\"https:\/\/agora.xtec.cat\/esc-jmaragall\/wp-content\/uploads\/usu782\/2025\/05\/desplazamiento.png\"><img loading=\"lazy\" decoding=\"async\" width=\"150\" height=\"150\" src=\"https:\/\/agora.xtec.cat\/esc-jmaragall\/wp-content\/uploads\/usu782\/2025\/05\/desplazamiento-150x150.png\" alt=\"\" class=\"wp-image-10125\" style=\"width:166px;height:auto\" srcset=\"https:\/\/agora.xtec.cat\/esc-jmaragall\/wp-content\/uploads\/usu782\/2025\/05\/desplazamiento-150x150.png 150w, https:\/\/agora.xtec.cat\/esc-jmaragall\/wp-content\/uploads\/usu782\/2025\/05\/desplazamiento-300x300.png 300w, https:\/\/agora.xtec.cat\/esc-jmaragall\/wp-content\/uploads\/usu782\/2025\/05\/desplazamiento.png 512w\" sizes=\"auto, (max-width: 150px) 100vw, 150px\" \/><\/a><\/figure>\n\n\n\n<p><\/p>\n\n\n\n<p class=\"has-medium-font-size\"><strong><a href=\"https:\/\/drive.google.com\/file\/d\/1lfn0NfDPu0M_pJIRhWeaU_8R2wtb0YTY\/view?usp=sharing\">INTRANET FAM\u00cdLIES (PER CONSULTES, CANVIS I ALTRES INFORMACIONS DEL MENJADOR)<\/a><\/strong><\/p>\n\n\n\n<div style=\"height:100px\" aria-hidden=\"true\" class=\"wp-block-spacer\"><\/div>\n\n\n\n<figure class=\"wp-block-image alignleft size-thumbnail is-resized\" style=\"margin-top:0;margin-right:0;margin-bottom:0;margin-left:0\"><a href=\"https:\/\/agora.xtec.cat\/esc-jmaragall\/wp-content\/uploads\/usu782\/2025\/05\/web-1.png\"><img loading=\"lazy\" decoding=\"async\" width=\"150\" height=\"150\" src=\"https:\/\/agora.xtec.cat\/esc-jmaragall\/wp-content\/uploads\/usu782\/2025\/05\/web-1-150x150.png\" alt=\"\" class=\"wp-image-10123\" style=\"width:172px;height:auto\" srcset=\"https:\/\/agora.xtec.cat\/esc-jmaragall\/wp-content\/uploads\/usu782\/2025\/05\/web-1-150x150.png 150w, https:\/\/agora.xtec.cat\/esc-jmaragall\/wp-content\/uploads\/usu782\/2025\/05\/web-1-300x300.png 300w, https:\/\/agora.xtec.cat\/esc-jmaragall\/wp-content\/uploads\/usu782\/2025\/05\/web-1.png 512w\" sizes=\"auto, (max-width: 150px) 100vw, 150px\" \/><\/a><\/figure>\n\n\n\n<p><\/p>\n\n\n\n<p class=\"has-text-align-center has-medium-font-size\"><strong><a href=\"https:\/\/drive.google.com\/file\/d\/1IeAJ_BniMEm9GwbGM9ZrjukWFPE0nlcL\/view?usp=sharing\">PROCEDIMENT INSCRIPCI\u00d3 (NOM\u00c9S PER A NOUS USUARIS)<\/a><\/strong><\/p>\n","protected":false},"excerpt":{"rendered":"<p>MEN\u00daS MENJADOR\u00a0 Recordatori important sobre el servei de menjador:Per a qualsevol incid\u00e8ncia relacionada amb el servei de menjador (assist\u00e8ncia, canvis en el men\u00fa, al\u00b7l\u00e8rgies, etc.), cal avisar la coordinadora, Blanca, abans de les 10:00 h del mat\u00ed al tel\u00e8fon 605 35 39 80. INTRANET FAM\u00cdLIES (PER CONSULTES, CANVIS I ALTRES INFORMACIONS DEL MENJADOR) PROCEDIMENT INSCRIPCI\u00d3 [&hellip;]<\/p>\n","protected":false},"author":1,"featured_media":0,"parent":8597,"menu_order":20,"comment_status":"closed","ping_status":"closed","template":"","meta":{"_bbp_topic_count":0,"_bbp_reply_count":0,"_bbp_total_topic_count":0,"_bbp_total_reply_count":0,"_bbp_voice_count":0,"_bbp_anonymous_reply_count":0,"_bbp_topic_count_hidden":0,"_bbp_reply_count_hidden":0,"_bbp_forum_subforum_count":0,"site-sidebar-layout":"default","site-content-layout":"","ast-site-content-layout":"default","site-content-style":"default","site-sidebar-style":"default","ast-global-header-display":"","ast-banner-title-visibility":"","ast-main-header-display":"","ast-hfb-above-header-display":"","ast-hfb-below-header-display":"","ast-hfb-mobile-header-display":"","site-post-title":"disabled","ast-breadcrumbs-content":"","ast-featured-img":"","footer-sml-layout":"","theme-transparent-header-meta":"","adv-header-id-meta":"","stick-header-meta":"","header-above-stick-meta":"","header-main-stick-meta":"","header-below-stick-meta":"","astra-migrate-meta-layouts":"set","ast-page-background-enabled":"default","ast-page-background-meta":{"desktop":{"background-color":"var(--ast-global-color-4)","background-image":"","background-repeat":"repeat","background-position":"center center","background-size":"auto","background-attachment":"scroll","background-type":"","background-media":"","overlay-type":"","overlay-color":"","overlay-opacity":"","overlay-gradient":""},"tablet":{"background-color":"","background-image":"","background-repeat":"repeat","background-position":"center center","background-size":"auto","background-attachment":"scroll","background-type":"","background-media":"","overlay-type":"","overlay-color":"","overlay-opacity":"","overlay-gradient":""},"mobile":{"background-color":"","background-image":"","background-repeat":"repeat","background-position":"center center","background-size":"auto","background-attachment":"scroll","background-type":"","background-media":"","overlay-type":"","overlay-color":"","overlay-opacity":"","overlay-gradient":""}},"ast-content-background-meta":{"desktop":{"background-color":"var(--ast-global-color-5)","background-image":"","background-repeat":"repeat","background-position":"center center","background-size":"auto","background-attachment":"scroll","background-type":"","background-media":"","overlay-type":"","overlay-color":"","overlay-opacity":"","overlay-gradient":""},"tablet":{"background-color":"var(--ast-global-color-5)","background-image":"","background-repeat":"repeat","background-position":"center center","background-size":"auto","background-attachment":"scroll","background-type":"","background-media":"","overlay-type":"","overlay-color":"","overlay-opacity":"","overlay-gradient":""},"mobile":{"background-color":"var(--ast-global-color-5)","background-image":"","background-repeat":"repeat","background-position":"center center","background-size":"auto","background-attachment":"scroll","background-type":"","background-media":"","overlay-type":"","overlay-color":"","overlay-opacity":"","overlay-gradient":""}},"footnotes":""},"class_list":["post-73","page","type-page","status-publish","hentry"],"post_mailing_queue_ids":[],"_links":{"self":[{"href":"https:\/\/agora.xtec.cat\/esc-jmaragall\/wp-json\/wp\/v2\/pages\/73","targetHints":{"allow":["GET"]}}],"collection":[{"href":"https:\/\/agora.xtec.cat\/esc-jmaragall\/wp-json\/wp\/v2\/pages"}],"about":[{"href":"https:\/\/agora.xtec.cat\/esc-jmaragall\/wp-json\/wp\/v2\/types\/page"}],"author":[{"embeddable":true,"href":"https:\/\/agora.xtec.cat\/esc-jmaragall\/wp-json\/wp\/v2\/users\/1"}],"replies":[{"embeddable":true,"href":"https:\/\/agora.xtec.cat\/esc-jmaragall\/wp-json\/wp\/v2\/comments?post=73"}],"version-history":[{"count":6,"href":"https:\/\/agora.xtec.cat\/esc-jmaragall\/wp-json\/wp\/v2\/pages\/73\/revisions"}],"predecessor-version":[{"id":10490,"href":"https:\/\/agora.xtec.cat\/esc-jmaragall\/wp-json\/wp\/v2\/pages\/73\/revisions\/10490"}],"up":[{"embeddable":true,"href":"https:\/\/agora.xtec.cat\/esc-jmaragall\/wp-json\/wp\/v2\/pages\/8597"}],"wp:attachment":[{"href":"https:\/\/agora.xtec.cat\/esc-jmaragall\/wp-json\/wp\/v2\/media?parent=73"}],"curies":[{"name":"wp","href":"https:\/\/api.w.org\/{rel}","templated":true}]}}