{"id":6006,"date":"2019-09-27T10:16:59","date_gmt":"2019-09-27T08:16:59","guid":{"rendered":"http:\/\/agora.xtec.cat\/esc-jmaragall\/?page_id=6006"},"modified":"2023-02-08T06:38:59","modified_gmt":"2023-02-08T05:38:59","slug":"projecte-dabsentisme","status":"publish","type":"page","link":"https:\/\/agora.xtec.cat\/esc-jmaragall\/projecte-educatiu\/projecte-dabsentisme\/","title":{"rendered":"PROJECTE D&#8217;ABSENTISME"},"content":{"rendered":"<p><span style=\"font-weight: 400;\">Com a docents, estem obligats a controlar l\u2019assist\u00e8ncia de l\u2019alumnat per garantir els drets dels infants a una educaci\u00f3 integral.\u00a0<\/span><\/p>\n<p><span style=\"font-weight: 400;\">Tenim establert un protocol que consisteix en avisar la fam\u00edlia a trav\u00e9s de diferents agents de la comunitat educativa.\u00a0<\/span><\/p>\n<p><span style=\"font-weight: 400;\">L\u2019objectiu \u00e9s conv\u00e8ncer a les fam\u00edlies que l\u2019educaci\u00f3 \u00e9s un dret i per tant han de portar els seus fills\/es a l\u2019escola.\u00a0<\/span><\/p>\n<p><span style=\"font-weight: 400;\">Quan comencem el protocol d\u2019absentisme?<\/span><\/p>\n<ul>\n<li style=\"font-weight: 400;\" aria-level=\"1\"><span style=\"font-weight: 400;\">\u00a0A partir de la 6\u00aa falta no justificada en el per\u00edode d\u2019un\u00a0 mes, sigui o no falta continuada.\u00a0<\/span><\/li>\n<\/ul>\n<p><span style=\"font-weight: 400;\">Qu\u00e8 entenem per falta justificada?<\/span><\/p>\n<ul>\n<li style=\"font-weight: 400;\" aria-level=\"1\"><span style=\"font-weight: 400;\">Una nota a l\u2019agenda, un trucada, un correu electr\u00f2nic, un justificant m\u00e8dic sempre que l\u2019estada sigui de m\u00e9s d\u2019una setmana.\u00a0<\/span><\/li>\n<\/ul>\n<p><span style=\"font-weight: 400;\">Qu\u00e8 no acceptem com a justificaci\u00f3?<\/span><\/p>\n<ul>\n<li style=\"font-weight: 400;\" aria-level=\"1\"><span style=\"font-weight: 400;\">Faltar tota la jornada quan l\u2019alumne t\u00e9 una visita m\u00e8dica convencional al mat\u00ed o a la tarda.\u00a0<\/span><\/li>\n<li style=\"font-weight: 400;\" aria-level=\"1\"><span style=\"font-weight: 400;\">Faltar reiteradament un dia a la setmana en concret.<\/span><\/li>\n<\/ul>\n<p><span style=\"font-weight: 400;\">A partir del <\/span><b>segon dia<\/b><span style=\"font-weight: 400;\"> de falta consecutiva sense justificaci\u00f3, el tutor\/a haur\u00e0 de comunicar-se amb la fam\u00edlia per con\u00e8ixer el motiu de l&#8217;abs\u00e8ncia.\u00a0<\/span><\/p>\n<p><a href=\"https:\/\/agora.xtec.cat\/esc-jmaragall\/wp-content\/uploads\/usu782\/2023\/02\/ProjecteAbsentisme-Nov-2016_Page_01.jpg\"><img loading=\"lazy\" decoding=\"async\" class=\"aligncenter size-full wp-image-8764\" src=\"https:\/\/agora.xtec.cat\/esc-jmaragall\/wp-content\/uploads\/usu782\/2023\/02\/ProjecteAbsentisme-Nov-2016_Page_01.jpg\" alt=\"\" width=\"1646\" height=\"2339\" srcset=\"https:\/\/agora.xtec.cat\/esc-jmaragall\/wp-content\/uploads\/usu782\/2023\/02\/ProjecteAbsentisme-Nov-2016_Page_01.jpg 1646w, https:\/\/agora.xtec.cat\/esc-jmaragall\/wp-content\/uploads\/usu782\/2023\/02\/ProjecteAbsentisme-Nov-2016_Page_01-211x300.jpg 211w, https:\/\/agora.xtec.cat\/esc-jmaragall\/wp-content\/uploads\/usu782\/2023\/02\/ProjecteAbsentisme-Nov-2016_Page_01-721x1024.jpg 721w, https:\/\/agora.xtec.cat\/esc-jmaragall\/wp-content\/uploads\/usu782\/2023\/02\/ProjecteAbsentisme-Nov-2016_Page_01-768x1091.jpg 768w, https:\/\/agora.xtec.cat\/esc-jmaragall\/wp-content\/uploads\/usu782\/2023\/02\/ProjecteAbsentisme-Nov-2016_Page_01-1081x1536.jpg 1081w, https:\/\/agora.xtec.cat\/esc-jmaragall\/wp-content\/uploads\/usu782\/2023\/02\/ProjecteAbsentisme-Nov-2016_Page_01-1441x2048.jpg 1441w\" sizes=\"auto, (max-width: 1646px) 100vw, 1646px\" \/><\/a> <a href=\"https:\/\/agora.xtec.cat\/esc-jmaragall\/wp-content\/uploads\/usu782\/2023\/02\/ProjecteAbsentisme-Nov-2016_Page_02.jpg\"><img loading=\"lazy\" decoding=\"async\" class=\"aligncenter size-full wp-image-8765\" src=\"https:\/\/agora.xtec.cat\/esc-jmaragall\/wp-content\/uploads\/usu782\/2023\/02\/ProjecteAbsentisme-Nov-2016_Page_02.jpg\" alt=\"\" width=\"1646\" height=\"2339\" srcset=\"https:\/\/agora.xtec.cat\/esc-jmaragall\/wp-content\/uploads\/usu782\/2023\/02\/ProjecteAbsentisme-Nov-2016_Page_02.jpg 1646w, https:\/\/agora.xtec.cat\/esc-jmaragall\/wp-content\/uploads\/usu782\/2023\/02\/ProjecteAbsentisme-Nov-2016_Page_02-211x300.jpg 211w, https:\/\/agora.xtec.cat\/esc-jmaragall\/wp-content\/uploads\/usu782\/2023\/02\/ProjecteAbsentisme-Nov-2016_Page_02-721x1024.jpg 721w, https:\/\/agora.xtec.cat\/esc-jmaragall\/wp-content\/uploads\/usu782\/2023\/02\/ProjecteAbsentisme-Nov-2016_Page_02-768x1091.jpg 768w, https:\/\/agora.xtec.cat\/esc-jmaragall\/wp-content\/uploads\/usu782\/2023\/02\/ProjecteAbsentisme-Nov-2016_Page_02-1081x1536.jpg 1081w, https:\/\/agora.xtec.cat\/esc-jmaragall\/wp-content\/uploads\/usu782\/2023\/02\/ProjecteAbsentisme-Nov-2016_Page_02-1441x2048.jpg 1441w\" sizes=\"auto, (max-width: 1646px) 100vw, 1646px\" \/><\/a> <a href=\"https:\/\/agora.xtec.cat\/esc-jmaragall\/wp-content\/uploads\/usu782\/2023\/02\/ProjecteAbsentisme-Nov-2016_Page_03.jpg\"><img loading=\"lazy\" decoding=\"async\" class=\"aligncenter size-full wp-image-8766\" src=\"https:\/\/agora.xtec.cat\/esc-jmaragall\/wp-content\/uploads\/usu782\/2023\/02\/ProjecteAbsentisme-Nov-2016_Page_03.jpg\" alt=\"\" width=\"1646\" height=\"2339\" srcset=\"https:\/\/agora.xtec.cat\/esc-jmaragall\/wp-content\/uploads\/usu782\/2023\/02\/ProjecteAbsentisme-Nov-2016_Page_03.jpg 1646w, https:\/\/agora.xtec.cat\/esc-jmaragall\/wp-content\/uploads\/usu782\/2023\/02\/ProjecteAbsentisme-Nov-2016_Page_03-211x300.jpg 211w, https:\/\/agora.xtec.cat\/esc-jmaragall\/wp-content\/uploads\/usu782\/2023\/02\/ProjecteAbsentisme-Nov-2016_Page_03-721x1024.jpg 721w, https:\/\/agora.xtec.cat\/esc-jmaragall\/wp-content\/uploads\/usu782\/2023\/02\/ProjecteAbsentisme-Nov-2016_Page_03-768x1091.jpg 768w, https:\/\/agora.xtec.cat\/esc-jmaragall\/wp-content\/uploads\/usu782\/2023\/02\/ProjecteAbsentisme-Nov-2016_Page_03-1081x1536.jpg 1081w, https:\/\/agora.xtec.cat\/esc-jmaragall\/wp-content\/uploads\/usu782\/2023\/02\/ProjecteAbsentisme-Nov-2016_Page_03-1441x2048.jpg 1441w\" sizes=\"auto, (max-width: 1646px) 100vw, 1646px\" \/><\/a> <a href=\"https:\/\/agora.xtec.cat\/esc-jmaragall\/wp-content\/uploads\/usu782\/2023\/02\/ProjecteAbsentisme-Nov-2016_Page_04.jpg\"><img loading=\"lazy\" decoding=\"async\" class=\"aligncenter size-full wp-image-8767\" src=\"https:\/\/agora.xtec.cat\/esc-jmaragall\/wp-content\/uploads\/usu782\/2023\/02\/ProjecteAbsentisme-Nov-2016_Page_04.jpg\" alt=\"\" width=\"1646\" height=\"2339\" srcset=\"https:\/\/agora.xtec.cat\/esc-jmaragall\/wp-content\/uploads\/usu782\/2023\/02\/ProjecteAbsentisme-Nov-2016_Page_04.jpg 1646w, https:\/\/agora.xtec.cat\/esc-jmaragall\/wp-content\/uploads\/usu782\/2023\/02\/ProjecteAbsentisme-Nov-2016_Page_04-211x300.jpg 211w, https:\/\/agora.xtec.cat\/esc-jmaragall\/wp-content\/uploads\/usu782\/2023\/02\/ProjecteAbsentisme-Nov-2016_Page_04-721x1024.jpg 721w, https:\/\/agora.xtec.cat\/esc-jmaragall\/wp-content\/uploads\/usu782\/2023\/02\/ProjecteAbsentisme-Nov-2016_Page_04-768x1091.jpg 768w, https:\/\/agora.xtec.cat\/esc-jmaragall\/wp-content\/uploads\/usu782\/2023\/02\/ProjecteAbsentisme-Nov-2016_Page_04-1081x1536.jpg 1081w, https:\/\/agora.xtec.cat\/esc-jmaragall\/wp-content\/uploads\/usu782\/2023\/02\/ProjecteAbsentisme-Nov-2016_Page_04-1441x2048.jpg 1441w\" sizes=\"auto, (max-width: 1646px) 100vw, 1646px\" \/><\/a> <a href=\"https:\/\/agora.xtec.cat\/esc-jmaragall\/wp-content\/uploads\/usu782\/2023\/02\/ProjecteAbsentisme-Nov-2016_Page_05.jpg\"><img loading=\"lazy\" decoding=\"async\" class=\"aligncenter size-full wp-image-8768\" src=\"https:\/\/agora.xtec.cat\/esc-jmaragall\/wp-content\/uploads\/usu782\/2023\/02\/ProjecteAbsentisme-Nov-2016_Page_05.jpg\" alt=\"\" width=\"1646\" height=\"2339\" srcset=\"https:\/\/agora.xtec.cat\/esc-jmaragall\/wp-content\/uploads\/usu782\/2023\/02\/ProjecteAbsentisme-Nov-2016_Page_05.jpg 1646w, https:\/\/agora.xtec.cat\/esc-jmaragall\/wp-content\/uploads\/usu782\/2023\/02\/ProjecteAbsentisme-Nov-2016_Page_05-211x300.jpg 211w, https:\/\/agora.xtec.cat\/esc-jmaragall\/wp-content\/uploads\/usu782\/2023\/02\/ProjecteAbsentisme-Nov-2016_Page_05-721x1024.jpg 721w, https:\/\/agora.xtec.cat\/esc-jmaragall\/wp-content\/uploads\/usu782\/2023\/02\/ProjecteAbsentisme-Nov-2016_Page_05-768x1091.jpg 768w, https:\/\/agora.xtec.cat\/esc-jmaragall\/wp-content\/uploads\/usu782\/2023\/02\/ProjecteAbsentisme-Nov-2016_Page_05-1081x1536.jpg 1081w, https:\/\/agora.xtec.cat\/esc-jmaragall\/wp-content\/uploads\/usu782\/2023\/02\/ProjecteAbsentisme-Nov-2016_Page_05-1441x2048.jpg 1441w\" sizes=\"auto, (max-width: 1646px) 100vw, 1646px\" \/><\/a> <a href=\"https:\/\/agora.xtec.cat\/esc-jmaragall\/wp-content\/uploads\/usu782\/2023\/02\/ProjecteAbsentisme-Nov-2016_Page_06.jpg\"><img loading=\"lazy\" decoding=\"async\" class=\"aligncenter size-full wp-image-8769\" src=\"https:\/\/agora.xtec.cat\/esc-jmaragall\/wp-content\/uploads\/usu782\/2023\/02\/ProjecteAbsentisme-Nov-2016_Page_06.jpg\" alt=\"\" width=\"1646\" height=\"2339\" srcset=\"https:\/\/agora.xtec.cat\/esc-jmaragall\/wp-content\/uploads\/usu782\/2023\/02\/ProjecteAbsentisme-Nov-2016_Page_06.jpg 1646w, https:\/\/agora.xtec.cat\/esc-jmaragall\/wp-content\/uploads\/usu782\/2023\/02\/ProjecteAbsentisme-Nov-2016_Page_06-211x300.jpg 211w, https:\/\/agora.xtec.cat\/esc-jmaragall\/wp-content\/uploads\/usu782\/2023\/02\/ProjecteAbsentisme-Nov-2016_Page_06-721x1024.jpg 721w, https:\/\/agora.xtec.cat\/esc-jmaragall\/wp-content\/uploads\/usu782\/2023\/02\/ProjecteAbsentisme-Nov-2016_Page_06-768x1091.jpg 768w, https:\/\/agora.xtec.cat\/esc-jmaragall\/wp-content\/uploads\/usu782\/2023\/02\/ProjecteAbsentisme-Nov-2016_Page_06-1081x1536.jpg 1081w, https:\/\/agora.xtec.cat\/esc-jmaragall\/wp-content\/uploads\/usu782\/2023\/02\/ProjecteAbsentisme-Nov-2016_Page_06-1441x2048.jpg 1441w\" sizes=\"auto, (max-width: 1646px) 100vw, 1646px\" \/><\/a> <a href=\"https:\/\/agora.xtec.cat\/esc-jmaragall\/wp-content\/uploads\/usu782\/2023\/02\/ProjecteAbsentisme-Nov-2016_Page_07.jpg\"><img loading=\"lazy\" decoding=\"async\" class=\"aligncenter size-full wp-image-8770\" src=\"https:\/\/agora.xtec.cat\/esc-jmaragall\/wp-content\/uploads\/usu782\/2023\/02\/ProjecteAbsentisme-Nov-2016_Page_07.jpg\" alt=\"\" width=\"1646\" height=\"2339\" srcset=\"https:\/\/agora.xtec.cat\/esc-jmaragall\/wp-content\/uploads\/usu782\/2023\/02\/ProjecteAbsentisme-Nov-2016_Page_07.jpg 1646w, https:\/\/agora.xtec.cat\/esc-jmaragall\/wp-content\/uploads\/usu782\/2023\/02\/ProjecteAbsentisme-Nov-2016_Page_07-211x300.jpg 211w, https:\/\/agora.xtec.cat\/esc-jmaragall\/wp-content\/uploads\/usu782\/2023\/02\/ProjecteAbsentisme-Nov-2016_Page_07-721x1024.jpg 721w, https:\/\/agora.xtec.cat\/esc-jmaragall\/wp-content\/uploads\/usu782\/2023\/02\/ProjecteAbsentisme-Nov-2016_Page_07-768x1091.jpg 768w, https:\/\/agora.xtec.cat\/esc-jmaragall\/wp-content\/uploads\/usu782\/2023\/02\/ProjecteAbsentisme-Nov-2016_Page_07-1081x1536.jpg 1081w, https:\/\/agora.xtec.cat\/esc-jmaragall\/wp-content\/uploads\/usu782\/2023\/02\/ProjecteAbsentisme-Nov-2016_Page_07-1441x2048.jpg 1441w\" sizes=\"auto, (max-width: 1646px) 100vw, 1646px\" \/><\/a> <a href=\"https:\/\/agora.xtec.cat\/esc-jmaragall\/wp-content\/uploads\/usu782\/2023\/02\/ProjecteAbsentisme-Nov-2016_Page_08.jpg\"><img loading=\"lazy\" decoding=\"async\" class=\"aligncenter size-full wp-image-8771\" src=\"https:\/\/agora.xtec.cat\/esc-jmaragall\/wp-content\/uploads\/usu782\/2023\/02\/ProjecteAbsentisme-Nov-2016_Page_08.jpg\" alt=\"\" width=\"1646\" height=\"2339\" srcset=\"https:\/\/agora.xtec.cat\/esc-jmaragall\/wp-content\/uploads\/usu782\/2023\/02\/ProjecteAbsentisme-Nov-2016_Page_08.jpg 1646w, https:\/\/agora.xtec.cat\/esc-jmaragall\/wp-content\/uploads\/usu782\/2023\/02\/ProjecteAbsentisme-Nov-2016_Page_08-211x300.jpg 211w, https:\/\/agora.xtec.cat\/esc-jmaragall\/wp-content\/uploads\/usu782\/2023\/02\/ProjecteAbsentisme-Nov-2016_Page_08-721x1024.jpg 721w, https:\/\/agora.xtec.cat\/esc-jmaragall\/wp-content\/uploads\/usu782\/2023\/02\/ProjecteAbsentisme-Nov-2016_Page_08-768x1091.jpg 768w, https:\/\/agora.xtec.cat\/esc-jmaragall\/wp-content\/uploads\/usu782\/2023\/02\/ProjecteAbsentisme-Nov-2016_Page_08-1081x1536.jpg 1081w, https:\/\/agora.xtec.cat\/esc-jmaragall\/wp-content\/uploads\/usu782\/2023\/02\/ProjecteAbsentisme-Nov-2016_Page_08-1441x2048.jpg 1441w\" sizes=\"auto, (max-width: 1646px) 100vw, 1646px\" \/><\/a> <a href=\"https:\/\/agora.xtec.cat\/esc-jmaragall\/wp-content\/uploads\/usu782\/2023\/02\/ProjecteAbsentisme-Nov-2016_Page_09.jpg\"><img loading=\"lazy\" decoding=\"async\" class=\"aligncenter size-full wp-image-8772\" src=\"https:\/\/agora.xtec.cat\/esc-jmaragall\/wp-content\/uploads\/usu782\/2023\/02\/ProjecteAbsentisme-Nov-2016_Page_09.jpg\" alt=\"\" width=\"1646\" height=\"2339\" srcset=\"https:\/\/agora.xtec.cat\/esc-jmaragall\/wp-content\/uploads\/usu782\/2023\/02\/ProjecteAbsentisme-Nov-2016_Page_09.jpg 1646w, https:\/\/agora.xtec.cat\/esc-jmaragall\/wp-content\/uploads\/usu782\/2023\/02\/ProjecteAbsentisme-Nov-2016_Page_09-211x300.jpg 211w, https:\/\/agora.xtec.cat\/esc-jmaragall\/wp-content\/uploads\/usu782\/2023\/02\/ProjecteAbsentisme-Nov-2016_Page_09-721x1024.jpg 721w, https:\/\/agora.xtec.cat\/esc-jmaragall\/wp-content\/uploads\/usu782\/2023\/02\/ProjecteAbsentisme-Nov-2016_Page_09-768x1091.jpg 768w, https:\/\/agora.xtec.cat\/esc-jmaragall\/wp-content\/uploads\/usu782\/2023\/02\/ProjecteAbsentisme-Nov-2016_Page_09-1081x1536.jpg 1081w, https:\/\/agora.xtec.cat\/esc-jmaragall\/wp-content\/uploads\/usu782\/2023\/02\/ProjecteAbsentisme-Nov-2016_Page_09-1441x2048.jpg 1441w\" sizes=\"auto, (max-width: 1646px) 100vw, 1646px\" \/><\/a> <a href=\"https:\/\/agora.xtec.cat\/esc-jmaragall\/wp-content\/uploads\/usu782\/2023\/02\/ProjecteAbsentisme-Nov-2016_Page_10.jpg\"><img loading=\"lazy\" decoding=\"async\" class=\"aligncenter size-full wp-image-8773\" src=\"https:\/\/agora.xtec.cat\/esc-jmaragall\/wp-content\/uploads\/usu782\/2023\/02\/ProjecteAbsentisme-Nov-2016_Page_10.jpg\" alt=\"\" width=\"1646\" height=\"2339\" srcset=\"https:\/\/agora.xtec.cat\/esc-jmaragall\/wp-content\/uploads\/usu782\/2023\/02\/ProjecteAbsentisme-Nov-2016_Page_10.jpg 1646w, https:\/\/agora.xtec.cat\/esc-jmaragall\/wp-content\/uploads\/usu782\/2023\/02\/ProjecteAbsentisme-Nov-2016_Page_10-211x300.jpg 211w, https:\/\/agora.xtec.cat\/esc-jmaragall\/wp-content\/uploads\/usu782\/2023\/02\/ProjecteAbsentisme-Nov-2016_Page_10-721x1024.jpg 721w, https:\/\/agora.xtec.cat\/esc-jmaragall\/wp-content\/uploads\/usu782\/2023\/02\/ProjecteAbsentisme-Nov-2016_Page_10-768x1091.jpg 768w, https:\/\/agora.xtec.cat\/esc-jmaragall\/wp-content\/uploads\/usu782\/2023\/02\/ProjecteAbsentisme-Nov-2016_Page_10-1081x1536.jpg 1081w, https:\/\/agora.xtec.cat\/esc-jmaragall\/wp-content\/uploads\/usu782\/2023\/02\/ProjecteAbsentisme-Nov-2016_Page_10-1441x2048.jpg 1441w\" sizes=\"auto, (max-width: 1646px) 100vw, 1646px\" \/><\/a> <a href=\"https:\/\/agora.xtec.cat\/esc-jmaragall\/wp-content\/uploads\/usu782\/2023\/02\/ProjecteAbsentisme-Nov-2016_Page_11.jpg\"><img loading=\"lazy\" decoding=\"async\" class=\"aligncenter size-full wp-image-8774\" src=\"https:\/\/agora.xtec.cat\/esc-jmaragall\/wp-content\/uploads\/usu782\/2023\/02\/ProjecteAbsentisme-Nov-2016_Page_11.jpg\" alt=\"\" width=\"1646\" height=\"2339\" srcset=\"https:\/\/agora.xtec.cat\/esc-jmaragall\/wp-content\/uploads\/usu782\/2023\/02\/ProjecteAbsentisme-Nov-2016_Page_11.jpg 1646w, https:\/\/agora.xtec.cat\/esc-jmaragall\/wp-content\/uploads\/usu782\/2023\/02\/ProjecteAbsentisme-Nov-2016_Page_11-211x300.jpg 211w, https:\/\/agora.xtec.cat\/esc-jmaragall\/wp-content\/uploads\/usu782\/2023\/02\/ProjecteAbsentisme-Nov-2016_Page_11-721x1024.jpg 721w, https:\/\/agora.xtec.cat\/esc-jmaragall\/wp-content\/uploads\/usu782\/2023\/02\/ProjecteAbsentisme-Nov-2016_Page_11-768x1091.jpg 768w, https:\/\/agora.xtec.cat\/esc-jmaragall\/wp-content\/uploads\/usu782\/2023\/02\/ProjecteAbsentisme-Nov-2016_Page_11-1081x1536.jpg 1081w, https:\/\/agora.xtec.cat\/esc-jmaragall\/wp-content\/uploads\/usu782\/2023\/02\/ProjecteAbsentisme-Nov-2016_Page_11-1441x2048.jpg 1441w\" sizes=\"auto, (max-width: 1646px) 100vw, 1646px\" \/><\/a> <a href=\"https:\/\/agora.xtec.cat\/esc-jmaragall\/wp-content\/uploads\/usu782\/2023\/02\/ProjecteAbsentisme-Nov-2016_Page_12.jpg\"><img loading=\"lazy\" decoding=\"async\" class=\"aligncenter size-full wp-image-8775\" src=\"https:\/\/agora.xtec.cat\/esc-jmaragall\/wp-content\/uploads\/usu782\/2023\/02\/ProjecteAbsentisme-Nov-2016_Page_12.jpg\" alt=\"\" width=\"1646\" height=\"2339\" srcset=\"https:\/\/agora.xtec.cat\/esc-jmaragall\/wp-content\/uploads\/usu782\/2023\/02\/ProjecteAbsentisme-Nov-2016_Page_12.jpg 1646w, https:\/\/agora.xtec.cat\/esc-jmaragall\/wp-content\/uploads\/usu782\/2023\/02\/ProjecteAbsentisme-Nov-2016_Page_12-211x300.jpg 211w, https:\/\/agora.xtec.cat\/esc-jmaragall\/wp-content\/uploads\/usu782\/2023\/02\/ProjecteAbsentisme-Nov-2016_Page_12-721x1024.jpg 721w, https:\/\/agora.xtec.cat\/esc-jmaragall\/wp-content\/uploads\/usu782\/2023\/02\/ProjecteAbsentisme-Nov-2016_Page_12-768x1091.jpg 768w, https:\/\/agora.xtec.cat\/esc-jmaragall\/wp-content\/uploads\/usu782\/2023\/02\/ProjecteAbsentisme-Nov-2016_Page_12-1081x1536.jpg 1081w, https:\/\/agora.xtec.cat\/esc-jmaragall\/wp-content\/uploads\/usu782\/2023\/02\/ProjecteAbsentisme-Nov-2016_Page_12-1441x2048.jpg 1441w\" sizes=\"auto, (max-width: 1646px) 100vw, 1646px\" \/><\/a> <a href=\"https:\/\/agora.xtec.cat\/esc-jmaragall\/wp-content\/uploads\/usu782\/2023\/02\/ProjecteAbsentisme-Nov-2016_Page_13.jpg\"><img loading=\"lazy\" decoding=\"async\" class=\"aligncenter size-full wp-image-8776\" src=\"https:\/\/agora.xtec.cat\/esc-jmaragall\/wp-content\/uploads\/usu782\/2023\/02\/ProjecteAbsentisme-Nov-2016_Page_13.jpg\" alt=\"\" width=\"1646\" height=\"2339\" srcset=\"https:\/\/agora.xtec.cat\/esc-jmaragall\/wp-content\/uploads\/usu782\/2023\/02\/ProjecteAbsentisme-Nov-2016_Page_13.jpg 1646w, https:\/\/agora.xtec.cat\/esc-jmaragall\/wp-content\/uploads\/usu782\/2023\/02\/ProjecteAbsentisme-Nov-2016_Page_13-211x300.jpg 211w, https:\/\/agora.xtec.cat\/esc-jmaragall\/wp-content\/uploads\/usu782\/2023\/02\/ProjecteAbsentisme-Nov-2016_Page_13-721x1024.jpg 721w, https:\/\/agora.xtec.cat\/esc-jmaragall\/wp-content\/uploads\/usu782\/2023\/02\/ProjecteAbsentisme-Nov-2016_Page_13-768x1091.jpg 768w, https:\/\/agora.xtec.cat\/esc-jmaragall\/wp-content\/uploads\/usu782\/2023\/02\/ProjecteAbsentisme-Nov-2016_Page_13-1081x1536.jpg 1081w, https:\/\/agora.xtec.cat\/esc-jmaragall\/wp-content\/uploads\/usu782\/2023\/02\/ProjecteAbsentisme-Nov-2016_Page_13-1441x2048.jpg 1441w\" sizes=\"auto, (max-width: 1646px) 100vw, 1646px\" \/><\/a> <a href=\"https:\/\/agora.xtec.cat\/esc-jmaragall\/wp-content\/uploads\/usu782\/2023\/02\/ProjecteAbsentisme-Nov-2016_Page_14.jpg\"><img loading=\"lazy\" decoding=\"async\" class=\"aligncenter size-full wp-image-8777\" src=\"https:\/\/agora.xtec.cat\/esc-jmaragall\/wp-content\/uploads\/usu782\/2023\/02\/ProjecteAbsentisme-Nov-2016_Page_14.jpg\" alt=\"\" width=\"1646\" height=\"2339\" srcset=\"https:\/\/agora.xtec.cat\/esc-jmaragall\/wp-content\/uploads\/usu782\/2023\/02\/ProjecteAbsentisme-Nov-2016_Page_14.jpg 1646w, https:\/\/agora.xtec.cat\/esc-jmaragall\/wp-content\/uploads\/usu782\/2023\/02\/ProjecteAbsentisme-Nov-2016_Page_14-211x300.jpg 211w, https:\/\/agora.xtec.cat\/esc-jmaragall\/wp-content\/uploads\/usu782\/2023\/02\/ProjecteAbsentisme-Nov-2016_Page_14-721x1024.jpg 721w, https:\/\/agora.xtec.cat\/esc-jmaragall\/wp-content\/uploads\/usu782\/2023\/02\/ProjecteAbsentisme-Nov-2016_Page_14-768x1091.jpg 768w, https:\/\/agora.xtec.cat\/esc-jmaragall\/wp-content\/uploads\/usu782\/2023\/02\/ProjecteAbsentisme-Nov-2016_Page_14-1081x1536.jpg 1081w, https:\/\/agora.xtec.cat\/esc-jmaragall\/wp-content\/uploads\/usu782\/2023\/02\/ProjecteAbsentisme-Nov-2016_Page_14-1441x2048.jpg 1441w\" sizes=\"auto, (max-width: 1646px) 100vw, 1646px\" \/><\/a><\/p>\n","protected":false},"excerpt":{"rendered":"<p>Com a docents, estem obligats a controlar l\u2019assist\u00e8ncia de l\u2019alumnat per garantir els drets dels infants a una educaci\u00f3 integral.\u00a0 Tenim establert un protocol que consisteix en avisar la fam\u00edlia a trav\u00e9s de diferents agents de la comunitat educativa.\u00a0 L\u2019objectiu \u00e9s conv\u00e8ncer a les fam\u00edlies que l\u2019educaci\u00f3 \u00e9s un dret i per tant han de [&hellip;]<\/p>\n","protected":false},"author":1,"featured_media":0,"parent":8508,"menu_order":90,"comment_status":"closed","ping_status":"closed","template":"page-templates\/side-menu.php","meta":{"_bbp_topic_count":0,"_bbp_reply_count":0,"_bbp_total_topic_count":0,"_bbp_total_reply_count":0,"_bbp_voice_count":0,"_bbp_anonymous_reply_count":0,"_bbp_topic_count_hidden":0,"_bbp_reply_count_hidden":0,"_bbp_forum_subforum_count":0,"site-sidebar-layout":"default","site-content-layout":"","ast-site-content-layout":"","site-content-style":"default","site-sidebar-style":"default","ast-global-header-display":"","ast-banner-title-visibility":"","ast-main-header-display":"","ast-hfb-above-header-display":"","ast-hfb-below-header-display":"","ast-hfb-mobile-header-display":"","site-post-title":"","ast-breadcrumbs-content":"","ast-featured-img":"","footer-sml-layout":"","theme-transparent-header-meta":"","adv-header-id-meta":"","stick-header-meta":"","header-above-stick-meta":"","header-main-stick-meta":"","header-below-stick-meta":"","astra-migrate-meta-layouts":"default","ast-page-background-enabled":"default","ast-page-background-meta":{"desktop":{"background-color":"var(--ast-global-color-4)","background-image":"","background-repeat":"repeat","background-position":"center center","background-size":"auto","background-attachment":"scroll","background-type":"","background-media":"","overlay-type":"","overlay-color":"","overlay-opacity":"","overlay-gradient":""},"tablet":{"background-color":"","background-image":"","background-repeat":"repeat","background-position":"center center","background-size":"auto","background-attachment":"scroll","background-type":"","background-media":"","overlay-type":"","overlay-color":"","overlay-opacity":"","overlay-gradient":""},"mobile":{"background-color":"","background-image":"","background-repeat":"repeat","background-position":"center center","background-size":"auto","background-attachment":"scroll","background-type":"","background-media":"","overlay-type":"","overlay-color":"","overlay-opacity":"","overlay-gradient":""}},"ast-content-background-meta":{"desktop":{"background-color":"var(--ast-global-color-5)","background-image":"","background-repeat":"repeat","background-position":"center center","background-size":"auto","background-attachment":"scroll","background-type":"","background-media":"","overlay-type":"","overlay-color":"","overlay-opacity":"","overlay-gradient":""},"tablet":{"background-color":"var(--ast-global-color-5)","background-image":"","background-repeat":"repeat","background-position":"center center","background-size":"auto","background-attachment":"scroll","background-type":"","background-media":"","overlay-type":"","overlay-color":"","overlay-opacity":"","overlay-gradient":""},"mobile":{"background-color":"var(--ast-global-color-5)","background-image":"","background-repeat":"repeat","background-position":"center center","background-size":"auto","background-attachment":"scroll","background-type":"","background-media":"","overlay-type":"","overlay-color":"","overlay-opacity":"","overlay-gradient":""}},"footnotes":""},"class_list":["post-6006","page","type-page","status-publish","hentry"],"post_mailing_queue_ids":[],"_links":{"self":[{"href":"https:\/\/agora.xtec.cat\/esc-jmaragall\/wp-json\/wp\/v2\/pages\/6006","targetHints":{"allow":["GET"]}}],"collection":[{"href":"https:\/\/agora.xtec.cat\/esc-jmaragall\/wp-json\/wp\/v2\/pages"}],"about":[{"href":"https:\/\/agora.xtec.cat\/esc-jmaragall\/wp-json\/wp\/v2\/types\/page"}],"author":[{"embeddable":true,"href":"https:\/\/agora.xtec.cat\/esc-jmaragall\/wp-json\/wp\/v2\/users\/1"}],"replies":[{"embeddable":true,"href":"https:\/\/agora.xtec.cat\/esc-jmaragall\/wp-json\/wp\/v2\/comments?post=6006"}],"version-history":[{"count":4,"href":"https:\/\/agora.xtec.cat\/esc-jmaragall\/wp-json\/wp\/v2\/pages\/6006\/revisions"}],"predecessor-version":[{"id":8779,"href":"https:\/\/agora.xtec.cat\/esc-jmaragall\/wp-json\/wp\/v2\/pages\/6006\/revisions\/8779"}],"up":[{"embeddable":true,"href":"https:\/\/agora.xtec.cat\/esc-jmaragall\/wp-json\/wp\/v2\/pages\/8508"}],"wp:attachment":[{"href":"https:\/\/agora.xtec.cat\/esc-jmaragall\/wp-json\/wp\/v2\/media?parent=6006"}],"curies":[{"name":"wp","href":"https:\/\/api.w.org\/{rel}","templated":true}]}}