{"id":566,"date":"2015-12-13T16:47:33","date_gmt":"2015-12-13T15:47:33","guid":{"rendered":"http:\/\/agora.xtec.cat\/esc-jmaragall\/?page_id=566"},"modified":"2023-02-07T07:38:18","modified_gmt":"2023-02-07T06:38:18","slug":"unitat-de-suport-a-leducacio-especial","status":"publish","type":"page","link":"https:\/\/agora.xtec.cat\/esc-jmaragall\/projecte-educatiu\/unitat-de-suport-a-leducacio-especial\/","title":{"rendered":"SUPORT INTENSIU D&#8217;ESCOLARITZACI\u00d3 INCLUSIVA (SIEI)"},"content":{"rendered":"<p>Els suports intensius per a l\u2019escolaritzaci\u00f3 inclusiva (SIEI), abans USEE, s\u00f3n dotacions extraordin\u00e0ries de professionals que s\u2019incoporen a les plantilles d\u2019escoles i instituts com a recursos intensius per atendre els alumnes amb necessitats educatives especials que ho necessitin.<\/p>\n<p>El SIEI \u00e9s un recurs per al centre, que se suma als suports universals i addicionals per a la inclusi\u00f3, per afavorir que els alumne amb necessitats espec\u00edfiques de suport educatiu puguin participar de les activitats que es desenvolupen al centre de manera que s\u2019avanci cap a una escola inclusiva.<\/p>\n<p>Els i les professionals assignades elaboren, de manera coordinada amb el professorat del grup, materials espec\u00edfics i adaptats per tal de facilitar la participaci\u00f3 de tots els alumnes a les diferents activitats de l\u2019escola.\u00a0Les adaptacions que es facin per a cada alumnes es determinaran en el seu Pla Individual (PI) que elaborar\u00e0 l\u2019equip docent de manera coordinada amb la Comissi\u00f3 d\u2019Atenci\u00f3 a la Diversitat (CAD) i es presentar\u00e0 a la fam\u00edlia a l\u2019inici de cada curs.<\/p>\n<p>Als alumnes adscrits se\u2019ls avaluar\u00e0 seguint els objectius d\u2019aquest PI, mitjan\u00e7ant un informe detallat del seu proc\u00e9s d\u2019aprenentatge.<\/p>\n<p>L\u2019escola inclusiva \u00e9s un objectiu que des de l\u2019escola Joan Maragall mai perdem de vista ja que hem viscut i vivim de primera m\u00e0 la import\u00e0ncia d\u2019aquesta conviv\u00e8ncia, tant entre els infants com entre els docents.<\/p>\n<p><img loading=\"lazy\" decoding=\"async\" class=\"aligncenter wp-image-843 size-full\" src=\"http:\/\/agora.xtec.cat\/esc-jmaragall\/wp-content\/uploads\/usu782\/2015\/12\/CompartiresConstruir.jpg\" alt=\"CompartiresConstruir\" width=\"760\" height=\"447\" srcset=\"https:\/\/agora.xtec.cat\/esc-jmaragall\/wp-content\/uploads\/usu782\/2015\/12\/CompartiresConstruir.jpg 760w, https:\/\/agora.xtec.cat\/esc-jmaragall\/wp-content\/uploads\/usu782\/2015\/12\/CompartiresConstruir-300x176.jpg 300w\" sizes=\"auto, (max-width: 760px) 100vw, 760px\" \/><\/p>\n","protected":false},"excerpt":{"rendered":"<p>Els suports intensius per a l\u2019escolaritzaci\u00f3 inclusiva (SIEI), abans USEE, s\u00f3n dotacions extraordin\u00e0ries de professionals que s\u2019incoporen a les plantilles d\u2019escoles i instituts com a recursos intensius per atendre els alumnes amb necessitats educatives especials que ho necessitin. El SIEI \u00e9s un recurs per al centre, que se suma als suports universals i addicionals per [&hellip;]<\/p>\n","protected":false},"author":1,"featured_media":0,"parent":8508,"menu_order":15,"comment_status":"closed","ping_status":"closed","template":"page-templates\/side-menu.php","meta":{"_bbp_topic_count":0,"_bbp_reply_count":0,"_bbp_total_topic_count":0,"_bbp_total_reply_count":0,"_bbp_voice_count":0,"_bbp_anonymous_reply_count":0,"_bbp_topic_count_hidden":0,"_bbp_reply_count_hidden":0,"_bbp_forum_subforum_count":0,"site-sidebar-layout":"default","site-content-layout":"","ast-site-content-layout":"","site-content-style":"default","site-sidebar-style":"default","ast-global-header-display":"","ast-banner-title-visibility":"","ast-main-header-display":"","ast-hfb-above-header-display":"","ast-hfb-below-header-display":"","ast-hfb-mobile-header-display":"","site-post-title":"","ast-breadcrumbs-content":"","ast-featured-img":"","footer-sml-layout":"","theme-transparent-header-meta":"","adv-header-id-meta":"","stick-header-meta":"","header-above-stick-meta":"","header-main-stick-meta":"","header-below-stick-meta":"","astra-migrate-meta-layouts":"default","ast-page-background-enabled":"default","ast-page-background-meta":{"desktop":{"background-color":"var(--ast-global-color-4)","background-image":"","background-repeat":"repeat","background-position":"center center","background-size":"auto","background-attachment":"scroll","background-type":"","background-media":"","overlay-type":"","overlay-color":"","overlay-opacity":"","overlay-gradient":""},"tablet":{"background-color":"","background-image":"","background-repeat":"repeat","background-position":"center center","background-size":"auto","background-attachment":"scroll","background-type":"","background-media":"","overlay-type":"","overlay-color":"","overlay-opacity":"","overlay-gradient":""},"mobile":{"background-color":"","background-image":"","background-repeat":"repeat","background-position":"center center","background-size":"auto","background-attachment":"scroll","background-type":"","background-media":"","overlay-type":"","overlay-color":"","overlay-opacity":"","overlay-gradient":""}},"ast-content-background-meta":{"desktop":{"background-color":"var(--ast-global-color-5)","background-image":"","background-repeat":"repeat","background-position":"center center","background-size":"auto","background-attachment":"scroll","background-type":"","background-media":"","overlay-type":"","overlay-color":"","overlay-opacity":"","overlay-gradient":""},"tablet":{"background-color":"var(--ast-global-color-5)","background-image":"","background-repeat":"repeat","background-position":"center center","background-size":"auto","background-attachment":"scroll","background-type":"","background-media":"","overlay-type":"","overlay-color":"","overlay-opacity":"","overlay-gradient":""},"mobile":{"background-color":"var(--ast-global-color-5)","background-image":"","background-repeat":"repeat","background-position":"center center","background-size":"auto","background-attachment":"scroll","background-type":"","background-media":"","overlay-type":"","overlay-color":"","overlay-opacity":"","overlay-gradient":""}},"footnotes":""},"class_list":["post-566","page","type-page","status-publish","hentry"],"post_mailing_queue_ids":[],"_links":{"self":[{"href":"https:\/\/agora.xtec.cat\/esc-jmaragall\/wp-json\/wp\/v2\/pages\/566","targetHints":{"allow":["GET"]}}],"collection":[{"href":"https:\/\/agora.xtec.cat\/esc-jmaragall\/wp-json\/wp\/v2\/pages"}],"about":[{"href":"https:\/\/agora.xtec.cat\/esc-jmaragall\/wp-json\/wp\/v2\/types\/page"}],"author":[{"embeddable":true,"href":"https:\/\/agora.xtec.cat\/esc-jmaragall\/wp-json\/wp\/v2\/users\/1"}],"replies":[{"embeddable":true,"href":"https:\/\/agora.xtec.cat\/esc-jmaragall\/wp-json\/wp\/v2\/comments?post=566"}],"version-history":[{"count":3,"href":"https:\/\/agora.xtec.cat\/esc-jmaragall\/wp-json\/wp\/v2\/pages\/566\/revisions"}],"predecessor-version":[{"id":8663,"href":"https:\/\/agora.xtec.cat\/esc-jmaragall\/wp-json\/wp\/v2\/pages\/566\/revisions\/8663"}],"up":[{"embeddable":true,"href":"https:\/\/agora.xtec.cat\/esc-jmaragall\/wp-json\/wp\/v2\/pages\/8508"}],"wp:attachment":[{"href":"https:\/\/agora.xtec.cat\/esc-jmaragall\/wp-json\/wp\/v2\/media?parent=566"}],"curies":[{"name":"wp","href":"https:\/\/api.w.org\/{rel}","templated":true}]}}