{"id":408,"date":"2015-12-04T03:06:26","date_gmt":"2015-12-04T02:06:26","guid":{"rendered":"http:\/\/agora.xtec.cat\/esc-jmaragall\/?page_id=408"},"modified":"2024-02-27T11:53:08","modified_gmt":"2024-02-27T10:53:08","slug":"carta-de-compromis-educatiu","status":"publish","type":"page","link":"https:\/\/agora.xtec.cat\/esc-jmaragall\/projecte-educatiu\/carta-de-compromis-educatiu\/","title":{"rendered":"CARTA DE COMPROM\u00cdS EDUCATIU"},"content":{"rendered":"<p>La carta de comprom\u00eds educatiu del centre neix al 2011 amb l&#8217;aprovaci\u00f3 del Consell Escolar i pret\u00e9n ser un document conjunt entre escola i fam\u00edlies, conscients que l\u2019educaci\u00f3 d\u2019infants i joves implica una acci\u00f3 conjunta.<\/p>\n<p>La nostra carta comporta implica els seg\u00fcents compromisos:<\/p>\n<ul>\n<li>Facilitar una formaci\u00f3 que contribueixi al desenvolupament integral de la personalitat de l\u2019alumne o alumna.<\/li>\n<li>Donar informaci\u00f3 a la fam\u00edlia sobre el car\u00e0cter propi del centre, les normes de funcionament, l\u2019organitzaci\u00f3, la metodologia, els criteris d\u2019avaluaci\u00f3, els criteris d\u2019atenci\u00f3 a la diversitat, els serveis que s\u2019ofereixen i les activitats escolars i extraescolars.<\/li>\n<li>Respectar les conviccions de la fam\u00edlia en el marc de la normativa.<\/li>\n<li>Vetllar per fer efectius els drets de l\u2019alumne\/a en l\u2019\u00e0mbit escolar.<\/li>\n<li>Informar regularment, i per escrit, a la fam\u00edlia sobre l\u2019evoluci\u00f3 acad\u00e8mica i personal de l\u2019alumne\/a, amb els resultats i les valoracions de les avaluacions, segons el que estableix la normativa.<\/li>\n<li>Mantenir, com a m\u00ednim una entrevista durant cada curs escolar, i sempre que l\u2019escola o la fam\u00edlia ho consideri necessari.<\/li>\n<li>Atendre en un termini raonable les peticions d\u2019entrevista o de comunicaci\u00f3 que formuli la fam\u00edlia facilitant, en la mesura possible, la conciliaci\u00f3 de l\u2019horari laboral de la fam\u00edlia amb l\u2019horari lectiu del centre i de cada mestre\/a.<\/li>\n<li>Comunicar a la fam\u00edlia les faltes de puntualitat, d\u2019assist\u00e8ncia no justificades, i les incid\u00e8ncies que es produeixin segons el que est\u00e0 establert a la Comissi\u00f3 de Conviv\u00e8ncia.<\/li>\n<li>Garantir la discreci\u00f3 total en l\u2019\u00fas de la informaci\u00f3 de la fam\u00edlia a fi de protegir la intimitat dels alumnes i les seves fam\u00edlies.<\/li>\n<li>Assessorar en les tasques que cal fer fora de l\u2019horari lectiu.<\/li>\n<li>Oferir una educaci\u00f3 que estimuli les capacitats, compet\u00e8ncies i habilitats dels alumnes, que sigui adient als ritmes d\u2019aprenentatge i que fomenti l\u2019esfor\u00e7 i el rendiment.<\/li>\n<li>Valorar, de manera objectiva, d\u2019acord amb els criteris establerts pel centre, el rendiment acad\u00e8mic de l\u2019alumne\/a.<\/li>\n<li>Informar a la fam\u00edlia quan el seu fill\/a no faci les tasques encomanades pels mestres segons el que est\u00e0 establert a la Comissi\u00f3 de Conviv\u00e8ncia.<\/li>\n<li>Adoptar les mesures educatives adients per atendre les necessitats espec\u00edfiques de l\u2019alumne o alumna, amb els recursos disponibles i mantenir-ne informada la fam\u00edlia tot donant l\u2019assessorament pedag\u00f2gic que estigui a l\u2019abast de l\u2019escola.<\/li>\n<li>Revisar anualment el contingut de la carta escoltades les aportacions fetes per les fam\u00edlies i el personal docent.<\/li>\n<\/ul>\n<p>&nbsp;<\/p>\n","protected":false},"excerpt":{"rendered":"<p>La carta de comprom\u00eds educatiu del centre neix al 2011 amb l&#8217;aprovaci\u00f3 del Consell Escolar i pret\u00e9n ser un document conjunt entre escola i fam\u00edlies, conscients que l\u2019educaci\u00f3 d\u2019infants i joves implica una acci\u00f3 conjunta. La nostra carta comporta implica els seg\u00fcents compromisos: Facilitar una formaci\u00f3 que contribueixi al desenvolupament integral de la personalitat de [&hellip;]<\/p>\n","protected":false},"author":1,"featured_media":0,"parent":8508,"menu_order":20,"comment_status":"closed","ping_status":"closed","template":"page-templates\/side-menu.php","meta":{"_bbp_topic_count":0,"_bbp_reply_count":0,"_bbp_total_topic_count":0,"_bbp_total_reply_count":0,"_bbp_voice_count":0,"_bbp_anonymous_reply_count":0,"_bbp_topic_count_hidden":0,"_bbp_reply_count_hidden":0,"_bbp_forum_subforum_count":0,"site-sidebar-layout":"default","site-content-layout":"","ast-site-content-layout":"","site-content-style":"default","site-sidebar-style":"default","ast-global-header-display":"","ast-banner-title-visibility":"","ast-main-header-display":"","ast-hfb-above-header-display":"","ast-hfb-below-header-display":"","ast-hfb-mobile-header-display":"","site-post-title":"","ast-breadcrumbs-content":"","ast-featured-img":"","footer-sml-layout":"","theme-transparent-header-meta":"","adv-header-id-meta":"","stick-header-meta":"","header-above-stick-meta":"","header-main-stick-meta":"","header-below-stick-meta":"","astra-migrate-meta-layouts":"default","ast-page-background-enabled":"default","ast-page-background-meta":{"desktop":{"background-color":"var(--ast-global-color-4)","background-image":"","background-repeat":"repeat","background-position":"center center","background-size":"auto","background-attachment":"scroll","background-type":"","background-media":"","overlay-type":"","overlay-color":"","overlay-opacity":"","overlay-gradient":""},"tablet":{"background-color":"","background-image":"","background-repeat":"repeat","background-position":"center center","background-size":"auto","background-attachment":"scroll","background-type":"","background-media":"","overlay-type":"","overlay-color":"","overlay-opacity":"","overlay-gradient":""},"mobile":{"background-color":"","background-image":"","background-repeat":"repeat","background-position":"center center","background-size":"auto","background-attachment":"scroll","background-type":"","background-media":"","overlay-type":"","overlay-color":"","overlay-opacity":"","overlay-gradient":""}},"ast-content-background-meta":{"desktop":{"background-color":"var(--ast-global-color-5)","background-image":"","background-repeat":"repeat","background-position":"center center","background-size":"auto","background-attachment":"scroll","background-type":"","background-media":"","overlay-type":"","overlay-color":"","overlay-opacity":"","overlay-gradient":""},"tablet":{"background-color":"var(--ast-global-color-5)","background-image":"","background-repeat":"repeat","background-position":"center center","background-size":"auto","background-attachment":"scroll","background-type":"","background-media":"","overlay-type":"","overlay-color":"","overlay-opacity":"","overlay-gradient":""},"mobile":{"background-color":"var(--ast-global-color-5)","background-image":"","background-repeat":"repeat","background-position":"center center","background-size":"auto","background-attachment":"scroll","background-type":"","background-media":"","overlay-type":"","overlay-color":"","overlay-opacity":"","overlay-gradient":""}},"footnotes":""},"class_list":["post-408","page","type-page","status-publish","hentry"],"post_mailing_queue_ids":[],"_links":{"self":[{"href":"https:\/\/agora.xtec.cat\/esc-jmaragall\/wp-json\/wp\/v2\/pages\/408","targetHints":{"allow":["GET"]}}],"collection":[{"href":"https:\/\/agora.xtec.cat\/esc-jmaragall\/wp-json\/wp\/v2\/pages"}],"about":[{"href":"https:\/\/agora.xtec.cat\/esc-jmaragall\/wp-json\/wp\/v2\/types\/page"}],"author":[{"embeddable":true,"href":"https:\/\/agora.xtec.cat\/esc-jmaragall\/wp-json\/wp\/v2\/users\/1"}],"replies":[{"embeddable":true,"href":"https:\/\/agora.xtec.cat\/esc-jmaragall\/wp-json\/wp\/v2\/comments?post=408"}],"version-history":[{"count":5,"href":"https:\/\/agora.xtec.cat\/esc-jmaragall\/wp-json\/wp\/v2\/pages\/408\/revisions"}],"predecessor-version":[{"id":9265,"href":"https:\/\/agora.xtec.cat\/esc-jmaragall\/wp-json\/wp\/v2\/pages\/408\/revisions\/9265"}],"up":[{"embeddable":true,"href":"https:\/\/agora.xtec.cat\/esc-jmaragall\/wp-json\/wp\/v2\/pages\/8508"}],"wp:attachment":[{"href":"https:\/\/agora.xtec.cat\/esc-jmaragall\/wp-json\/wp\/v2\/media?parent=408"}],"curies":[{"name":"wp","href":"https:\/\/api.w.org\/{rel}","templated":true}]}}