{"id":404,"date":"2015-12-04T03:01:43","date_gmt":"2015-12-04T02:01:43","guid":{"rendered":"http:\/\/agora.xtec.cat\/esc-jmaragall\/?page_id=404"},"modified":"2023-02-07T07:28:02","modified_gmt":"2023-02-07T06:28:02","slug":"la-lectura-a-lescola","status":"publish","type":"page","link":"https:\/\/agora.xtec.cat\/esc-jmaragall\/projecte-educatiu\/la-lectura-a-lescola\/","title":{"rendered":"LA LECTURA A L&#8217;ESCOLA"},"content":{"rendered":"<p><img loading=\"lazy\" decoding=\"async\" class=\" alignright wp-image-868\" src=\"http:\/\/agora.xtec.cat\/esc-jmaragall\/wp-content\/uploads\/usu782\/2015\/12\/lectura3.jpg\" alt=\"lectura3\" width=\"215\" height=\"215\" srcset=\"https:\/\/agora.xtec.cat\/esc-jmaragall\/wp-content\/uploads\/usu782\/2015\/12\/lectura3.jpg 404w, https:\/\/agora.xtec.cat\/esc-jmaragall\/wp-content\/uploads\/usu782\/2015\/12\/lectura3-150x150.jpg 150w, https:\/\/agora.xtec.cat\/esc-jmaragall\/wp-content\/uploads\/usu782\/2015\/12\/lectura3-300x300.jpg 300w\" sizes=\"auto, (max-width: 215px) 100vw, 215px\" \/>Tots els nivells de l\u2019escola treballarem la lectura di\u00e0ria de 9:00 a 9:30.<\/p>\n<p>A educaci\u00f3 Infantil, es fa dins les rutines:<\/p>\n<ul>\n<li>Passar la llista (llegir el nom dels companys\/es de la classe).<\/li>\n<li>Repassar els c\u00e0rrecs dels nens\/es.<\/li>\n<li>Llegir i escriure els dies de la setmana, mesos de l\u2019any&#8230;<\/li>\n<li>Compartir l&#8217;experi\u00e8ncia de la motxilla viatgera o la llibreta de la mascota.<\/li>\n<li>Explicar la informaci\u00f3 del projecte que porten de casa.<\/li>\n<\/ul>\n<p>Tamb\u00e9 realitzem activitats espec\u00edfiques per a treballar l&#8217;h\u00e0bit lector utilitzant diferents suports (paper, projector, ordinador, pissarra, material plastificat&#8230;) i treballant diferents tipologies textuals.<\/p>\n<ul>\n<li>Treball del vocabulari de la unitat o projectes engegats.<\/li>\n<li>Treball de les dites.<\/li>\n<li>Activitats a partir de contes utilitzant diferents estrat\u00e8gies.<\/li>\n<li>Treball de poemes, rodolins, embarbussaments&#8230;<\/li>\n<\/ul>\n<p>A Educaci\u00f3 Prim\u00e0ria es far\u00e0 una activitat diferent per a cada sessi\u00f3, on es treballar\u00e0 l\u2019expressi\u00f3 oral, la comprensi\u00f3 de textos escrits i l\u2019atenci\u00f3 i comprensi\u00f3\u00a0 d\u2019altres lectors.<\/p>\n<p>Seran activitats com la lectura aut\u00f2noma, la lectura del mestre, el lector del dia, la lectura col\u00b7lectiva, la lectura en parelles, la lectura en fam\u00edlia&#8230;<\/p>\n<p>&nbsp;<\/p>\n<p><a href=\"http:\/\/agora.xtec.cat\/esc-jmaragall\/wp-content\/uploads\/usu782\/2015\/12\/lectura2.jpg\">\u00a0<\/a> <a href=\"http:\/\/agora.xtec.cat\/esc-jmaragall\/wp-content\/uploads\/usu782\/2015\/12\/lectura3.jpg\"><br \/>\n<\/a><\/p>\n","protected":false},"excerpt":{"rendered":"<p>Tots els nivells de l\u2019escola treballarem la lectura di\u00e0ria de 9:00 a 9:30. A educaci\u00f3 Infantil, es fa dins les rutines: Passar la llista (llegir el nom dels companys\/es de la classe). Repassar els c\u00e0rrecs dels nens\/es. Llegir i escriure els dies de la setmana, mesos de l\u2019any&#8230; Compartir l&#8217;experi\u00e8ncia de la motxilla viatgera o [&hellip;]<\/p>\n","protected":false},"author":1,"featured_media":0,"parent":8508,"menu_order":30,"comment_status":"closed","ping_status":"closed","template":"page-templates\/side-menu.php","meta":{"_bbp_topic_count":0,"_bbp_reply_count":0,"_bbp_total_topic_count":0,"_bbp_total_reply_count":0,"_bbp_voice_count":0,"_bbp_anonymous_reply_count":0,"_bbp_topic_count_hidden":0,"_bbp_reply_count_hidden":0,"_bbp_forum_subforum_count":0,"site-sidebar-layout":"default","site-content-layout":"","ast-site-content-layout":"","site-content-style":"default","site-sidebar-style":"default","ast-global-header-display":"","ast-banner-title-visibility":"","ast-main-header-display":"","ast-hfb-above-header-display":"","ast-hfb-below-header-display":"","ast-hfb-mobile-header-display":"","site-post-title":"","ast-breadcrumbs-content":"","ast-featured-img":"","footer-sml-layout":"","theme-transparent-header-meta":"","adv-header-id-meta":"","stick-header-meta":"","header-above-stick-meta":"","header-main-stick-meta":"","header-below-stick-meta":"","astra-migrate-meta-layouts":"default","ast-page-background-enabled":"default","ast-page-background-meta":{"desktop":{"background-color":"var(--ast-global-color-4)","background-image":"","background-repeat":"repeat","background-position":"center center","background-size":"auto","background-attachment":"scroll","background-type":"","background-media":"","overlay-type":"","overlay-color":"","overlay-opacity":"","overlay-gradient":""},"tablet":{"background-color":"","background-image":"","background-repeat":"repeat","background-position":"center center","background-size":"auto","background-attachment":"scroll","background-type":"","background-media":"","overlay-type":"","overlay-color":"","overlay-opacity":"","overlay-gradient":""},"mobile":{"background-color":"","background-image":"","background-repeat":"repeat","background-position":"center center","background-size":"auto","background-attachment":"scroll","background-type":"","background-media":"","overlay-type":"","overlay-color":"","overlay-opacity":"","overlay-gradient":""}},"ast-content-background-meta":{"desktop":{"background-color":"var(--ast-global-color-5)","background-image":"","background-repeat":"repeat","background-position":"center center","background-size":"auto","background-attachment":"scroll","background-type":"","background-media":"","overlay-type":"","overlay-color":"","overlay-opacity":"","overlay-gradient":""},"tablet":{"background-color":"var(--ast-global-color-5)","background-image":"","background-repeat":"repeat","background-position":"center center","background-size":"auto","background-attachment":"scroll","background-type":"","background-media":"","overlay-type":"","overlay-color":"","overlay-opacity":"","overlay-gradient":""},"mobile":{"background-color":"var(--ast-global-color-5)","background-image":"","background-repeat":"repeat","background-position":"center center","background-size":"auto","background-attachment":"scroll","background-type":"","background-media":"","overlay-type":"","overlay-color":"","overlay-opacity":"","overlay-gradient":""}},"footnotes":""},"class_list":["post-404","page","type-page","status-publish","hentry"],"post_mailing_queue_ids":[],"_links":{"self":[{"href":"https:\/\/agora.xtec.cat\/esc-jmaragall\/wp-json\/wp\/v2\/pages\/404","targetHints":{"allow":["GET"]}}],"collection":[{"href":"https:\/\/agora.xtec.cat\/esc-jmaragall\/wp-json\/wp\/v2\/pages"}],"about":[{"href":"https:\/\/agora.xtec.cat\/esc-jmaragall\/wp-json\/wp\/v2\/types\/page"}],"author":[{"embeddable":true,"href":"https:\/\/agora.xtec.cat\/esc-jmaragall\/wp-json\/wp\/v2\/users\/1"}],"replies":[{"embeddable":true,"href":"https:\/\/agora.xtec.cat\/esc-jmaragall\/wp-json\/wp\/v2\/comments?post=404"}],"version-history":[{"count":3,"href":"https:\/\/agora.xtec.cat\/esc-jmaragall\/wp-json\/wp\/v2\/pages\/404\/revisions"}],"predecessor-version":[{"id":8659,"href":"https:\/\/agora.xtec.cat\/esc-jmaragall\/wp-json\/wp\/v2\/pages\/404\/revisions\/8659"}],"up":[{"embeddable":true,"href":"https:\/\/agora.xtec.cat\/esc-jmaragall\/wp-json\/wp\/v2\/pages\/8508"}],"wp:attachment":[{"href":"https:\/\/agora.xtec.cat\/esc-jmaragall\/wp-json\/wp\/v2\/media?parent=404"}],"curies":[{"name":"wp","href":"https:\/\/api.w.org\/{rel}","templated":true}]}}