{"id":38,"date":"2014-09-18T12:34:08","date_gmt":"2014-09-18T11:34:08","guid":{"rendered":"http:\/\/agora.xtec.cat\/esc-jmaragall\/?page_id=38"},"modified":"2023-02-07T07:14:18","modified_gmt":"2023-02-07T06:14:18","slug":"salut","status":"publish","type":"page","link":"https:\/\/agora.xtec.cat\/esc-jmaragall\/lescola\/salut\/","title":{"rendered":"SALUT"},"content":{"rendered":"<p><span style=\"font-size: 18pt;\"><strong>L&#8217;ESMORZAR<\/strong><\/span><\/p>\n<ul>\n<li>Els alumnes han de venir esmorzats de casa, i en tot cas que portin algun complement lleuger per a mig mat\u00ed. A l&#8217; escola cal portar un esmorzar saludable (entrep\u00e0, fruita, fruits secs, \u2026).<a href=\"http:\/\/agora.xtec.cat\/esc-jmaragall\/wp-content\/uploads\/usu782\/2014\/09\/fruta.gif\"><img loading=\"lazy\" decoding=\"async\" class=\"wp-image-3003 alignright\" src=\"http:\/\/agora.xtec.cat\/esc-jmaragall\/wp-content\/uploads\/usu782\/2014\/09\/fruta.gif\" alt=\"\" width=\"223\" height=\"186\" \/><\/a><\/li>\n<li>Intenteu sempre que sigui possible evitar el consum de &#8220;bolleria industrial&#8221;.<\/li>\n<li>Recordeu que &#8220;A l&#8217;escola, reciclem&#8221;. Per tant fomentem l&#8217;\u00fas de la carmanyola.<\/li>\n<li><strong>Els dimecres \u00e9s el dia de la fruita.<\/strong><\/li>\n<li>Des del curs 2017\/18, afavorint la nostra tasca en l&#8217;educaci\u00f3 per cuidar el medi ambient, demanem que els alumnes no portin envasos de pl\u00e0stic, ni paper d&#8217;alumini. D&#8217;aquesta manera afavorirem el no generar tant residu.<\/li>\n<\/ul>\n<p><span style=\"font-size: 18pt;\"><strong>MEDICAMENTS I MALALTIES<a href=\"http:\/\/agora.xtec.cat\/esc-jmaragall\/wp-content\/uploads\/usu782\/2014\/09\/febre.gif\"><img loading=\"lazy\" decoding=\"async\" class=\"alignleft wp-image-3004 size-full\" src=\"http:\/\/agora.xtec.cat\/esc-jmaragall\/wp-content\/uploads\/usu782\/2014\/09\/febre.gif\" alt=\"\" width=\"212\" height=\"256\" \/><\/a><\/strong><\/span><\/p>\n<ul>\n<li>L&#8217;escola no administra medicaments als alumnes. Cal procurar que s&#8217;administrin fora de l&#8217; horari escolar. Si, tot i aix\u00ed, algun alumne ha de prendre un medicament, caldr\u00e0 que porti la recepta m\u00e8dica i una autoritzaci\u00f3 signada al tutor\/a i escriure a l&#8217;env\u00e0s el nom del nen\/a.<\/li>\n<li><strong>En cas de malaltia comuna i\/o febre els alumnes no han de venir a l\u2019escola.<\/strong> Tampoc poden venir si tenen conjuntivitis, altres malalties de f\u00e0cil contagi o estan sota els efectes d&#8217;un antit\u00e8rmic.<\/li>\n<li>Quan un alumne es trobi malament o requereixi atenci\u00f3 m\u00e8dica, s&#8217;avisar\u00e0 a la fam\u00edlia.<\/li>\n<li>Sempre que es reculli a un alumne\/a de l&#8217;escola s&#8217;haur\u00e0 de firmar una autoritzaci\u00f3 a secretaria, deixant const\u00e0ncia de qui se l&#8217;emporta.<\/li>\n<\/ul>\n<p><span style=\"font-size: 18pt;\"><strong>ALTRES<\/strong><\/span><\/p>\n<ul>\n<li>Quan hi hagi algun cas de pediculosis (polls) us avisarem amb una nota per tal que ho reviseu i fer el tractament adient.<\/li>\n<li>En cas que algun alumne porti aigua es recomana que es porti en un env\u00e0s suficientment consistent, per tal d\u2019evitar desperfectes en el material<\/li>\n<\/ul>\n<p>&nbsp;<\/p>\n<p>&nbsp;<\/p>\n<p>&nbsp;<\/p>\n","protected":false},"excerpt":{"rendered":"<p>L&#8217;ESMORZAR Els alumnes han de venir esmorzats de casa, i en tot cas que portin algun complement lleuger per a mig mat\u00ed. A l&#8217; escola cal portar un esmorzar saludable (entrep\u00e0, fruita, fruits secs, \u2026). Intenteu sempre que sigui possible evitar el consum de &#8220;bolleria industrial&#8221;. Recordeu que &#8220;A l&#8217;escola, reciclem&#8221;. Per tant fomentem l&#8217;\u00fas [&hellip;]<\/p>\n","protected":false},"author":1,"featured_media":0,"parent":8450,"menu_order":80,"comment_status":"closed","ping_status":"closed","template":"page-templates\/side-menu.php","meta":{"_bbp_topic_count":0,"_bbp_reply_count":0,"_bbp_total_topic_count":0,"_bbp_total_reply_count":0,"_bbp_voice_count":0,"_bbp_anonymous_reply_count":0,"_bbp_topic_count_hidden":0,"_bbp_reply_count_hidden":0,"_bbp_forum_subforum_count":0,"site-sidebar-layout":"default","site-content-layout":"","ast-site-content-layout":"","site-content-style":"default","site-sidebar-style":"default","ast-global-header-display":"","ast-banner-title-visibility":"","ast-main-header-display":"","ast-hfb-above-header-display":"","ast-hfb-below-header-display":"","ast-hfb-mobile-header-display":"","site-post-title":"","ast-breadcrumbs-content":"","ast-featured-img":"","footer-sml-layout":"","theme-transparent-header-meta":"","adv-header-id-meta":"","stick-header-meta":"","header-above-stick-meta":"","header-main-stick-meta":"","header-below-stick-meta":"","astra-migrate-meta-layouts":"default","ast-page-background-enabled":"default","ast-page-background-meta":{"desktop":{"background-color":"var(--ast-global-color-4)","background-image":"","background-repeat":"repeat","background-position":"center center","background-size":"auto","background-attachment":"scroll","background-type":"","background-media":"","overlay-type":"","overlay-color":"","overlay-opacity":"","overlay-gradient":""},"tablet":{"background-color":"","background-image":"","background-repeat":"repeat","background-position":"center center","background-size":"auto","background-attachment":"scroll","background-type":"","background-media":"","overlay-type":"","overlay-color":"","overlay-opacity":"","overlay-gradient":""},"mobile":{"background-color":"","background-image":"","background-repeat":"repeat","background-position":"center center","background-size":"auto","background-attachment":"scroll","background-type":"","background-media":"","overlay-type":"","overlay-color":"","overlay-opacity":"","overlay-gradient":""}},"ast-content-background-meta":{"desktop":{"background-color":"var(--ast-global-color-5)","background-image":"","background-repeat":"repeat","background-position":"center center","background-size":"auto","background-attachment":"scroll","background-type":"","background-media":"","overlay-type":"","overlay-color":"","overlay-opacity":"","overlay-gradient":""},"tablet":{"background-color":"var(--ast-global-color-5)","background-image":"","background-repeat":"repeat","background-position":"center center","background-size":"auto","background-attachment":"scroll","background-type":"","background-media":"","overlay-type":"","overlay-color":"","overlay-opacity":"","overlay-gradient":""},"mobile":{"background-color":"var(--ast-global-color-5)","background-image":"","background-repeat":"repeat","background-position":"center center","background-size":"auto","background-attachment":"scroll","background-type":"","background-media":"","overlay-type":"","overlay-color":"","overlay-opacity":"","overlay-gradient":""}},"footnotes":""},"class_list":["post-38","page","type-page","status-publish","hentry"],"post_mailing_queue_ids":[],"_links":{"self":[{"href":"https:\/\/agora.xtec.cat\/esc-jmaragall\/wp-json\/wp\/v2\/pages\/38","targetHints":{"allow":["GET"]}}],"collection":[{"href":"https:\/\/agora.xtec.cat\/esc-jmaragall\/wp-json\/wp\/v2\/pages"}],"about":[{"href":"https:\/\/agora.xtec.cat\/esc-jmaragall\/wp-json\/wp\/v2\/types\/page"}],"author":[{"embeddable":true,"href":"https:\/\/agora.xtec.cat\/esc-jmaragall\/wp-json\/wp\/v2\/users\/1"}],"replies":[{"embeddable":true,"href":"https:\/\/agora.xtec.cat\/esc-jmaragall\/wp-json\/wp\/v2\/comments?post=38"}],"version-history":[{"count":3,"href":"https:\/\/agora.xtec.cat\/esc-jmaragall\/wp-json\/wp\/v2\/pages\/38\/revisions"}],"predecessor-version":[{"id":8653,"href":"https:\/\/agora.xtec.cat\/esc-jmaragall\/wp-json\/wp\/v2\/pages\/38\/revisions\/8653"}],"up":[{"embeddable":true,"href":"https:\/\/agora.xtec.cat\/esc-jmaragall\/wp-json\/wp\/v2\/pages\/8450"}],"wp:attachment":[{"href":"https:\/\/agora.xtec.cat\/esc-jmaragall\/wp-json\/wp\/v2\/media?parent=38"}],"curies":[{"name":"wp","href":"https:\/\/api.w.org\/{rel}","templated":true}]}}